{"id":586,"date":"2021-03-15T17:44:51","date_gmt":"2021-03-15T17:44:51","guid":{"rendered":"https:\/\/mivoot.com\/gt\/?post_type=product&#038;p=586"},"modified":"2024-03-15T14:46:45","modified_gmt":"2024-03-15T20:46:45","slug":"soporte-xtech-xta-475-para-tv-32%e2%80%b3-a-70%e2%80%b3","status":"publish","type":"product","link":"https:\/\/mivoot.com\/gt\/producto\/soporte-xtech-xta-475-para-tv-32%e2%80%b3-a-70%e2%80%b3\/","title":{"rendered":"Soporte Xtech XTA-475 para TV 32\u2033 a 70\u2033"},"content":{"rendered":"\t\t<div data-elementor-type=\"product-post\" data-elementor-id=\"586\" class=\"elementor elementor-586\">\n\t\t\t\t\t\t<section class=\"elementor-section elementor-top-section elementor-element elementor-element-d6429b1 elementor-section-boxed elementor-section-height-default elementor-section-height-default\" data-id=\"d6429b1\" data-element_type=\"section\">\n\t\t\t\t\t\t<div class=\"elementor-container elementor-column-gap-default\">\n\t\t\t\t\t<div class=\"elementor-column elementor-col-66 elementor-top-column elementor-element elementor-element-1a30147\" data-id=\"1a30147\" data-element_type=\"column\">\n\t\t\t<div class=\"elementor-widget-wrap elementor-element-populated\">\n\t\t\t\t\t\t<div class=\"elementor-element elementor-element-a944c08 elementor-widget elementor-widget-image\" data-id=\"a944c08\" data-element_type=\"widget\" data-widget_type=\"image.default\">\n\t\t\t\t<div class=\"elementor-widget-container\">\n\t\t\t\t\t\t\t\t\t\t\t\t\t\t\t<img fetchpriority=\"high\" decoding=\"async\" width=\"721\" height=\"450\" src=\"https:\/\/mivoot.com\/gt\/wp-content\/uploads\/2021\/03\/XTA-475-FOTOS-DETALLE-01.jpg\" class=\"attachment-large size-large wp-image-3092\" alt=\"\" srcset=\"https:\/\/mivoot.com\/gt\/wp-content\/uploads\/2021\/03\/XTA-475-FOTOS-DETALLE-01.jpg 721w, https:\/\/mivoot.com\/gt\/wp-content\/uploads\/2021\/03\/XTA-475-FOTOS-DETALLE-01-410x256.jpg 410w, https:\/\/mivoot.com\/gt\/wp-content\/uploads\/2021\/03\/XTA-475-FOTOS-DETALLE-01-64x40.jpg 64w, https:\/\/mivoot.com\/gt\/wp-content\/uploads\/2021\/03\/XTA-475-FOTOS-DETALLE-01-300x187.jpg 300w\" sizes=\"(max-width: 721px) 100vw, 721px\" \/>\t\t\t\t\t\t\t\t\t\t\t\t\t\t\t<\/div>\n\t\t\t\t<\/div>\n\t\t\t\t\t<\/div>\n\t\t<\/div>\n\t\t\t\t<div class=\"elementor-column elementor-col-33 elementor-top-column elementor-element elementor-element-f5681e7\" data-id=\"f5681e7\" data-element_type=\"column\">\n\t\t\t<div class=\"elementor-widget-wrap elementor-element-populated\">\n\t\t\t\t\t\t<div class=\"elementor-element elementor-element-63871dd elementor-widget elementor-widget-text-editor\" data-id=\"63871dd\" data-element_type=\"widget\" data-widget_type=\"text-editor.default\">\n\t\t\t\t<div class=\"elementor-widget-container\">\n\t\t\t\t\t\t\t\t\t<p>Soporte articulado con inclinaci\u00f3n y giro dise\u00f1ado para montar pantallas de plasma, LED y LCD de hasta 70in de forma segura<\/p>\t\t\t\t\t\t\t\t<\/div>\n\t\t\t\t<\/div>\n\t\t\t\t\t<\/div>\n\t\t<\/div>\n\t\t\t\t\t<\/div>\n\t\t<\/section>\n\t\t\t\t<section class=\"elementor-section elementor-top-section elementor-element elementor-element-12a9c49 elementor-section-boxed elementor-section-height-default elementor-section-height-default\" data-id=\"12a9c49\" data-element_type=\"section\">\n\t\t\t\t\t\t<div class=\"elementor-container elementor-column-gap-default\">\n\t\t\t\t\t<div class=\"elementor-column elementor-col-33 elementor-top-column elementor-element elementor-element-9cad7fd\" data-id=\"9cad7fd\" data-element_type=\"column\">\n\t\t\t<div class=\"elementor-widget-wrap elementor-element-populated\">\n\t\t\t\t\t\t<div class=\"elementor-element elementor-element-85fee86 elementor-widget elementor-widget-text-editor\" data-id=\"85fee86\" data-element_type=\"widget\" data-widget_type=\"text-editor.default\">\n\t\t\t\t<div class=\"elementor-widget-container\">\n\t\t\t\t\t\t\t\t\t<p>Compatible con VESA, puedes usarlo con televisores convencionales y\u00a0con paneles curvos de \u00faltima generaci\u00f3n<\/p>\t\t\t\t\t\t\t\t<\/div>\n\t\t\t\t<\/div>\n\t\t\t\t\t<\/div>\n\t\t<\/div>\n\t\t\t\t<div class=\"elementor-column elementor-col-66 elementor-top-column elementor-element elementor-element-2f759d4\" data-id=\"2f759d4\" data-element_type=\"column\">\n\t\t\t<div class=\"elementor-widget-wrap elementor-element-populated\">\n\t\t\t\t\t\t<div class=\"elementor-element elementor-element-59eadde elementor-widget elementor-widget-image\" data-id=\"59eadde\" data-element_type=\"widget\" data-widget_type=\"image.default\">\n\t\t\t\t<div class=\"elementor-widget-container\">\n\t\t\t\t\t\t\t\t\t\t\t\t\t\t\t<img decoding=\"async\" width=\"721\" height=\"450\" src=\"https:\/\/mivoot.com\/gt\/wp-content\/uploads\/2021\/03\/XTA-475-FOTOS-DETALLE-02.jpg\" class=\"attachment-large size-large wp-image-3093\" alt=\"\" srcset=\"https:\/\/mivoot.com\/gt\/wp-content\/uploads\/2021\/03\/XTA-475-FOTOS-DETALLE-02.jpg 721w, https:\/\/mivoot.com\/gt\/wp-content\/uploads\/2021\/03\/XTA-475-FOTOS-DETALLE-02-410x256.jpg 410w, https:\/\/mivoot.com\/gt\/wp-content\/uploads\/2021\/03\/XTA-475-FOTOS-DETALLE-02-64x40.jpg 64w, https:\/\/mivoot.com\/gt\/wp-content\/uploads\/2021\/03\/XTA-475-FOTOS-DETALLE-02-300x187.jpg 300w\" sizes=\"(max-width: 721px) 100vw, 721px\" \/>\t\t\t\t\t\t\t\t\t\t\t\t\t\t\t<\/div>\n\t\t\t\t<\/div>\n\t\t\t\t\t<\/div>\n\t\t<\/div>\n\t\t\t\t\t<\/div>\n\t\t<\/section>\n\t\t\t\t<section class=\"elementor-section elementor-top-section elementor-element elementor-element-2324beb elementor-section-boxed elementor-section-height-default elementor-section-height-default\" data-id=\"2324beb\" data-element_type=\"section\">\n\t\t\t\t\t\t<div class=\"elementor-container elementor-column-gap-default\">\n\t\t\t\t\t<div class=\"elementor-column elementor-col-66 elementor-top-column elementor-element elementor-element-4a04a0b\" data-id=\"4a04a0b\" data-element_type=\"column\">\n\t\t\t<div class=\"elementor-widget-wrap elementor-element-populated\">\n\t\t\t\t\t\t<div class=\"elementor-element elementor-element-e3ee6de elementor-widget elementor-widget-image\" data-id=\"e3ee6de\" data-element_type=\"widget\" data-widget_type=\"image.default\">\n\t\t\t\t<div class=\"elementor-widget-container\">\n\t\t\t\t\t\t\t\t\t\t\t\t\t\t\t<img decoding=\"async\" width=\"721\" height=\"450\" src=\"https:\/\/mivoot.com\/gt\/wp-content\/uploads\/2021\/03\/XTA-475-FOTOS-DETALLE-03.jpg\" class=\"attachment-large size-large wp-image-3094\" alt=\"\" srcset=\"https:\/\/mivoot.com\/gt\/wp-content\/uploads\/2021\/03\/XTA-475-FOTOS-DETALLE-03.jpg 721w, https:\/\/mivoot.com\/gt\/wp-content\/uploads\/2021\/03\/XTA-475-FOTOS-DETALLE-03-410x256.jpg 410w, https:\/\/mivoot.com\/gt\/wp-content\/uploads\/2021\/03\/XTA-475-FOTOS-DETALLE-03-64x40.jpg 64w, https:\/\/mivoot.com\/gt\/wp-content\/uploads\/2021\/03\/XTA-475-FOTOS-DETALLE-03-300x187.jpg 300w\" sizes=\"(max-width: 721px) 100vw, 721px\" \/>\t\t\t\t\t\t\t\t\t\t\t\t\t\t\t<\/div>\n\t\t\t\t<\/div>\n\t\t\t\t\t<\/div>\n\t\t<\/div>\n\t\t\t\t<div class=\"elementor-column elementor-col-33 elementor-top-column elementor-element elementor-element-5f26dc6\" data-id=\"5f26dc6\" data-element_type=\"column\">\n\t\t\t<div class=\"elementor-widget-wrap elementor-element-populated\">\n\t\t\t\t\t\t<div class=\"elementor-element elementor-element-c84de34 elementor-widget elementor-widget-text-editor\" data-id=\"c84de34\" data-element_type=\"widget\" data-widget_type=\"text-editor.default\">\n\t\t\t\t<div class=\"elementor-widget-container\">\n\t\t\t\t\t\t\t\t\t<p>Los dos brazos\u00a0garantizan la\u00a0instalaci\u00f3n r\u00e1pida y segura de la pantalla<\/p>\t\t\t\t\t\t\t\t<\/div>\n\t\t\t\t<\/div>\n\t\t\t\t\t<\/div>\n\t\t<\/div>\n\t\t\t\t\t<\/div>\n\t\t<\/section>\n\t\t\t\t<\/div>\n\t\t","protected":false},"excerpt":{"rendered":"<div>\n<h3>Caracter\u00edsticas<\/h3>\n<ul>\n<li>Estructura s\u00f3lida fabricada con acero de grueso calibre<\/li>\n<li>Compatible con VESA, permite usarlo con televisores convencionales y\u00a0tambi\u00e9n con paneles curvos de \u00faltima generaci\u00f3n<\/li>\n<li>Los dos brazos\u00a0garantizan la\u00a0instalaci\u00f3n r\u00e1pida y segura de la pantalla<\/li>\n<\/ul>\n<\/div>\n<div>\n<h3>Especificaciones<\/h3>\n<ul>\n<li><strong>Tipo:<\/strong>\u00a0Soporte articulado para TV de pantalla plana<\/li>\n<li><strong>Tama\u00f1o de la pantalla:<\/strong>\u00a032 a 70 pulgadas<\/li>\n<li><strong>Capacidad de carga:\u00a0<\/strong>50kg<\/li>\n<li><strong>Especificaci\u00f3n m\u00e1x. VESA:<\/strong>\u00a0600x400mm<\/li>\n<li><strong>Perfil:<\/strong>\u00a070-432mm de distancia de la pared<\/li>\n<li><strong>\u00c1ngulo de inclinaci\u00f3n:<\/strong>\u00a0-12\/+12\u00b0<\/li>\n<li><strong>\u00c1ngulo de giro:<\/strong>\u00a0180\u00ba<\/li>\n<li><strong>Articulaci\u00f3n:<\/strong>\u00a0S\u00ed<\/li>\n<li><strong>Nivel de burbuja:<\/strong>\u00a0Incluido<\/li>\n<li><strong>Kit de herrajes:<\/strong>\u00a0Incluido<\/li>\n<\/ul>\n<\/div>\n<div>\n<h3>Caracter\u00edsticas f\u00edsicas<\/h3>\n<ul>\n<li><strong>Material:<\/strong>\u00a0Acero con capa de pintura electrost\u00e1tica<\/li>\n<li><strong>Color:<\/strong>\u00a0Negro<\/li>\n<li><strong>Dimensiones:<\/strong>\u00a064&#215;41,8&#215;43,2cm<\/li>\n<li><strong>Peso de la unidad:\u00a0<\/strong>4,8kg<\/li>\n<\/ul>\n<\/div>\n<p>&#8211; Tipo:\u00a0Soporte articulado para TV de pantalla plana<br \/>\n&#8211; Tama\u00f1o de la pantalla:\u00a032 a 70 pulgadas<br \/>\n&#8211; Estructura s\u00f3lida fabricada con acero de grueso calibre<br \/>\n&#8211; Compatible con VESA, permite usarlo con televisores convencionales y\u00a0tambi\u00e9n con paneles curvos de \u00faltima generaci\u00f3n<br \/>\n&#8211; Los dos brazos\u00a0garantizan la\u00a0instalaci\u00f3n r\u00e1pida y segura de la pantalla<br \/>\n&#8211; Capacidad de carga:\u00a050kg<br \/>\n&#8211; Especificaci\u00f3n m\u00e1x. VESA:\u00a0600x400mm<br \/>\n&#8211; Perfil:\u00a070-432mm de distancia de la pared<br \/>\n&#8211; \u00c1ngulo de inclinaci\u00f3n:\u00a0-12\/+12\u00b0<br \/>\n&#8211; \u00c1ngulo de giro:\u00a0180\u00ba<br \/>\n&#8211; Articulaci\u00f3n:\u00a0S\u00ed<br \/>\n&#8211; Nivel de burbuja:\u00a0Incluido<br \/>\n&#8211; Kit de herrajes:\u00a0Incluido<br \/>\n&#8211; Material:\u00a0Acero con capa de pintura electrost\u00e1tica<br \/>\n&#8211; Color:\u00a0Negro<br \/>\n&#8211; Dimensiones:\u00a064&#215;41,8&#215;43,2cm<br \/>\n&#8211; Peso de la unidad:\u00a04,8kg<\/p>\n","protected":false},"featured_media":3357,"comment_status":"open","ping_status":"closed","template":"","meta":{"jetpack_publicize_message":"","jetpack_publicize_feature_enabled":true,"jetpack_social_post_already_shared":false,"jetpack_social_options":{"image_generator_settings":{"template":"highway","default_image_id":0,"font":"","enabled":false},"version":2}},"pwb-brand":[78],"product_brand":[],"product_cat":[47],"product_tag":[],"class_list":{"0":"post-586","1":"product","2":"type-product","3":"status-publish","4":"has-post-thumbnail","6":"pwb-brand-xtech","7":"product_cat-soportes-de-tv","9":"first","10":"instock","11":"taxable","12":"shipping-taxable","13":"purchasable","14":"product-type-simple"},"yoast_head":"<!-- This site is optimized with the Yoast SEO Premium plugin v25.7.1 (Yoast SEO v26.8) - https:\/\/yoast.com\/product\/yoast-seo-premium-wordpress\/ -->\n<title>Soporte Xtech XTA-475 para TV 32\u2033 a 70\u2033 - Mivoot<\/title>\n<meta name=\"robots\" content=\"index, follow, max-snippet:-1, max-image-preview:large, max-video-preview:-1\" \/>\n<link rel=\"canonical\" href=\"https:\/\/mivoot.com\/gt\/producto\/soporte-xtech-xta-475-para-tv-32\u2033-a-70\u2033\/\" \/>\n<meta property=\"og:locale\" content=\"es_ES\" \/>\n<meta property=\"og:type\" content=\"article\" \/>\n<meta property=\"og:title\" content=\"Soporte Xtech XTA-475 para TV 32\u2033 a 70\u2033\" \/>\n<meta property=\"og:description\" content=\"Caracter\u00edsticas   Estructura s\u00f3lida fabricada con acero de grueso calibre  Compatible con VESA, permite usarlo con televisores convencionales y\u00a0tambi\u00e9n con paneles curvos de \u00faltima generaci\u00f3n  Los dos brazos\u00a0garantizan la\u00a0instalaci\u00f3n r\u00e1pida y segura de la pantalla    Especificaciones   Tipo:\u00a0Soporte articulado para TV de pantalla plana  Tama\u00f1o de la pantalla:\u00a032 a 70 pulgadas  Capacidad de carga:\u00a050kg  Especificaci\u00f3n m\u00e1x. VESA:\u00a0600x400mm  Perfil:\u00a070-432mm de distancia de la pared  \u00c1ngulo de inclinaci\u00f3n:\u00a0-12\/+12\u00b0  \u00c1ngulo de giro:\u00a0180\u00ba  Articulaci\u00f3n:\u00a0S\u00ed  Nivel de burbuja:\u00a0Incluido  Kit de herrajes:\u00a0Incluido    Caracter\u00edsticas f\u00edsicas   Material:\u00a0Acero con capa de pintura electrost\u00e1tica  Color:\u00a0Negro  Dimensiones:\u00a064x41,8x43,2cm  Peso de la unidad:\u00a04,8kg   - Tipo:\u00a0Soporte articulado para TV de pantalla plana - Tama\u00f1o de la pantalla:\u00a032 a 70 pulgadas - Estructura s\u00f3lida fabricada con acero de grueso calibre - Compatible con VESA, permite usarlo con televisores convencionales y\u00a0tambi\u00e9n con paneles curvos de \u00faltima generaci\u00f3n - Los dos brazos\u00a0garantizan la\u00a0instalaci\u00f3n r\u00e1pida y segura de la pantalla - Capacidad de carga:\u00a050kg - Especificaci\u00f3n m\u00e1x. VESA:\u00a0600x400mm - Perfil:\u00a070-432mm de distancia de la pared - \u00c1ngulo de inclinaci\u00f3n:\u00a0-12\/+12\u00b0 - \u00c1ngulo de giro:\u00a0180\u00ba - Articulaci\u00f3n:\u00a0S\u00ed - Nivel de burbuja:\u00a0Incluido - Kit de herrajes:\u00a0Incluido - Material:\u00a0Acero con capa de pintura electrost\u00e1tica - Color:\u00a0Negro - Dimensiones:\u00a064x41,8x43,2cm - Peso de la unidad:\u00a04,8kg\" \/>\n<meta property=\"og:url\" content=\"https:\/\/mivoot.com\/gt\/producto\/soporte-xtech-xta-475-para-tv-32\u2033-a-70\u2033\/\" \/>\n<meta property=\"og:site_name\" content=\"Mivoot\" \/>\n<meta property=\"article:publisher\" content=\"https:\/\/www.facebook.com\/mivootgt\" \/>\n<meta property=\"article:modified_time\" content=\"2024-03-15T20:46:45+00:00\" \/>\n<meta property=\"og:image\" content=\"https:\/\/mivoot.com\/gt\/wp-content\/uploads\/2021\/03\/XTA-475_1.jpg\" \/>\n\t<meta property=\"og:image:width\" content=\"600\" \/>\n\t<meta property=\"og:image:height\" content=\"600\" \/>\n\t<meta property=\"og:image:type\" content=\"image\/jpeg\" \/>\n<meta name=\"twitter:card\" content=\"summary_large_image\" \/>\n<meta name=\"twitter:label1\" content=\"Est. reading time\" \/>\n\t<meta name=\"twitter:data1\" content=\"1 minuto\" \/>\n<script type=\"application\/ld+json\" class=\"yoast-schema-graph\">{\"@context\":\"https:\/\/schema.org\",\"@graph\":[{\"@type\":\"WebPage\",\"@id\":\"https:\/\/mivoot.com\/gt\/producto\/soporte-xtech-xta-475-para-tv-32%e2%80%b3-a-70%e2%80%b3\/\",\"url\":\"https:\/\/mivoot.com\/gt\/producto\/soporte-xtech-xta-475-para-tv-32%e2%80%b3-a-70%e2%80%b3\/\",\"name\":\"Soporte Xtech XTA-475 para TV 32\u2033 a 70\u2033 - Mivoot\",\"isPartOf\":{\"@id\":\"https:\/\/mivoot.com\/gt\/#website\"},\"primaryImageOfPage\":{\"@id\":\"https:\/\/mivoot.com\/gt\/producto\/soporte-xtech-xta-475-para-tv-32%e2%80%b3-a-70%e2%80%b3\/#primaryimage\"},\"image\":{\"@id\":\"https:\/\/mivoot.com\/gt\/producto\/soporte-xtech-xta-475-para-tv-32%e2%80%b3-a-70%e2%80%b3\/#primaryimage\"},\"thumbnailUrl\":\"https:\/\/mivoot.com\/gt\/wp-content\/uploads\/2021\/03\/XTA-475_1.jpg\",\"datePublished\":\"2021-03-15T17:44:51+00:00\",\"dateModified\":\"2024-03-15T20:46:45+00:00\",\"breadcrumb\":{\"@id\":\"https:\/\/mivoot.com\/gt\/producto\/soporte-xtech-xta-475-para-tv-32%e2%80%b3-a-70%e2%80%b3\/#breadcrumb\"},\"inLanguage\":\"es\",\"potentialAction\":[{\"@type\":\"ReadAction\",\"target\":[\"https:\/\/mivoot.com\/gt\/producto\/soporte-xtech-xta-475-para-tv-32%e2%80%b3-a-70%e2%80%b3\/\"]}]},{\"@type\":\"ImageObject\",\"inLanguage\":\"es\",\"@id\":\"https:\/\/mivoot.com\/gt\/producto\/soporte-xtech-xta-475-para-tv-32%e2%80%b3-a-70%e2%80%b3\/#primaryimage\",\"url\":\"https:\/\/mivoot.com\/gt\/wp-content\/uploads\/2021\/03\/XTA-475_1.jpg\",\"contentUrl\":\"https:\/\/mivoot.com\/gt\/wp-content\/uploads\/2021\/03\/XTA-475_1.jpg\",\"width\":600,\"height\":600},{\"@type\":\"BreadcrumbList\",\"@id\":\"https:\/\/mivoot.com\/gt\/producto\/soporte-xtech-xta-475-para-tv-32%e2%80%b3-a-70%e2%80%b3\/#breadcrumb\",\"itemListElement\":[{\"@type\":\"ListItem\",\"position\":1,\"name\":\"Inicio\",\"item\":\"https:\/\/mivoot.com\/gt\/\"},{\"@type\":\"ListItem\",\"position\":2,\"name\":\"Productos\",\"item\":\"https:\/\/mivoot.com\/gt\/producto\/\"},{\"@type\":\"ListItem\",\"position\":3,\"name\":\"Xtech\",\"item\":\"https:\/\/mivoot.com\/gt\/marca\/xtech\/\"},{\"@type\":\"ListItem\",\"position\":4,\"name\":\"Soporte Xtech XTA-475 para TV 32\u2033 a 70\u2033\"}]},{\"@type\":\"WebSite\",\"@id\":\"https:\/\/mivoot.com\/gt\/#website\",\"url\":\"https:\/\/mivoot.com\/gt\/\",\"name\":\"Mivoot\",\"description\":\"Mivoot Guatemala | Tienda Online\",\"publisher\":{\"@id\":\"https:\/\/mivoot.com\/gt\/#organization\"},\"alternateName\":\"mivoot\",\"potentialAction\":[{\"@type\":\"SearchAction\",\"target\":{\"@type\":\"EntryPoint\",\"urlTemplate\":\"https:\/\/mivoot.com\/gt\/?s={search_term_string}\"},\"query-input\":{\"@type\":\"PropertyValueSpecification\",\"valueRequired\":true,\"valueName\":\"search_term_string\"}}],\"inLanguage\":\"es\"},{\"@type\":\"Organization\",\"@id\":\"https:\/\/mivoot.com\/gt\/#organization\",\"name\":\"Mivoot Guatemala\",\"alternateName\":\"mivoot.com\",\"url\":\"https:\/\/mivoot.com\/gt\/\",\"logo\":{\"@type\":\"ImageObject\",\"inLanguage\":\"es\",\"@id\":\"https:\/\/mivoot.com\/gt\/#\/schema\/logo\/image\/\",\"url\":\"https:\/\/mivoot.com\/gt\/wp-content\/uploads\/2023\/03\/cropped-icon.png\",\"contentUrl\":\"https:\/\/mivoot.com\/gt\/wp-content\/uploads\/2023\/03\/cropped-icon.png\",\"width\":512,\"height\":512,\"caption\":\"Mivoot Guatemala\"},\"image\":{\"@id\":\"https:\/\/mivoot.com\/gt\/#\/schema\/logo\/image\/\"},\"sameAs\":[\"https:\/\/www.facebook.com\/mivootgt\",\"https:\/\/instagram.com\/mivoot\"]}]}<\/script>\n<!-- \/ Yoast SEO Premium plugin. -->","yoast_head_json":{"title":"Soporte Xtech XTA-475 para TV 32\u2033 a 70\u2033 - Mivoot","robots":{"index":"index","follow":"follow","max-snippet":"max-snippet:-1","max-image-preview":"max-image-preview:large","max-video-preview":"max-video-preview:-1"},"canonical":"https:\/\/mivoot.com\/gt\/producto\/soporte-xtech-xta-475-para-tv-32\u2033-a-70\u2033\/","og_locale":"es_ES","og_type":"article","og_title":"Soporte Xtech XTA-475 para TV 32\u2033 a 70\u2033","og_description":"Caracter\u00edsticas   Estructura s\u00f3lida fabricada con acero de grueso calibre  Compatible con VESA, permite usarlo con televisores convencionales y\u00a0tambi\u00e9n con paneles curvos de \u00faltima generaci\u00f3n  Los dos brazos\u00a0garantizan la\u00a0instalaci\u00f3n r\u00e1pida y segura de la pantalla    Especificaciones   Tipo:\u00a0Soporte articulado para TV de pantalla plana  Tama\u00f1o de la pantalla:\u00a032 a 70 pulgadas  Capacidad de carga:\u00a050kg  Especificaci\u00f3n m\u00e1x. VESA:\u00a0600x400mm  Perfil:\u00a070-432mm de distancia de la pared  \u00c1ngulo de inclinaci\u00f3n:\u00a0-12\/+12\u00b0  \u00c1ngulo de giro:\u00a0180\u00ba  Articulaci\u00f3n:\u00a0S\u00ed  Nivel de burbuja:\u00a0Incluido  Kit de herrajes:\u00a0Incluido    Caracter\u00edsticas f\u00edsicas   Material:\u00a0Acero con capa de pintura electrost\u00e1tica  Color:\u00a0Negro  Dimensiones:\u00a064x41,8x43,2cm  Peso de la unidad:\u00a04,8kg   - Tipo:\u00a0Soporte articulado para TV de pantalla plana - Tama\u00f1o de la pantalla:\u00a032 a 70 pulgadas - Estructura s\u00f3lida fabricada con acero de grueso calibre - Compatible con VESA, permite usarlo con televisores convencionales y\u00a0tambi\u00e9n con paneles curvos de \u00faltima generaci\u00f3n - Los dos brazos\u00a0garantizan la\u00a0instalaci\u00f3n r\u00e1pida y segura de la pantalla - Capacidad de carga:\u00a050kg - Especificaci\u00f3n m\u00e1x. VESA:\u00a0600x400mm - Perfil:\u00a070-432mm de distancia de la pared - \u00c1ngulo de inclinaci\u00f3n:\u00a0-12\/+12\u00b0 - \u00c1ngulo de giro:\u00a0180\u00ba - Articulaci\u00f3n:\u00a0S\u00ed - Nivel de burbuja:\u00a0Incluido - Kit de herrajes:\u00a0Incluido - Material:\u00a0Acero con capa de pintura electrost\u00e1tica - Color:\u00a0Negro - Dimensiones:\u00a064x41,8x43,2cm - Peso de la unidad:\u00a04,8kg","og_url":"https:\/\/mivoot.com\/gt\/producto\/soporte-xtech-xta-475-para-tv-32\u2033-a-70\u2033\/","og_site_name":"Mivoot","article_publisher":"https:\/\/www.facebook.com\/mivootgt","article_modified_time":"2024-03-15T20:46:45+00:00","og_image":[{"width":600,"height":600,"url":"https:\/\/mivoot.com\/gt\/wp-content\/uploads\/2021\/03\/XTA-475_1.jpg","type":"image\/jpeg"}],"twitter_card":"summary_large_image","twitter_misc":{"Est. reading time":"1 minuto"},"schema":{"@context":"https:\/\/schema.org","@graph":[{"@type":"WebPage","@id":"https:\/\/mivoot.com\/gt\/producto\/soporte-xtech-xta-475-para-tv-32%e2%80%b3-a-70%e2%80%b3\/","url":"https:\/\/mivoot.com\/gt\/producto\/soporte-xtech-xta-475-para-tv-32%e2%80%b3-a-70%e2%80%b3\/","name":"Soporte Xtech XTA-475 para TV 32\u2033 a 70\u2033 - Mivoot","isPartOf":{"@id":"https:\/\/mivoot.com\/gt\/#website"},"primaryImageOfPage":{"@id":"https:\/\/mivoot.com\/gt\/producto\/soporte-xtech-xta-475-para-tv-32%e2%80%b3-a-70%e2%80%b3\/#primaryimage"},"image":{"@id":"https:\/\/mivoot.com\/gt\/producto\/soporte-xtech-xta-475-para-tv-32%e2%80%b3-a-70%e2%80%b3\/#primaryimage"},"thumbnailUrl":"https:\/\/mivoot.com\/gt\/wp-content\/uploads\/2021\/03\/XTA-475_1.jpg","datePublished":"2021-03-15T17:44:51+00:00","dateModified":"2024-03-15T20:46:45+00:00","breadcrumb":{"@id":"https:\/\/mivoot.com\/gt\/producto\/soporte-xtech-xta-475-para-tv-32%e2%80%b3-a-70%e2%80%b3\/#breadcrumb"},"inLanguage":"es","potentialAction":[{"@type":"ReadAction","target":["https:\/\/mivoot.com\/gt\/producto\/soporte-xtech-xta-475-para-tv-32%e2%80%b3-a-70%e2%80%b3\/"]}]},{"@type":"ImageObject","inLanguage":"es","@id":"https:\/\/mivoot.com\/gt\/producto\/soporte-xtech-xta-475-para-tv-32%e2%80%b3-a-70%e2%80%b3\/#primaryimage","url":"https:\/\/mivoot.com\/gt\/wp-content\/uploads\/2021\/03\/XTA-475_1.jpg","contentUrl":"https:\/\/mivoot.com\/gt\/wp-content\/uploads\/2021\/03\/XTA-475_1.jpg","width":600,"height":600},{"@type":"BreadcrumbList","@id":"https:\/\/mivoot.com\/gt\/producto\/soporte-xtech-xta-475-para-tv-32%e2%80%b3-a-70%e2%80%b3\/#breadcrumb","itemListElement":[{"@type":"ListItem","position":1,"name":"Inicio","item":"https:\/\/mivoot.com\/gt\/"},{"@type":"ListItem","position":2,"name":"Productos","item":"https:\/\/mivoot.com\/gt\/producto\/"},{"@type":"ListItem","position":3,"name":"Xtech","item":"https:\/\/mivoot.com\/gt\/marca\/xtech\/"},{"@type":"ListItem","position":4,"name":"Soporte Xtech XTA-475 para TV 32\u2033 a 70\u2033"}]},{"@type":"WebSite","@id":"https:\/\/mivoot.com\/gt\/#website","url":"https:\/\/mivoot.com\/gt\/","name":"Mivoot","description":"Mivoot Guatemala | Tienda Online","publisher":{"@id":"https:\/\/mivoot.com\/gt\/#organization"},"alternateName":"mivoot","potentialAction":[{"@type":"SearchAction","target":{"@type":"EntryPoint","urlTemplate":"https:\/\/mivoot.com\/gt\/?s={search_term_string}"},"query-input":{"@type":"PropertyValueSpecification","valueRequired":true,"valueName":"search_term_string"}}],"inLanguage":"es"},{"@type":"Organization","@id":"https:\/\/mivoot.com\/gt\/#organization","name":"Mivoot Guatemala","alternateName":"mivoot.com","url":"https:\/\/mivoot.com\/gt\/","logo":{"@type":"ImageObject","inLanguage":"es","@id":"https:\/\/mivoot.com\/gt\/#\/schema\/logo\/image\/","url":"https:\/\/mivoot.com\/gt\/wp-content\/uploads\/2023\/03\/cropped-icon.png","contentUrl":"https:\/\/mivoot.com\/gt\/wp-content\/uploads\/2023\/03\/cropped-icon.png","width":512,"height":512,"caption":"Mivoot Guatemala"},"image":{"@id":"https:\/\/mivoot.com\/gt\/#\/schema\/logo\/image\/"},"sameAs":["https:\/\/www.facebook.com\/mivootgt","https:\/\/instagram.com\/mivoot"]}]}},"jetpack_publicize_connections":[],"jetpack_sharing_enabled":true,"brands":[{"id":78,"name":"Xtech","slug":"xtech"}],"_links":{"self":[{"href":"https:\/\/mivoot.com\/gt\/wp-json\/wp\/v2\/product\/586","targetHints":{"allow":["GET"]}}],"collection":[{"href":"https:\/\/mivoot.com\/gt\/wp-json\/wp\/v2\/product"}],"about":[{"href":"https:\/\/mivoot.com\/gt\/wp-json\/wp\/v2\/types\/product"}],"replies":[{"embeddable":true,"href":"https:\/\/mivoot.com\/gt\/wp-json\/wp\/v2\/comments?post=586"}],"version-history":[{"count":7,"href":"https:\/\/mivoot.com\/gt\/wp-json\/wp\/v2\/product\/586\/revisions"}],"predecessor-version":[{"id":18200,"href":"https:\/\/mivoot.com\/gt\/wp-json\/wp\/v2\/product\/586\/revisions\/18200"}],"wp:featuredmedia":[{"embeddable":true,"href":"https:\/\/mivoot.com\/gt\/wp-json\/wp\/v2\/media\/3357"}],"wp:attachment":[{"href":"https:\/\/mivoot.com\/gt\/wp-json\/wp\/v2\/media?parent=586"}],"wp:term":[{"taxonomy":"pwb-brand","embeddable":true,"href":"https:\/\/mivoot.com\/gt\/wp-json\/wp\/v2\/pwb-brand?post=586"},{"taxonomy":"product_brand","embeddable":true,"href":"https:\/\/mivoot.com\/gt\/wp-json\/wp\/v2\/product_brand?post=586"},{"taxonomy":"product_cat","embeddable":true,"href":"https:\/\/mivoot.com\/gt\/wp-json\/wp\/v2\/product_cat?post=586"},{"taxonomy":"product_tag","embeddable":true,"href":"https:\/\/mivoot.com\/gt\/wp-json\/wp\/v2\/product_tag?post=586"}],"curies":[{"name":"wp","href":"https:\/\/api.w.org\/{rel}","templated":true}]}}