{"id":602,"date":"2021-03-15T17:44:59","date_gmt":"2021-03-15T23:44:59","guid":{"rendered":"https:\/\/mivoot.com\/gt\/?post_type=product&#038;p=602"},"modified":"2024-05-21T13:00:33","modified_gmt":"2024-05-21T19:00:33","slug":"xtech-xtp-511-ups-250w-500va","status":"publish","type":"product","link":"https:\/\/mivoot.com\/gt\/producto\/xtech-xtp-511-ups-250w-500va\/","title":{"rendered":"UPS Xtech 500VA 250W XTP-511"},"content":{"rendered":"\t\t<div data-elementor-type=\"wp-post\" data-elementor-id=\"602\" class=\"elementor elementor-602\">\n\t\t\t\t\t\t<section class=\"elementor-section elementor-top-section elementor-element elementor-element-0368434 elementor-section-boxed elementor-section-height-default elementor-section-height-default\" data-id=\"0368434\" data-element_type=\"section\">\n\t\t\t\t\t\t<div class=\"elementor-container elementor-column-gap-default\">\n\t\t\t\t\t<div class=\"elementor-column elementor-col-50 elementor-top-column elementor-element elementor-element-355623f\" data-id=\"355623f\" data-element_type=\"column\">\n\t\t\t<div class=\"elementor-widget-wrap elementor-element-populated\">\n\t\t\t\t\t\t<div class=\"elementor-element elementor-element-85ef360 elementor-widget elementor-widget-image\" data-id=\"85ef360\" data-element_type=\"widget\" data-widget_type=\"image.default\">\n\t\t\t\t<div class=\"elementor-widget-container\">\n\t\t\t\t\t\t\t\t\t\t\t\t\t\t\t<img fetchpriority=\"high\" decoding=\"async\" width=\"996\" height=\"620\" src=\"https:\/\/mivoot.com\/gt\/wp-content\/uploads\/2021\/03\/XTP-511_33.jpg\" class=\"attachment-large size-large wp-image-2024\" alt=\"\" srcset=\"https:\/\/mivoot.com\/gt\/wp-content\/uploads\/2021\/03\/XTP-511_33.jpg 996w, https:\/\/mivoot.com\/gt\/wp-content\/uploads\/2021\/03\/XTP-511_33-410x255.jpg 410w, https:\/\/mivoot.com\/gt\/wp-content\/uploads\/2021\/03\/XTP-511_33-64x40.jpg 64w, https:\/\/mivoot.com\/gt\/wp-content\/uploads\/2021\/03\/XTP-511_33-300x187.jpg 300w, https:\/\/mivoot.com\/gt\/wp-content\/uploads\/2021\/03\/XTP-511_33-768x478.jpg 768w\" sizes=\"(max-width: 996px) 100vw, 996px\" \/>\t\t\t\t\t\t\t\t\t\t\t\t\t\t\t<\/div>\n\t\t\t\t<\/div>\n\t\t\t\t\t<\/div>\n\t\t<\/div>\n\t\t\t\t<div class=\"elementor-column elementor-col-50 elementor-top-column elementor-element elementor-element-b7e4db0\" data-id=\"b7e4db0\" data-element_type=\"column\">\n\t\t\t<div class=\"elementor-widget-wrap elementor-element-populated\">\n\t\t\t\t\t\t<div class=\"elementor-element elementor-element-783fb95 elementor-widget elementor-widget-image\" data-id=\"783fb95\" data-element_type=\"widget\" data-widget_type=\"image.default\">\n\t\t\t\t<div class=\"elementor-widget-container\">\n\t\t\t\t\t\t\t\t\t\t\t\t\t\t\t<img decoding=\"async\" width=\"923\" height=\"501\" src=\"https:\/\/mivoot.com\/gt\/wp-content\/uploads\/2021\/03\/Banner-Lifestyle-XTP-511.jpg\" class=\"attachment-1536x1536 size-1536x1536 wp-image-2026\" alt=\"\" srcset=\"https:\/\/mivoot.com\/gt\/wp-content\/uploads\/2021\/03\/Banner-Lifestyle-XTP-511.jpg 923w, https:\/\/mivoot.com\/gt\/wp-content\/uploads\/2021\/03\/Banner-Lifestyle-XTP-511-410x223.jpg 410w, https:\/\/mivoot.com\/gt\/wp-content\/uploads\/2021\/03\/Banner-Lifestyle-XTP-511-64x35.jpg 64w, https:\/\/mivoot.com\/gt\/wp-content\/uploads\/2021\/03\/Banner-Lifestyle-XTP-511-300x163.jpg 300w, https:\/\/mivoot.com\/gt\/wp-content\/uploads\/2021\/03\/Banner-Lifestyle-XTP-511-768x417.jpg 768w\" sizes=\"(max-width: 923px) 100vw, 923px\" \/>\t\t\t\t\t\t\t\t\t\t\t\t\t\t\t<\/div>\n\t\t\t\t<\/div>\n\t\t\t\t\t<\/div>\n\t\t<\/div>\n\t\t\t\t\t<\/div>\n\t\t<\/section>\n\t\t\t\t<section class=\"elementor-section elementor-top-section elementor-element elementor-element-31f61eb elementor-section-boxed elementor-section-height-default elementor-section-height-default\" data-id=\"31f61eb\" data-element_type=\"section\" data-settings=\"{&quot;background_background&quot;:&quot;classic&quot;}\">\n\t\t\t\t\t\t<div class=\"elementor-container elementor-column-gap-default\">\n\t\t\t\t\t<div class=\"elementor-column elementor-col-50 elementor-top-column elementor-element elementor-element-12fc8cb\" data-id=\"12fc8cb\" data-element_type=\"column\">\n\t\t\t<div class=\"elementor-widget-wrap elementor-element-populated\">\n\t\t\t\t\t\t<div class=\"elementor-element elementor-element-fb30fc7 elementor-widget elementor-widget-image\" data-id=\"fb30fc7\" data-element_type=\"widget\" data-widget_type=\"image.default\">\n\t\t\t\t<div class=\"elementor-widget-container\">\n\t\t\t\t\t\t\t\t\t\t\t\t\t\t\t<img decoding=\"async\" width=\"721\" height=\"450\" src=\"https:\/\/mivoot.com\/gt\/wp-content\/uploads\/2021\/03\/Fotos-Detalle-XTP-511-1.jpg\" class=\"attachment-large size-large wp-image-2027\" alt=\"\" srcset=\"https:\/\/mivoot.com\/gt\/wp-content\/uploads\/2021\/03\/Fotos-Detalle-XTP-511-1.jpg 721w, https:\/\/mivoot.com\/gt\/wp-content\/uploads\/2021\/03\/Fotos-Detalle-XTP-511-1-410x256.jpg 410w, https:\/\/mivoot.com\/gt\/wp-content\/uploads\/2021\/03\/Fotos-Detalle-XTP-511-1-64x40.jpg 64w, https:\/\/mivoot.com\/gt\/wp-content\/uploads\/2021\/03\/Fotos-Detalle-XTP-511-1-300x187.jpg 300w\" sizes=\"(max-width: 721px) 100vw, 721px\" \/>\t\t\t\t\t\t\t\t\t\t\t\t\t\t\t<\/div>\n\t\t\t\t<\/div>\n\t\t\t\t\t<\/div>\n\t\t<\/div>\n\t\t\t\t<div class=\"elementor-column elementor-col-50 elementor-top-column elementor-element elementor-element-0eb9585\" data-id=\"0eb9585\" data-element_type=\"column\">\n\t\t\t<div class=\"elementor-widget-wrap elementor-element-populated\">\n\t\t\t\t\t\t<div class=\"elementor-element elementor-element-832eef3 elementor-widget elementor-widget-text-editor\" data-id=\"832eef3\" data-element_type=\"widget\" data-widget_type=\"text-editor.default\">\n\t\t\t\t<div class=\"elementor-widget-container\">\n\t\t\t\t\t\t\t\t\t<div class=\"col-12 mainProductContent__items\"><div class=\"row gutter0 align-items-center\"><div class=\"col-md-6 col-12 px-md-5 px-3 py-md-0 py-4\"><p>Compacto sistema UPS de l\u00ednea interactiva, concebido para brindar protecci\u00f3n el\u00e9ctrica a su computador personal y perif\u00e9ricos<\/p><\/div><\/div><\/div><div class=\"col-12 mainProductContent__items\"><div class=\"row gutter0 align-items-center\"><div class=\"col-md-6 col-12\">\u00a0<\/div><\/div><\/div>\t\t\t\t\t\t\t\t<\/div>\n\t\t\t\t<\/div>\n\t\t\t\t\t<\/div>\n\t\t<\/div>\n\t\t\t\t\t<\/div>\n\t\t<\/section>\n\t\t\t\t<section class=\"elementor-section elementor-top-section elementor-element elementor-element-f68e88c elementor-section-boxed elementor-section-height-default elementor-section-height-default\" data-id=\"f68e88c\" data-element_type=\"section\" data-settings=\"{&quot;background_background&quot;:&quot;classic&quot;}\">\n\t\t\t\t\t\t<div class=\"elementor-container elementor-column-gap-default\">\n\t\t\t\t\t<div class=\"elementor-column elementor-col-50 elementor-top-column elementor-element elementor-element-74f4dbe\" data-id=\"74f4dbe\" data-element_type=\"column\">\n\t\t\t<div class=\"elementor-widget-wrap elementor-element-populated\">\n\t\t\t\t\t\t<div class=\"elementor-element elementor-element-7cfdb49 elementor-position-top elementor-widget elementor-widget-image-box\" data-id=\"7cfdb49\" data-element_type=\"widget\" data-widget_type=\"image-box.default\">\n\t\t\t\t<div class=\"elementor-widget-container\">\n\t\t\t\t\t<div class=\"elementor-image-box-wrapper\"><figure class=\"elementor-image-box-img\"><img loading=\"lazy\" decoding=\"async\" width=\"721\" height=\"450\" src=\"https:\/\/mivoot.com\/gt\/wp-content\/uploads\/2021\/03\/Fotos-Detalle-XTP-511-2.jpg\" class=\"attachment-full size-full wp-image-2028\" alt=\"\" srcset=\"https:\/\/mivoot.com\/gt\/wp-content\/uploads\/2021\/03\/Fotos-Detalle-XTP-511-2.jpg 721w, https:\/\/mivoot.com\/gt\/wp-content\/uploads\/2021\/03\/Fotos-Detalle-XTP-511-2-410x256.jpg 410w, https:\/\/mivoot.com\/gt\/wp-content\/uploads\/2021\/03\/Fotos-Detalle-XTP-511-2-64x40.jpg 64w, https:\/\/mivoot.com\/gt\/wp-content\/uploads\/2021\/03\/Fotos-Detalle-XTP-511-2-300x187.jpg 300w\" sizes=\"(max-width: 721px) 100vw, 721px\" \/><\/figure><div class=\"elementor-image-box-content\"><p class=\"elementor-image-box-description\">\nSumamente fiable y eficiente, presenta cuatro (4) tomacorrientes con respaldo de bater\u00eda y cuatro (4) con supresi\u00f3n de sobretensi\u00f3n exclusivamente<\/p><\/div><\/div>\t\t\t\t<\/div>\n\t\t\t\t<\/div>\n\t\t\t\t\t<\/div>\n\t\t<\/div>\n\t\t\t\t<div class=\"elementor-column elementor-col-50 elementor-top-column elementor-element elementor-element-4792598\" data-id=\"4792598\" data-element_type=\"column\">\n\t\t\t<div class=\"elementor-widget-wrap elementor-element-populated\">\n\t\t\t\t\t\t<div class=\"elementor-element elementor-element-d5b1c29 elementor-position-top elementor-widget elementor-widget-image-box\" data-id=\"d5b1c29\" data-element_type=\"widget\" data-widget_type=\"image-box.default\">\n\t\t\t\t<div class=\"elementor-widget-container\">\n\t\t\t\t\t<div class=\"elementor-image-box-wrapper\"><figure class=\"elementor-image-box-img\"><img loading=\"lazy\" decoding=\"async\" width=\"721\" height=\"450\" src=\"https:\/\/mivoot.com\/gt\/wp-content\/uploads\/2021\/03\/Fotos-Detalle-XTP-511-3.jpg\" class=\"attachment-full size-full wp-image-2029\" alt=\"\" srcset=\"https:\/\/mivoot.com\/gt\/wp-content\/uploads\/2021\/03\/Fotos-Detalle-XTP-511-3.jpg 721w, https:\/\/mivoot.com\/gt\/wp-content\/uploads\/2021\/03\/Fotos-Detalle-XTP-511-3-410x256.jpg 410w, https:\/\/mivoot.com\/gt\/wp-content\/uploads\/2021\/03\/Fotos-Detalle-XTP-511-3-64x40.jpg 64w, https:\/\/mivoot.com\/gt\/wp-content\/uploads\/2021\/03\/Fotos-Detalle-XTP-511-3-300x187.jpg 300w\" sizes=\"(max-width: 721px) 100vw, 721px\" \/><\/figure><div class=\"elementor-image-box-content\"><p class=\"elementor-image-box-description\">\nCon regulador autom\u00e1tico de voltaje integrado que estabiliza la tensi\u00f3n de entrada<\/p><\/div><\/div>\t\t\t\t<\/div>\n\t\t\t\t<\/div>\n\t\t\t\t\t<\/div>\n\t\t<\/div>\n\t\t\t\t\t<\/div>\n\t\t<\/section>\n\t\t\t\t<section class=\"elementor-section elementor-top-section elementor-element elementor-element-ee1b75e elementor-section-boxed elementor-section-height-default elementor-section-height-default\" data-id=\"ee1b75e\" data-element_type=\"section\">\n\t\t\t\t\t\t<div class=\"elementor-container elementor-column-gap-default\">\n\t\t\t\t\t<div class=\"elementor-column elementor-col-100 elementor-top-column elementor-element elementor-element-3d66d52\" data-id=\"3d66d52\" data-element_type=\"column\">\n\t\t\t<div class=\"elementor-widget-wrap elementor-element-populated\">\n\t\t\t\t\t\t<div class=\"elementor-element elementor-element-98b53c3 elementor-widget elementor-widget-text-editor\" data-id=\"98b53c3\" data-element_type=\"widget\" data-widget_type=\"text-editor.default\">\n\t\t\t\t<div class=\"elementor-widget-container\">\n\t\t\t\t\t\t\t\t\t<h3><b>Caracter\u00edsticas<\/b><\/h3><ul><li>Sistema de alimentaci\u00f3n Ininterrumpible\u00a0 con topolog\u00eda de l\u00ednea interactiva<\/li><li>Cuatro (4) salidas con respaldo de bater\u00eda y cuatro (4) con supresi\u00f3n de sobretensi\u00f3n<\/li><li>Fuente de alimentaci\u00f3n de respaldo<\/li><\/ul><h3><b>Especificaciones<\/b><\/h3><ul><li><b>Capacity:\u00a0500VA\/250W<\/b><\/li><li><b>Topolog\u00eda:\u00a0Interactiva<\/b><\/li><\/ul><p><b>Entrada<\/b><\/p><ul><li><b>Tensi\u00f3n nominal:\u00a0115V<\/b><\/li><li><b>Margen de tensi\u00f3n:\u00a075-144VCA<\/b><\/li><li><b>Frecuencia:\u00a050\/60Hz (detecci\u00f3n autom\u00e1tica)<\/b><\/li><\/ul><p><b>Salida<\/b><\/p><ul><li><b>Tensi\u00f3n nominal:\u00a0115V<\/b><\/li><li><b>Frecuencia:\u00a050\/60Hz<\/b><\/li><li><b>Estabilidad de frecuencia:\u00a050\/60Hz \u00b1 1Hz<\/b><\/li><li><b>N\u00famero total de salidas:\u00a08 (NEMA 5-15R)<\/b><\/li><li><b>Respaldo de bater\u00eda :\u00a04 con supresi\u00f3n de sobretensi\u00f3n\/regulaci\u00f3n de voltaje<\/b><\/li><li><b>Tomacorrientes exclusivos contra sobretensi\u00f3n :\u00a04 exclusivos contra sobretensi\u00f3n<\/b><\/li><\/ul><p><b>Bater\u00eda<\/b><\/p><ul><li><b>Tiempo de autonom\u00eda:\u00a07 minutos<\/b><\/li><li><b>Tiempo de recarga:\u00a0Hasta el 90% de su capacidad en 5 horas en modo de l\u00ednea<\/b><\/li><li><b>Regulaci\u00f3n de tensi\u00f3n:\u00a00<\/b><\/li><li><b>Reducci\u00f3n:\u00a0120-128V<\/b><\/li><li><b>Elevaci\u00f3n 1:\u00a098-106V<\/b><\/li><li><b>Elevaci\u00f3n 2:\u00a084-92V<\/b><\/li><li><b>Tensi\u00f3n de corte m\u00ednima:\u00a070-78V<\/b><\/li><li><b>Tiempo t\u00edpico de transferencia:\u00a0&lt;6ms m\u00e1x<\/b><\/li><li><b>Alarmas\/Indicadores:\u00a00<\/b><\/li><li><b>Alarma audible:\u00a0Bajo voltaje de la bater\u00eda: se activa cuatro veces por segundo<\/b><\/li><li><b>Sobrecarga y falla: sonido continuado<\/b><\/li><\/ul><p><b>Protecci\u00f3n<\/b><\/p><ul><li><b>Protecci\u00f3n total:\u00a0Modo de bater\u00eda: 100% \u00b1 10%, emite un tono audible, tras 1 minuto se desconecta y pasa al modo de falla<\/b><\/li><\/ul><p><b>Caracter\u00edsticas f\u00edsicas<\/b><\/p><ul><li><b>Longitud del cable:\u00a01m<\/b><\/li><li><b>Dimensiones:\u00a021&#215;13,1&#215;9,8cm<\/b><\/li><\/ul>\t\t\t\t\t\t\t\t<\/div>\n\t\t\t\t<\/div>\n\t\t\t\t\t<\/div>\n\t\t<\/div>\n\t\t\t\t\t<\/div>\n\t\t<\/section>\n\t\t\t\t<\/div>\n\t\t","protected":false},"excerpt":{"rendered":"<p>Compacto sistema UPS de l\u00ednea interactiva, concebido para brindar protecci\u00f3n el\u00e9ctrica a su computador personal y perif\u00e9ricos Sumamente fiable y eficiente, presenta cuatro (4) tomacorrientes con respaldo de bater\u00eda y cuatro (4) con supresi\u00f3n de sobretensi\u00f3n exclusivamente Con regulador autom\u00e1tico de voltaje integrado que estabiliza la tensi\u00f3n de entrada Caracter\u00edsticas Sistema de alimentaci\u00f3n Ininterrumpible\u00a0 con [&#8230;]\n","protected":false},"featured_media":2030,"comment_status":"open","ping_status":"closed","template":"","meta":{"jetpack_publicize_message":"","jetpack_publicize_feature_enabled":true,"jetpack_social_post_already_shared":false,"jetpack_social_options":{"image_generator_settings":{"template":"highway","default_image_id":0,"font":"","enabled":false},"version":2}},"pwb-brand":[78],"product_brand":[],"product_cat":[178],"product_tag":[257,227,263],"class_list":{"0":"post-602","1":"product","2":"type-product","3":"status-publish","4":"has-post-thumbnail","6":"pwb-brand-xtech","7":"product_cat-ups","8":"product_tag-250w","9":"product_tag-500va","10":"product_tag-ups-xtech","12":"first","13":"instock","14":"taxable","15":"shipping-taxable","16":"purchasable","17":"product-type-simple"},"yoast_head":"<!-- This site is optimized with the Yoast SEO Premium plugin v25.7.1 (Yoast SEO v26.8) - https:\/\/yoast.com\/product\/yoast-seo-premium-wordpress\/ -->\n<title>UPS Xtech 500VA 250W XTP-511 - Mivoot<\/title>\n<meta name=\"robots\" content=\"index, follow, max-snippet:-1, max-image-preview:large, max-video-preview:-1\" \/>\n<link rel=\"canonical\" href=\"https:\/\/mivoot.com\/gt\/producto\/xtech-xtp-511-ups-250w-500va\/\" \/>\n<meta property=\"og:locale\" content=\"es_ES\" \/>\n<meta property=\"og:type\" content=\"article\" \/>\n<meta property=\"og:title\" content=\"UPS Xtech 500VA 250W XTP-511\" \/>\n<meta property=\"og:description\" content=\"Compacto sistema UPS de l\u00ednea interactiva, concebido para brindar protecci\u00f3n el\u00e9ctrica a su computador personal y perif\u00e9ricos Sumamente fiable y eficiente, presenta cuatro (4) tomacorrientes con respaldo de bater\u00eda y cuatro (4) con supresi\u00f3n de sobretensi\u00f3n exclusivamente Con regulador autom\u00e1tico de voltaje integrado que estabiliza la tensi\u00f3n de entrada Caracter\u00edsticas Sistema de alimentaci\u00f3n Ininterrumpible\u00a0 con [...]\" \/>\n<meta property=\"og:url\" content=\"https:\/\/mivoot.com\/gt\/producto\/xtech-xtp-511-ups-250w-500va\/\" \/>\n<meta property=\"og:site_name\" content=\"Mivoot\" \/>\n<meta property=\"article:publisher\" content=\"https:\/\/www.facebook.com\/mivootgt\" \/>\n<meta property=\"article:modified_time\" content=\"2024-05-21T19:00:33+00:00\" \/>\n<meta property=\"og:image\" content=\"https:\/\/mivoot.com\/gt\/wp-content\/uploads\/2021\/03\/Image-Color-XTP-511.png\" \/>\n\t<meta property=\"og:image:width\" content=\"519\" \/>\n\t<meta property=\"og:image:height\" content=\"501\" \/>\n\t<meta property=\"og:image:type\" content=\"image\/png\" \/>\n<meta name=\"twitter:card\" content=\"summary_large_image\" \/>\n<meta name=\"twitter:label1\" content=\"Est. reading time\" \/>\n\t<meta name=\"twitter:data1\" content=\"1 minuto\" \/>\n<script type=\"application\/ld+json\" class=\"yoast-schema-graph\">{\"@context\":\"https:\/\/schema.org\",\"@graph\":[{\"@type\":\"WebPage\",\"@id\":\"https:\/\/mivoot.com\/gt\/producto\/xtech-xtp-511-ups-250w-500va\/\",\"url\":\"https:\/\/mivoot.com\/gt\/producto\/xtech-xtp-511-ups-250w-500va\/\",\"name\":\"UPS Xtech 500VA 250W XTP-511 - Mivoot\",\"isPartOf\":{\"@id\":\"https:\/\/mivoot.com\/gt\/#website\"},\"primaryImageOfPage\":{\"@id\":\"https:\/\/mivoot.com\/gt\/producto\/xtech-xtp-511-ups-250w-500va\/#primaryimage\"},\"image\":{\"@id\":\"https:\/\/mivoot.com\/gt\/producto\/xtech-xtp-511-ups-250w-500va\/#primaryimage\"},\"thumbnailUrl\":\"https:\/\/mivoot.com\/gt\/wp-content\/uploads\/2021\/03\/Image-Color-XTP-511.png\",\"datePublished\":\"2021-03-15T23:44:59+00:00\",\"dateModified\":\"2024-05-21T19:00:33+00:00\",\"breadcrumb\":{\"@id\":\"https:\/\/mivoot.com\/gt\/producto\/xtech-xtp-511-ups-250w-500va\/#breadcrumb\"},\"inLanguage\":\"es\",\"potentialAction\":[{\"@type\":\"ReadAction\",\"target\":[\"https:\/\/mivoot.com\/gt\/producto\/xtech-xtp-511-ups-250w-500va\/\"]}]},{\"@type\":\"ImageObject\",\"inLanguage\":\"es\",\"@id\":\"https:\/\/mivoot.com\/gt\/producto\/xtech-xtp-511-ups-250w-500va\/#primaryimage\",\"url\":\"https:\/\/mivoot.com\/gt\/wp-content\/uploads\/2021\/03\/Image-Color-XTP-511.png\",\"contentUrl\":\"https:\/\/mivoot.com\/gt\/wp-content\/uploads\/2021\/03\/Image-Color-XTP-511.png\",\"width\":519,\"height\":501},{\"@type\":\"BreadcrumbList\",\"@id\":\"https:\/\/mivoot.com\/gt\/producto\/xtech-xtp-511-ups-250w-500va\/#breadcrumb\",\"itemListElement\":[{\"@type\":\"ListItem\",\"position\":1,\"name\":\"Inicio\",\"item\":\"https:\/\/mivoot.com\/gt\/\"},{\"@type\":\"ListItem\",\"position\":2,\"name\":\"Productos\",\"item\":\"https:\/\/mivoot.com\/gt\/producto\/\"},{\"@type\":\"ListItem\",\"position\":3,\"name\":\"Xtech\",\"item\":\"https:\/\/mivoot.com\/gt\/marca\/xtech\/\"},{\"@type\":\"ListItem\",\"position\":4,\"name\":\"UPS Xtech 500VA 250W XTP-511\"}]},{\"@type\":\"WebSite\",\"@id\":\"https:\/\/mivoot.com\/gt\/#website\",\"url\":\"https:\/\/mivoot.com\/gt\/\",\"name\":\"Mivoot\",\"description\":\"Mivoot Guatemala | Tienda Online\",\"publisher\":{\"@id\":\"https:\/\/mivoot.com\/gt\/#organization\"},\"alternateName\":\"mivoot\",\"potentialAction\":[{\"@type\":\"SearchAction\",\"target\":{\"@type\":\"EntryPoint\",\"urlTemplate\":\"https:\/\/mivoot.com\/gt\/?s={search_term_string}\"},\"query-input\":{\"@type\":\"PropertyValueSpecification\",\"valueRequired\":true,\"valueName\":\"search_term_string\"}}],\"inLanguage\":\"es\"},{\"@type\":\"Organization\",\"@id\":\"https:\/\/mivoot.com\/gt\/#organization\",\"name\":\"Mivoot Guatemala\",\"alternateName\":\"mivoot.com\",\"url\":\"https:\/\/mivoot.com\/gt\/\",\"logo\":{\"@type\":\"ImageObject\",\"inLanguage\":\"es\",\"@id\":\"https:\/\/mivoot.com\/gt\/#\/schema\/logo\/image\/\",\"url\":\"https:\/\/mivoot.com\/gt\/wp-content\/uploads\/2023\/03\/cropped-icon.png\",\"contentUrl\":\"https:\/\/mivoot.com\/gt\/wp-content\/uploads\/2023\/03\/cropped-icon.png\",\"width\":512,\"height\":512,\"caption\":\"Mivoot Guatemala\"},\"image\":{\"@id\":\"https:\/\/mivoot.com\/gt\/#\/schema\/logo\/image\/\"},\"sameAs\":[\"https:\/\/www.facebook.com\/mivootgt\",\"https:\/\/instagram.com\/mivoot\"]}]}<\/script>\n<!-- \/ Yoast SEO Premium plugin. -->","yoast_head_json":{"title":"UPS Xtech 500VA 250W XTP-511 - Mivoot","robots":{"index":"index","follow":"follow","max-snippet":"max-snippet:-1","max-image-preview":"max-image-preview:large","max-video-preview":"max-video-preview:-1"},"canonical":"https:\/\/mivoot.com\/gt\/producto\/xtech-xtp-511-ups-250w-500va\/","og_locale":"es_ES","og_type":"article","og_title":"UPS Xtech 500VA 250W XTP-511","og_description":"Compacto sistema UPS de l\u00ednea interactiva, concebido para brindar protecci\u00f3n el\u00e9ctrica a su computador personal y perif\u00e9ricos Sumamente fiable y eficiente, presenta cuatro (4) tomacorrientes con respaldo de bater\u00eda y cuatro (4) con supresi\u00f3n de sobretensi\u00f3n exclusivamente Con regulador autom\u00e1tico de voltaje integrado que estabiliza la tensi\u00f3n de entrada Caracter\u00edsticas Sistema de alimentaci\u00f3n Ininterrumpible\u00a0 con [...]","og_url":"https:\/\/mivoot.com\/gt\/producto\/xtech-xtp-511-ups-250w-500va\/","og_site_name":"Mivoot","article_publisher":"https:\/\/www.facebook.com\/mivootgt","article_modified_time":"2024-05-21T19:00:33+00:00","og_image":[{"width":519,"height":501,"url":"https:\/\/mivoot.com\/gt\/wp-content\/uploads\/2021\/03\/Image-Color-XTP-511.png","type":"image\/png"}],"twitter_card":"summary_large_image","twitter_misc":{"Est. reading time":"1 minuto"},"schema":{"@context":"https:\/\/schema.org","@graph":[{"@type":"WebPage","@id":"https:\/\/mivoot.com\/gt\/producto\/xtech-xtp-511-ups-250w-500va\/","url":"https:\/\/mivoot.com\/gt\/producto\/xtech-xtp-511-ups-250w-500va\/","name":"UPS Xtech 500VA 250W XTP-511 - Mivoot","isPartOf":{"@id":"https:\/\/mivoot.com\/gt\/#website"},"primaryImageOfPage":{"@id":"https:\/\/mivoot.com\/gt\/producto\/xtech-xtp-511-ups-250w-500va\/#primaryimage"},"image":{"@id":"https:\/\/mivoot.com\/gt\/producto\/xtech-xtp-511-ups-250w-500va\/#primaryimage"},"thumbnailUrl":"https:\/\/mivoot.com\/gt\/wp-content\/uploads\/2021\/03\/Image-Color-XTP-511.png","datePublished":"2021-03-15T23:44:59+00:00","dateModified":"2024-05-21T19:00:33+00:00","breadcrumb":{"@id":"https:\/\/mivoot.com\/gt\/producto\/xtech-xtp-511-ups-250w-500va\/#breadcrumb"},"inLanguage":"es","potentialAction":[{"@type":"ReadAction","target":["https:\/\/mivoot.com\/gt\/producto\/xtech-xtp-511-ups-250w-500va\/"]}]},{"@type":"ImageObject","inLanguage":"es","@id":"https:\/\/mivoot.com\/gt\/producto\/xtech-xtp-511-ups-250w-500va\/#primaryimage","url":"https:\/\/mivoot.com\/gt\/wp-content\/uploads\/2021\/03\/Image-Color-XTP-511.png","contentUrl":"https:\/\/mivoot.com\/gt\/wp-content\/uploads\/2021\/03\/Image-Color-XTP-511.png","width":519,"height":501},{"@type":"BreadcrumbList","@id":"https:\/\/mivoot.com\/gt\/producto\/xtech-xtp-511-ups-250w-500va\/#breadcrumb","itemListElement":[{"@type":"ListItem","position":1,"name":"Inicio","item":"https:\/\/mivoot.com\/gt\/"},{"@type":"ListItem","position":2,"name":"Productos","item":"https:\/\/mivoot.com\/gt\/producto\/"},{"@type":"ListItem","position":3,"name":"Xtech","item":"https:\/\/mivoot.com\/gt\/marca\/xtech\/"},{"@type":"ListItem","position":4,"name":"UPS Xtech 500VA 250W XTP-511"}]},{"@type":"WebSite","@id":"https:\/\/mivoot.com\/gt\/#website","url":"https:\/\/mivoot.com\/gt\/","name":"Mivoot","description":"Mivoot Guatemala | Tienda Online","publisher":{"@id":"https:\/\/mivoot.com\/gt\/#organization"},"alternateName":"mivoot","potentialAction":[{"@type":"SearchAction","target":{"@type":"EntryPoint","urlTemplate":"https:\/\/mivoot.com\/gt\/?s={search_term_string}"},"query-input":{"@type":"PropertyValueSpecification","valueRequired":true,"valueName":"search_term_string"}}],"inLanguage":"es"},{"@type":"Organization","@id":"https:\/\/mivoot.com\/gt\/#organization","name":"Mivoot Guatemala","alternateName":"mivoot.com","url":"https:\/\/mivoot.com\/gt\/","logo":{"@type":"ImageObject","inLanguage":"es","@id":"https:\/\/mivoot.com\/gt\/#\/schema\/logo\/image\/","url":"https:\/\/mivoot.com\/gt\/wp-content\/uploads\/2023\/03\/cropped-icon.png","contentUrl":"https:\/\/mivoot.com\/gt\/wp-content\/uploads\/2023\/03\/cropped-icon.png","width":512,"height":512,"caption":"Mivoot Guatemala"},"image":{"@id":"https:\/\/mivoot.com\/gt\/#\/schema\/logo\/image\/"},"sameAs":["https:\/\/www.facebook.com\/mivootgt","https:\/\/instagram.com\/mivoot"]}]}},"jetpack_publicize_connections":[],"jetpack_sharing_enabled":true,"brands":[{"id":78,"name":"Xtech","slug":"xtech"}],"_links":{"self":[{"href":"https:\/\/mivoot.com\/gt\/wp-json\/wp\/v2\/product\/602","targetHints":{"allow":["GET"]}}],"collection":[{"href":"https:\/\/mivoot.com\/gt\/wp-json\/wp\/v2\/product"}],"about":[{"href":"https:\/\/mivoot.com\/gt\/wp-json\/wp\/v2\/types\/product"}],"replies":[{"embeddable":true,"href":"https:\/\/mivoot.com\/gt\/wp-json\/wp\/v2\/comments?post=602"}],"version-history":[{"count":15,"href":"https:\/\/mivoot.com\/gt\/wp-json\/wp\/v2\/product\/602\/revisions"}],"predecessor-version":[{"id":19409,"href":"https:\/\/mivoot.com\/gt\/wp-json\/wp\/v2\/product\/602\/revisions\/19409"}],"wp:featuredmedia":[{"embeddable":true,"href":"https:\/\/mivoot.com\/gt\/wp-json\/wp\/v2\/media\/2030"}],"wp:attachment":[{"href":"https:\/\/mivoot.com\/gt\/wp-json\/wp\/v2\/media?parent=602"}],"wp:term":[{"taxonomy":"pwb-brand","embeddable":true,"href":"https:\/\/mivoot.com\/gt\/wp-json\/wp\/v2\/pwb-brand?post=602"},{"taxonomy":"product_brand","embeddable":true,"href":"https:\/\/mivoot.com\/gt\/wp-json\/wp\/v2\/product_brand?post=602"},{"taxonomy":"product_cat","embeddable":true,"href":"https:\/\/mivoot.com\/gt\/wp-json\/wp\/v2\/product_cat?post=602"},{"taxonomy":"product_tag","embeddable":true,"href":"https:\/\/mivoot.com\/gt\/wp-json\/wp\/v2\/product_tag?post=602"}],"curies":[{"name":"wp","href":"https:\/\/api.w.org\/{rel}","templated":true}]}}