{"id":6480,"date":"2021-11-04T12:07:07","date_gmt":"2021-11-04T18:07:07","guid":{"rendered":"https:\/\/mivoot.com\/gt\/?post_type=product&#038;p=6480"},"modified":"2025-03-04T17:12:18","modified_gmt":"2025-03-04T23:12:18","slug":"ventilador-de-torre-42-wind-curve-lasko","status":"publish","type":"product","link":"https:\/\/mivoot.com\/gt\/producto\/ventilador-de-torre-42-wind-curve-lasko\/","title":{"rendered":"Ventilador de Torre 42&#8243; Wind Curve Lasko"},"content":{"rendered":"<p>El ventilador de torre Lasko Curve\u00ae tiene un dise\u00f1o sofisticado que ahorra espacio y combina de forma maravillosa con la decoraci\u00f3n de tu hogar. Poderoso ventilador de torre con 3 velocidades silenciosas y funci\u00f3n de temporizador autom\u00e1tico (se configura hasta 7.5 horas).<\/p>\n<p>La configuraci\u00f3n nocturna disminuye autom\u00e1ticamente la velocidad del ventilador y disminuye las luces del control cuando sea necesario. Con controles f\u00e1ciles de usar, adem\u00e1s de un c\u00f3modo control remoto multifunci\u00f3n. Configura el ventilador para que se apague autom\u00e1ticamente con la opci\u00f3n de temporizador electr\u00f3nico.<\/p>\n<div class=\"product-details-features\">\n<h2 class=\"product-details-title\">Caracter\u00edsticas<\/h2>\n<ul class=\"product-details-feature-list\">\n<li class=\"product-details-feature\">Requiere de f\u00e1cil ensamblaje<\/li>\n<li>Elegante ventilador de torre con 3 velocidades silenciosas<\/li>\n<li>El mando a distancia multifunci\u00f3n controla todas las funciones del ventilador.<\/li>\n<li>Equipado con el confiable enchufe de seguridad fusionado de Lasko<\/li>\n<li>Dise\u00f1o de ventilador de torre de 42 pulgadas de alto alcance para una m\u00e1xima entrega de aire<\/li>\n<li>Ideal para dormitorios, sala de estar, oficina en casa, cocina y m\u00e1s.<\/li>\n<li>Oscilaci\u00f3n generalizada para cobertura de habitaci\u00f3n completa<\/li>\n<li>Modo de temporizador de apagado autom\u00e1tico<\/li>\n<li>Asa de transporte incorporada de f\u00e1cil agarre para portabilidad<\/li>\n<\/ul>\n<\/div>\n<div class=\"product-details-specifications\">\n<h2 class=\"product-details-title\">Especificaciones<\/h2>\n<ul class=\"product-details-specs-list\">\n<li class=\"product-details-spec\"><strong class=\"product-details-spec-label\">Control remoto:<\/strong>\u00a0<span class=\"product-details-spec-text\">S\u00ed<\/span><\/li>\n<li class=\"product-details-spec\"><strong class=\"product-details-spec-label\">Oscilaci\u00f3n:<\/strong>\u00a0<span class=\"product-details-spec-text\">Amplia oscilaci\u00f3n<\/span><\/li>\n<li class=\"product-details-spec\"><span class=\"c-productAttributes__label\"><strong>Construcci\u00f3n:<\/strong><\/span>\u00a0<span class=\"c-productAttributes__value\">ABS 53,97 %, acero 26,67 %, estireno 6,08 %, cobre 4,93 %, aislamiento de PCB de cables 3,52 %, aluminio 2,99 %, PP 0,77 %, PC 0,68 %, nailon 0,39 %<\/span><\/li>\n<li class=\"c-productAttributes__item\"><span class=\"c-productAttributes__label\"><strong>Longitud del cable:<\/strong><\/span>\u00a0<span class=\"c-productAttributes__value\">6<\/span><\/li>\n<li><strong>Voltaje<\/strong> 110V<\/li>\n<\/ul>\n<p><img decoding=\"async\" src=\"https:\/\/cdn.shopify.com\/s\/files\/1\/0415\/4009\/2054\/products\/dnkpluph70ejihwo7jgr_500x500.jpg?v=1664992460\" \/><\/p>\n<\/div>\n","protected":false},"excerpt":{"rendered":"<p>Caracter\u00edsticas:<br \/>\n&#8211; ionizador de aire fresco.<br \/>\n&#8211; Temporizador electr\u00f3nico.<br \/>\n&#8211; 3 velocidades silenciosas<br \/>\n&#8211; Oscilaci\u00f3n generalizada para una cobertura completa en la habitaci\u00f3n.<br \/>\n&#8211; Mango para f\u00e1cil transporte.<br \/>\n&#8211; Espacio incorporado para guardar el control remoto.<br \/>\n&#8211; Requiere montaje simple para la base.<br \/>\n&#8211; Dimensiones: 108 cm x 22.9 cm x 20.8 cm (sin base)<br \/>\n&#8211; Pulgadas 42.52 x 9.02 x 8.19 pulg\u00a0 (sin base)<br \/>\n&#8211; Pulgadas: 42.52 x 13 x 13 pulg\u00a0 (con base circular)<br \/>\n&#8211; Peso: 13.5 lb<\/p>\n","protected":false},"featured_media":6486,"comment_status":"open","ping_status":"closed","template":"","meta":{"jetpack_publicize_message":"","jetpack_publicize_feature_enabled":true,"jetpack_social_post_already_shared":false,"jetpack_social_options":{"image_generator_settings":{"template":"highway","default_image_id":0,"font":"","enabled":false},"version":2}},"pwb-brand":[293],"product_brand":[],"product_cat":[289],"product_tag":[],"class_list":{"0":"post-6480","1":"product","2":"type-product","3":"status-publish","4":"has-post-thumbnail","6":"pwb-brand-lasko","7":"product_cat-ventiladores-2","9":"first","10":"instock","11":"sale","12":"taxable","13":"shipping-taxable","14":"purchasable","15":"product-type-simple"},"yoast_head":"<!-- This site is optimized with the Yoast SEO Premium plugin v25.7.1 (Yoast SEO v26.8) - https:\/\/yoast.com\/product\/yoast-seo-premium-wordpress\/ -->\n<title>Ventilador de Torre 42&quot; Wind Curve Lasko - Mivoot<\/title>\n<meta name=\"robots\" content=\"index, follow, max-snippet:-1, max-image-preview:large, max-video-preview:-1\" \/>\n<link rel=\"canonical\" href=\"https:\/\/mivoot.com\/gt\/producto\/ventilador-de-torre-42-wind-curve-lasko\/\" \/>\n<meta property=\"og:locale\" content=\"es_ES\" \/>\n<meta property=\"og:type\" content=\"article\" \/>\n<meta property=\"og:title\" content=\"Ventilador de Torre 42&quot; Wind Curve Lasko\" \/>\n<meta property=\"og:description\" content=\"Caracter\u00edsticas: - ionizador de aire fresco. - Temporizador electr\u00f3nico. - 3 velocidades silenciosas - Oscilaci\u00f3n generalizada para una cobertura completa en la habitaci\u00f3n. - Mango para f\u00e1cil transporte. - Espacio incorporado para guardar el control remoto. - Requiere montaje simple para la base. - Dimensiones: 108 cm x 22.9 cm x 20.8 cm (sin base) - Pulgadas 42.52 x 9.02 x 8.19 pulg\u00a0 (sin base) - Pulgadas: 42.52 x 13 x 13 pulg\u00a0 (con base circular) - Peso: 13.5 lb\" \/>\n<meta property=\"og:url\" content=\"https:\/\/mivoot.com\/gt\/producto\/ventilador-de-torre-42-wind-curve-lasko\/\" \/>\n<meta property=\"og:site_name\" content=\"Mivoot\" \/>\n<meta property=\"article:publisher\" content=\"https:\/\/www.facebook.com\/mivootgt\" \/>\n<meta property=\"article:modified_time\" content=\"2025-03-04T23:12:18+00:00\" \/>\n<meta property=\"og:image\" content=\"https:\/\/mivoot.com\/gt\/wp-content\/uploads\/2021\/11\/T42555M_Main_7-10-19_Lasko-400x400-1.jpg\" \/>\n\t<meta property=\"og:image:width\" content=\"400\" \/>\n\t<meta property=\"og:image:height\" content=\"400\" \/>\n\t<meta property=\"og:image:type\" content=\"image\/jpeg\" \/>\n<meta name=\"twitter:card\" content=\"summary_large_image\" \/>\n<meta name=\"twitter:label1\" content=\"Est. reading time\" \/>\n\t<meta name=\"twitter:data1\" content=\"2 minutos\" \/>\n<script type=\"application\/ld+json\" class=\"yoast-schema-graph\">{\"@context\":\"https:\/\/schema.org\",\"@graph\":[{\"@type\":\"WebPage\",\"@id\":\"https:\/\/mivoot.com\/gt\/producto\/ventilador-de-torre-42-wind-curve-lasko\/\",\"url\":\"https:\/\/mivoot.com\/gt\/producto\/ventilador-de-torre-42-wind-curve-lasko\/\",\"name\":\"Ventilador de Torre 42\\\" Wind Curve Lasko - Mivoot\",\"isPartOf\":{\"@id\":\"https:\/\/mivoot.com\/gt\/#website\"},\"primaryImageOfPage\":{\"@id\":\"https:\/\/mivoot.com\/gt\/producto\/ventilador-de-torre-42-wind-curve-lasko\/#primaryimage\"},\"image\":{\"@id\":\"https:\/\/mivoot.com\/gt\/producto\/ventilador-de-torre-42-wind-curve-lasko\/#primaryimage\"},\"thumbnailUrl\":\"https:\/\/mivoot.com\/gt\/wp-content\/uploads\/2021\/11\/T42555M_Main_7-10-19_Lasko-400x400-1.jpg\",\"datePublished\":\"2021-11-04T18:07:07+00:00\",\"dateModified\":\"2025-03-04T23:12:18+00:00\",\"breadcrumb\":{\"@id\":\"https:\/\/mivoot.com\/gt\/producto\/ventilador-de-torre-42-wind-curve-lasko\/#breadcrumb\"},\"inLanguage\":\"es\",\"potentialAction\":[{\"@type\":\"ReadAction\",\"target\":[\"https:\/\/mivoot.com\/gt\/producto\/ventilador-de-torre-42-wind-curve-lasko\/\"]}]},{\"@type\":\"ImageObject\",\"inLanguage\":\"es\",\"@id\":\"https:\/\/mivoot.com\/gt\/producto\/ventilador-de-torre-42-wind-curve-lasko\/#primaryimage\",\"url\":\"https:\/\/mivoot.com\/gt\/wp-content\/uploads\/2021\/11\/T42555M_Main_7-10-19_Lasko-400x400-1.jpg\",\"contentUrl\":\"https:\/\/mivoot.com\/gt\/wp-content\/uploads\/2021\/11\/T42555M_Main_7-10-19_Lasko-400x400-1.jpg\",\"width\":400,\"height\":400},{\"@type\":\"BreadcrumbList\",\"@id\":\"https:\/\/mivoot.com\/gt\/producto\/ventilador-de-torre-42-wind-curve-lasko\/#breadcrumb\",\"itemListElement\":[{\"@type\":\"ListItem\",\"position\":1,\"name\":\"Inicio\",\"item\":\"https:\/\/mivoot.com\/gt\/\"},{\"@type\":\"ListItem\",\"position\":2,\"name\":\"Productos\",\"item\":\"https:\/\/mivoot.com\/gt\/producto\/\"},{\"@type\":\"ListItem\",\"position\":3,\"name\":\"Lasko\",\"item\":\"https:\/\/mivoot.com\/gt\/marca\/lasko\/\"},{\"@type\":\"ListItem\",\"position\":4,\"name\":\"Ventilador de Torre 42&#8243; Wind Curve Lasko\"}]},{\"@type\":\"WebSite\",\"@id\":\"https:\/\/mivoot.com\/gt\/#website\",\"url\":\"https:\/\/mivoot.com\/gt\/\",\"name\":\"Mivoot\",\"description\":\"Mivoot Guatemala | Tienda Online\",\"publisher\":{\"@id\":\"https:\/\/mivoot.com\/gt\/#organization\"},\"alternateName\":\"mivoot\",\"potentialAction\":[{\"@type\":\"SearchAction\",\"target\":{\"@type\":\"EntryPoint\",\"urlTemplate\":\"https:\/\/mivoot.com\/gt\/?s={search_term_string}\"},\"query-input\":{\"@type\":\"PropertyValueSpecification\",\"valueRequired\":true,\"valueName\":\"search_term_string\"}}],\"inLanguage\":\"es\"},{\"@type\":\"Organization\",\"@id\":\"https:\/\/mivoot.com\/gt\/#organization\",\"name\":\"Mivoot Guatemala\",\"alternateName\":\"mivoot.com\",\"url\":\"https:\/\/mivoot.com\/gt\/\",\"logo\":{\"@type\":\"ImageObject\",\"inLanguage\":\"es\",\"@id\":\"https:\/\/mivoot.com\/gt\/#\/schema\/logo\/image\/\",\"url\":\"https:\/\/mivoot.com\/gt\/wp-content\/uploads\/2023\/03\/cropped-icon.png\",\"contentUrl\":\"https:\/\/mivoot.com\/gt\/wp-content\/uploads\/2023\/03\/cropped-icon.png\",\"width\":512,\"height\":512,\"caption\":\"Mivoot Guatemala\"},\"image\":{\"@id\":\"https:\/\/mivoot.com\/gt\/#\/schema\/logo\/image\/\"},\"sameAs\":[\"https:\/\/www.facebook.com\/mivootgt\",\"https:\/\/instagram.com\/mivoot\"]}]}<\/script>\n<!-- \/ Yoast SEO Premium plugin. -->","yoast_head_json":{"title":"Ventilador de Torre 42\" Wind Curve Lasko - Mivoot","robots":{"index":"index","follow":"follow","max-snippet":"max-snippet:-1","max-image-preview":"max-image-preview:large","max-video-preview":"max-video-preview:-1"},"canonical":"https:\/\/mivoot.com\/gt\/producto\/ventilador-de-torre-42-wind-curve-lasko\/","og_locale":"es_ES","og_type":"article","og_title":"Ventilador de Torre 42\" Wind Curve Lasko","og_description":"Caracter\u00edsticas: - ionizador de aire fresco. - Temporizador electr\u00f3nico. - 3 velocidades silenciosas - Oscilaci\u00f3n generalizada para una cobertura completa en la habitaci\u00f3n. - Mango para f\u00e1cil transporte. - Espacio incorporado para guardar el control remoto. - Requiere montaje simple para la base. - Dimensiones: 108 cm x 22.9 cm x 20.8 cm (sin base) - Pulgadas 42.52 x 9.02 x 8.19 pulg\u00a0 (sin base) - Pulgadas: 42.52 x 13 x 13 pulg\u00a0 (con base circular) - Peso: 13.5 lb","og_url":"https:\/\/mivoot.com\/gt\/producto\/ventilador-de-torre-42-wind-curve-lasko\/","og_site_name":"Mivoot","article_publisher":"https:\/\/www.facebook.com\/mivootgt","article_modified_time":"2025-03-04T23:12:18+00:00","og_image":[{"width":400,"height":400,"url":"https:\/\/mivoot.com\/gt\/wp-content\/uploads\/2021\/11\/T42555M_Main_7-10-19_Lasko-400x400-1.jpg","type":"image\/jpeg"}],"twitter_card":"summary_large_image","twitter_misc":{"Est. reading time":"2 minutos"},"schema":{"@context":"https:\/\/schema.org","@graph":[{"@type":"WebPage","@id":"https:\/\/mivoot.com\/gt\/producto\/ventilador-de-torre-42-wind-curve-lasko\/","url":"https:\/\/mivoot.com\/gt\/producto\/ventilador-de-torre-42-wind-curve-lasko\/","name":"Ventilador de Torre 42\" Wind Curve Lasko - Mivoot","isPartOf":{"@id":"https:\/\/mivoot.com\/gt\/#website"},"primaryImageOfPage":{"@id":"https:\/\/mivoot.com\/gt\/producto\/ventilador-de-torre-42-wind-curve-lasko\/#primaryimage"},"image":{"@id":"https:\/\/mivoot.com\/gt\/producto\/ventilador-de-torre-42-wind-curve-lasko\/#primaryimage"},"thumbnailUrl":"https:\/\/mivoot.com\/gt\/wp-content\/uploads\/2021\/11\/T42555M_Main_7-10-19_Lasko-400x400-1.jpg","datePublished":"2021-11-04T18:07:07+00:00","dateModified":"2025-03-04T23:12:18+00:00","breadcrumb":{"@id":"https:\/\/mivoot.com\/gt\/producto\/ventilador-de-torre-42-wind-curve-lasko\/#breadcrumb"},"inLanguage":"es","potentialAction":[{"@type":"ReadAction","target":["https:\/\/mivoot.com\/gt\/producto\/ventilador-de-torre-42-wind-curve-lasko\/"]}]},{"@type":"ImageObject","inLanguage":"es","@id":"https:\/\/mivoot.com\/gt\/producto\/ventilador-de-torre-42-wind-curve-lasko\/#primaryimage","url":"https:\/\/mivoot.com\/gt\/wp-content\/uploads\/2021\/11\/T42555M_Main_7-10-19_Lasko-400x400-1.jpg","contentUrl":"https:\/\/mivoot.com\/gt\/wp-content\/uploads\/2021\/11\/T42555M_Main_7-10-19_Lasko-400x400-1.jpg","width":400,"height":400},{"@type":"BreadcrumbList","@id":"https:\/\/mivoot.com\/gt\/producto\/ventilador-de-torre-42-wind-curve-lasko\/#breadcrumb","itemListElement":[{"@type":"ListItem","position":1,"name":"Inicio","item":"https:\/\/mivoot.com\/gt\/"},{"@type":"ListItem","position":2,"name":"Productos","item":"https:\/\/mivoot.com\/gt\/producto\/"},{"@type":"ListItem","position":3,"name":"Lasko","item":"https:\/\/mivoot.com\/gt\/marca\/lasko\/"},{"@type":"ListItem","position":4,"name":"Ventilador de Torre 42&#8243; Wind Curve Lasko"}]},{"@type":"WebSite","@id":"https:\/\/mivoot.com\/gt\/#website","url":"https:\/\/mivoot.com\/gt\/","name":"Mivoot","description":"Mivoot Guatemala | Tienda Online","publisher":{"@id":"https:\/\/mivoot.com\/gt\/#organization"},"alternateName":"mivoot","potentialAction":[{"@type":"SearchAction","target":{"@type":"EntryPoint","urlTemplate":"https:\/\/mivoot.com\/gt\/?s={search_term_string}"},"query-input":{"@type":"PropertyValueSpecification","valueRequired":true,"valueName":"search_term_string"}}],"inLanguage":"es"},{"@type":"Organization","@id":"https:\/\/mivoot.com\/gt\/#organization","name":"Mivoot Guatemala","alternateName":"mivoot.com","url":"https:\/\/mivoot.com\/gt\/","logo":{"@type":"ImageObject","inLanguage":"es","@id":"https:\/\/mivoot.com\/gt\/#\/schema\/logo\/image\/","url":"https:\/\/mivoot.com\/gt\/wp-content\/uploads\/2023\/03\/cropped-icon.png","contentUrl":"https:\/\/mivoot.com\/gt\/wp-content\/uploads\/2023\/03\/cropped-icon.png","width":512,"height":512,"caption":"Mivoot Guatemala"},"image":{"@id":"https:\/\/mivoot.com\/gt\/#\/schema\/logo\/image\/"},"sameAs":["https:\/\/www.facebook.com\/mivootgt","https:\/\/instagram.com\/mivoot"]}]}},"jetpack_publicize_connections":[],"jetpack_sharing_enabled":true,"brands":[{"id":293,"name":"Lasko","slug":"lasko"}],"_links":{"self":[{"href":"https:\/\/mivoot.com\/gt\/wp-json\/wp\/v2\/product\/6480","targetHints":{"allow":["GET"]}}],"collection":[{"href":"https:\/\/mivoot.com\/gt\/wp-json\/wp\/v2\/product"}],"about":[{"href":"https:\/\/mivoot.com\/gt\/wp-json\/wp\/v2\/types\/product"}],"replies":[{"embeddable":true,"href":"https:\/\/mivoot.com\/gt\/wp-json\/wp\/v2\/comments?post=6480"}],"version-history":[{"count":6,"href":"https:\/\/mivoot.com\/gt\/wp-json\/wp\/v2\/product\/6480\/revisions"}],"predecessor-version":[{"id":8546,"href":"https:\/\/mivoot.com\/gt\/wp-json\/wp\/v2\/product\/6480\/revisions\/8546"}],"wp:featuredmedia":[{"embeddable":true,"href":"https:\/\/mivoot.com\/gt\/wp-json\/wp\/v2\/media\/6486"}],"wp:attachment":[{"href":"https:\/\/mivoot.com\/gt\/wp-json\/wp\/v2\/media?parent=6480"}],"wp:term":[{"taxonomy":"pwb-brand","embeddable":true,"href":"https:\/\/mivoot.com\/gt\/wp-json\/wp\/v2\/pwb-brand?post=6480"},{"taxonomy":"product_brand","embeddable":true,"href":"https:\/\/mivoot.com\/gt\/wp-json\/wp\/v2\/product_brand?post=6480"},{"taxonomy":"product_cat","embeddable":true,"href":"https:\/\/mivoot.com\/gt\/wp-json\/wp\/v2\/product_cat?post=6480"},{"taxonomy":"product_tag","embeddable":true,"href":"https:\/\/mivoot.com\/gt\/wp-json\/wp\/v2\/product_tag?post=6480"}],"curies":[{"name":"wp","href":"https:\/\/api.w.org\/{rel}","templated":true}]}}