{"id":6534,"date":"2021-11-06T13:09:41","date_gmt":"2021-11-06T19:09:41","guid":{"rendered":"https:\/\/mivoot.com\/gt\/?post_type=product&#038;p=6534"},"modified":"2021-11-15T09:58:28","modified_gmt":"2021-11-15T15:58:28","slug":"supresor-de-sobretensiones-540-joules-travel-surge-cargador-usb-de-2-1a-tripp-lite","status":"publish","type":"product","link":"https:\/\/mivoot.com\/gt\/producto\/supresor-de-sobretensiones-540-joules-travel-surge-cargador-usb-de-2-1a-tripp-lite\/","title":{"rendered":"Supresor de Sobretensiones 540 Joules Travel Surge Cargador USB de 2.1A Tripp Lite"},"content":{"rendered":"\t\t<div data-elementor-type=\"product-post\" data-elementor-id=\"6534\" class=\"elementor elementor-6534\">\n\t\t\t\t\t\t<section class=\"elementor-section elementor-top-section elementor-element elementor-element-b4a2515 elementor-section-boxed elementor-section-height-default elementor-section-height-default\" data-id=\"b4a2515\" data-element_type=\"section\">\n\t\t\t\t\t\t<div class=\"elementor-container elementor-column-gap-default\">\n\t\t\t\t\t<div class=\"elementor-column elementor-col-100 elementor-top-column elementor-element elementor-element-63fe36e\" data-id=\"63fe36e\" data-element_type=\"column\">\n\t\t\t<div class=\"elementor-widget-wrap elementor-element-populated\">\n\t\t\t\t\t\t<div class=\"elementor-element elementor-element-bacc30d elementor-widget elementor-widget-image\" data-id=\"bacc30d\" data-element_type=\"widget\" data-widget_type=\"image.default\">\n\t\t\t\t<div class=\"elementor-widget-container\">\n\t\t\t\t\t\t\t\t\t\t\t\t\t\t\t<img fetchpriority=\"high\" decoding=\"async\" width=\"500\" height=\"500\" src=\"https:\/\/mivoot.com\/gt\/wp-content\/uploads\/2021\/11\/sk120usb-other02-l.jpg\" class=\"attachment-large size-large wp-image-6539\" alt=\"\" srcset=\"https:\/\/mivoot.com\/gt\/wp-content\/uploads\/2021\/11\/sk120usb-other02-l.jpg 500w, https:\/\/mivoot.com\/gt\/wp-content\/uploads\/2021\/11\/sk120usb-other02-l-250x250.jpg 250w, https:\/\/mivoot.com\/gt\/wp-content\/uploads\/2021\/11\/sk120usb-other02-l-100x100.jpg 100w, https:\/\/mivoot.com\/gt\/wp-content\/uploads\/2021\/11\/sk120usb-other02-l-410x410.jpg 410w, https:\/\/mivoot.com\/gt\/wp-content\/uploads\/2021\/11\/sk120usb-other02-l-64x64.jpg 64w, https:\/\/mivoot.com\/gt\/wp-content\/uploads\/2021\/11\/sk120usb-other02-l-300x300.jpg 300w, https:\/\/mivoot.com\/gt\/wp-content\/uploads\/2021\/11\/sk120usb-other02-l-150x150.jpg 150w\" sizes=\"(max-width: 500px) 100vw, 500px\" \/>\t\t\t\t\t\t\t\t\t\t\t\t\t\t\t<\/div>\n\t\t\t\t<\/div>\n\t\t\t\t\t<\/div>\n\t\t<\/div>\n\t\t\t\t\t<\/div>\n\t\t<\/section>\n\t\t\t\t<section class=\"elementor-section elementor-top-section elementor-element elementor-element-db98446 elementor-section-boxed elementor-section-height-default elementor-section-height-default\" data-id=\"db98446\" data-element_type=\"section\">\n\t\t\t\t\t\t<div class=\"elementor-container elementor-column-gap-default\">\n\t\t\t\t\t<div class=\"elementor-column elementor-col-100 elementor-top-column elementor-element elementor-element-3ebf7f0\" data-id=\"3ebf7f0\" data-element_type=\"column\">\n\t\t\t<div class=\"elementor-widget-wrap elementor-element-populated\">\n\t\t\t\t\t\t<div class=\"elementor-element elementor-element-e046fc0 elementor-widget elementor-widget-text-editor\" data-id=\"e046fc0\" data-element_type=\"widget\" data-widget_type=\"text-editor.default\">\n\t\t\t\t<div class=\"elementor-widget-container\">\n\t\t\t\t\t\t\t\t\t<div id=\"section-features\" class=\"row\"><div class=\"col-xs-12 col-sm-9 col-md-10\"><div class=\"row\"><div class=\"col-xs-12\"><div class=\"section-header\"><div class=\"section-header-title\"><h3 class=\"section-header-text\">Caracter\u00edsticas<\/h3><\/div><\/div><div id=\"features\" class=\"padTop10\"><div class=\"two-col\"><div class=\"bullets\"><ul><li>3 tomacorrientes \/ conexi\u00f3n directa- 1 en el frente del producto y 1 en cada costado<\/li><li>Valor nominal de supresi\u00f3n de sobretensiones: 540 joules<\/li><li>Cargador USB de 2.1 Amperes<\/li><li>Clavija plegable<\/li><li>Bolsa para su transportaci\u00f3n<\/li><li>Filtrado de ruidos EMI\/EFI<\/li><li>El LED de diagn\u00f3stico, indica Protegido (verde)<\/li><li>$5,000 de seguro m\u00e1ximo de por vida para los equipos conectados (EE UU, Puerto Rico y Canad\u00e1 \u00fanicamente)<\/li><\/ul><\/div><\/div><\/div><\/div><\/div><div class=\"row\"><div class=\"col-sm-12 col-md-6\"><div class=\"section-header\"><div class=\"section-header-title\"><h3 class=\"section-header-text\">El Paquete Incluye<\/h3><\/div><\/div><div id=\"package-includes\" class=\"padTop10\"><div class=\"bullets\"><ul><li>Supresor de sobretensiones SK120USB<\/li><li>Bolsa para transporte<\/li><\/ul><\/div><\/div><\/div><div class=\"col-sm-12 col-md-6\"><div id=\"certifications-awards\"><a href=\"https:\/\/www.tripplite.com\/company\/environmental-statement\"><img decoding=\"async\" class=\"certification-award\" src=\"https:\/\/assets.tripplite.com\/icon\/attr_icon_rohs_compliant.png\" alt=\"RoHS compliant\" \/><\/a><\/div><\/div><\/div><\/div><div class=\"col-xs-12 col-sm-3 col-md-2\"><div id=\"features-sidebar\"><div class=\"text-right\">\u00a0<\/div><div id=\"product-advisor-surge-protector-sticker\" class=\"product-advisor-sticker\"><div class=\"m-Top25\">\u00a0<\/div><\/div><\/div><\/div><\/div><div id=\"section-specifications\" class=\"row\"><div class=\"col-xs-12\"><div class=\"section-header\"><div class=\"section-header-title\"><h3 class=\"section-header-text\">Especificaciones<\/h3><\/div><\/div><div id=\"full-specifications\" class=\"padTop10\"><div class=\"specContainer\"><div class=\"specGroup\"><h5><strong>GENERALIDADES<\/strong><\/h5><table class=\"table table-bordered\"><tbody><tr><td class=\"specName\">C\u00f3digo UPC<\/td><td>037332180360<\/td><\/tr><tr><td class=\"specName\">Tipo de Producto<\/td><td>Supresor de Sobretensiones<\/td><\/tr><tr><td class=\"specName\">Factor de Forma de Carga<\/td><td>Strip<\/td><\/tr><tr><td class=\"specName\">Compatibilidad del Dispositivo<\/td><td>Tel\u00e9fono; Tableta; Amazon Kindle<\/td><\/tr><\/tbody><\/table><\/div><div class=\"specGroup\"><h5><strong>ENTRADA<\/strong><\/h5><table class=\"table table-bordered\"><tbody><tr><td class=\"specName\">Voltaje(s) Nominal(es) de Entrada Soportado(s)<\/td><td>120V CA<\/td><\/tr><tr><td class=\"specName\">Servicio El\u00e9ctrico Recomendado<\/td><td>120V<\/td><\/tr><tr><td class=\"specName\">Tipo de Conexi\u00f3n de Entrada<\/td><td>Clavija de entrada NEMA 5-20P<\/td><\/tr><tr><td class=\"specName\">Caracter\u00edsticas de la Clavija de entrada<\/td><td>15A, 120V<\/td><\/tr><tr><td class=\"specName\">Detalles de la Longitud del Cable de Entrada<\/td><td>Conexi\u00f3n Directa<\/td><\/tr><tr><td class=\"specName\">Compatibilidad de voltaje (VCA)<\/td><td>120<\/td><\/tr><tr><td class=\"specName\">Tipo de Clavija de Alimentaci\u00f3n<\/td><td>NEMA 5-15P<\/td><\/tr><tr><td class=\"specName\">Clavija en \u00c1ngulo Recto<\/td><td>No<\/td><\/tr><tr><td class=\"specName\">Longitud del Cable de Alimentaci\u00f3n (m)<\/td><td>0.00<\/td><\/tr><\/tbody><\/table><\/div><div class=\"specGroup\"><h5><strong>SALIDA<\/strong><\/h5><table class=\"table table-bordered\"><tbody><tr><td class=\"specName\">Compatibilidad de Frecuencia<\/td><td>60 Hz<\/td><\/tr><tr><td class=\"specName\">Salida (Watts)<\/td><td>1800<\/td><\/tr><tr><td class=\"specName\">Tomacorrientes<\/td><td>(3) 5-15R<\/td><\/tr><tr><td class=\"specName\">Breaker (amps)<\/td><td>15<\/td><\/tr><\/tbody><\/table><\/div><div class=\"specGroup\"><h5><strong>INTERFAZ DE USUARIO, ALERTAS Y CONTROLES<\/strong><\/h5><table class=\"table table-bordered\"><tbody><tr><td class=\"specName\">LEDs de Diagn\u00f3stico<\/td><td>S\u00ed<\/td><\/tr><\/tbody><\/table><\/div><div class=\"specGroup\"><h5><strong>CARGA<\/strong><\/h5><table class=\"table table-bordered\"><tbody><tr><td class=\"specName\">Number of Charging Ports<\/td><td>2<\/td><\/tr><tr><td class=\"specName\">Watts de Carga Total<\/td><td>10.5<\/td><\/tr><tr><td class=\"specName\">M\u00e9todo de Carga<\/td><td>USB<\/td><\/tr><tr><td class=\"specName\">Tipo de Puerto de Carga<\/td><td>USB A (HEMBRA)<\/td><\/tr><tr><td class=\"specName\">Puertos de Carga \/ Amperes<\/td><td>(2) 2.1A<\/td><\/tr><tr><td class=\"specName\">Protecci\u00f3n contra sobrecarga<\/td><td>No<\/td><\/tr><\/tbody><\/table><\/div><div class=\"specGroup\"><h5><strong>SUPRESI\u00d3N DE SOBRECARGA \/ RUIDO<\/strong><\/h5><table class=\"table table-bordered\"><tbody><tr><td class=\"specName\">Valor nominal en joules de supresi\u00f3n CA\u00a0\u00a0<\/td><td>540<\/td><\/tr><tr><td class=\"specName\">Tiempo de respuesta de supresi\u00f3n de CA\u00a0\u00a0<\/td><td>&lt; 1ns<\/td><\/tr><tr><td class=\"specName\">Modos de Protecci\u00f3n<\/td><td>Incluye supresi\u00f3n de sobretensiones de l\u00ednea completa en modo normal (H-N) y modo com\u00fan (N-T \/ H-T).<\/td><\/tr><tr><td class=\"specName\">Valor nominal de la supresi\u00f3n de sobretensiones de CA<\/td><td>27,000<\/td><\/tr><tr><td class=\"specName\">Especificaci\u00f3n de Paso Directo UL1449<\/td><td>500, 400, 500<\/td><\/tr><tr><td class=\"specName\">Filtrado de EMI \/ RFI\u00a0\u00a0<\/td><td>S\u00ed<\/td><\/tr><tr><td class=\"specName\">Inmunidad<\/td><td>Cumple con IEE 587 \/ ANSI C62.41.<\/td><\/tr><\/tbody><\/table><\/div><div class=\"specGroup\"><h5><strong>SUPRESI\u00d3N DE SOBRETENSI\u00d3N EN L\u00cdNEA DE DATOS<\/strong><\/h5><table class=\"table table-bordered\"><tbody><tr><td class=\"specName\">Protecci\u00f3n de Red (Ethernet)<\/td><td>No<\/td><\/tr><\/tbody><\/table><\/div><div class=\"specGroup\"><h5><strong>F\u00cdSICAS<\/strong><\/h5><table class=\"table table-bordered\"><tbody><tr><td class=\"specName\">Material de Construcci\u00f3n<\/td><td>Pl\u00e1stico<\/td><\/tr><tr><td class=\"specName\">Color del Cable de Alimentaci\u00f3n<\/td><td>Black<\/td><\/tr><tr><td class=\"specName\">Color del Gabinete<\/td><td>Negro<\/td><\/tr><tr><td class=\"specName\">Orificios o Ranuras para Instalaci\u00f3n<\/td><td>No<\/td><\/tr><tr><td class=\"specName\">Color del recept\u00e1culo<\/td><td>Negro<\/td><\/tr><tr><td class=\"specName\">Dimensiones de Envi\u00f3 (Al x An x Pr \/ cm)<\/td><td>11.68 x 7.11 x 6.10<\/td><\/tr><tr><td class=\"specName\">Peso de Env\u00edo (kg)<\/td><td>0.20<\/td><\/tr><tr><td class=\"specName\">Dimensiones de la Unidad (Al x An x Pr \/ cm)<\/td><td>10.9 x 5.69 x 3.51<\/td><\/tr><tr><td class=\"specName\">Peso de la Unidad (kg)<\/td><td>0.14<\/td><\/tr><tr><td class=\"specName\">Color de Cable de Entrada<\/td><td>Negro<\/td><\/tr><\/tbody><\/table><\/div><div class=\"specGroup\"><h5><strong>CARACTERISTICAS\/ESPECIFICACIONES<\/strong><\/h5><table class=\"table table-bordered\"><tbody><tr><td class=\"specName\">Tecnolog\u00eda GaN\u00a0\u00a0<\/td><td>No<\/td><\/tr><\/tbody><\/table><\/div><div class=\"specGroup\"><h5><strong>EST\u00c1NDARES Y COMPATIBILIDAD<\/strong><\/h5><table class=\"table table-bordered\"><tbody><tr><td class=\"specName\">Aprobaciones<\/td><td>RoHS<\/td><\/tr><tr><td class=\"specName\">UL1449 3a Edici\u00f3n (Supresi\u00f3n de CA)<\/td><td>UL1449 Tercera Edici\u00f3n<\/td><\/tr><tr><td class=\"specName\">NOM (M\u00e9xico)<\/td><td>NOM<\/td><\/tr><tr><td class=\"specName\">UL497A (Comunicaciones)<\/td><td>No<\/td><\/tr><tr><td class=\"specName\">Industria Canadiense (Comunicaciones)<\/td><td>No<\/td><\/tr><\/tbody><\/table><\/div><\/div><\/div><\/div><\/div>\t\t\t\t\t\t\t\t<\/div>\n\t\t\t\t<\/div>\n\t\t\t\t\t<\/div>\n\t\t<\/div>\n\t\t\t\t\t<\/div>\n\t\t<\/section>\n\t\t\t\t<\/div>\n\t\t","protected":false},"excerpt":{"rendered":"<ul>\n<li>3 tomacorrientes \/ conexi\u00f3n directa<\/li>\n<li>Valor nominal de 540 joules<\/li>\n<li>Carga por USB de 2.1 Amperes<\/li>\n<li>Clavija plegable<\/li>\n<li>Bolsa para transporte<\/li>\n<li>LED de diagn\u00f3stico<\/li>\n<\/ul>\n","protected":false},"featured_media":6537,"comment_status":"open","ping_status":"closed","template":"","meta":{"jetpack_publicize_message":"","jetpack_publicize_feature_enabled":true,"jetpack_social_post_already_shared":false,"jetpack_social_options":{"image_generator_settings":{"template":"highway","default_image_id":0,"font":"","enabled":false},"version":2}},"pwb-brand":[180],"product_brand":[],"product_cat":[179,224],"product_tag":[],"class_list":{"0":"post-6534","1":"product","2":"type-product","3":"status-publish","4":"has-post-thumbnail","6":"pwb-brand-tripplite","7":"product_cat-regulador","8":"product_cat-supresor-sobretensiones","10":"first","11":"instock","12":"taxable","13":"shipping-taxable","14":"purchasable","15":"product-type-simple"},"yoast_head":"<!-- This site is optimized with the Yoast SEO Premium plugin v25.7.1 (Yoast SEO v26.8) - https:\/\/yoast.com\/product\/yoast-seo-premium-wordpress\/ -->\n<title>Supresor de Sobretensiones 540 Joules Travel Surge Cargador USB de 2.1A Tripp Lite - Mivoot<\/title>\n<meta name=\"robots\" content=\"index, follow, max-snippet:-1, max-image-preview:large, max-video-preview:-1\" \/>\n<link rel=\"canonical\" href=\"https:\/\/mivoot.com\/gt\/producto\/supresor-de-sobretensiones-540-joules-travel-surge-cargador-usb-de-2-1a-tripp-lite\/\" \/>\n<meta property=\"og:locale\" content=\"es_ES\" \/>\n<meta property=\"og:type\" content=\"article\" \/>\n<meta property=\"og:title\" content=\"Supresor de Sobretensiones 540 Joules Travel Surge Cargador USB de 2.1A Tripp Lite\" \/>\n<meta property=\"og:description\" content=\"3 tomacorrientes \/ conexi\u00f3n directa  Valor nominal de 540 joules  Carga por USB de 2.1 Amperes  Clavija plegable  Bolsa para transporte  LED de diagn\u00f3stico\" \/>\n<meta property=\"og:url\" content=\"https:\/\/mivoot.com\/gt\/producto\/supresor-de-sobretensiones-540-joules-travel-surge-cargador-usb-de-2-1a-tripp-lite\/\" \/>\n<meta property=\"og:site_name\" content=\"Mivoot\" \/>\n<meta property=\"article:publisher\" content=\"https:\/\/www.facebook.com\/mivootgt\" \/>\n<meta property=\"article:modified_time\" content=\"2021-11-15T15:58:28+00:00\" \/>\n<meta property=\"og:image\" content=\"https:\/\/mivoot.com\/gt\/wp-content\/uploads\/2021\/11\/sk120usb-front-l.jpg\" \/>\n\t<meta property=\"og:image:width\" content=\"500\" \/>\n\t<meta property=\"og:image:height\" content=\"500\" \/>\n\t<meta property=\"og:image:type\" content=\"image\/jpeg\" \/>\n<meta name=\"twitter:card\" content=\"summary_large_image\" \/>\n<meta name=\"twitter:label1\" content=\"Est. reading time\" \/>\n\t<meta name=\"twitter:data1\" content=\"2 minutos\" \/>\n<script type=\"application\/ld+json\" class=\"yoast-schema-graph\">{\"@context\":\"https:\/\/schema.org\",\"@graph\":[{\"@type\":\"WebPage\",\"@id\":\"https:\/\/mivoot.com\/gt\/producto\/supresor-de-sobretensiones-540-joules-travel-surge-cargador-usb-de-2-1a-tripp-lite\/\",\"url\":\"https:\/\/mivoot.com\/gt\/producto\/supresor-de-sobretensiones-540-joules-travel-surge-cargador-usb-de-2-1a-tripp-lite\/\",\"name\":\"Supresor de Sobretensiones 540 Joules Travel Surge Cargador USB de 2.1A Tripp Lite - Mivoot\",\"isPartOf\":{\"@id\":\"https:\/\/mivoot.com\/gt\/#website\"},\"primaryImageOfPage\":{\"@id\":\"https:\/\/mivoot.com\/gt\/producto\/supresor-de-sobretensiones-540-joules-travel-surge-cargador-usb-de-2-1a-tripp-lite\/#primaryimage\"},\"image\":{\"@id\":\"https:\/\/mivoot.com\/gt\/producto\/supresor-de-sobretensiones-540-joules-travel-surge-cargador-usb-de-2-1a-tripp-lite\/#primaryimage\"},\"thumbnailUrl\":\"https:\/\/mivoot.com\/gt\/wp-content\/uploads\/2021\/11\/sk120usb-front-l.jpg\",\"datePublished\":\"2021-11-06T19:09:41+00:00\",\"dateModified\":\"2021-11-15T15:58:28+00:00\",\"breadcrumb\":{\"@id\":\"https:\/\/mivoot.com\/gt\/producto\/supresor-de-sobretensiones-540-joules-travel-surge-cargador-usb-de-2-1a-tripp-lite\/#breadcrumb\"},\"inLanguage\":\"es\",\"potentialAction\":[{\"@type\":\"ReadAction\",\"target\":[\"https:\/\/mivoot.com\/gt\/producto\/supresor-de-sobretensiones-540-joules-travel-surge-cargador-usb-de-2-1a-tripp-lite\/\"]}]},{\"@type\":\"ImageObject\",\"inLanguage\":\"es\",\"@id\":\"https:\/\/mivoot.com\/gt\/producto\/supresor-de-sobretensiones-540-joules-travel-surge-cargador-usb-de-2-1a-tripp-lite\/#primaryimage\",\"url\":\"https:\/\/mivoot.com\/gt\/wp-content\/uploads\/2021\/11\/sk120usb-front-l.jpg\",\"contentUrl\":\"https:\/\/mivoot.com\/gt\/wp-content\/uploads\/2021\/11\/sk120usb-front-l.jpg\",\"width\":500,\"height\":500},{\"@type\":\"BreadcrumbList\",\"@id\":\"https:\/\/mivoot.com\/gt\/producto\/supresor-de-sobretensiones-540-joules-travel-surge-cargador-usb-de-2-1a-tripp-lite\/#breadcrumb\",\"itemListElement\":[{\"@type\":\"ListItem\",\"position\":1,\"name\":\"Inicio\",\"item\":\"https:\/\/mivoot.com\/gt\/\"},{\"@type\":\"ListItem\",\"position\":2,\"name\":\"Productos\",\"item\":\"https:\/\/mivoot.com\/gt\/producto\/\"},{\"@type\":\"ListItem\",\"position\":3,\"name\":\"TrippLite\",\"item\":\"https:\/\/mivoot.com\/gt\/marca\/tripplite\/\"},{\"@type\":\"ListItem\",\"position\":4,\"name\":\"Supresor de Sobretensiones 540 Joules Travel Surge Cargador USB de 2.1A Tripp Lite\"}]},{\"@type\":\"WebSite\",\"@id\":\"https:\/\/mivoot.com\/gt\/#website\",\"url\":\"https:\/\/mivoot.com\/gt\/\",\"name\":\"Mivoot\",\"description\":\"Mivoot Guatemala | Tienda Online\",\"publisher\":{\"@id\":\"https:\/\/mivoot.com\/gt\/#organization\"},\"alternateName\":\"mivoot\",\"potentialAction\":[{\"@type\":\"SearchAction\",\"target\":{\"@type\":\"EntryPoint\",\"urlTemplate\":\"https:\/\/mivoot.com\/gt\/?s={search_term_string}\"},\"query-input\":{\"@type\":\"PropertyValueSpecification\",\"valueRequired\":true,\"valueName\":\"search_term_string\"}}],\"inLanguage\":\"es\"},{\"@type\":\"Organization\",\"@id\":\"https:\/\/mivoot.com\/gt\/#organization\",\"name\":\"Mivoot Guatemala\",\"alternateName\":\"mivoot.com\",\"url\":\"https:\/\/mivoot.com\/gt\/\",\"logo\":{\"@type\":\"ImageObject\",\"inLanguage\":\"es\",\"@id\":\"https:\/\/mivoot.com\/gt\/#\/schema\/logo\/image\/\",\"url\":\"https:\/\/mivoot.com\/gt\/wp-content\/uploads\/2023\/03\/cropped-icon.png\",\"contentUrl\":\"https:\/\/mivoot.com\/gt\/wp-content\/uploads\/2023\/03\/cropped-icon.png\",\"width\":512,\"height\":512,\"caption\":\"Mivoot Guatemala\"},\"image\":{\"@id\":\"https:\/\/mivoot.com\/gt\/#\/schema\/logo\/image\/\"},\"sameAs\":[\"https:\/\/www.facebook.com\/mivootgt\",\"https:\/\/instagram.com\/mivoot\"]}]}<\/script>\n<!-- \/ Yoast SEO Premium plugin. -->","yoast_head_json":{"title":"Supresor de Sobretensiones 540 Joules Travel Surge Cargador USB de 2.1A Tripp Lite - Mivoot","robots":{"index":"index","follow":"follow","max-snippet":"max-snippet:-1","max-image-preview":"max-image-preview:large","max-video-preview":"max-video-preview:-1"},"canonical":"https:\/\/mivoot.com\/gt\/producto\/supresor-de-sobretensiones-540-joules-travel-surge-cargador-usb-de-2-1a-tripp-lite\/","og_locale":"es_ES","og_type":"article","og_title":"Supresor de Sobretensiones 540 Joules Travel Surge Cargador USB de 2.1A Tripp Lite","og_description":"3 tomacorrientes \/ conexi\u00f3n directa  Valor nominal de 540 joules  Carga por USB de 2.1 Amperes  Clavija plegable  Bolsa para transporte  LED de diagn\u00f3stico","og_url":"https:\/\/mivoot.com\/gt\/producto\/supresor-de-sobretensiones-540-joules-travel-surge-cargador-usb-de-2-1a-tripp-lite\/","og_site_name":"Mivoot","article_publisher":"https:\/\/www.facebook.com\/mivootgt","article_modified_time":"2021-11-15T15:58:28+00:00","og_image":[{"width":500,"height":500,"url":"https:\/\/mivoot.com\/gt\/wp-content\/uploads\/2021\/11\/sk120usb-front-l.jpg","type":"image\/jpeg"}],"twitter_card":"summary_large_image","twitter_misc":{"Est. reading time":"2 minutos"},"schema":{"@context":"https:\/\/schema.org","@graph":[{"@type":"WebPage","@id":"https:\/\/mivoot.com\/gt\/producto\/supresor-de-sobretensiones-540-joules-travel-surge-cargador-usb-de-2-1a-tripp-lite\/","url":"https:\/\/mivoot.com\/gt\/producto\/supresor-de-sobretensiones-540-joules-travel-surge-cargador-usb-de-2-1a-tripp-lite\/","name":"Supresor de Sobretensiones 540 Joules Travel Surge Cargador USB de 2.1A Tripp Lite - Mivoot","isPartOf":{"@id":"https:\/\/mivoot.com\/gt\/#website"},"primaryImageOfPage":{"@id":"https:\/\/mivoot.com\/gt\/producto\/supresor-de-sobretensiones-540-joules-travel-surge-cargador-usb-de-2-1a-tripp-lite\/#primaryimage"},"image":{"@id":"https:\/\/mivoot.com\/gt\/producto\/supresor-de-sobretensiones-540-joules-travel-surge-cargador-usb-de-2-1a-tripp-lite\/#primaryimage"},"thumbnailUrl":"https:\/\/mivoot.com\/gt\/wp-content\/uploads\/2021\/11\/sk120usb-front-l.jpg","datePublished":"2021-11-06T19:09:41+00:00","dateModified":"2021-11-15T15:58:28+00:00","breadcrumb":{"@id":"https:\/\/mivoot.com\/gt\/producto\/supresor-de-sobretensiones-540-joules-travel-surge-cargador-usb-de-2-1a-tripp-lite\/#breadcrumb"},"inLanguage":"es","potentialAction":[{"@type":"ReadAction","target":["https:\/\/mivoot.com\/gt\/producto\/supresor-de-sobretensiones-540-joules-travel-surge-cargador-usb-de-2-1a-tripp-lite\/"]}]},{"@type":"ImageObject","inLanguage":"es","@id":"https:\/\/mivoot.com\/gt\/producto\/supresor-de-sobretensiones-540-joules-travel-surge-cargador-usb-de-2-1a-tripp-lite\/#primaryimage","url":"https:\/\/mivoot.com\/gt\/wp-content\/uploads\/2021\/11\/sk120usb-front-l.jpg","contentUrl":"https:\/\/mivoot.com\/gt\/wp-content\/uploads\/2021\/11\/sk120usb-front-l.jpg","width":500,"height":500},{"@type":"BreadcrumbList","@id":"https:\/\/mivoot.com\/gt\/producto\/supresor-de-sobretensiones-540-joules-travel-surge-cargador-usb-de-2-1a-tripp-lite\/#breadcrumb","itemListElement":[{"@type":"ListItem","position":1,"name":"Inicio","item":"https:\/\/mivoot.com\/gt\/"},{"@type":"ListItem","position":2,"name":"Productos","item":"https:\/\/mivoot.com\/gt\/producto\/"},{"@type":"ListItem","position":3,"name":"TrippLite","item":"https:\/\/mivoot.com\/gt\/marca\/tripplite\/"},{"@type":"ListItem","position":4,"name":"Supresor de Sobretensiones 540 Joules Travel Surge Cargador USB de 2.1A Tripp Lite"}]},{"@type":"WebSite","@id":"https:\/\/mivoot.com\/gt\/#website","url":"https:\/\/mivoot.com\/gt\/","name":"Mivoot","description":"Mivoot Guatemala | Tienda Online","publisher":{"@id":"https:\/\/mivoot.com\/gt\/#organization"},"alternateName":"mivoot","potentialAction":[{"@type":"SearchAction","target":{"@type":"EntryPoint","urlTemplate":"https:\/\/mivoot.com\/gt\/?s={search_term_string}"},"query-input":{"@type":"PropertyValueSpecification","valueRequired":true,"valueName":"search_term_string"}}],"inLanguage":"es"},{"@type":"Organization","@id":"https:\/\/mivoot.com\/gt\/#organization","name":"Mivoot Guatemala","alternateName":"mivoot.com","url":"https:\/\/mivoot.com\/gt\/","logo":{"@type":"ImageObject","inLanguage":"es","@id":"https:\/\/mivoot.com\/gt\/#\/schema\/logo\/image\/","url":"https:\/\/mivoot.com\/gt\/wp-content\/uploads\/2023\/03\/cropped-icon.png","contentUrl":"https:\/\/mivoot.com\/gt\/wp-content\/uploads\/2023\/03\/cropped-icon.png","width":512,"height":512,"caption":"Mivoot Guatemala"},"image":{"@id":"https:\/\/mivoot.com\/gt\/#\/schema\/logo\/image\/"},"sameAs":["https:\/\/www.facebook.com\/mivootgt","https:\/\/instagram.com\/mivoot"]}]}},"jetpack_publicize_connections":[],"jetpack_sharing_enabled":true,"brands":[{"id":180,"name":"TrippLite","slug":"tripplite"}],"_links":{"self":[{"href":"https:\/\/mivoot.com\/gt\/wp-json\/wp\/v2\/product\/6534","targetHints":{"allow":["GET"]}}],"collection":[{"href":"https:\/\/mivoot.com\/gt\/wp-json\/wp\/v2\/product"}],"about":[{"href":"https:\/\/mivoot.com\/gt\/wp-json\/wp\/v2\/types\/product"}],"replies":[{"embeddable":true,"href":"https:\/\/mivoot.com\/gt\/wp-json\/wp\/v2\/comments?post=6534"}],"version-history":[{"count":8,"href":"https:\/\/mivoot.com\/gt\/wp-json\/wp\/v2\/product\/6534\/revisions"}],"predecessor-version":[{"id":6552,"href":"https:\/\/mivoot.com\/gt\/wp-json\/wp\/v2\/product\/6534\/revisions\/6552"}],"wp:featuredmedia":[{"embeddable":true,"href":"https:\/\/mivoot.com\/gt\/wp-json\/wp\/v2\/media\/6537"}],"wp:attachment":[{"href":"https:\/\/mivoot.com\/gt\/wp-json\/wp\/v2\/media?parent=6534"}],"wp:term":[{"taxonomy":"pwb-brand","embeddable":true,"href":"https:\/\/mivoot.com\/gt\/wp-json\/wp\/v2\/pwb-brand?post=6534"},{"taxonomy":"product_brand","embeddable":true,"href":"https:\/\/mivoot.com\/gt\/wp-json\/wp\/v2\/product_brand?post=6534"},{"taxonomy":"product_cat","embeddable":true,"href":"https:\/\/mivoot.com\/gt\/wp-json\/wp\/v2\/product_cat?post=6534"},{"taxonomy":"product_tag","embeddable":true,"href":"https:\/\/mivoot.com\/gt\/wp-json\/wp\/v2\/product_tag?post=6534"}],"curies":[{"name":"wp","href":"https:\/\/api.w.org\/{rel}","templated":true}]}}