{"id":6741,"date":"2021-11-19T17:22:07","date_gmt":"2021-11-19T23:22:07","guid":{"rendered":"https:\/\/mivoot.com\/gt\/?post_type=product&#038;p=6741"},"modified":"2024-05-21T12:51:54","modified_gmt":"2024-05-21T18:51:54","slug":"ups-apc-400w-800va-bx800l-lm-2","status":"publish","type":"product","link":"https:\/\/mivoot.com\/gt\/producto\/ups-apc-400w-800va-bx800l-lm-2\/","title":{"rendered":"UPS APC 800VA 400W BX800L-LM"},"content":{"rendered":"<h3 style=\"text-align: center;\"><strong>Unidad Back-UPS de APC, de 800 VA y 120 V, AVR, LAM<\/strong><\/h3>\n<ul>\n<li>Alarmas sonoras<\/li>\n<li>Ofrece notificaciones sobre cambios en las condiciones de las unidades UPS y de la compa\u00f1\u00eda el\u00e9ctrica.<\/li>\n<li>Autodiagn\u00f3stico autom\u00e1tico<\/li>\n<li>Garantiza la detecci\u00f3n anticipada de posibles problemas mediante la realizaci\u00f3n de diagn\u00f3sticos peri\u00f3dicos de los componentes de las unidades UPS.<\/li>\n<li>Regulaci\u00f3n autom\u00e1tica de tensi\u00f3n<\/li>\n<li>Aumenta la tensi\u00f3n baja y reduce la tensi\u00f3n alta autom\u00e1ticamente hasta llegar a niveles convenientes para su equipo.<\/li>\n<li>Boost AVR y Trim AVR<\/li>\n<li>Ofrece mayor disponibilidad para sus aplicaciones al corregir las bajadas de tensi\u00f3n y sobretensiones sin emplear las bater\u00edas.<\/li>\n<li>LED Indicators<\/li>\n<li>Brinda informaci\u00f3n de f\u00e1cil lectura sobre las condiciones del servicio el\u00e9ctrico, la unidad UPS y la bater\u00eda.<\/li>\n<li>Protecci\u00f3n contra sobrecargas<\/li>\n<li>Protege la unidad de da\u00f1os causados por el apagado autom\u00e1tico en caso de un corto circuito o una sobrecarga.<\/li>\n<li>Seguridad<\/li>\n<li>Aumente la seguridad de los usuarios mediante el aislamiento de todos los puntos de contacto y mecanismos de enclavamiento positivos que reducen el riesgo de desconexiones accidentales.<\/li>\n<\/ul>\n<p>Tomas de salida con protecci\u00f3n de bater\u00edas y con protecci\u00f3n contra sobretensiones solamente<br \/>\nReserva capacidad de potencia y autonom\u00eda para los equipos conectados que requieren respaldo de bater\u00edas a la vez que ofrece protecci\u00f3n contra sobretensiones \u00fanicamente para equipos secundarios en importancia.<\/p>\n<p><img decoding=\"async\" src=\"https:\/\/compucomponentescr.com\/4174-large_default\/-apc-back-up-ups-bx800l-lm-800va-400-watts.jpg\" alt=\"Apc Back Up UPS Bx800l-lm 800va 400 Watts\" \/><\/p>\n<p><strong>Disponibilidad<\/strong><br \/>\nAutodiagn\u00f3stico autom\u00e1tico<br \/>\nGarantiza la detecci\u00f3n anticipada de posibles problemas mediante la realizaci\u00f3n de diagn\u00f3sticos peri\u00f3dicos de los componentes de las unidades UPS.<br \/>\nNotificaci\u00f3n sobre fallas de la bater\u00eda<br \/>\nAnaliza las bater\u00edas a fin de advertir anticipadamente en caso de fallas posibles, lo que garantiza que el mantenimiento preventivo sea oportuno.<br \/>\nManejo inteligente de la bater\u00eda<br \/>\nMaximiza el rendimiento, la vida \u00fatil y la confiabilidad de las bater\u00edas a trav\u00e9s de la carga inteligente y de precisi\u00f3n.<\/p>\n<p><strong>Protecci\u00f3n<\/strong><br \/>\nTomas de salida con protecci\u00f3n de bater\u00eda y contra sobretensiones<br \/>\nRespalde y proteja el hardware y los datos durante cortes del suministro, sobretensiones y sobretensiones transitorias.<br \/>\nToma de salida con protecci\u00f3n contra sobretensiones (exclusivamente)<br \/>\nProteja equipos electr\u00f3nicos secundarios ante sobretensiones y crestas sin reducir la potencia suministrada por las bater\u00edas para alimentar equipos electr\u00f3nicos primarios durante una interrupci\u00f3n del suministro el\u00e9ctrico.<\/p>\n<p><strong>Seguridad<\/strong><br \/>\nAprobado por agencia de seguridad<br \/>\nGarantiza que los productos fueron probados y aprobados para funcionar de manera segura con las cargas conectadas y dentro del entorno espec\u00edfico.<br \/>\nManejabilidad<\/p>\n<p><strong>Alarmas sonoras<\/strong><br \/>\nOfrece notificaciones sobre cambios en las condiciones de las unidades UPS y de la compa\u00f1\u00eda el\u00e9ctrica.<br \/>\nPantalla de estado LED<br \/>\nComprenda r\u00e1pidamente el estado de la unidad y del suministro de energ\u00eda con los indicadores visuales.<\/p>\n<p>APC BX800L-LM. Capacidad de potencia de salida (VA): 800 VA, Potencia de salida: 400 W, Voltaje de entrada de operaci\u00f3n (min): 89 V. Tipo de salida AC: NEMA 5\u201315R, Longitud de cable: 1.22 m. Tecnolog\u00eda de bater\u00eda: Sealed Lead Acid (VRLA), Tiempo de recarga de la bater\u00eda: 6 h, Alarma de reemplazo de bater\u00eda: Audible, LED. Factor de forma: Mini tower, Color del producto: Negro. Forma de onda: Plaza, Nivel de ruido: 40 Db<\/p>\n","protected":false},"excerpt":{"rendered":"<div class=\"technical-content-block\"><strong class=\"technical-content-block__category\">Capacidad el\u00e9ctrica de salida <\/strong><span style=\"font-size: 14.4px;\">400\u00a0Vatios \/\u00a0800VA<\/span><\/div>\n<div class=\"technical-content-block\"><strong class=\"technical-content-block__category\">Conexiones de salida <\/strong><span style=\"font-size: 14.4px;\">(4) NEMA 5-15R (Bater\u00eda de reserva)<\/span><\/div>\n<div class=\"technical-content-block\"><strong class=\"technical-content-block__category\">Voltaje de salida nominal <\/strong><span style=\"font-size: 14.4px;\">120V<\/span><\/div>\n<div class=\"technical-content-block\"><strong class=\"technical-content-block__category\">Voltaje Nominal de Entrada <\/strong><span style=\"font-size: 14.4px;\">120V<\/span><\/div>\n<div class=\"technical-content-block\"><strong class=\"technical-content-block__category\">Tipo de Conexi\u00f3n de Entrada <\/strong><span style=\"font-size: 14.4px;\">NEMA 5-15P<\/span><\/div>\n<div class=\"technical-content-block\"><strong class=\"technical-content-block__category\">Longitud de Cable <\/strong><span style=\"font-size: 14.4px;\">1.2metros<\/span><\/div>\n<div class=\"technical-content-block\"><strong class=\"technical-content-block__category\">Corriente m\u00e1xima de entrada <\/strong><span style=\"font-size: 14.4px;\">7.0A<\/span><\/div>\n<div><\/div>\n<div>\n<div class=\"features__text-container\">Back-UPS de APC de 800\u00a0VA, 120\u00a0V, AVR, LAM<\/div>\n<div class=\"features__text-container\">Respaldo de bater\u00eda con protecci\u00f3n contra subidas de tensi\u00f3n para equipos electr\u00f3nicos y ordenadores<\/div>\n<div class=\"features__text-container\">Incluye:\u00a0Guia de instalaci\u00f3n,\u00a0Manual de usuario<\/div>\n<\/div>\n","protected":false},"featured_media":6746,"comment_status":"open","ping_status":"closed","template":"","meta":{"jetpack_publicize_message":"","jetpack_publicize_feature_enabled":true,"jetpack_social_post_already_shared":false,"jetpack_social_options":{"image_generator_settings":{"template":"highway","default_image_id":0,"font":"","enabled":false},"version":2}},"pwb-brand":[104],"product_brand":[],"product_cat":[178],"product_tag":[262,252,205],"class_list":{"0":"post-6741","1":"product","2":"type-product","3":"status-publish","4":"has-post-thumbnail","6":"pwb-brand-apc","7":"product_cat-ups","8":"product_tag-400w","9":"product_tag-800va","10":"product_tag-ups-apc","12":"first","13":"instock","14":"taxable","15":"shipping-taxable","16":"purchasable","17":"product-type-simple"},"yoast_head":"<!-- This site is optimized with the Yoast SEO Premium plugin v25.7.1 (Yoast SEO v26.8) - https:\/\/yoast.com\/product\/yoast-seo-premium-wordpress\/ -->\n<title>UPS APC 800VA 400W BX800L-LM - Mivoot<\/title>\n<meta name=\"description\" content=\"Alarmas sonoras Ofrece notificaciones sobre cambios en las condiciones de las unidades UPS y de la compa\u00f1\u00eda el\u00e9ctrica. Autodiagn\u00f3stico autom\u00e1tico\" \/>\n<meta name=\"robots\" content=\"index, follow, max-snippet:-1, max-image-preview:large, max-video-preview:-1\" \/>\n<link rel=\"canonical\" href=\"https:\/\/mivoot.com\/gt\/producto\/ups-apc-400w-800va-bx800l-lm-2\/\" \/>\n<meta property=\"og:locale\" content=\"es_ES\" \/>\n<meta property=\"og:type\" content=\"article\" \/>\n<meta property=\"og:title\" content=\"UPS APC 800VA 400W BX800L-LM\" \/>\n<meta property=\"og:description\" content=\"Alarmas sonoras Ofrece notificaciones sobre cambios en las condiciones de las unidades UPS y de la compa\u00f1\u00eda el\u00e9ctrica. Autodiagn\u00f3stico autom\u00e1tico\" \/>\n<meta property=\"og:url\" content=\"https:\/\/mivoot.com\/gt\/producto\/ups-apc-400w-800va-bx800l-lm-2\/\" \/>\n<meta property=\"og:site_name\" content=\"Mivoot\" \/>\n<meta property=\"article:publisher\" content=\"https:\/\/www.facebook.com\/mivootgt\" \/>\n<meta property=\"article:modified_time\" content=\"2024-05-21T18:51:54+00:00\" \/>\n<meta property=\"og:image\" content=\"https:\/\/mivoot.com\/gt\/wp-content\/uploads\/2021\/11\/SPD_CLII-9ZSQ72_FL_V_520x520.jpg\" \/>\n\t<meta property=\"og:image:width\" content=\"520\" \/>\n\t<meta property=\"og:image:height\" content=\"520\" \/>\n\t<meta property=\"og:image:type\" content=\"image\/jpeg\" \/>\n<meta name=\"twitter:card\" content=\"summary_large_image\" \/>\n<meta name=\"twitter:label1\" content=\"Est. reading time\" \/>\n\t<meta name=\"twitter:data1\" content=\"3 minutos\" \/>\n<script type=\"application\/ld+json\" class=\"yoast-schema-graph\">{\"@context\":\"https:\/\/schema.org\",\"@graph\":[{\"@type\":\"WebPage\",\"@id\":\"https:\/\/mivoot.com\/gt\/producto\/ups-apc-400w-800va-bx800l-lm-2\/\",\"url\":\"https:\/\/mivoot.com\/gt\/producto\/ups-apc-400w-800va-bx800l-lm-2\/\",\"name\":\"UPS APC 800VA 400W BX800L-LM - Mivoot\",\"isPartOf\":{\"@id\":\"https:\/\/mivoot.com\/gt\/#website\"},\"primaryImageOfPage\":{\"@id\":\"https:\/\/mivoot.com\/gt\/producto\/ups-apc-400w-800va-bx800l-lm-2\/#primaryimage\"},\"image\":{\"@id\":\"https:\/\/mivoot.com\/gt\/producto\/ups-apc-400w-800va-bx800l-lm-2\/#primaryimage\"},\"thumbnailUrl\":\"https:\/\/mivoot.com\/gt\/wp-content\/uploads\/2021\/11\/SPD_CLII-9ZSQ72_FL_V_520x520.jpg\",\"datePublished\":\"2021-11-19T23:22:07+00:00\",\"dateModified\":\"2024-05-21T18:51:54+00:00\",\"description\":\"Alarmas sonoras Ofrece notificaciones sobre cambios en las condiciones de las unidades UPS y de la compa\u00f1\u00eda el\u00e9ctrica. Autodiagn\u00f3stico autom\u00e1tico\",\"breadcrumb\":{\"@id\":\"https:\/\/mivoot.com\/gt\/producto\/ups-apc-400w-800va-bx800l-lm-2\/#breadcrumb\"},\"inLanguage\":\"es\",\"potentialAction\":[{\"@type\":\"ReadAction\",\"target\":[\"https:\/\/mivoot.com\/gt\/producto\/ups-apc-400w-800va-bx800l-lm-2\/\"]}]},{\"@type\":\"ImageObject\",\"inLanguage\":\"es\",\"@id\":\"https:\/\/mivoot.com\/gt\/producto\/ups-apc-400w-800va-bx800l-lm-2\/#primaryimage\",\"url\":\"https:\/\/mivoot.com\/gt\/wp-content\/uploads\/2021\/11\/SPD_CLII-9ZSQ72_FL_V_520x520.jpg\",\"contentUrl\":\"https:\/\/mivoot.com\/gt\/wp-content\/uploads\/2021\/11\/SPD_CLII-9ZSQ72_FL_V_520x520.jpg\",\"width\":520,\"height\":520},{\"@type\":\"BreadcrumbList\",\"@id\":\"https:\/\/mivoot.com\/gt\/producto\/ups-apc-400w-800va-bx800l-lm-2\/#breadcrumb\",\"itemListElement\":[{\"@type\":\"ListItem\",\"position\":1,\"name\":\"Inicio\",\"item\":\"https:\/\/mivoot.com\/gt\/\"},{\"@type\":\"ListItem\",\"position\":2,\"name\":\"Productos\",\"item\":\"https:\/\/mivoot.com\/gt\/producto\/\"},{\"@type\":\"ListItem\",\"position\":3,\"name\":\"APC\",\"item\":\"https:\/\/mivoot.com\/gt\/marca\/apc\/\"},{\"@type\":\"ListItem\",\"position\":4,\"name\":\"UPS APC 800VA 400W BX800L-LM\"}]},{\"@type\":\"WebSite\",\"@id\":\"https:\/\/mivoot.com\/gt\/#website\",\"url\":\"https:\/\/mivoot.com\/gt\/\",\"name\":\"Mivoot\",\"description\":\"Mivoot Guatemala | Tienda Online\",\"publisher\":{\"@id\":\"https:\/\/mivoot.com\/gt\/#organization\"},\"alternateName\":\"mivoot\",\"potentialAction\":[{\"@type\":\"SearchAction\",\"target\":{\"@type\":\"EntryPoint\",\"urlTemplate\":\"https:\/\/mivoot.com\/gt\/?s={search_term_string}\"},\"query-input\":{\"@type\":\"PropertyValueSpecification\",\"valueRequired\":true,\"valueName\":\"search_term_string\"}}],\"inLanguage\":\"es\"},{\"@type\":\"Organization\",\"@id\":\"https:\/\/mivoot.com\/gt\/#organization\",\"name\":\"Mivoot Guatemala\",\"alternateName\":\"mivoot.com\",\"url\":\"https:\/\/mivoot.com\/gt\/\",\"logo\":{\"@type\":\"ImageObject\",\"inLanguage\":\"es\",\"@id\":\"https:\/\/mivoot.com\/gt\/#\/schema\/logo\/image\/\",\"url\":\"https:\/\/mivoot.com\/gt\/wp-content\/uploads\/2023\/03\/cropped-icon.png\",\"contentUrl\":\"https:\/\/mivoot.com\/gt\/wp-content\/uploads\/2023\/03\/cropped-icon.png\",\"width\":512,\"height\":512,\"caption\":\"Mivoot Guatemala\"},\"image\":{\"@id\":\"https:\/\/mivoot.com\/gt\/#\/schema\/logo\/image\/\"},\"sameAs\":[\"https:\/\/www.facebook.com\/mivootgt\",\"https:\/\/instagram.com\/mivoot\"]}]}<\/script>\n<!-- \/ Yoast SEO Premium plugin. -->","yoast_head_json":{"title":"UPS APC 800VA 400W BX800L-LM - Mivoot","description":"Alarmas sonoras Ofrece notificaciones sobre cambios en las condiciones de las unidades UPS y de la compa\u00f1\u00eda el\u00e9ctrica. Autodiagn\u00f3stico autom\u00e1tico","robots":{"index":"index","follow":"follow","max-snippet":"max-snippet:-1","max-image-preview":"max-image-preview:large","max-video-preview":"max-video-preview:-1"},"canonical":"https:\/\/mivoot.com\/gt\/producto\/ups-apc-400w-800va-bx800l-lm-2\/","og_locale":"es_ES","og_type":"article","og_title":"UPS APC 800VA 400W BX800L-LM","og_description":"Alarmas sonoras Ofrece notificaciones sobre cambios en las condiciones de las unidades UPS y de la compa\u00f1\u00eda el\u00e9ctrica. Autodiagn\u00f3stico autom\u00e1tico","og_url":"https:\/\/mivoot.com\/gt\/producto\/ups-apc-400w-800va-bx800l-lm-2\/","og_site_name":"Mivoot","article_publisher":"https:\/\/www.facebook.com\/mivootgt","article_modified_time":"2024-05-21T18:51:54+00:00","og_image":[{"width":520,"height":520,"url":"https:\/\/mivoot.com\/gt\/wp-content\/uploads\/2021\/11\/SPD_CLII-9ZSQ72_FL_V_520x520.jpg","type":"image\/jpeg"}],"twitter_card":"summary_large_image","twitter_misc":{"Est. reading time":"3 minutos"},"schema":{"@context":"https:\/\/schema.org","@graph":[{"@type":"WebPage","@id":"https:\/\/mivoot.com\/gt\/producto\/ups-apc-400w-800va-bx800l-lm-2\/","url":"https:\/\/mivoot.com\/gt\/producto\/ups-apc-400w-800va-bx800l-lm-2\/","name":"UPS APC 800VA 400W BX800L-LM - Mivoot","isPartOf":{"@id":"https:\/\/mivoot.com\/gt\/#website"},"primaryImageOfPage":{"@id":"https:\/\/mivoot.com\/gt\/producto\/ups-apc-400w-800va-bx800l-lm-2\/#primaryimage"},"image":{"@id":"https:\/\/mivoot.com\/gt\/producto\/ups-apc-400w-800va-bx800l-lm-2\/#primaryimage"},"thumbnailUrl":"https:\/\/mivoot.com\/gt\/wp-content\/uploads\/2021\/11\/SPD_CLII-9ZSQ72_FL_V_520x520.jpg","datePublished":"2021-11-19T23:22:07+00:00","dateModified":"2024-05-21T18:51:54+00:00","description":"Alarmas sonoras Ofrece notificaciones sobre cambios en las condiciones de las unidades UPS y de la compa\u00f1\u00eda el\u00e9ctrica. Autodiagn\u00f3stico autom\u00e1tico","breadcrumb":{"@id":"https:\/\/mivoot.com\/gt\/producto\/ups-apc-400w-800va-bx800l-lm-2\/#breadcrumb"},"inLanguage":"es","potentialAction":[{"@type":"ReadAction","target":["https:\/\/mivoot.com\/gt\/producto\/ups-apc-400w-800va-bx800l-lm-2\/"]}]},{"@type":"ImageObject","inLanguage":"es","@id":"https:\/\/mivoot.com\/gt\/producto\/ups-apc-400w-800va-bx800l-lm-2\/#primaryimage","url":"https:\/\/mivoot.com\/gt\/wp-content\/uploads\/2021\/11\/SPD_CLII-9ZSQ72_FL_V_520x520.jpg","contentUrl":"https:\/\/mivoot.com\/gt\/wp-content\/uploads\/2021\/11\/SPD_CLII-9ZSQ72_FL_V_520x520.jpg","width":520,"height":520},{"@type":"BreadcrumbList","@id":"https:\/\/mivoot.com\/gt\/producto\/ups-apc-400w-800va-bx800l-lm-2\/#breadcrumb","itemListElement":[{"@type":"ListItem","position":1,"name":"Inicio","item":"https:\/\/mivoot.com\/gt\/"},{"@type":"ListItem","position":2,"name":"Productos","item":"https:\/\/mivoot.com\/gt\/producto\/"},{"@type":"ListItem","position":3,"name":"APC","item":"https:\/\/mivoot.com\/gt\/marca\/apc\/"},{"@type":"ListItem","position":4,"name":"UPS APC 800VA 400W BX800L-LM"}]},{"@type":"WebSite","@id":"https:\/\/mivoot.com\/gt\/#website","url":"https:\/\/mivoot.com\/gt\/","name":"Mivoot","description":"Mivoot Guatemala | Tienda Online","publisher":{"@id":"https:\/\/mivoot.com\/gt\/#organization"},"alternateName":"mivoot","potentialAction":[{"@type":"SearchAction","target":{"@type":"EntryPoint","urlTemplate":"https:\/\/mivoot.com\/gt\/?s={search_term_string}"},"query-input":{"@type":"PropertyValueSpecification","valueRequired":true,"valueName":"search_term_string"}}],"inLanguage":"es"},{"@type":"Organization","@id":"https:\/\/mivoot.com\/gt\/#organization","name":"Mivoot Guatemala","alternateName":"mivoot.com","url":"https:\/\/mivoot.com\/gt\/","logo":{"@type":"ImageObject","inLanguage":"es","@id":"https:\/\/mivoot.com\/gt\/#\/schema\/logo\/image\/","url":"https:\/\/mivoot.com\/gt\/wp-content\/uploads\/2023\/03\/cropped-icon.png","contentUrl":"https:\/\/mivoot.com\/gt\/wp-content\/uploads\/2023\/03\/cropped-icon.png","width":512,"height":512,"caption":"Mivoot Guatemala"},"image":{"@id":"https:\/\/mivoot.com\/gt\/#\/schema\/logo\/image\/"},"sameAs":["https:\/\/www.facebook.com\/mivootgt","https:\/\/instagram.com\/mivoot"]}]}},"jetpack_publicize_connections":[],"jetpack_sharing_enabled":true,"brands":[{"id":104,"name":"APC","slug":"apc"}],"_links":{"self":[{"href":"https:\/\/mivoot.com\/gt\/wp-json\/wp\/v2\/product\/6741","targetHints":{"allow":["GET"]}}],"collection":[{"href":"https:\/\/mivoot.com\/gt\/wp-json\/wp\/v2\/product"}],"about":[{"href":"https:\/\/mivoot.com\/gt\/wp-json\/wp\/v2\/types\/product"}],"replies":[{"embeddable":true,"href":"https:\/\/mivoot.com\/gt\/wp-json\/wp\/v2\/comments?post=6741"}],"version-history":[{"count":5,"href":"https:\/\/mivoot.com\/gt\/wp-json\/wp\/v2\/product\/6741\/revisions"}],"predecessor-version":[{"id":19386,"href":"https:\/\/mivoot.com\/gt\/wp-json\/wp\/v2\/product\/6741\/revisions\/19386"}],"wp:featuredmedia":[{"embeddable":true,"href":"https:\/\/mivoot.com\/gt\/wp-json\/wp\/v2\/media\/6746"}],"wp:attachment":[{"href":"https:\/\/mivoot.com\/gt\/wp-json\/wp\/v2\/media?parent=6741"}],"wp:term":[{"taxonomy":"pwb-brand","embeddable":true,"href":"https:\/\/mivoot.com\/gt\/wp-json\/wp\/v2\/pwb-brand?post=6741"},{"taxonomy":"product_brand","embeddable":true,"href":"https:\/\/mivoot.com\/gt\/wp-json\/wp\/v2\/product_brand?post=6741"},{"taxonomy":"product_cat","embeddable":true,"href":"https:\/\/mivoot.com\/gt\/wp-json\/wp\/v2\/product_cat?post=6741"},{"taxonomy":"product_tag","embeddable":true,"href":"https:\/\/mivoot.com\/gt\/wp-json\/wp\/v2\/product_tag?post=6741"}],"curies":[{"name":"wp","href":"https:\/\/api.w.org\/{rel}","templated":true}]}}