{"id":6775,"date":"2021-11-19T17:54:05","date_gmt":"2021-11-19T23:54:05","guid":{"rendered":"https:\/\/mivoot.com\/gt\/?post_type=product&#038;p=6775"},"modified":"2024-05-21T12:51:23","modified_gmt":"2024-05-21T18:51:23","slug":"ups-tripp-lite-700va-350w-lcd-usb-interactivo","status":"publish","type":"product","link":"https:\/\/mivoot.com\/gt\/producto\/ups-tripp-lite-700va-350w-lcd-usb-interactivo\/","title":{"rendered":"UPS Tripp Lite 700VA 350W LCD USB Interactivo"},"content":{"rendered":"<div class=\"key-benefits m-Bottom15\">\n<div>Este UPS interactivo ofrece respaldo b\u00e1sico por bater\u00eda con regulaci\u00f3n autom\u00e1tica de voltaje para su computadora de oficina o home theater.<\/div>\n<\/div>\n<div class=\"description-bullets bullets\">\n<ul>\n<li>Protege equipo contra apagones, ca\u00eddas de voltaje, sobretensiones y ruido en la l\u00ednea.<\/li>\n<li>El respaldo por bater\u00eda con AVR proporciona tiempo para guardar archivos y apagar con seguridad durante los apagones<\/li>\n<li>6 tomacorrientes NEMA 5-15R proporcionan alimentaci\u00f3n a PC, home theaters o equipos de se\u00f1alizaci\u00f3n digital<\/li>\n<li>La pantalla t\u00e1ctil LCD de f\u00e1cil lectura ofrece valiosos datos de voltaje, carga y la bater\u00eda<\/li>\n<li>La alta eficiencia del 95% con bajas tasas de BTU ahorran energ\u00eda y reducen sus costos de energ\u00eda<\/li>\n<\/ul>\n<p><img fetchpriority=\"high\" decoding=\"async\" class=\"alignnone size-full wp-image-6781\" src=\"https:\/\/mivoot.com\/gt\/wp-content\/uploads\/2021\/11\/omni700lcdt-features.jpg\" alt=\"\" width=\"800\" height=\"800\" srcset=\"https:\/\/mivoot.com\/gt\/wp-content\/uploads\/2021\/11\/omni700lcdt-features.jpg 800w, https:\/\/mivoot.com\/gt\/wp-content\/uploads\/2021\/11\/omni700lcdt-features-250x250.jpg 250w, https:\/\/mivoot.com\/gt\/wp-content\/uploads\/2021\/11\/omni700lcdt-features-100x100.jpg 100w, https:\/\/mivoot.com\/gt\/wp-content\/uploads\/2021\/11\/omni700lcdt-features-410x410.jpg 410w, https:\/\/mivoot.com\/gt\/wp-content\/uploads\/2021\/11\/omni700lcdt-features-64x64.jpg 64w, https:\/\/mivoot.com\/gt\/wp-content\/uploads\/2021\/11\/omni700lcdt-features-300x300.jpg 300w, https:\/\/mivoot.com\/gt\/wp-content\/uploads\/2021\/11\/omni700lcdt-features-150x150.jpg 150w, https:\/\/mivoot.com\/gt\/wp-content\/uploads\/2021\/11\/omni700lcdt-features-768x768.jpg 768w\" sizes=\"(max-width: 800px) 100vw, 800px\" \/><\/p>\n<div><strong>Respaldo por Bater\u00eda de 700VA \/ 350W \/ 120V para PCs, Home Theater o Se\u00f1alizaci\u00f3n Digital<\/strong><\/div>\n<div>Este UPS de 120V con protecci\u00f3n AVR proporciona confiable respaldo por bater\u00eda y protecci\u00f3n de energ\u00eda de CA contra apagones, ca\u00eddas de voltaje, sobretensiones y ruido en la l\u00ednea que pueden da\u00f1ar valiosos aparatos electr\u00f3nicos o destruir la informaci\u00f3n. El respaldo por bater\u00eda de 120V con seis tomacorrientes es la protecci\u00f3n ideal para sus componentes de oficina en casa, centro de medios o comercio, como computadoras, ruteadores, impresoras, HDTVs, reproductores Blu-ray, consolas de juego, cajeros autom\u00e1ticos, sistemas de seguridad y equipo de se\u00f1alizaci\u00f3n digital.<\/div>\n<div><\/div>\n<div><strong>Proporciona Tiempo para Respaldar Archivos Cr\u00edticos Durante un Apag\u00f3n\u00a0<\/strong><\/div>\n<div>El soporte de respaldo le permite trabajar durante apagones breves y le da tiempo suficiente para guardar archivos y apagar de forma segura su sistema en caso de una falla de energ\u00eda prolongada. El tiempo de respaldo var\u00eda seg\u00fan la carga, pero el sistema UPS interactivo mantendr\u00e1 alimentada una computadora de escritorio eficiente en energ\u00eda con monitor LCD peque\u00f1o por hasta 45 minutos. Durante la operaci\u00f3n normal, la energ\u00eda entrante de la red p\u00fablica mantiene totalmente cargada la bater\u00eda interna reemplazable de modo que siempre est\u00e9 disponible la energ\u00eda de respaldo.<\/div>\n<div><\/div>\n<div><strong>Conecta Sus Equipos a 6 Tomacorrientes NEMA 5-15R<\/strong><\/div>\n<div>Cuatro tomacorrientes 5-15R proporcionan respaldo por bater\u00eda y supresi\u00f3n de sobretensiones para su computadora, monitor y otros componentes cruciales. Los otros dos tomacorrientes 5-15R est\u00e1n protegidos solamente contra sobretensiones para impresoras, esc\u00e1ners y otros equipos no esenciales. Una alta calificaci\u00f3n de eficiencia en el modo de l\u00ednea &gt;95% reduce las emisiones en BTUs, el consumo de energ\u00eda y, en \u00faltima instancia, los costos de energ\u00eda.<\/div>\n<div><\/div>\n<div><strong>La Regulaci\u00f3n Autom\u00e1tica de Voltaje [AVR] Corrige Condiciones de Alto y Bajo Voltaje<\/strong><\/div>\n<div>La AVR protege su equipo de da\u00f1os acumulables al hardware, p\u00e9rdida de informaci\u00f3n y problemas de rendimiento causados por las ca\u00eddas de voltaje y sobrevoltajes. El OMNI700LCDT puede corregir autom\u00e1ticamente ca\u00eddas de voltaje tan bajas como 89V y sobrevoltajes de hasta 145V y volverlas a 120V nominales sin gastar la energ\u00eda de respaldo de la bater\u00eda necesaria para soportar su equipo durante un apag\u00f3n.<\/div>\n<div><\/div>\n<div><strong>316 Joules Combaten las Sobretensiones Inesperadas<\/strong><\/div>\n<div>Una clasificaci\u00f3n de supresi\u00f3n de sobretensiones de 316 Joules protege los componentes conectados contra los da\u00f1inos efectos de las sobretensiones.<\/div>\n<div><\/div>\n<div><strong>Combate la Interferencia Electromagn\u00e9tica que Puede Da\u00f1ar al Equipo<\/strong><\/div>\n<div>Diversas fuentes electromagn\u00e9ticas y de radio que se encuentran virtualmente en todas las casas o negocios pueden causar interferencia disruptiva en la l\u00ednea de CA. Conocido como EMI (interferencia electromagn\u00e9tica) y RFI (interferencia por radiofrecuencia), Este ruido en la l\u00ednea es una causa com\u00fan de da\u00f1o acumulativo del hardware, corrupci\u00f3n de la informaci\u00f3n y problemas de transmisiones de audio y video. El OMNI700LCDT incorpora tecnolog\u00eda que filtra el molesto ruido en la l\u00ednea, evitando que afecte a su equipo.<\/div>\n<div><\/div>\n<div><strong>La pantalla t\u00e1ctil LCD de f\u00e1cil lectura reporta en tiempo real el estado del UPS y la energ\u00eda<\/strong><\/div>\n<div>La pantalla t\u00e1ctil LCD ofrece 5 pantallas de informaci\u00f3n de la energ\u00eda del UPS y el sitio cuando el OMNI700LCDT est\u00e1 funcionando en l\u00ednea o en modo de alimentaci\u00f3n por bater\u00eda. Muestra datos vitales de voltaje, carga y estado de la bater\u00eda, as\u00ed como estado de falla cr\u00edtica. Sonar\u00e1 una alarma audible en caso de condici\u00f3n de bater\u00eda baja, carga excesiva y falla.<\/div>\n<div><\/div>\n<div><strong>El Puerto USB Compatible con HID Permite el Apagado y Guardado Autom\u00e1tico<\/strong><\/div>\n<div>Este puerto conecta el OMNI700LCDT a una computadora que ejecute el software gratuito descargable PowerAlert\u00ae de Tripp Lite para permitir el guardado de archivos y apagado seguro del sistema sin supervisi\u00f3n en caso de una falla de energ\u00eda prolongada. Se incluye un cable USB. El UPS funciona con los sistemas operativos Windows, Mac y Linux.<\/div>\n<div><\/div>\n<div><strong>Se Reinicia Autom\u00e1ticamente Despu\u00e9s de un Corte de Energ\u00eda Prolongado<\/strong><\/div>\n<div>Una vez que se restablezca la energ\u00eda de la red p\u00fablica tras un corte de energ\u00eda prolongado, el UPS se encender\u00e1 autom\u00e1ticamente, incluso si la bater\u00eda est\u00e1 caducada y requiere reemplazo. Esta caracter\u00edstica de reinicio independiente de la bater\u00eda elimina la necesidad de encender el UPS manualmente despu\u00e9s de un apag\u00f3n<\/div>\n<\/div>\n","protected":false},"excerpt":{"rendered":"<div class=\"key-benefits m-Bottom15\">\n<div>Este UPS interactivo ofrece respaldo b\u00e1sico por bater\u00eda con regulaci\u00f3n autom\u00e1tica de voltaje para su computadora de oficina o home theater.<\/div>\n<\/div>\n<ul>\n<li>Capacidad de potencia de salida (VA):\u00a0700 VA<\/li>\n<li>Potencia de salida:\u00a0350 W<\/li>\n<li>\u00cdndice de aumento de energ\u00eda:\u00a0312 J<\/li>\n<li>Cantidad de salidas AC:\u00a06<\/li>\n<li>Voltaje nominal de entrada:\u00a0120<\/li>\n<\/ul>\n","protected":false},"featured_media":6782,"comment_status":"open","ping_status":"closed","template":"","meta":{"jetpack_publicize_message":"","jetpack_publicize_feature_enabled":true,"jetpack_social_post_already_shared":false,"jetpack_social_options":{"image_generator_settings":{"template":"highway","default_image_id":0,"font":"","enabled":false},"version":2}},"pwb-brand":[180],"product_brand":[],"product_cat":[178],"product_tag":[268,267,225],"class_list":{"0":"post-6775","1":"product","2":"type-product","3":"status-publish","4":"has-post-thumbnail","6":"pwb-brand-tripplite","7":"product_cat-ups","8":"product_tag-268","9":"product_tag-700va","10":"product_tag-ups-tripp-lite","12":"first","13":"instock","14":"taxable","15":"shipping-taxable","16":"purchasable","17":"product-type-simple"},"yoast_head":"<!-- This site is optimized with the Yoast SEO Premium plugin v25.7.1 (Yoast SEO v26.8) - https:\/\/yoast.com\/product\/yoast-seo-premium-wordpress\/ -->\n<title>UPS Tripp Lite 700VA 350W LCD USB Interactivo - Mivoot<\/title>\n<meta name=\"robots\" content=\"index, follow, max-snippet:-1, max-image-preview:large, max-video-preview:-1\" \/>\n<link rel=\"canonical\" href=\"https:\/\/mivoot.com\/gt\/producto\/ups-tripp-lite-700va-350w-lcd-usb-interactivo\/\" \/>\n<meta property=\"og:locale\" content=\"es_ES\" \/>\n<meta property=\"og:type\" content=\"article\" \/>\n<meta property=\"og:title\" content=\"UPS Tripp Lite 700VA 350W LCD USB Interactivo\" \/>\n<meta property=\"og:description\" content=\"Este UPS interactivo ofrece respaldo b\u00e1sico por bater\u00eda con regulaci\u00f3n autom\u00e1tica de voltaje para su computadora de oficina o home theater.    Capacidad de potencia de salida (VA):\u00a0700 VA  Potencia de salida:\u00a0350 W  \u00cdndice de aumento de energ\u00eda:\u00a0312 J  Cantidad de salidas AC:\u00a06  Voltaje nominal de entrada:\u00a0120\" \/>\n<meta property=\"og:url\" content=\"https:\/\/mivoot.com\/gt\/producto\/ups-tripp-lite-700va-350w-lcd-usb-interactivo\/\" \/>\n<meta property=\"og:site_name\" content=\"Mivoot\" \/>\n<meta property=\"article:publisher\" content=\"https:\/\/www.facebook.com\/mivootgt\" \/>\n<meta property=\"article:modified_time\" content=\"2024-05-21T18:51:23+00:00\" \/>\n<meta property=\"og:image\" content=\"https:\/\/mivoot.com\/gt\/wp-content\/uploads\/2021\/11\/omni700lcdt-front-l.jpg\" \/>\n\t<meta property=\"og:image:width\" content=\"500\" \/>\n\t<meta property=\"og:image:height\" content=\"500\" \/>\n\t<meta property=\"og:image:type\" content=\"image\/jpeg\" \/>\n<meta name=\"twitter:card\" content=\"summary_large_image\" \/>\n<meta name=\"twitter:label1\" content=\"Est. reading time\" \/>\n\t<meta name=\"twitter:data1\" content=\"1 minuto\" \/>\n<script type=\"application\/ld+json\" class=\"yoast-schema-graph\">{\"@context\":\"https:\/\/schema.org\",\"@graph\":[{\"@type\":\"WebPage\",\"@id\":\"https:\/\/mivoot.com\/gt\/producto\/ups-tripp-lite-700va-350w-lcd-usb-interactivo\/\",\"url\":\"https:\/\/mivoot.com\/gt\/producto\/ups-tripp-lite-700va-350w-lcd-usb-interactivo\/\",\"name\":\"UPS Tripp Lite 700VA 350W LCD USB Interactivo - Mivoot\",\"isPartOf\":{\"@id\":\"https:\/\/mivoot.com\/gt\/#website\"},\"primaryImageOfPage\":{\"@id\":\"https:\/\/mivoot.com\/gt\/producto\/ups-tripp-lite-700va-350w-lcd-usb-interactivo\/#primaryimage\"},\"image\":{\"@id\":\"https:\/\/mivoot.com\/gt\/producto\/ups-tripp-lite-700va-350w-lcd-usb-interactivo\/#primaryimage\"},\"thumbnailUrl\":\"https:\/\/mivoot.com\/gt\/wp-content\/uploads\/2021\/11\/omni700lcdt-front-l.jpg\",\"datePublished\":\"2021-11-19T23:54:05+00:00\",\"dateModified\":\"2024-05-21T18:51:23+00:00\",\"breadcrumb\":{\"@id\":\"https:\/\/mivoot.com\/gt\/producto\/ups-tripp-lite-700va-350w-lcd-usb-interactivo\/#breadcrumb\"},\"inLanguage\":\"es\",\"potentialAction\":[{\"@type\":\"ReadAction\",\"target\":[\"https:\/\/mivoot.com\/gt\/producto\/ups-tripp-lite-700va-350w-lcd-usb-interactivo\/\"]}]},{\"@type\":\"ImageObject\",\"inLanguage\":\"es\",\"@id\":\"https:\/\/mivoot.com\/gt\/producto\/ups-tripp-lite-700va-350w-lcd-usb-interactivo\/#primaryimage\",\"url\":\"https:\/\/mivoot.com\/gt\/wp-content\/uploads\/2021\/11\/omni700lcdt-front-l.jpg\",\"contentUrl\":\"https:\/\/mivoot.com\/gt\/wp-content\/uploads\/2021\/11\/omni700lcdt-front-l.jpg\",\"width\":500,\"height\":500},{\"@type\":\"BreadcrumbList\",\"@id\":\"https:\/\/mivoot.com\/gt\/producto\/ups-tripp-lite-700va-350w-lcd-usb-interactivo\/#breadcrumb\",\"itemListElement\":[{\"@type\":\"ListItem\",\"position\":1,\"name\":\"Inicio\",\"item\":\"https:\/\/mivoot.com\/gt\/\"},{\"@type\":\"ListItem\",\"position\":2,\"name\":\"Productos\",\"item\":\"https:\/\/mivoot.com\/gt\/producto\/\"},{\"@type\":\"ListItem\",\"position\":3,\"name\":\"TrippLite\",\"item\":\"https:\/\/mivoot.com\/gt\/marca\/tripplite\/\"},{\"@type\":\"ListItem\",\"position\":4,\"name\":\"UPS Tripp Lite 700VA 350W LCD USB Interactivo\"}]},{\"@type\":\"WebSite\",\"@id\":\"https:\/\/mivoot.com\/gt\/#website\",\"url\":\"https:\/\/mivoot.com\/gt\/\",\"name\":\"Mivoot\",\"description\":\"Mivoot Guatemala | Tienda Online\",\"publisher\":{\"@id\":\"https:\/\/mivoot.com\/gt\/#organization\"},\"alternateName\":\"mivoot\",\"potentialAction\":[{\"@type\":\"SearchAction\",\"target\":{\"@type\":\"EntryPoint\",\"urlTemplate\":\"https:\/\/mivoot.com\/gt\/?s={search_term_string}\"},\"query-input\":{\"@type\":\"PropertyValueSpecification\",\"valueRequired\":true,\"valueName\":\"search_term_string\"}}],\"inLanguage\":\"es\"},{\"@type\":\"Organization\",\"@id\":\"https:\/\/mivoot.com\/gt\/#organization\",\"name\":\"Mivoot Guatemala\",\"alternateName\":\"mivoot.com\",\"url\":\"https:\/\/mivoot.com\/gt\/\",\"logo\":{\"@type\":\"ImageObject\",\"inLanguage\":\"es\",\"@id\":\"https:\/\/mivoot.com\/gt\/#\/schema\/logo\/image\/\",\"url\":\"https:\/\/mivoot.com\/gt\/wp-content\/uploads\/2023\/03\/cropped-icon.png\",\"contentUrl\":\"https:\/\/mivoot.com\/gt\/wp-content\/uploads\/2023\/03\/cropped-icon.png\",\"width\":512,\"height\":512,\"caption\":\"Mivoot Guatemala\"},\"image\":{\"@id\":\"https:\/\/mivoot.com\/gt\/#\/schema\/logo\/image\/\"},\"sameAs\":[\"https:\/\/www.facebook.com\/mivootgt\",\"https:\/\/instagram.com\/mivoot\"]}]}<\/script>\n<!-- \/ Yoast SEO Premium plugin. -->","yoast_head_json":{"title":"UPS Tripp Lite 700VA 350W LCD USB Interactivo - Mivoot","robots":{"index":"index","follow":"follow","max-snippet":"max-snippet:-1","max-image-preview":"max-image-preview:large","max-video-preview":"max-video-preview:-1"},"canonical":"https:\/\/mivoot.com\/gt\/producto\/ups-tripp-lite-700va-350w-lcd-usb-interactivo\/","og_locale":"es_ES","og_type":"article","og_title":"UPS Tripp Lite 700VA 350W LCD USB Interactivo","og_description":"Este UPS interactivo ofrece respaldo b\u00e1sico por bater\u00eda con regulaci\u00f3n autom\u00e1tica de voltaje para su computadora de oficina o home theater.    Capacidad de potencia de salida (VA):\u00a0700 VA  Potencia de salida:\u00a0350 W  \u00cdndice de aumento de energ\u00eda:\u00a0312 J  Cantidad de salidas AC:\u00a06  Voltaje nominal de entrada:\u00a0120","og_url":"https:\/\/mivoot.com\/gt\/producto\/ups-tripp-lite-700va-350w-lcd-usb-interactivo\/","og_site_name":"Mivoot","article_publisher":"https:\/\/www.facebook.com\/mivootgt","article_modified_time":"2024-05-21T18:51:23+00:00","og_image":[{"width":500,"height":500,"url":"https:\/\/mivoot.com\/gt\/wp-content\/uploads\/2021\/11\/omni700lcdt-front-l.jpg","type":"image\/jpeg"}],"twitter_card":"summary_large_image","twitter_misc":{"Est. reading time":"1 minuto"},"schema":{"@context":"https:\/\/schema.org","@graph":[{"@type":"WebPage","@id":"https:\/\/mivoot.com\/gt\/producto\/ups-tripp-lite-700va-350w-lcd-usb-interactivo\/","url":"https:\/\/mivoot.com\/gt\/producto\/ups-tripp-lite-700va-350w-lcd-usb-interactivo\/","name":"UPS Tripp Lite 700VA 350W LCD USB Interactivo - Mivoot","isPartOf":{"@id":"https:\/\/mivoot.com\/gt\/#website"},"primaryImageOfPage":{"@id":"https:\/\/mivoot.com\/gt\/producto\/ups-tripp-lite-700va-350w-lcd-usb-interactivo\/#primaryimage"},"image":{"@id":"https:\/\/mivoot.com\/gt\/producto\/ups-tripp-lite-700va-350w-lcd-usb-interactivo\/#primaryimage"},"thumbnailUrl":"https:\/\/mivoot.com\/gt\/wp-content\/uploads\/2021\/11\/omni700lcdt-front-l.jpg","datePublished":"2021-11-19T23:54:05+00:00","dateModified":"2024-05-21T18:51:23+00:00","breadcrumb":{"@id":"https:\/\/mivoot.com\/gt\/producto\/ups-tripp-lite-700va-350w-lcd-usb-interactivo\/#breadcrumb"},"inLanguage":"es","potentialAction":[{"@type":"ReadAction","target":["https:\/\/mivoot.com\/gt\/producto\/ups-tripp-lite-700va-350w-lcd-usb-interactivo\/"]}]},{"@type":"ImageObject","inLanguage":"es","@id":"https:\/\/mivoot.com\/gt\/producto\/ups-tripp-lite-700va-350w-lcd-usb-interactivo\/#primaryimage","url":"https:\/\/mivoot.com\/gt\/wp-content\/uploads\/2021\/11\/omni700lcdt-front-l.jpg","contentUrl":"https:\/\/mivoot.com\/gt\/wp-content\/uploads\/2021\/11\/omni700lcdt-front-l.jpg","width":500,"height":500},{"@type":"BreadcrumbList","@id":"https:\/\/mivoot.com\/gt\/producto\/ups-tripp-lite-700va-350w-lcd-usb-interactivo\/#breadcrumb","itemListElement":[{"@type":"ListItem","position":1,"name":"Inicio","item":"https:\/\/mivoot.com\/gt\/"},{"@type":"ListItem","position":2,"name":"Productos","item":"https:\/\/mivoot.com\/gt\/producto\/"},{"@type":"ListItem","position":3,"name":"TrippLite","item":"https:\/\/mivoot.com\/gt\/marca\/tripplite\/"},{"@type":"ListItem","position":4,"name":"UPS Tripp Lite 700VA 350W LCD USB Interactivo"}]},{"@type":"WebSite","@id":"https:\/\/mivoot.com\/gt\/#website","url":"https:\/\/mivoot.com\/gt\/","name":"Mivoot","description":"Mivoot Guatemala | Tienda Online","publisher":{"@id":"https:\/\/mivoot.com\/gt\/#organization"},"alternateName":"mivoot","potentialAction":[{"@type":"SearchAction","target":{"@type":"EntryPoint","urlTemplate":"https:\/\/mivoot.com\/gt\/?s={search_term_string}"},"query-input":{"@type":"PropertyValueSpecification","valueRequired":true,"valueName":"search_term_string"}}],"inLanguage":"es"},{"@type":"Organization","@id":"https:\/\/mivoot.com\/gt\/#organization","name":"Mivoot Guatemala","alternateName":"mivoot.com","url":"https:\/\/mivoot.com\/gt\/","logo":{"@type":"ImageObject","inLanguage":"es","@id":"https:\/\/mivoot.com\/gt\/#\/schema\/logo\/image\/","url":"https:\/\/mivoot.com\/gt\/wp-content\/uploads\/2023\/03\/cropped-icon.png","contentUrl":"https:\/\/mivoot.com\/gt\/wp-content\/uploads\/2023\/03\/cropped-icon.png","width":512,"height":512,"caption":"Mivoot Guatemala"},"image":{"@id":"https:\/\/mivoot.com\/gt\/#\/schema\/logo\/image\/"},"sameAs":["https:\/\/www.facebook.com\/mivootgt","https:\/\/instagram.com\/mivoot"]}]}},"jetpack_publicize_connections":[],"jetpack_sharing_enabled":true,"brands":[{"id":180,"name":"TrippLite","slug":"tripplite"}],"_links":{"self":[{"href":"https:\/\/mivoot.com\/gt\/wp-json\/wp\/v2\/product\/6775","targetHints":{"allow":["GET"]}}],"collection":[{"href":"https:\/\/mivoot.com\/gt\/wp-json\/wp\/v2\/product"}],"about":[{"href":"https:\/\/mivoot.com\/gt\/wp-json\/wp\/v2\/types\/product"}],"replies":[{"embeddable":true,"href":"https:\/\/mivoot.com\/gt\/wp-json\/wp\/v2\/comments?post=6775"}],"version-history":[{"count":5,"href":"https:\/\/mivoot.com\/gt\/wp-json\/wp\/v2\/product\/6775\/revisions"}],"predecessor-version":[{"id":19384,"href":"https:\/\/mivoot.com\/gt\/wp-json\/wp\/v2\/product\/6775\/revisions\/19384"}],"wp:featuredmedia":[{"embeddable":true,"href":"https:\/\/mivoot.com\/gt\/wp-json\/wp\/v2\/media\/6782"}],"wp:attachment":[{"href":"https:\/\/mivoot.com\/gt\/wp-json\/wp\/v2\/media?parent=6775"}],"wp:term":[{"taxonomy":"pwb-brand","embeddable":true,"href":"https:\/\/mivoot.com\/gt\/wp-json\/wp\/v2\/pwb-brand?post=6775"},{"taxonomy":"product_brand","embeddable":true,"href":"https:\/\/mivoot.com\/gt\/wp-json\/wp\/v2\/product_brand?post=6775"},{"taxonomy":"product_cat","embeddable":true,"href":"https:\/\/mivoot.com\/gt\/wp-json\/wp\/v2\/product_cat?post=6775"},{"taxonomy":"product_tag","embeddable":true,"href":"https:\/\/mivoot.com\/gt\/wp-json\/wp\/v2\/product_tag?post=6775"}],"curies":[{"name":"wp","href":"https:\/\/api.w.org\/{rel}","templated":true}]}}