{"id":6813,"date":"2021-11-19T19:09:35","date_gmt":"2021-11-20T01:09:35","guid":{"rendered":"https:\/\/mivoot.com\/gt\/?post_type=product&#038;p=6813"},"modified":"2021-11-19T19:13:50","modified_gmt":"2021-11-20T01:13:50","slug":"kit-de-herramientas-124-piezas-duro-pro","status":"publish","type":"product","link":"https:\/\/mivoot.com\/gt\/producto\/kit-de-herramientas-124-piezas-duro-pro\/","title":{"rendered":"Kit de Herramientas 124 Piezas Duro Pro"},"content":{"rendered":"<div>\n<div>\n<div id=\"myTabContent\" class=\"tab-content\">\n<div id=\"Description\" class=\"tab-pane fade show active\" role=\"tabpanel\" aria-labelledby=\"Description-tab\">\n<div id=\"product-description-inner\" class=\"d-block product-container-inner\">\n<div class=\"product-container-cont\">\n<div id=\"product-description\" class=\"product-container p-3\"><span class=\"product-container-inner\">Un completo juego de herramientas para reparar en casa, en tu coche o donde lo necesites, incluye martillo, destornillador, alicates, llaves, cinta m\u00e9trica y nivel, entre otros. Incluye varias herramientas para reparaciones dom\u00e9sticas y bricolaje. Con malet\u00edn de transporte para facilitar el almacenamiento y el transporte. Acero endurecido para un uso duradero.<\/span><\/div>\n<\/div>\n<\/div>\n<div><\/div>\n<div>\u00a0El peso total de la caja es de 4,5 kilos.<\/div>\n<\/div>\n<\/div>\n<\/div>\n<\/div>\n","protected":false},"excerpt":{"rendered":"<ul>\n<li class=\"text_text__3oq-D\">Ideal para Uso Dom\u00e9stico e Industrial<\/li>\n<li class=\"text_text__3oq-D\">F\u00e1cil de usar<\/li>\n<li class=\"text_text__3oq-D\">Material resistente de alta Calidad<\/li>\n<\/ul>\n","protected":false},"featured_media":6821,"comment_status":"open","ping_status":"closed","template":"","meta":{"jetpack_publicize_message":"","jetpack_publicize_feature_enabled":true,"jetpack_social_post_already_shared":false,"jetpack_social_options":{"image_generator_settings":{"template":"highway","default_image_id":0,"font":"","enabled":false},"version":2}},"pwb-brand":[270],"product_brand":[],"product_cat":[194],"product_tag":[],"class_list":{"0":"post-6813","1":"product","2":"type-product","3":"status-publish","4":"has-post-thumbnail","6":"pwb-brand-duro-pro","7":"product_cat-herramientacarro","9":"first","10":"instock","11":"taxable","12":"shipping-taxable","13":"purchasable","14":"product-type-simple"},"yoast_head":"<!-- This site is optimized with the Yoast SEO Premium plugin v25.7.1 (Yoast SEO v26.8) - https:\/\/yoast.com\/product\/yoast-seo-premium-wordpress\/ -->\n<title>Kit de Herramientas 124 Piezas Duro Pro - Mivoot<\/title>\n<meta name=\"robots\" content=\"index, follow, max-snippet:-1, max-image-preview:large, max-video-preview:-1\" \/>\n<link rel=\"canonical\" href=\"https:\/\/mivoot.com\/gt\/producto\/kit-de-herramientas-124-piezas-duro-pro\/\" \/>\n<meta property=\"og:locale\" content=\"es_ES\" \/>\n<meta property=\"og:type\" content=\"article\" \/>\n<meta property=\"og:title\" content=\"Kit de Herramientas 124 Piezas Duro Pro\" \/>\n<meta property=\"og:description\" content=\"Ideal para Uso Dom\u00e9stico e Industrial  F\u00e1cil de usar  Material resistente de alta Calidad\" \/>\n<meta property=\"og:url\" content=\"https:\/\/mivoot.com\/gt\/producto\/kit-de-herramientas-124-piezas-duro-pro\/\" \/>\n<meta property=\"og:site_name\" content=\"Mivoot\" \/>\n<meta property=\"article:publisher\" content=\"https:\/\/www.facebook.com\/mivootgt\" \/>\n<meta property=\"article:modified_time\" content=\"2021-11-20T01:13:50+00:00\" \/>\n<meta property=\"og:image\" content=\"https:\/\/mivoot.com\/gt\/wp-content\/uploads\/2021\/11\/portada.jpg\" \/>\n\t<meta property=\"og:image:width\" content=\"400\" \/>\n\t<meta property=\"og:image:height\" content=\"328\" \/>\n\t<meta property=\"og:image:type\" content=\"image\/jpeg\" \/>\n<meta name=\"twitter:card\" content=\"summary_large_image\" \/>\n<meta name=\"twitter:label1\" content=\"Est. reading time\" \/>\n\t<meta name=\"twitter:data1\" content=\"1 minuto\" \/>\n<script type=\"application\/ld+json\" class=\"yoast-schema-graph\">{\"@context\":\"https:\/\/schema.org\",\"@graph\":[{\"@type\":\"WebPage\",\"@id\":\"https:\/\/mivoot.com\/gt\/producto\/kit-de-herramientas-124-piezas-duro-pro\/\",\"url\":\"https:\/\/mivoot.com\/gt\/producto\/kit-de-herramientas-124-piezas-duro-pro\/\",\"name\":\"Kit de Herramientas 124 Piezas Duro Pro - Mivoot\",\"isPartOf\":{\"@id\":\"https:\/\/mivoot.com\/gt\/#website\"},\"primaryImageOfPage\":{\"@id\":\"https:\/\/mivoot.com\/gt\/producto\/kit-de-herramientas-124-piezas-duro-pro\/#primaryimage\"},\"image\":{\"@id\":\"https:\/\/mivoot.com\/gt\/producto\/kit-de-herramientas-124-piezas-duro-pro\/#primaryimage\"},\"thumbnailUrl\":\"https:\/\/mivoot.com\/gt\/wp-content\/uploads\/2021\/11\/portada.jpg\",\"datePublished\":\"2021-11-20T01:09:35+00:00\",\"dateModified\":\"2021-11-20T01:13:50+00:00\",\"breadcrumb\":{\"@id\":\"https:\/\/mivoot.com\/gt\/producto\/kit-de-herramientas-124-piezas-duro-pro\/#breadcrumb\"},\"inLanguage\":\"es\",\"potentialAction\":[{\"@type\":\"ReadAction\",\"target\":[\"https:\/\/mivoot.com\/gt\/producto\/kit-de-herramientas-124-piezas-duro-pro\/\"]}]},{\"@type\":\"ImageObject\",\"inLanguage\":\"es\",\"@id\":\"https:\/\/mivoot.com\/gt\/producto\/kit-de-herramientas-124-piezas-duro-pro\/#primaryimage\",\"url\":\"https:\/\/mivoot.com\/gt\/wp-content\/uploads\/2021\/11\/portada.jpg\",\"contentUrl\":\"https:\/\/mivoot.com\/gt\/wp-content\/uploads\/2021\/11\/portada.jpg\",\"width\":400,\"height\":328},{\"@type\":\"BreadcrumbList\",\"@id\":\"https:\/\/mivoot.com\/gt\/producto\/kit-de-herramientas-124-piezas-duro-pro\/#breadcrumb\",\"itemListElement\":[{\"@type\":\"ListItem\",\"position\":1,\"name\":\"Inicio\",\"item\":\"https:\/\/mivoot.com\/gt\/\"},{\"@type\":\"ListItem\",\"position\":2,\"name\":\"Productos\",\"item\":\"https:\/\/mivoot.com\/gt\/producto\/\"},{\"@type\":\"ListItem\",\"position\":3,\"name\":\"Duro Pro\",\"item\":\"https:\/\/mivoot.com\/gt\/marca\/duro-pro\/\"},{\"@type\":\"ListItem\",\"position\":4,\"name\":\"Kit de Herramientas 124 Piezas Duro Pro\"}]},{\"@type\":\"WebSite\",\"@id\":\"https:\/\/mivoot.com\/gt\/#website\",\"url\":\"https:\/\/mivoot.com\/gt\/\",\"name\":\"Mivoot\",\"description\":\"Mivoot Guatemala | Tienda Online\",\"publisher\":{\"@id\":\"https:\/\/mivoot.com\/gt\/#organization\"},\"alternateName\":\"mivoot\",\"potentialAction\":[{\"@type\":\"SearchAction\",\"target\":{\"@type\":\"EntryPoint\",\"urlTemplate\":\"https:\/\/mivoot.com\/gt\/?s={search_term_string}\"},\"query-input\":{\"@type\":\"PropertyValueSpecification\",\"valueRequired\":true,\"valueName\":\"search_term_string\"}}],\"inLanguage\":\"es\"},{\"@type\":\"Organization\",\"@id\":\"https:\/\/mivoot.com\/gt\/#organization\",\"name\":\"Mivoot Guatemala\",\"alternateName\":\"mivoot.com\",\"url\":\"https:\/\/mivoot.com\/gt\/\",\"logo\":{\"@type\":\"ImageObject\",\"inLanguage\":\"es\",\"@id\":\"https:\/\/mivoot.com\/gt\/#\/schema\/logo\/image\/\",\"url\":\"https:\/\/mivoot.com\/gt\/wp-content\/uploads\/2023\/03\/cropped-icon.png\",\"contentUrl\":\"https:\/\/mivoot.com\/gt\/wp-content\/uploads\/2023\/03\/cropped-icon.png\",\"width\":512,\"height\":512,\"caption\":\"Mivoot Guatemala\"},\"image\":{\"@id\":\"https:\/\/mivoot.com\/gt\/#\/schema\/logo\/image\/\"},\"sameAs\":[\"https:\/\/www.facebook.com\/mivootgt\",\"https:\/\/instagram.com\/mivoot\"]}]}<\/script>\n<!-- \/ Yoast SEO Premium plugin. -->","yoast_head_json":{"title":"Kit de Herramientas 124 Piezas Duro Pro - Mivoot","robots":{"index":"index","follow":"follow","max-snippet":"max-snippet:-1","max-image-preview":"max-image-preview:large","max-video-preview":"max-video-preview:-1"},"canonical":"https:\/\/mivoot.com\/gt\/producto\/kit-de-herramientas-124-piezas-duro-pro\/","og_locale":"es_ES","og_type":"article","og_title":"Kit de Herramientas 124 Piezas Duro Pro","og_description":"Ideal para Uso Dom\u00e9stico e Industrial  F\u00e1cil de usar  Material resistente de alta Calidad","og_url":"https:\/\/mivoot.com\/gt\/producto\/kit-de-herramientas-124-piezas-duro-pro\/","og_site_name":"Mivoot","article_publisher":"https:\/\/www.facebook.com\/mivootgt","article_modified_time":"2021-11-20T01:13:50+00:00","og_image":[{"width":400,"height":328,"url":"https:\/\/mivoot.com\/gt\/wp-content\/uploads\/2021\/11\/portada.jpg","type":"image\/jpeg"}],"twitter_card":"summary_large_image","twitter_misc":{"Est. reading time":"1 minuto"},"schema":{"@context":"https:\/\/schema.org","@graph":[{"@type":"WebPage","@id":"https:\/\/mivoot.com\/gt\/producto\/kit-de-herramientas-124-piezas-duro-pro\/","url":"https:\/\/mivoot.com\/gt\/producto\/kit-de-herramientas-124-piezas-duro-pro\/","name":"Kit de Herramientas 124 Piezas Duro Pro - Mivoot","isPartOf":{"@id":"https:\/\/mivoot.com\/gt\/#website"},"primaryImageOfPage":{"@id":"https:\/\/mivoot.com\/gt\/producto\/kit-de-herramientas-124-piezas-duro-pro\/#primaryimage"},"image":{"@id":"https:\/\/mivoot.com\/gt\/producto\/kit-de-herramientas-124-piezas-duro-pro\/#primaryimage"},"thumbnailUrl":"https:\/\/mivoot.com\/gt\/wp-content\/uploads\/2021\/11\/portada.jpg","datePublished":"2021-11-20T01:09:35+00:00","dateModified":"2021-11-20T01:13:50+00:00","breadcrumb":{"@id":"https:\/\/mivoot.com\/gt\/producto\/kit-de-herramientas-124-piezas-duro-pro\/#breadcrumb"},"inLanguage":"es","potentialAction":[{"@type":"ReadAction","target":["https:\/\/mivoot.com\/gt\/producto\/kit-de-herramientas-124-piezas-duro-pro\/"]}]},{"@type":"ImageObject","inLanguage":"es","@id":"https:\/\/mivoot.com\/gt\/producto\/kit-de-herramientas-124-piezas-duro-pro\/#primaryimage","url":"https:\/\/mivoot.com\/gt\/wp-content\/uploads\/2021\/11\/portada.jpg","contentUrl":"https:\/\/mivoot.com\/gt\/wp-content\/uploads\/2021\/11\/portada.jpg","width":400,"height":328},{"@type":"BreadcrumbList","@id":"https:\/\/mivoot.com\/gt\/producto\/kit-de-herramientas-124-piezas-duro-pro\/#breadcrumb","itemListElement":[{"@type":"ListItem","position":1,"name":"Inicio","item":"https:\/\/mivoot.com\/gt\/"},{"@type":"ListItem","position":2,"name":"Productos","item":"https:\/\/mivoot.com\/gt\/producto\/"},{"@type":"ListItem","position":3,"name":"Duro Pro","item":"https:\/\/mivoot.com\/gt\/marca\/duro-pro\/"},{"@type":"ListItem","position":4,"name":"Kit de Herramientas 124 Piezas Duro Pro"}]},{"@type":"WebSite","@id":"https:\/\/mivoot.com\/gt\/#website","url":"https:\/\/mivoot.com\/gt\/","name":"Mivoot","description":"Mivoot Guatemala | Tienda Online","publisher":{"@id":"https:\/\/mivoot.com\/gt\/#organization"},"alternateName":"mivoot","potentialAction":[{"@type":"SearchAction","target":{"@type":"EntryPoint","urlTemplate":"https:\/\/mivoot.com\/gt\/?s={search_term_string}"},"query-input":{"@type":"PropertyValueSpecification","valueRequired":true,"valueName":"search_term_string"}}],"inLanguage":"es"},{"@type":"Organization","@id":"https:\/\/mivoot.com\/gt\/#organization","name":"Mivoot Guatemala","alternateName":"mivoot.com","url":"https:\/\/mivoot.com\/gt\/","logo":{"@type":"ImageObject","inLanguage":"es","@id":"https:\/\/mivoot.com\/gt\/#\/schema\/logo\/image\/","url":"https:\/\/mivoot.com\/gt\/wp-content\/uploads\/2023\/03\/cropped-icon.png","contentUrl":"https:\/\/mivoot.com\/gt\/wp-content\/uploads\/2023\/03\/cropped-icon.png","width":512,"height":512,"caption":"Mivoot Guatemala"},"image":{"@id":"https:\/\/mivoot.com\/gt\/#\/schema\/logo\/image\/"},"sameAs":["https:\/\/www.facebook.com\/mivootgt","https:\/\/instagram.com\/mivoot"]}]}},"jetpack_publicize_connections":[],"jetpack_sharing_enabled":true,"brands":[{"id":270,"name":"Duro Pro","slug":"duro-pro"}],"_links":{"self":[{"href":"https:\/\/mivoot.com\/gt\/wp-json\/wp\/v2\/product\/6813","targetHints":{"allow":["GET"]}}],"collection":[{"href":"https:\/\/mivoot.com\/gt\/wp-json\/wp\/v2\/product"}],"about":[{"href":"https:\/\/mivoot.com\/gt\/wp-json\/wp\/v2\/types\/product"}],"replies":[{"embeddable":true,"href":"https:\/\/mivoot.com\/gt\/wp-json\/wp\/v2\/comments?post=6813"}],"version-history":[{"count":1,"href":"https:\/\/mivoot.com\/gt\/wp-json\/wp\/v2\/product\/6813\/revisions"}],"predecessor-version":[{"id":6819,"href":"https:\/\/mivoot.com\/gt\/wp-json\/wp\/v2\/product\/6813\/revisions\/6819"}],"wp:featuredmedia":[{"embeddable":true,"href":"https:\/\/mivoot.com\/gt\/wp-json\/wp\/v2\/media\/6821"}],"wp:attachment":[{"href":"https:\/\/mivoot.com\/gt\/wp-json\/wp\/v2\/media?parent=6813"}],"wp:term":[{"taxonomy":"pwb-brand","embeddable":true,"href":"https:\/\/mivoot.com\/gt\/wp-json\/wp\/v2\/pwb-brand?post=6813"},{"taxonomy":"product_brand","embeddable":true,"href":"https:\/\/mivoot.com\/gt\/wp-json\/wp\/v2\/product_brand?post=6813"},{"taxonomy":"product_cat","embeddable":true,"href":"https:\/\/mivoot.com\/gt\/wp-json\/wp\/v2\/product_cat?post=6813"},{"taxonomy":"product_tag","embeddable":true,"href":"https:\/\/mivoot.com\/gt\/wp-json\/wp\/v2\/product_tag?post=6813"}],"curies":[{"name":"wp","href":"https:\/\/api.w.org\/{rel}","templated":true}]}}