{"id":6841,"date":"2021-12-02T13:47:06","date_gmt":"2021-12-02T19:47:06","guid":{"rendered":"https:\/\/mivoot.com\/gt\/?post_type=product&#038;p=6841"},"modified":"2021-12-02T14:01:30","modified_gmt":"2021-12-02T20:01:30","slug":"protector-y-tomacorriente-de-pared-fwt-4012usb-forza","status":"publish","type":"product","link":"https:\/\/mivoot.com\/gt\/producto\/protector-y-tomacorriente-de-pared-fwt-4012usb-forza\/","title":{"rendered":"Protector y Tomacorriente de pared FWT-4012USB Forza"},"content":{"rendered":"\t\t<div data-elementor-type=\"product-post\" data-elementor-id=\"6841\" class=\"elementor elementor-6841\">\n\t\t\t\t\t\t<section class=\"elementor-section elementor-top-section elementor-element elementor-element-22fdbdd elementor-section-boxed elementor-section-height-default elementor-section-height-default\" data-id=\"22fdbdd\" data-element_type=\"section\">\n\t\t\t\t\t\t<div class=\"elementor-container elementor-column-gap-default\">\n\t\t\t\t\t<div class=\"elementor-column elementor-col-100 elementor-top-column elementor-element elementor-element-4ba07aa\" data-id=\"4ba07aa\" data-element_type=\"column\">\n\t\t\t<div class=\"elementor-widget-wrap elementor-element-populated\">\n\t\t\t\t\t\t<div class=\"elementor-element elementor-element-08da9ac elementor-widget elementor-widget-image\" data-id=\"08da9ac\" data-element_type=\"widget\" data-widget_type=\"image.default\">\n\t\t\t\t<div class=\"elementor-widget-container\">\n\t\t\t\t\t\t\t\t\t\t\t\t\t\t\t<img fetchpriority=\"high\" decoding=\"async\" width=\"1020\" height=\"425\" src=\"https:\/\/mivoot.com\/gt\/wp-content\/uploads\/2021\/12\/FWT-4012USB_banner_1_SPA.png\" class=\"attachment-large size-large wp-image-6858\" alt=\"\" srcset=\"https:\/\/mivoot.com\/gt\/wp-content\/uploads\/2021\/12\/FWT-4012USB_banner_1_SPA.png 1400w, https:\/\/mivoot.com\/gt\/wp-content\/uploads\/2021\/12\/FWT-4012USB_banner_1_SPA-410x171.png 410w, https:\/\/mivoot.com\/gt\/wp-content\/uploads\/2021\/12\/FWT-4012USB_banner_1_SPA-64x27.png 64w, https:\/\/mivoot.com\/gt\/wp-content\/uploads\/2021\/12\/FWT-4012USB_banner_1_SPA-300x125.png 300w, https:\/\/mivoot.com\/gt\/wp-content\/uploads\/2021\/12\/FWT-4012USB_banner_1_SPA-768x320.png 768w\" sizes=\"(max-width: 1020px) 100vw, 1020px\" \/>\t\t\t\t\t\t\t\t\t\t\t\t\t\t\t<\/div>\n\t\t\t\t<\/div>\n\t\t\t\t\t<\/div>\n\t\t<\/div>\n\t\t\t\t\t<\/div>\n\t\t<\/section>\n\t\t\t\t<section class=\"elementor-section elementor-top-section elementor-element elementor-element-bded41f elementor-section-boxed elementor-section-height-default elementor-section-height-default\" data-id=\"bded41f\" data-element_type=\"section\">\n\t\t\t\t\t\t<div class=\"elementor-container elementor-column-gap-default\">\n\t\t\t\t\t<div class=\"elementor-column elementor-col-50 elementor-top-column elementor-element elementor-element-588d01b\" data-id=\"588d01b\" data-element_type=\"column\">\n\t\t\t<div class=\"elementor-widget-wrap elementor-element-populated\">\n\t\t\t\t\t\t<div class=\"elementor-element elementor-element-0f9978f elementor-widget elementor-widget-text-editor\" data-id=\"0f9978f\" data-element_type=\"widget\" data-widget_type=\"text-editor.default\">\n\t\t\t\t<div class=\"elementor-widget-container\">\n\t\t\t\t\t\t\t\t\t<h4 class=\"text-black\" style=\"text-align: center;\">LUZ NOCTURNA CON SENSOR<\/h4><h5 style=\"text-align: center;\">Iluminando el camino<\/h5><p style=\"text-align: center;\">Mu\u00e9vase facilmente y seguro en la oscuridad<\/p><div class=\"detail-content-img\"><h4 class=\"text-black\" style=\"text-align: center;\"><img decoding=\"async\" class=\"alignnone size-full wp-image-6863\" src=\"https:\/\/mivoot.com\/gt\/wp-content\/uploads\/2021\/12\/FWT-201_Icon-1-Nightlight-with-Sensor.png\" alt=\"\" width=\"240\" height=\"240\" srcset=\"https:\/\/mivoot.com\/gt\/wp-content\/uploads\/2021\/12\/FWT-201_Icon-1-Nightlight-with-Sensor.png 240w, https:\/\/mivoot.com\/gt\/wp-content\/uploads\/2021\/12\/FWT-201_Icon-1-Nightlight-with-Sensor-100x100.png 100w, https:\/\/mivoot.com\/gt\/wp-content\/uploads\/2021\/12\/FWT-201_Icon-1-Nightlight-with-Sensor-64x64.png 64w, https:\/\/mivoot.com\/gt\/wp-content\/uploads\/2021\/12\/FWT-201_Icon-1-Nightlight-with-Sensor-200x200.png 200w, https:\/\/mivoot.com\/gt\/wp-content\/uploads\/2021\/12\/FWT-201_Icon-1-Nightlight-with-Sensor-150x150.png 150w\" sizes=\"(max-width: 240px) 100vw, 240px\" \/><\/h4><\/div>\t\t\t\t\t\t\t\t<\/div>\n\t\t\t\t<\/div>\n\t\t\t\t\t<\/div>\n\t\t<\/div>\n\t\t\t\t<div class=\"elementor-column elementor-col-50 elementor-top-column elementor-element elementor-element-28d7d19\" data-id=\"28d7d19\" data-element_type=\"column\">\n\t\t\t<div class=\"elementor-widget-wrap elementor-element-populated\">\n\t\t\t\t\t\t<div class=\"elementor-element elementor-element-3a3d462 elementor-widget elementor-widget-text-editor\" data-id=\"3a3d462\" data-element_type=\"widget\" data-widget_type=\"text-editor.default\">\n\t\t\t\t<div class=\"elementor-widget-container\">\n\t\t\t\t\t\t\t\t\t<h4 class=\"text-black\" style=\"text-align: center;\">DISE\u00d1O ENCHUFABLE DE PARED<\/h4><h5 style=\"text-align: center;\">Garant\u00eda permanente de una conexi\u00f3n perfecta<\/h5><p style=\"text-align: center;\"><span style=\"font-size: 75%;\">Ranuras de calce perfecto evitan que se suelten los enchufes<\/span><\/p><div class=\"detail-content-img\"><img decoding=\"async\" class=\"size-full wp-image-6862 aligncenter\" src=\"https:\/\/mivoot.com\/gt\/wp-content\/uploads\/2021\/12\/FWT-635_Product_Master-Icono2.png\" alt=\"\" width=\"240\" height=\"241\" srcset=\"https:\/\/mivoot.com\/gt\/wp-content\/uploads\/2021\/12\/FWT-635_Product_Master-Icono2.png 240w, https:\/\/mivoot.com\/gt\/wp-content\/uploads\/2021\/12\/FWT-635_Product_Master-Icono2-100x100.png 100w, https:\/\/mivoot.com\/gt\/wp-content\/uploads\/2021\/12\/FWT-635_Product_Master-Icono2-64x64.png 64w, https:\/\/mivoot.com\/gt\/wp-content\/uploads\/2021\/12\/FWT-635_Product_Master-Icono2-200x200.png 200w, https:\/\/mivoot.com\/gt\/wp-content\/uploads\/2021\/12\/FWT-635_Product_Master-Icono2-150x150.png 150w\" sizes=\"(max-width: 240px) 100vw, 240px\" \/><\/div>\t\t\t\t\t\t\t\t<\/div>\n\t\t\t\t<\/div>\n\t\t\t\t\t<\/div>\n\t\t<\/div>\n\t\t\t\t\t<\/div>\n\t\t<\/section>\n\t\t\t\t<section class=\"elementor-section elementor-top-section elementor-element elementor-element-94bd1d7 elementor-section-boxed elementor-section-height-default elementor-section-height-default\" data-id=\"94bd1d7\" data-element_type=\"section\">\n\t\t\t\t\t\t<div class=\"elementor-container elementor-column-gap-default\">\n\t\t\t\t\t<div class=\"elementor-column elementor-col-100 elementor-top-column elementor-element elementor-element-d822f64\" data-id=\"d822f64\" data-element_type=\"column\">\n\t\t\t<div class=\"elementor-widget-wrap elementor-element-populated\">\n\t\t\t\t\t\t<div class=\"elementor-element elementor-element-bc97abe elementor-widget elementor-widget-image\" data-id=\"bc97abe\" data-element_type=\"widget\" data-widget_type=\"image.default\">\n\t\t\t\t<div class=\"elementor-widget-container\">\n\t\t\t\t\t\t\t\t\t\t\t\t\t\t\t<img loading=\"lazy\" decoding=\"async\" width=\"1020\" height=\"425\" src=\"https:\/\/mivoot.com\/gt\/wp-content\/uploads\/2021\/12\/FWT-4012USB_banner_2_SPA.png\" class=\"attachment-large size-large wp-image-6867\" alt=\"\" srcset=\"https:\/\/mivoot.com\/gt\/wp-content\/uploads\/2021\/12\/FWT-4012USB_banner_2_SPA.png 1400w, https:\/\/mivoot.com\/gt\/wp-content\/uploads\/2021\/12\/FWT-4012USB_banner_2_SPA-410x171.png 410w, https:\/\/mivoot.com\/gt\/wp-content\/uploads\/2021\/12\/FWT-4012USB_banner_2_SPA-64x27.png 64w, https:\/\/mivoot.com\/gt\/wp-content\/uploads\/2021\/12\/FWT-4012USB_banner_2_SPA-300x125.png 300w, https:\/\/mivoot.com\/gt\/wp-content\/uploads\/2021\/12\/FWT-4012USB_banner_2_SPA-768x320.png 768w\" sizes=\"(max-width: 1020px) 100vw, 1020px\" \/>\t\t\t\t\t\t\t\t\t\t\t\t\t\t\t<\/div>\n\t\t\t\t<\/div>\n\t\t\t\t\t<\/div>\n\t\t<\/div>\n\t\t\t\t\t<\/div>\n\t\t<\/section>\n\t\t\t\t<section class=\"elementor-section elementor-top-section elementor-element elementor-element-faea956 elementor-section-boxed elementor-section-height-default elementor-section-height-default\" data-id=\"faea956\" data-element_type=\"section\">\n\t\t\t\t\t\t<div class=\"elementor-container elementor-column-gap-default\">\n\t\t\t\t\t<div class=\"elementor-column elementor-col-100 elementor-top-column elementor-element elementor-element-433045c\" data-id=\"433045c\" data-element_type=\"column\">\n\t\t\t<div class=\"elementor-widget-wrap elementor-element-populated\">\n\t\t\t\t\t\t<div class=\"elementor-element elementor-element-676d5a9 elementor-widget elementor-widget-text-editor\" data-id=\"676d5a9\" data-element_type=\"widget\" data-widget_type=\"text-editor.default\">\n\t\t\t\t<div class=\"elementor-widget-container\">\n\t\t\t\t\t\t\t\t\t<h2>FWT-4012USB |<\/h2><div class=\"table-responsive\"><div class=\"row featurelist\"><div class=\"col-sm-6 col-xs-12\"><strong>Protecci\u00f3n contra sobretensi\u00f3n, sobrecarga, descarga el\u00e9ctrica y de voltaje<\/strong><br \/>Ofrece protecci\u00f3n superior al redireccionar el exceso de tensi\u00f3n de los equipos conectados durante sobrecargas o subidas de tensi\u00f3n.<\/div><div class=\"col-sm-6 col-xs-12\"><strong>Tecnolog\u00eda MOV<\/strong><br \/>La tecnolog\u00eda MOV (varistor de \u00f3xido de metal) ofrece mayor protecci\u00f3n para componentes electr\u00f3nicos contra sobrecargas y subidas repentinas de tensi\u00f3n.<\/div><div class=\"col-sm-6 col-xs-12\"><strong>Material retardador de llama<\/strong><br \/>Todos nuestros sistemas UPS est\u00e1n elaborados con material ABS retardador de llama, lo cual garantiza que de presentarse alguna falla, el equipo no es susceptible de prender fuego.<\/div><\/div><div>\u00a0<\/div><div class=\"row featurelist\"><div class=\"col-sm-6 col-xs-12\"><strong>Indicadores visuales LED<\/strong><br \/>Las luces LED en el panel frontal indican el estado funcional de la UPS, la duraci\u00f3n de la bater\u00eda as\u00ed como fallas potenciales detectadas en el sistema.<\/div><div class=\"col-sm-6 col-xs-12\"><strong>Puertos USB para carga<\/strong><br \/>Sistema fiable equipado con protecci\u00f3n contra sobretensi\u00f3n y con avanzados puertos USB. El usuario puede cargar tabletas, tel\u00e9fonos inteligentes y otros dispositivos electr\u00f3nicos port\u00e1tiles<\/div><\/div><\/div>\t\t\t\t\t\t\t\t<\/div>\n\t\t\t\t<\/div>\n\t\t\t\t\t<\/div>\n\t\t<\/div>\n\t\t\t\t\t<\/div>\n\t\t<\/section>\n\t\t\t\t<\/div>\n\t\t","protected":false},"excerpt":{"rendered":"<ul class=\"product-detail-ul\">\n<li><strong>Capacidad:<\/strong>\u00a024W<\/li>\n<li><strong>Voltaje:\u00a0<\/strong>110V\/220V<\/li>\n<li><strong>Tipo de entrada:\u00a0<\/strong>NEMA 5-15P<\/li>\n<li><strong>Tipo de salida:\u00a0<\/strong>4x 5V USB<\/li>\n<li><strong>Indicador visual:\u00a0<\/strong>Luz nocturna<\/li>\n<\/ul>\n","protected":false},"featured_media":6848,"comment_status":"open","ping_status":"closed","template":"","meta":{"jetpack_publicize_message":"","jetpack_publicize_feature_enabled":true,"jetpack_social_post_already_shared":false,"jetpack_social_options":{"image_generator_settings":{"template":"highway","default_image_id":0,"font":"","enabled":false},"version":2}},"pwb-brand":[110],"product_brand":[],"product_cat":[179,224],"product_tag":[],"class_list":{"0":"post-6841","1":"product","2":"type-product","3":"status-publish","4":"has-post-thumbnail","6":"pwb-brand-forza","7":"product_cat-regulador","8":"product_cat-supresor-sobretensiones","10":"first","11":"instock","12":"sale","13":"taxable","14":"shipping-taxable","15":"purchasable","16":"product-type-simple"},"yoast_head":"<!-- This site is optimized with the Yoast SEO Premium plugin v25.7.1 (Yoast SEO v26.8) - https:\/\/yoast.com\/product\/yoast-seo-premium-wordpress\/ -->\n<title>Protector y Tomacorriente de pared FWT-4012USB Forza - Mivoot<\/title>\n<meta name=\"robots\" content=\"index, follow, max-snippet:-1, max-image-preview:large, max-video-preview:-1\" \/>\n<link rel=\"canonical\" href=\"https:\/\/mivoot.com\/gt\/producto\/protector-y-tomacorriente-de-pared-fwt-4012usb-forza\/\" \/>\n<meta property=\"og:locale\" content=\"es_ES\" \/>\n<meta property=\"og:type\" content=\"article\" \/>\n<meta property=\"og:title\" content=\"Protector y Tomacorriente de pared FWT-4012USB Forza\" \/>\n<meta property=\"og:description\" content=\"Capacidad:\u00a024W  Voltaje:\u00a0110V\/220V  Tipo de entrada:\u00a0NEMA 5-15P  Tipo de salida:\u00a04x 5V USB  Indicador visual:\u00a0Luz nocturna\" \/>\n<meta property=\"og:url\" content=\"https:\/\/mivoot.com\/gt\/producto\/protector-y-tomacorriente-de-pared-fwt-4012usb-forza\/\" \/>\n<meta property=\"og:site_name\" content=\"Mivoot\" \/>\n<meta property=\"article:publisher\" content=\"https:\/\/www.facebook.com\/mivootgt\" \/>\n<meta property=\"article:modified_time\" content=\"2021-12-02T20:01:30+00:00\" \/>\n<meta property=\"og:image\" content=\"https:\/\/mivoot.com\/gt\/wp-content\/uploads\/2021\/12\/FWT-4012USB_Detalle_31.jpg\" \/>\n\t<meta property=\"og:image:width\" content=\"600\" \/>\n\t<meta property=\"og:image:height\" content=\"600\" \/>\n\t<meta property=\"og:image:type\" content=\"image\/jpeg\" \/>\n<meta name=\"twitter:card\" content=\"summary_large_image\" \/>\n<meta name=\"twitter:label1\" content=\"Est. reading time\" \/>\n\t<meta name=\"twitter:data1\" content=\"1 minuto\" \/>\n<script type=\"application\/ld+json\" class=\"yoast-schema-graph\">{\"@context\":\"https:\/\/schema.org\",\"@graph\":[{\"@type\":\"WebPage\",\"@id\":\"https:\/\/mivoot.com\/gt\/producto\/protector-y-tomacorriente-de-pared-fwt-4012usb-forza\/\",\"url\":\"https:\/\/mivoot.com\/gt\/producto\/protector-y-tomacorriente-de-pared-fwt-4012usb-forza\/\",\"name\":\"Protector y Tomacorriente de pared FWT-4012USB Forza - Mivoot\",\"isPartOf\":{\"@id\":\"https:\/\/mivoot.com\/gt\/#website\"},\"primaryImageOfPage\":{\"@id\":\"https:\/\/mivoot.com\/gt\/producto\/protector-y-tomacorriente-de-pared-fwt-4012usb-forza\/#primaryimage\"},\"image\":{\"@id\":\"https:\/\/mivoot.com\/gt\/producto\/protector-y-tomacorriente-de-pared-fwt-4012usb-forza\/#primaryimage\"},\"thumbnailUrl\":\"https:\/\/mivoot.com\/gt\/wp-content\/uploads\/2021\/12\/FWT-4012USB_Detalle_31.jpg\",\"datePublished\":\"2021-12-02T19:47:06+00:00\",\"dateModified\":\"2021-12-02T20:01:30+00:00\",\"breadcrumb\":{\"@id\":\"https:\/\/mivoot.com\/gt\/producto\/protector-y-tomacorriente-de-pared-fwt-4012usb-forza\/#breadcrumb\"},\"inLanguage\":\"es\",\"potentialAction\":[{\"@type\":\"ReadAction\",\"target\":[\"https:\/\/mivoot.com\/gt\/producto\/protector-y-tomacorriente-de-pared-fwt-4012usb-forza\/\"]}]},{\"@type\":\"ImageObject\",\"inLanguage\":\"es\",\"@id\":\"https:\/\/mivoot.com\/gt\/producto\/protector-y-tomacorriente-de-pared-fwt-4012usb-forza\/#primaryimage\",\"url\":\"https:\/\/mivoot.com\/gt\/wp-content\/uploads\/2021\/12\/FWT-4012USB_Detalle_31.jpg\",\"contentUrl\":\"https:\/\/mivoot.com\/gt\/wp-content\/uploads\/2021\/12\/FWT-4012USB_Detalle_31.jpg\",\"width\":600,\"height\":600},{\"@type\":\"BreadcrumbList\",\"@id\":\"https:\/\/mivoot.com\/gt\/producto\/protector-y-tomacorriente-de-pared-fwt-4012usb-forza\/#breadcrumb\",\"itemListElement\":[{\"@type\":\"ListItem\",\"position\":1,\"name\":\"Inicio\",\"item\":\"https:\/\/mivoot.com\/gt\/\"},{\"@type\":\"ListItem\",\"position\":2,\"name\":\"Productos\",\"item\":\"https:\/\/mivoot.com\/gt\/producto\/\"},{\"@type\":\"ListItem\",\"position\":3,\"name\":\"Forza\",\"item\":\"https:\/\/mivoot.com\/gt\/marca\/forza\/\"},{\"@type\":\"ListItem\",\"position\":4,\"name\":\"Protector y Tomacorriente de pared FWT-4012USB Forza\"}]},{\"@type\":\"WebSite\",\"@id\":\"https:\/\/mivoot.com\/gt\/#website\",\"url\":\"https:\/\/mivoot.com\/gt\/\",\"name\":\"Mivoot\",\"description\":\"Mivoot Guatemala | Tienda Online\",\"publisher\":{\"@id\":\"https:\/\/mivoot.com\/gt\/#organization\"},\"alternateName\":\"mivoot\",\"potentialAction\":[{\"@type\":\"SearchAction\",\"target\":{\"@type\":\"EntryPoint\",\"urlTemplate\":\"https:\/\/mivoot.com\/gt\/?s={search_term_string}\"},\"query-input\":{\"@type\":\"PropertyValueSpecification\",\"valueRequired\":true,\"valueName\":\"search_term_string\"}}],\"inLanguage\":\"es\"},{\"@type\":\"Organization\",\"@id\":\"https:\/\/mivoot.com\/gt\/#organization\",\"name\":\"Mivoot Guatemala\",\"alternateName\":\"mivoot.com\",\"url\":\"https:\/\/mivoot.com\/gt\/\",\"logo\":{\"@type\":\"ImageObject\",\"inLanguage\":\"es\",\"@id\":\"https:\/\/mivoot.com\/gt\/#\/schema\/logo\/image\/\",\"url\":\"https:\/\/mivoot.com\/gt\/wp-content\/uploads\/2023\/03\/cropped-icon.png\",\"contentUrl\":\"https:\/\/mivoot.com\/gt\/wp-content\/uploads\/2023\/03\/cropped-icon.png\",\"width\":512,\"height\":512,\"caption\":\"Mivoot Guatemala\"},\"image\":{\"@id\":\"https:\/\/mivoot.com\/gt\/#\/schema\/logo\/image\/\"},\"sameAs\":[\"https:\/\/www.facebook.com\/mivootgt\",\"https:\/\/instagram.com\/mivoot\"]}]}<\/script>\n<!-- \/ Yoast SEO Premium plugin. -->","yoast_head_json":{"title":"Protector y Tomacorriente de pared FWT-4012USB Forza - Mivoot","robots":{"index":"index","follow":"follow","max-snippet":"max-snippet:-1","max-image-preview":"max-image-preview:large","max-video-preview":"max-video-preview:-1"},"canonical":"https:\/\/mivoot.com\/gt\/producto\/protector-y-tomacorriente-de-pared-fwt-4012usb-forza\/","og_locale":"es_ES","og_type":"article","og_title":"Protector y Tomacorriente de pared FWT-4012USB Forza","og_description":"Capacidad:\u00a024W  Voltaje:\u00a0110V\/220V  Tipo de entrada:\u00a0NEMA 5-15P  Tipo de salida:\u00a04x 5V USB  Indicador visual:\u00a0Luz nocturna","og_url":"https:\/\/mivoot.com\/gt\/producto\/protector-y-tomacorriente-de-pared-fwt-4012usb-forza\/","og_site_name":"Mivoot","article_publisher":"https:\/\/www.facebook.com\/mivootgt","article_modified_time":"2021-12-02T20:01:30+00:00","og_image":[{"width":600,"height":600,"url":"https:\/\/mivoot.com\/gt\/wp-content\/uploads\/2021\/12\/FWT-4012USB_Detalle_31.jpg","type":"image\/jpeg"}],"twitter_card":"summary_large_image","twitter_misc":{"Est. reading time":"1 minuto"},"schema":{"@context":"https:\/\/schema.org","@graph":[{"@type":"WebPage","@id":"https:\/\/mivoot.com\/gt\/producto\/protector-y-tomacorriente-de-pared-fwt-4012usb-forza\/","url":"https:\/\/mivoot.com\/gt\/producto\/protector-y-tomacorriente-de-pared-fwt-4012usb-forza\/","name":"Protector y Tomacorriente de pared FWT-4012USB Forza - Mivoot","isPartOf":{"@id":"https:\/\/mivoot.com\/gt\/#website"},"primaryImageOfPage":{"@id":"https:\/\/mivoot.com\/gt\/producto\/protector-y-tomacorriente-de-pared-fwt-4012usb-forza\/#primaryimage"},"image":{"@id":"https:\/\/mivoot.com\/gt\/producto\/protector-y-tomacorriente-de-pared-fwt-4012usb-forza\/#primaryimage"},"thumbnailUrl":"https:\/\/mivoot.com\/gt\/wp-content\/uploads\/2021\/12\/FWT-4012USB_Detalle_31.jpg","datePublished":"2021-12-02T19:47:06+00:00","dateModified":"2021-12-02T20:01:30+00:00","breadcrumb":{"@id":"https:\/\/mivoot.com\/gt\/producto\/protector-y-tomacorriente-de-pared-fwt-4012usb-forza\/#breadcrumb"},"inLanguage":"es","potentialAction":[{"@type":"ReadAction","target":["https:\/\/mivoot.com\/gt\/producto\/protector-y-tomacorriente-de-pared-fwt-4012usb-forza\/"]}]},{"@type":"ImageObject","inLanguage":"es","@id":"https:\/\/mivoot.com\/gt\/producto\/protector-y-tomacorriente-de-pared-fwt-4012usb-forza\/#primaryimage","url":"https:\/\/mivoot.com\/gt\/wp-content\/uploads\/2021\/12\/FWT-4012USB_Detalle_31.jpg","contentUrl":"https:\/\/mivoot.com\/gt\/wp-content\/uploads\/2021\/12\/FWT-4012USB_Detalle_31.jpg","width":600,"height":600},{"@type":"BreadcrumbList","@id":"https:\/\/mivoot.com\/gt\/producto\/protector-y-tomacorriente-de-pared-fwt-4012usb-forza\/#breadcrumb","itemListElement":[{"@type":"ListItem","position":1,"name":"Inicio","item":"https:\/\/mivoot.com\/gt\/"},{"@type":"ListItem","position":2,"name":"Productos","item":"https:\/\/mivoot.com\/gt\/producto\/"},{"@type":"ListItem","position":3,"name":"Forza","item":"https:\/\/mivoot.com\/gt\/marca\/forza\/"},{"@type":"ListItem","position":4,"name":"Protector y Tomacorriente de pared FWT-4012USB Forza"}]},{"@type":"WebSite","@id":"https:\/\/mivoot.com\/gt\/#website","url":"https:\/\/mivoot.com\/gt\/","name":"Mivoot","description":"Mivoot Guatemala | Tienda Online","publisher":{"@id":"https:\/\/mivoot.com\/gt\/#organization"},"alternateName":"mivoot","potentialAction":[{"@type":"SearchAction","target":{"@type":"EntryPoint","urlTemplate":"https:\/\/mivoot.com\/gt\/?s={search_term_string}"},"query-input":{"@type":"PropertyValueSpecification","valueRequired":true,"valueName":"search_term_string"}}],"inLanguage":"es"},{"@type":"Organization","@id":"https:\/\/mivoot.com\/gt\/#organization","name":"Mivoot Guatemala","alternateName":"mivoot.com","url":"https:\/\/mivoot.com\/gt\/","logo":{"@type":"ImageObject","inLanguage":"es","@id":"https:\/\/mivoot.com\/gt\/#\/schema\/logo\/image\/","url":"https:\/\/mivoot.com\/gt\/wp-content\/uploads\/2023\/03\/cropped-icon.png","contentUrl":"https:\/\/mivoot.com\/gt\/wp-content\/uploads\/2023\/03\/cropped-icon.png","width":512,"height":512,"caption":"Mivoot Guatemala"},"image":{"@id":"https:\/\/mivoot.com\/gt\/#\/schema\/logo\/image\/"},"sameAs":["https:\/\/www.facebook.com\/mivootgt","https:\/\/instagram.com\/mivoot"]}]}},"jetpack_publicize_connections":[],"jetpack_sharing_enabled":true,"brands":[{"id":110,"name":"Forza","slug":"forza"}],"_links":{"self":[{"href":"https:\/\/mivoot.com\/gt\/wp-json\/wp\/v2\/product\/6841","targetHints":{"allow":["GET"]}}],"collection":[{"href":"https:\/\/mivoot.com\/gt\/wp-json\/wp\/v2\/product"}],"about":[{"href":"https:\/\/mivoot.com\/gt\/wp-json\/wp\/v2\/types\/product"}],"replies":[{"embeddable":true,"href":"https:\/\/mivoot.com\/gt\/wp-json\/wp\/v2\/comments?post=6841"}],"version-history":[{"count":25,"href":"https:\/\/mivoot.com\/gt\/wp-json\/wp\/v2\/product\/6841\/revisions"}],"predecessor-version":[{"id":6878,"href":"https:\/\/mivoot.com\/gt\/wp-json\/wp\/v2\/product\/6841\/revisions\/6878"}],"wp:featuredmedia":[{"embeddable":true,"href":"https:\/\/mivoot.com\/gt\/wp-json\/wp\/v2\/media\/6848"}],"wp:attachment":[{"href":"https:\/\/mivoot.com\/gt\/wp-json\/wp\/v2\/media?parent=6841"}],"wp:term":[{"taxonomy":"pwb-brand","embeddable":true,"href":"https:\/\/mivoot.com\/gt\/wp-json\/wp\/v2\/pwb-brand?post=6841"},{"taxonomy":"product_brand","embeddable":true,"href":"https:\/\/mivoot.com\/gt\/wp-json\/wp\/v2\/product_brand?post=6841"},{"taxonomy":"product_cat","embeddable":true,"href":"https:\/\/mivoot.com\/gt\/wp-json\/wp\/v2\/product_cat?post=6841"},{"taxonomy":"product_tag","embeddable":true,"href":"https:\/\/mivoot.com\/gt\/wp-json\/wp\/v2\/product_tag?post=6841"}],"curies":[{"name":"wp","href":"https:\/\/api.w.org\/{rel}","templated":true}]}}