{"id":6940,"date":"2021-12-02T23:28:12","date_gmt":"2021-12-03T05:28:12","guid":{"rendered":"https:\/\/mivoot.com\/gt\/?post_type=product&#038;p=6940"},"modified":"2023-02-10T09:33:42","modified_gmt":"2023-02-10T15:33:42","slug":"audifonos-bluetooth-mi-true-wireless-earphones-2-basic-blanco-xiaomi","status":"publish","type":"product","link":"https:\/\/mivoot.com\/gt\/producto\/audifonos-bluetooth-mi-true-wireless-earphones-2-basic-blanco-xiaomi\/","title":{"rendered":"Aud\u00edfonos Bluetooth Mi True Wireless Earphones 2 Basic Blanco Xiaomi"},"content":{"rendered":"\t\t<div data-elementor-type=\"product-post\" data-elementor-id=\"6940\" class=\"elementor elementor-6940\">\n\t\t\t\t\t\t<section class=\"elementor-section elementor-top-section elementor-element elementor-element-7ae736f elementor-section-stretched elementor-section-boxed elementor-section-height-default elementor-section-height-default\" data-id=\"7ae736f\" data-element_type=\"section\" data-settings=\"{&quot;stretch_section&quot;:&quot;section-stretched&quot;,&quot;background_background&quot;:&quot;classic&quot;}\">\n\t\t\t\t\t\t<div class=\"elementor-container elementor-column-gap-default\">\n\t\t\t\t\t<div class=\"elementor-column elementor-col-100 elementor-top-column elementor-element elementor-element-cd12466\" data-id=\"cd12466\" data-element_type=\"column\">\n\t\t\t<div class=\"elementor-widget-wrap elementor-element-populated\">\n\t\t\t\t\t\t<div class=\"elementor-element elementor-element-8352392 elementor-widget elementor-widget-text-editor\" data-id=\"8352392\" data-element_type=\"widget\" data-widget_type=\"text-editor.default\">\n\t\t\t\t<div class=\"elementor-widget-container\">\n\t\t\t\t\t\t\t\t\t<h2 class=\"title\">La larga duraci\u00f3n de la bater\u00eda de 20 horas* te permite utilizarlos durante todo el d\u00eda<\/h2><div>\u00a0<\/div><div>\u00a0<\/div><p class=\"feature\">Gracias al control del consumo de energ\u00eda del nuevo chip, los auriculares\u00a0<\/p><p class=\"feature\">se pueden utilizar durante unas 5 horas con una sola carga completa y\u00a0<\/p><p class=\"feature\">durante 20 horas en combinaci\u00f3n con el estuche de carga.\u00a0<\/p><p class=\"feature\">La duraci\u00f3n de la bater\u00eda te permite escuchar m\u00fasica durante todo el d\u00eda.<\/p><p class=\"desc\">* Datos de duraci\u00f3n de los auriculares: Cuando los auriculares est\u00e1n\u00a0<\/p><p class=\"desc\">completamente cargados con el volumen ajustado al 50 % (smartphone),<\/p><p class=\"desc\">\u00a0se pueden utilizar durante un m\u00e1ximo de 5 horas. Cuando los auriculares y\u00a0<\/p><p class=\"desc\">el estuche de carga est\u00e1n completamente cargados, se puede reproducir\u00a0<\/p><p class=\"desc\">m\u00fasica de forma continua durante unas 20 horas.\u00a0<\/p><p class=\"desc\">\u00a0<\/p><p class=\"desc\">Los tiempos de uso espec\u00edficos pueden variar en funci\u00f3n de las condiciones de uso.<\/p><p class=\"desc\">\u00a0<\/p>\t\t\t\t\t\t\t\t<\/div>\n\t\t\t\t<\/div>\n\t\t\t\t\t<\/div>\n\t\t<\/div>\n\t\t\t\t\t<\/div>\n\t\t<\/section>\n\t\t\t\t<section class=\"elementor-section elementor-top-section elementor-element elementor-element-16cfae5 elementor-section-boxed elementor-section-height-default elementor-section-height-default\" data-id=\"16cfae5\" data-element_type=\"section\">\n\t\t\t\t\t\t<div class=\"elementor-container elementor-column-gap-default\">\n\t\t\t\t\t<div class=\"elementor-column elementor-col-100 elementor-top-column elementor-element elementor-element-bf42485\" data-id=\"bf42485\" data-element_type=\"column\">\n\t\t\t<div class=\"elementor-widget-wrap elementor-element-populated\">\n\t\t\t\t\t\t<div class=\"elementor-element elementor-element-b0c229c elementor-widget elementor-widget-image\" data-id=\"b0c229c\" data-element_type=\"widget\" data-widget_type=\"image.default\">\n\t\t\t\t<div class=\"elementor-widget-container\">\n\t\t\t\t\t\t\t\t\t\t\t\t\t\t\t<img fetchpriority=\"high\" decoding=\"async\" width=\"1020\" height=\"263\" src=\"https:\/\/mivoot.com\/gt\/wp-content\/uploads\/2021\/12\/index-5-1-2024x522.jpg\" class=\"attachment-large size-large wp-image-6953\" alt=\"\" srcset=\"https:\/\/mivoot.com\/gt\/wp-content\/uploads\/2021\/12\/index-5-1-2024x522.jpg 2024w, https:\/\/mivoot.com\/gt\/wp-content\/uploads\/2021\/12\/index-5-1-410x106.jpg 410w, https:\/\/mivoot.com\/gt\/wp-content\/uploads\/2021\/12\/index-5-1-64x17.jpg 64w, https:\/\/mivoot.com\/gt\/wp-content\/uploads\/2021\/12\/index-5-1-300x77.jpg 300w, https:\/\/mivoot.com\/gt\/wp-content\/uploads\/2021\/12\/index-5-1-768x198.jpg 768w, https:\/\/mivoot.com\/gt\/wp-content\/uploads\/2021\/12\/index-5-1-1536x396.jpg 1536w, https:\/\/mivoot.com\/gt\/wp-content\/uploads\/2021\/12\/index-5-1-2048x528.jpg 2048w\" sizes=\"(max-width: 1020px) 100vw, 1020px\" \/>\t\t\t\t\t\t\t\t\t\t\t\t\t\t\t<\/div>\n\t\t\t\t<\/div>\n\t\t\t\t\t<\/div>\n\t\t<\/div>\n\t\t\t\t\t<\/div>\n\t\t<\/section>\n\t\t\t\t<section class=\"elementor-section elementor-top-section elementor-element elementor-element-24dec74 elementor-section-boxed elementor-section-height-default elementor-section-height-default\" data-id=\"24dec74\" data-element_type=\"section\">\n\t\t\t\t\t\t<div class=\"elementor-container elementor-column-gap-default\">\n\t\t\t\t\t<div class=\"elementor-column elementor-col-100 elementor-top-column elementor-element elementor-element-f4386b6\" data-id=\"f4386b6\" data-element_type=\"column\">\n\t\t\t<div class=\"elementor-widget-wrap elementor-element-populated\">\n\t\t\t\t\t\t<div class=\"elementor-element elementor-element-1ab7539 elementor-widget elementor-widget-text-editor\" data-id=\"1ab7539\" data-element_type=\"widget\" data-widget_type=\"text-editor.default\">\n\t\t\t\t<div class=\"elementor-widget-container\">\n\t\t\t\t\t\t\t\t\t<p class=\"specs-02-title\">Par\u00e1metros<\/p><ul class=\"specs-02__params\"><li class=\"specs-02__param\"><span class=\"specs-02__name\">Peso (total)<\/span><span class=\"specs-02__value\">48 g<\/span><\/li><li class=\"specs-02__param\"><span class=\"specs-02__name\">Distancia de funcionamiento<\/span><span class=\"specs-02__value\">10 m<\/span><\/li><li class=\"specs-02__param\"><span class=\"specs-02__name\">C\u00f3dec de audio<\/span><span class=\"specs-02__value\">SBC\/AAC<\/span><\/li><li class=\"specs-02__param\"><span class=\"specs-02__name\">Impedancia<\/span><span class=\"specs-02__value\">32\u03a9<\/span><\/li><li class=\"specs-02__param\"><span class=\"specs-02__name\">Entrada<\/span><span class=\"specs-02__value\">5 V\/1 A<\/span><\/li><li class=\"specs-02__param\"><span class=\"specs-02__name\">Puerto de carga<\/span><span class=\"specs-02__value\">USB-C<\/span><\/li><li class=\"specs-02__param\"><span class=\"specs-02__name\">Tiempo de carga:<\/span><span class=\"specs-02__value\">1,5 h<\/span><\/li><li class=\"specs-02__param\"><span class=\"specs-02__name\">Duraci\u00f3n de la bater\u00eda (una carga)<\/span><span class=\"specs-02__value\">5 h<\/span><\/li><li class=\"specs-02__param\"><span class=\"specs-02__name\">Duraci\u00f3n de la bater\u00eda (con la funda)<\/span><span class=\"specs-02__value\">20 h<\/span><\/li><li class=\"specs-02__param\"><span class=\"specs-02__name\">Versi\u00f3n de Bluetooth<\/span><span class=\"specs-02__value\">5.0<\/span><\/li><\/ul>\t\t\t\t\t\t\t\t<\/div>\n\t\t\t\t<\/div>\n\t\t\t\t\t<\/div>\n\t\t<\/div>\n\t\t\t\t\t<\/div>\n\t\t<\/section>\n\t\t\t\t<section class=\"elementor-section elementor-top-section elementor-element elementor-element-c20844c elementor-section-boxed elementor-section-height-default elementor-section-height-default\" data-id=\"c20844c\" data-element_type=\"section\">\n\t\t\t\t\t\t<div class=\"elementor-container elementor-column-gap-default\">\n\t\t\t\t\t<div class=\"elementor-column elementor-col-100 elementor-top-column elementor-element elementor-element-9b4f72a\" data-id=\"9b4f72a\" data-element_type=\"column\">\n\t\t\t<div class=\"elementor-widget-wrap elementor-element-populated\">\n\t\t\t\t\t\t<div class=\"elementor-element elementor-element-f09c755 elementor-widget elementor-widget-image\" data-id=\"f09c755\" data-element_type=\"widget\" data-widget_type=\"image.default\">\n\t\t\t\t<div class=\"elementor-widget-container\">\n\t\t\t\t\t\t\t\t\t\t\t\t\t\t\t<img decoding=\"async\" width=\"1020\" height=\"436\" src=\"https:\/\/mivoot.com\/gt\/wp-content\/uploads\/2021\/12\/index-4-1-2024x865.jpg\" class=\"attachment-large size-large wp-image-6952\" alt=\"\" srcset=\"https:\/\/mivoot.com\/gt\/wp-content\/uploads\/2021\/12\/index-4-1-2024x865.jpg 2024w, https:\/\/mivoot.com\/gt\/wp-content\/uploads\/2021\/12\/index-4-1-410x175.jpg 410w, https:\/\/mivoot.com\/gt\/wp-content\/uploads\/2021\/12\/index-4-1-64x27.jpg 64w, https:\/\/mivoot.com\/gt\/wp-content\/uploads\/2021\/12\/index-4-1-300x128.jpg 300w, https:\/\/mivoot.com\/gt\/wp-content\/uploads\/2021\/12\/index-4-1-768x328.jpg 768w, https:\/\/mivoot.com\/gt\/wp-content\/uploads\/2021\/12\/index-4-1-1536x656.jpg 1536w, https:\/\/mivoot.com\/gt\/wp-content\/uploads\/2021\/12\/index-4-1-2048x875.jpg 2048w\" sizes=\"(max-width: 1020px) 100vw, 1020px\" \/>\t\t\t\t\t\t\t\t\t\t\t\t\t\t\t<\/div>\n\t\t\t\t<\/div>\n\t\t\t\t\t<\/div>\n\t\t<\/div>\n\t\t\t\t\t<\/div>\n\t\t<\/section>\n\t\t\t\t<\/div>\n\t\t","protected":false},"excerpt":{"rendered":"<p>Bater\u00eda con hasta 20 horas de duraci\u00f3n<br \/>\nLlamadas claras con cancelaci\u00f3n de ruido ambiental y micr\u00f3fono dual<br \/>\nEmparejamiento y conexi\u00f3n autom\u00e1ticos<br \/>\nFunci\u00f3n de detecci\u00f3n de uso inteligente<br \/>\nGran calidad de sonido con controlador de 14,2 mm y c\u00f3dec AAC<\/p>\n","protected":false},"featured_media":6949,"comment_status":"open","ping_status":"closed","template":"","meta":{"jetpack_publicize_message":"","jetpack_publicize_feature_enabled":true,"jetpack_social_post_already_shared":false,"jetpack_social_options":{"image_generator_settings":{"template":"highway","default_image_id":0,"font":"","enabled":false},"version":2}},"pwb-brand":[94],"product_brand":[],"product_cat":[23],"product_tag":[],"class_list":{"0":"post-6940","1":"product","2":"type-product","3":"status-publish","4":"has-post-thumbnail","6":"pwb-brand-xiaomi","7":"product_cat-audifonos-bluetooth","9":"first","10":"instock","11":"taxable","12":"shipping-taxable","13":"purchasable","14":"product-type-simple"},"yoast_head":"<!-- This site is optimized with the Yoast SEO Premium plugin v25.7.1 (Yoast SEO v26.8) - https:\/\/yoast.com\/product\/yoast-seo-premium-wordpress\/ -->\n<title>Aud\u00edfonos Bluetooth Mi True Wireless Earphones 2 Basic Blanco Xiaomi - Mivoot<\/title>\n<meta name=\"robots\" content=\"index, follow, max-snippet:-1, max-image-preview:large, max-video-preview:-1\" \/>\n<link rel=\"canonical\" href=\"https:\/\/mivoot.com\/gt\/producto\/audifonos-bluetooth-mi-true-wireless-earphones-2-basic-blanco-xiaomi\/\" \/>\n<meta property=\"og:locale\" content=\"es_ES\" \/>\n<meta property=\"og:type\" content=\"article\" \/>\n<meta property=\"og:title\" content=\"Aud\u00edfonos Bluetooth Mi True Wireless Earphones 2 Basic Blanco Xiaomi\" \/>\n<meta property=\"og:description\" content=\"Bater\u00eda con hasta 20 horas de duraci\u00f3n Llamadas claras con cancelaci\u00f3n de ruido ambiental y micr\u00f3fono dual Emparejamiento y conexi\u00f3n autom\u00e1ticos Funci\u00f3n de detecci\u00f3n de uso inteligente Gran calidad de sonido con controlador de 14,2 mm y c\u00f3dec AAC\" \/>\n<meta property=\"og:url\" content=\"https:\/\/mivoot.com\/gt\/producto\/audifonos-bluetooth-mi-true-wireless-earphones-2-basic-blanco-xiaomi\/\" \/>\n<meta property=\"og:site_name\" content=\"Mivoot\" \/>\n<meta property=\"article:publisher\" content=\"https:\/\/www.facebook.com\/mivootgt\" \/>\n<meta property=\"article:modified_time\" content=\"2023-02-10T15:33:42+00:00\" \/>\n<meta property=\"og:image\" content=\"https:\/\/mivoot.com\/gt\/wp-content\/uploads\/2021\/12\/image-1.png\" \/>\n\t<meta property=\"og:image:width\" content=\"800\" \/>\n\t<meta property=\"og:image:height\" content=\"800\" \/>\n\t<meta property=\"og:image:type\" content=\"image\/png\" \/>\n<meta name=\"twitter:card\" content=\"summary_large_image\" \/>\n<meta name=\"twitter:label1\" content=\"Est. reading time\" \/>\n\t<meta name=\"twitter:data1\" content=\"1 minuto\" \/>\n<script type=\"application\/ld+json\" class=\"yoast-schema-graph\">{\"@context\":\"https:\/\/schema.org\",\"@graph\":[{\"@type\":\"WebPage\",\"@id\":\"https:\/\/mivoot.com\/gt\/producto\/audifonos-bluetooth-mi-true-wireless-earphones-2-basic-blanco-xiaomi\/\",\"url\":\"https:\/\/mivoot.com\/gt\/producto\/audifonos-bluetooth-mi-true-wireless-earphones-2-basic-blanco-xiaomi\/\",\"name\":\"Aud\u00edfonos Bluetooth Mi True Wireless Earphones 2 Basic Blanco Xiaomi - Mivoot\",\"isPartOf\":{\"@id\":\"https:\/\/mivoot.com\/gt\/#website\"},\"primaryImageOfPage\":{\"@id\":\"https:\/\/mivoot.com\/gt\/producto\/audifonos-bluetooth-mi-true-wireless-earphones-2-basic-blanco-xiaomi\/#primaryimage\"},\"image\":{\"@id\":\"https:\/\/mivoot.com\/gt\/producto\/audifonos-bluetooth-mi-true-wireless-earphones-2-basic-blanco-xiaomi\/#primaryimage\"},\"thumbnailUrl\":\"https:\/\/mivoot.com\/gt\/wp-content\/uploads\/2021\/12\/image-1.png\",\"datePublished\":\"2021-12-03T05:28:12+00:00\",\"dateModified\":\"2023-02-10T15:33:42+00:00\",\"breadcrumb\":{\"@id\":\"https:\/\/mivoot.com\/gt\/producto\/audifonos-bluetooth-mi-true-wireless-earphones-2-basic-blanco-xiaomi\/#breadcrumb\"},\"inLanguage\":\"es\",\"potentialAction\":[{\"@type\":\"ReadAction\",\"target\":[\"https:\/\/mivoot.com\/gt\/producto\/audifonos-bluetooth-mi-true-wireless-earphones-2-basic-blanco-xiaomi\/\"]}]},{\"@type\":\"ImageObject\",\"inLanguage\":\"es\",\"@id\":\"https:\/\/mivoot.com\/gt\/producto\/audifonos-bluetooth-mi-true-wireless-earphones-2-basic-blanco-xiaomi\/#primaryimage\",\"url\":\"https:\/\/mivoot.com\/gt\/wp-content\/uploads\/2021\/12\/image-1.png\",\"contentUrl\":\"https:\/\/mivoot.com\/gt\/wp-content\/uploads\/2021\/12\/image-1.png\",\"width\":800,\"height\":800},{\"@type\":\"BreadcrumbList\",\"@id\":\"https:\/\/mivoot.com\/gt\/producto\/audifonos-bluetooth-mi-true-wireless-earphones-2-basic-blanco-xiaomi\/#breadcrumb\",\"itemListElement\":[{\"@type\":\"ListItem\",\"position\":1,\"name\":\"Inicio\",\"item\":\"https:\/\/mivoot.com\/gt\/\"},{\"@type\":\"ListItem\",\"position\":2,\"name\":\"Productos\",\"item\":\"https:\/\/mivoot.com\/gt\/producto\/\"},{\"@type\":\"ListItem\",\"position\":3,\"name\":\"Xiaomi\",\"item\":\"https:\/\/mivoot.com\/gt\/marca\/xiaomi\/\"},{\"@type\":\"ListItem\",\"position\":4,\"name\":\"Aud\u00edfonos Bluetooth Mi True Wireless Earphones 2 Basic Blanco Xiaomi\"}]},{\"@type\":\"WebSite\",\"@id\":\"https:\/\/mivoot.com\/gt\/#website\",\"url\":\"https:\/\/mivoot.com\/gt\/\",\"name\":\"Mivoot\",\"description\":\"Mivoot Guatemala | Tienda Online\",\"publisher\":{\"@id\":\"https:\/\/mivoot.com\/gt\/#organization\"},\"alternateName\":\"mivoot\",\"potentialAction\":[{\"@type\":\"SearchAction\",\"target\":{\"@type\":\"EntryPoint\",\"urlTemplate\":\"https:\/\/mivoot.com\/gt\/?s={search_term_string}\"},\"query-input\":{\"@type\":\"PropertyValueSpecification\",\"valueRequired\":true,\"valueName\":\"search_term_string\"}}],\"inLanguage\":\"es\"},{\"@type\":\"Organization\",\"@id\":\"https:\/\/mivoot.com\/gt\/#organization\",\"name\":\"Mivoot Guatemala\",\"alternateName\":\"mivoot.com\",\"url\":\"https:\/\/mivoot.com\/gt\/\",\"logo\":{\"@type\":\"ImageObject\",\"inLanguage\":\"es\",\"@id\":\"https:\/\/mivoot.com\/gt\/#\/schema\/logo\/image\/\",\"url\":\"https:\/\/mivoot.com\/gt\/wp-content\/uploads\/2023\/03\/cropped-icon.png\",\"contentUrl\":\"https:\/\/mivoot.com\/gt\/wp-content\/uploads\/2023\/03\/cropped-icon.png\",\"width\":512,\"height\":512,\"caption\":\"Mivoot Guatemala\"},\"image\":{\"@id\":\"https:\/\/mivoot.com\/gt\/#\/schema\/logo\/image\/\"},\"sameAs\":[\"https:\/\/www.facebook.com\/mivootgt\",\"https:\/\/instagram.com\/mivoot\"]}]}<\/script>\n<!-- \/ Yoast SEO Premium plugin. -->","yoast_head_json":{"title":"Aud\u00edfonos Bluetooth Mi True Wireless Earphones 2 Basic Blanco Xiaomi - Mivoot","robots":{"index":"index","follow":"follow","max-snippet":"max-snippet:-1","max-image-preview":"max-image-preview:large","max-video-preview":"max-video-preview:-1"},"canonical":"https:\/\/mivoot.com\/gt\/producto\/audifonos-bluetooth-mi-true-wireless-earphones-2-basic-blanco-xiaomi\/","og_locale":"es_ES","og_type":"article","og_title":"Aud\u00edfonos Bluetooth Mi True Wireless Earphones 2 Basic Blanco Xiaomi","og_description":"Bater\u00eda con hasta 20 horas de duraci\u00f3n Llamadas claras con cancelaci\u00f3n de ruido ambiental y micr\u00f3fono dual Emparejamiento y conexi\u00f3n autom\u00e1ticos Funci\u00f3n de detecci\u00f3n de uso inteligente Gran calidad de sonido con controlador de 14,2 mm y c\u00f3dec AAC","og_url":"https:\/\/mivoot.com\/gt\/producto\/audifonos-bluetooth-mi-true-wireless-earphones-2-basic-blanco-xiaomi\/","og_site_name":"Mivoot","article_publisher":"https:\/\/www.facebook.com\/mivootgt","article_modified_time":"2023-02-10T15:33:42+00:00","og_image":[{"width":800,"height":800,"url":"https:\/\/mivoot.com\/gt\/wp-content\/uploads\/2021\/12\/image-1.png","type":"image\/png"}],"twitter_card":"summary_large_image","twitter_misc":{"Est. reading time":"1 minuto"},"schema":{"@context":"https:\/\/schema.org","@graph":[{"@type":"WebPage","@id":"https:\/\/mivoot.com\/gt\/producto\/audifonos-bluetooth-mi-true-wireless-earphones-2-basic-blanco-xiaomi\/","url":"https:\/\/mivoot.com\/gt\/producto\/audifonos-bluetooth-mi-true-wireless-earphones-2-basic-blanco-xiaomi\/","name":"Aud\u00edfonos Bluetooth Mi True Wireless Earphones 2 Basic Blanco Xiaomi - Mivoot","isPartOf":{"@id":"https:\/\/mivoot.com\/gt\/#website"},"primaryImageOfPage":{"@id":"https:\/\/mivoot.com\/gt\/producto\/audifonos-bluetooth-mi-true-wireless-earphones-2-basic-blanco-xiaomi\/#primaryimage"},"image":{"@id":"https:\/\/mivoot.com\/gt\/producto\/audifonos-bluetooth-mi-true-wireless-earphones-2-basic-blanco-xiaomi\/#primaryimage"},"thumbnailUrl":"https:\/\/mivoot.com\/gt\/wp-content\/uploads\/2021\/12\/image-1.png","datePublished":"2021-12-03T05:28:12+00:00","dateModified":"2023-02-10T15:33:42+00:00","breadcrumb":{"@id":"https:\/\/mivoot.com\/gt\/producto\/audifonos-bluetooth-mi-true-wireless-earphones-2-basic-blanco-xiaomi\/#breadcrumb"},"inLanguage":"es","potentialAction":[{"@type":"ReadAction","target":["https:\/\/mivoot.com\/gt\/producto\/audifonos-bluetooth-mi-true-wireless-earphones-2-basic-blanco-xiaomi\/"]}]},{"@type":"ImageObject","inLanguage":"es","@id":"https:\/\/mivoot.com\/gt\/producto\/audifonos-bluetooth-mi-true-wireless-earphones-2-basic-blanco-xiaomi\/#primaryimage","url":"https:\/\/mivoot.com\/gt\/wp-content\/uploads\/2021\/12\/image-1.png","contentUrl":"https:\/\/mivoot.com\/gt\/wp-content\/uploads\/2021\/12\/image-1.png","width":800,"height":800},{"@type":"BreadcrumbList","@id":"https:\/\/mivoot.com\/gt\/producto\/audifonos-bluetooth-mi-true-wireless-earphones-2-basic-blanco-xiaomi\/#breadcrumb","itemListElement":[{"@type":"ListItem","position":1,"name":"Inicio","item":"https:\/\/mivoot.com\/gt\/"},{"@type":"ListItem","position":2,"name":"Productos","item":"https:\/\/mivoot.com\/gt\/producto\/"},{"@type":"ListItem","position":3,"name":"Xiaomi","item":"https:\/\/mivoot.com\/gt\/marca\/xiaomi\/"},{"@type":"ListItem","position":4,"name":"Aud\u00edfonos Bluetooth Mi True Wireless Earphones 2 Basic Blanco Xiaomi"}]},{"@type":"WebSite","@id":"https:\/\/mivoot.com\/gt\/#website","url":"https:\/\/mivoot.com\/gt\/","name":"Mivoot","description":"Mivoot Guatemala | Tienda Online","publisher":{"@id":"https:\/\/mivoot.com\/gt\/#organization"},"alternateName":"mivoot","potentialAction":[{"@type":"SearchAction","target":{"@type":"EntryPoint","urlTemplate":"https:\/\/mivoot.com\/gt\/?s={search_term_string}"},"query-input":{"@type":"PropertyValueSpecification","valueRequired":true,"valueName":"search_term_string"}}],"inLanguage":"es"},{"@type":"Organization","@id":"https:\/\/mivoot.com\/gt\/#organization","name":"Mivoot Guatemala","alternateName":"mivoot.com","url":"https:\/\/mivoot.com\/gt\/","logo":{"@type":"ImageObject","inLanguage":"es","@id":"https:\/\/mivoot.com\/gt\/#\/schema\/logo\/image\/","url":"https:\/\/mivoot.com\/gt\/wp-content\/uploads\/2023\/03\/cropped-icon.png","contentUrl":"https:\/\/mivoot.com\/gt\/wp-content\/uploads\/2023\/03\/cropped-icon.png","width":512,"height":512,"caption":"Mivoot Guatemala"},"image":{"@id":"https:\/\/mivoot.com\/gt\/#\/schema\/logo\/image\/"},"sameAs":["https:\/\/www.facebook.com\/mivootgt","https:\/\/instagram.com\/mivoot"]}]}},"jetpack_publicize_connections":[],"jetpack_sharing_enabled":true,"brands":[{"id":94,"name":"Xiaomi","slug":"xiaomi"}],"_links":{"self":[{"href":"https:\/\/mivoot.com\/gt\/wp-json\/wp\/v2\/product\/6940","targetHints":{"allow":["GET"]}}],"collection":[{"href":"https:\/\/mivoot.com\/gt\/wp-json\/wp\/v2\/product"}],"about":[{"href":"https:\/\/mivoot.com\/gt\/wp-json\/wp\/v2\/types\/product"}],"replies":[{"embeddable":true,"href":"https:\/\/mivoot.com\/gt\/wp-json\/wp\/v2\/comments?post=6940"}],"version-history":[{"count":8,"href":"https:\/\/mivoot.com\/gt\/wp-json\/wp\/v2\/product\/6940\/revisions"}],"predecessor-version":[{"id":6965,"href":"https:\/\/mivoot.com\/gt\/wp-json\/wp\/v2\/product\/6940\/revisions\/6965"}],"wp:featuredmedia":[{"embeddable":true,"href":"https:\/\/mivoot.com\/gt\/wp-json\/wp\/v2\/media\/6949"}],"wp:attachment":[{"href":"https:\/\/mivoot.com\/gt\/wp-json\/wp\/v2\/media?parent=6940"}],"wp:term":[{"taxonomy":"pwb-brand","embeddable":true,"href":"https:\/\/mivoot.com\/gt\/wp-json\/wp\/v2\/pwb-brand?post=6940"},{"taxonomy":"product_brand","embeddable":true,"href":"https:\/\/mivoot.com\/gt\/wp-json\/wp\/v2\/product_brand?post=6940"},{"taxonomy":"product_cat","embeddable":true,"href":"https:\/\/mivoot.com\/gt\/wp-json\/wp\/v2\/product_cat?post=6940"},{"taxonomy":"product_tag","embeddable":true,"href":"https:\/\/mivoot.com\/gt\/wp-json\/wp\/v2\/product_tag?post=6940"}],"curies":[{"name":"wp","href":"https:\/\/api.w.org\/{rel}","templated":true}]}}