{"id":7127,"date":"2021-12-16T23:03:01","date_gmt":"2021-12-17T05:03:01","guid":{"rendered":"https:\/\/mivoot.com\/gt\/?post_type=product&#038;p=7127"},"modified":"2025-03-27T12:23:43","modified_gmt":"2025-03-27T18:23:43","slug":"gaveta-de-dinero-metal-cd30-custom-america","status":"publish","type":"product","link":"https:\/\/mivoot.com\/gt\/producto\/gaveta-de-dinero-metal-cd30-custom-america\/","title":{"rendered":"Gaveta Caja de Dinero Metal CD30 Custom America"},"content":{"rendered":"<p><span style=\"font-size: 14.4px;\">Gaveta de dinero CUSTOM, un excelente aliado para tu negocio, te brinda seguridad para que manejes tu efectivo con orden y rapidez en la atenci\u00f3n de tus clientes. La gaveta constituye una soluci\u00f3n robusta y segura. La integraci\u00f3n con impresoras de recibos es sumamente sencilla y el desempe\u00f1o mec\u00e1nico excelente.<\/span><\/p>\n<div class=\"et_pb_module et_pb_wc_add_to_cart et_pb_wc_add_to_cart_0_tb_body et_pb_hide_stock et_pb_fields_label_position_default et_pb_bg_layout_ et_pb_woo_custom_button_icon et_pb_text_align_left\" data-button-class=\"single_add_to_cart_button\" data-button-icon=\"\ue050\" data-button-icon-tablet=\"\" data-button-icon-phone=\"\">\n<div class=\"et_pb_module_inner\">\n<form class=\"cart\" action=\"https:\/\/proefexperu.com\/producto\/gaveta-de-dinero-cd30-custom\/\" enctype=\"multipart\/form-data\" method=\"post\">\n<div class=\"quantity\"><\/div>\n<\/form>\n<\/div>\n<\/div>\n<p><img fetchpriority=\"high\" decoding=\"async\" class=\"wp-image-7135 aligncenter\" src=\"https:\/\/mivoot.com\/gt\/wp-content\/uploads\/2021\/12\/X_gaveta-dinero-valteco7804.png\" alt=\"\" width=\"567\" height=\"567\" srcset=\"https:\/\/mivoot.com\/gt\/wp-content\/uploads\/2021\/12\/X_gaveta-dinero-valteco7804.png 1200w, https:\/\/mivoot.com\/gt\/wp-content\/uploads\/2021\/12\/X_gaveta-dinero-valteco7804-250x250.png 250w, https:\/\/mivoot.com\/gt\/wp-content\/uploads\/2021\/12\/X_gaveta-dinero-valteco7804-100x100.png 100w, https:\/\/mivoot.com\/gt\/wp-content\/uploads\/2021\/12\/X_gaveta-dinero-valteco7804-410x410.png 410w, https:\/\/mivoot.com\/gt\/wp-content\/uploads\/2021\/12\/X_gaveta-dinero-valteco7804-64x64.png 64w, https:\/\/mivoot.com\/gt\/wp-content\/uploads\/2021\/12\/X_gaveta-dinero-valteco7804-300x300.png 300w, https:\/\/mivoot.com\/gt\/wp-content\/uploads\/2021\/12\/X_gaveta-dinero-valteco7804-150x150.png 150w, https:\/\/mivoot.com\/gt\/wp-content\/uploads\/2021\/12\/X_gaveta-dinero-valteco7804-768x768.png 768w\" sizes=\"(max-width: 567px) 100vw, 567px\" \/><\/p>\n<table>\n<tbody>\n<tr>\n<td>MARCA<\/td>\n<td>CUSTOM<\/td>\n<\/tr>\n<tr>\n<td>DIMENSIONES<\/td>\n<td>(Ancho) 42 x (alto) 10 x (largo) 41 cm<\/td>\n<\/tr>\n<tr>\n<td>MATERIAL<\/td>\n<td>\n<div>Acero laminado en fr\u00edo de calibre grueso y SECC<\/div>\n<div>Rodillo: Poliuretano para un funcionamiento suave<\/div>\n<\/td>\n<\/tr>\n<tr>\n<td>BANDEJA<\/td>\n<td>Pl\u00e1stico resistente a roturas<\/td>\n<\/tr>\n<tr>\n<td>CAPACIDAD<\/td>\n<td>\n<div>5 billetes con agarraderas de alambre de metal<\/div>\n<div>8 ranuras para monedas ajustables, 2 pisos<\/div>\n<\/td>\n<\/tr>\n<tr>\n<td>CERRADURA<\/td>\n<td>\n<div>Bloqueo de 3 posiciones \/ 4 funciones: bloqueado abierto<\/div>\n<div>\/ cerrado, apertura manual, accionado electr\u00f3nicamente<\/div>\n<\/td>\n<\/tr>\n<tr>\n<td>INTERFACE<\/td>\n<td>RJ12<\/td>\n<\/tr>\n<tr>\n<td>COMPATIBILIDAD<\/td>\n<td>Todas las impresoras<\/td>\n<\/tr>\n<\/tbody>\n<\/table>\n","protected":false},"excerpt":{"rendered":"<p>&#8211; Caja electr\u00f3nica<br \/>\n&#8211; 5 compartimientos para billetes, 8 compartimentos para monedas, ranuras de extracci\u00f3n<br \/>\n&#8211; Tama\u00f1o: (Ancho) 42 x (alto) 10 x (largo) 41 cm<br \/>\n&#8211; Metal macizo<br \/>\n&#8211; Conexi\u00f3n: RJ11<br \/>\n&#8211; Bloqueo de cerradura<br \/>\n&#8211; Caj\u00f3n de pl\u00e1stico resistente<br \/>\n&#8211; Rodillos de poliuretano para un funcionamiento suave<br \/>\n&#8211; Los cables de interfaz incluidos brindan soporte para impresoras de recibos POS-X, Custom, Epson y 3Star, y muchas m\u00e1s.<br \/>\n&#8211; SUAVE El CD30 ofrece rodillos de nailon duraderos que proporcionan un funcionamiento suave d\u00eda tras d\u00eda.<br \/>\n&#8211; Peso 8,2 kg<\/p>\n","protected":false},"featured_media":7131,"comment_status":"open","ping_status":"closed","template":"","meta":{"jetpack_publicize_message":"","jetpack_publicize_feature_enabled":true,"jetpack_social_post_already_shared":false,"jetpack_social_options":{"image_generator_settings":{"template":"highway","default_image_id":0,"font":"","enabled":false},"version":2}},"pwb-brand":[273],"product_brand":[],"product_cat":[307],"product_tag":[],"class_list":{"0":"post-7127","1":"product","2":"type-product","3":"status-publish","4":"has-post-thumbnail","6":"pwb-brand-custom-america","7":"product_cat-cashdrawers","9":"first","10":"instock","11":"sale","12":"taxable","13":"shipping-taxable","14":"purchasable","15":"product-type-simple"},"yoast_head":"<!-- This site is optimized with the Yoast SEO Premium plugin v25.7.1 (Yoast SEO v26.8) - https:\/\/yoast.com\/product\/yoast-seo-premium-wordpress\/ -->\n<title>Gaveta Caja de Dinero Metal CD30 Custom America - Mivoot<\/title>\n<meta name=\"robots\" content=\"index, follow, max-snippet:-1, max-image-preview:large, max-video-preview:-1\" \/>\n<link rel=\"canonical\" href=\"https:\/\/mivoot.com\/gt\/producto\/gaveta-de-dinero-metal-cd30-custom-america\/\" \/>\n<meta property=\"og:locale\" content=\"es_ES\" \/>\n<meta property=\"og:type\" content=\"article\" \/>\n<meta property=\"og:title\" content=\"Gaveta Caja de Dinero Metal CD30 Custom America\" \/>\n<meta property=\"og:description\" content=\"- Caja electr\u00f3nica - 5 compartimientos para billetes, 8 compartimentos para monedas, ranuras de extracci\u00f3n - Tama\u00f1o: (Ancho) 42 x (alto) 10 x (largo) 41 cm - Metal macizo - Conexi\u00f3n: RJ11 - Bloqueo de cerradura - Caj\u00f3n de pl\u00e1stico resistente - Rodillos de poliuretano para un funcionamiento suave - Los cables de interfaz incluidos brindan soporte para impresoras de recibos POS-X, Custom, Epson y 3Star, y muchas m\u00e1s. - SUAVE El CD30 ofrece rodillos de nailon duraderos que proporcionan un funcionamiento suave d\u00eda tras d\u00eda. - Peso 8,2 kg\" \/>\n<meta property=\"og:url\" content=\"https:\/\/mivoot.com\/gt\/producto\/gaveta-de-dinero-metal-cd30-custom-america\/\" \/>\n<meta property=\"og:site_name\" content=\"Mivoot\" \/>\n<meta property=\"article:publisher\" content=\"https:\/\/www.facebook.com\/mivootgt\" \/>\n<meta property=\"article:modified_time\" content=\"2025-03-27T18:23:43+00:00\" \/>\n<meta property=\"og:image\" content=\"https:\/\/mivoot.com\/gt\/wp-content\/uploads\/2021\/12\/YzM0YmNkMD-1000x1000-1.jpg\" \/>\n\t<meta property=\"og:image:width\" content=\"1000\" \/>\n\t<meta property=\"og:image:height\" content=\"1000\" \/>\n\t<meta property=\"og:image:type\" content=\"image\/jpeg\" \/>\n<meta name=\"twitter:card\" content=\"summary_large_image\" \/>\n<meta name=\"twitter:label1\" content=\"Est. reading time\" \/>\n\t<meta name=\"twitter:data1\" content=\"1 minuto\" \/>\n<script type=\"application\/ld+json\" class=\"yoast-schema-graph\">{\"@context\":\"https:\/\/schema.org\",\"@graph\":[{\"@type\":\"WebPage\",\"@id\":\"https:\/\/mivoot.com\/gt\/producto\/gaveta-de-dinero-metal-cd30-custom-america\/\",\"url\":\"https:\/\/mivoot.com\/gt\/producto\/gaveta-de-dinero-metal-cd30-custom-america\/\",\"name\":\"Gaveta Caja de Dinero Metal CD30 Custom America - Mivoot\",\"isPartOf\":{\"@id\":\"https:\/\/mivoot.com\/gt\/#website\"},\"primaryImageOfPage\":{\"@id\":\"https:\/\/mivoot.com\/gt\/producto\/gaveta-de-dinero-metal-cd30-custom-america\/#primaryimage\"},\"image\":{\"@id\":\"https:\/\/mivoot.com\/gt\/producto\/gaveta-de-dinero-metal-cd30-custom-america\/#primaryimage\"},\"thumbnailUrl\":\"https:\/\/mivoot.com\/gt\/wp-content\/uploads\/2021\/12\/YzM0YmNkMD-1000x1000-1.jpg\",\"datePublished\":\"2021-12-17T05:03:01+00:00\",\"dateModified\":\"2025-03-27T18:23:43+00:00\",\"breadcrumb\":{\"@id\":\"https:\/\/mivoot.com\/gt\/producto\/gaveta-de-dinero-metal-cd30-custom-america\/#breadcrumb\"},\"inLanguage\":\"es\",\"potentialAction\":[{\"@type\":\"ReadAction\",\"target\":[\"https:\/\/mivoot.com\/gt\/producto\/gaveta-de-dinero-metal-cd30-custom-america\/\"]}]},{\"@type\":\"ImageObject\",\"inLanguage\":\"es\",\"@id\":\"https:\/\/mivoot.com\/gt\/producto\/gaveta-de-dinero-metal-cd30-custom-america\/#primaryimage\",\"url\":\"https:\/\/mivoot.com\/gt\/wp-content\/uploads\/2021\/12\/YzM0YmNkMD-1000x1000-1.jpg\",\"contentUrl\":\"https:\/\/mivoot.com\/gt\/wp-content\/uploads\/2021\/12\/YzM0YmNkMD-1000x1000-1.jpg\",\"width\":1000,\"height\":1000},{\"@type\":\"BreadcrumbList\",\"@id\":\"https:\/\/mivoot.com\/gt\/producto\/gaveta-de-dinero-metal-cd30-custom-america\/#breadcrumb\",\"itemListElement\":[{\"@type\":\"ListItem\",\"position\":1,\"name\":\"Inicio\",\"item\":\"https:\/\/mivoot.com\/gt\/\"},{\"@type\":\"ListItem\",\"position\":2,\"name\":\"Productos\",\"item\":\"https:\/\/mivoot.com\/gt\/producto\/\"},{\"@type\":\"ListItem\",\"position\":3,\"name\":\"Custom America\",\"item\":\"https:\/\/mivoot.com\/gt\/marca\/custom-america\/\"},{\"@type\":\"ListItem\",\"position\":4,\"name\":\"Gaveta Caja de Dinero Metal CD30 Custom America\"}]},{\"@type\":\"WebSite\",\"@id\":\"https:\/\/mivoot.com\/gt\/#website\",\"url\":\"https:\/\/mivoot.com\/gt\/\",\"name\":\"Mivoot\",\"description\":\"Mivoot Guatemala | Tienda Online\",\"publisher\":{\"@id\":\"https:\/\/mivoot.com\/gt\/#organization\"},\"alternateName\":\"mivoot\",\"potentialAction\":[{\"@type\":\"SearchAction\",\"target\":{\"@type\":\"EntryPoint\",\"urlTemplate\":\"https:\/\/mivoot.com\/gt\/?s={search_term_string}\"},\"query-input\":{\"@type\":\"PropertyValueSpecification\",\"valueRequired\":true,\"valueName\":\"search_term_string\"}}],\"inLanguage\":\"es\"},{\"@type\":\"Organization\",\"@id\":\"https:\/\/mivoot.com\/gt\/#organization\",\"name\":\"Mivoot Guatemala\",\"alternateName\":\"mivoot.com\",\"url\":\"https:\/\/mivoot.com\/gt\/\",\"logo\":{\"@type\":\"ImageObject\",\"inLanguage\":\"es\",\"@id\":\"https:\/\/mivoot.com\/gt\/#\/schema\/logo\/image\/\",\"url\":\"https:\/\/mivoot.com\/gt\/wp-content\/uploads\/2023\/03\/cropped-icon.png\",\"contentUrl\":\"https:\/\/mivoot.com\/gt\/wp-content\/uploads\/2023\/03\/cropped-icon.png\",\"width\":512,\"height\":512,\"caption\":\"Mivoot Guatemala\"},\"image\":{\"@id\":\"https:\/\/mivoot.com\/gt\/#\/schema\/logo\/image\/\"},\"sameAs\":[\"https:\/\/www.facebook.com\/mivootgt\",\"https:\/\/instagram.com\/mivoot\"]}]}<\/script>\n<!-- \/ Yoast SEO Premium plugin. -->","yoast_head_json":{"title":"Gaveta Caja de Dinero Metal CD30 Custom America - Mivoot","robots":{"index":"index","follow":"follow","max-snippet":"max-snippet:-1","max-image-preview":"max-image-preview:large","max-video-preview":"max-video-preview:-1"},"canonical":"https:\/\/mivoot.com\/gt\/producto\/gaveta-de-dinero-metal-cd30-custom-america\/","og_locale":"es_ES","og_type":"article","og_title":"Gaveta Caja de Dinero Metal CD30 Custom America","og_description":"- Caja electr\u00f3nica - 5 compartimientos para billetes, 8 compartimentos para monedas, ranuras de extracci\u00f3n - Tama\u00f1o: (Ancho) 42 x (alto) 10 x (largo) 41 cm - Metal macizo - Conexi\u00f3n: RJ11 - Bloqueo de cerradura - Caj\u00f3n de pl\u00e1stico resistente - Rodillos de poliuretano para un funcionamiento suave - Los cables de interfaz incluidos brindan soporte para impresoras de recibos POS-X, Custom, Epson y 3Star, y muchas m\u00e1s. - SUAVE El CD30 ofrece rodillos de nailon duraderos que proporcionan un funcionamiento suave d\u00eda tras d\u00eda. - Peso 8,2 kg","og_url":"https:\/\/mivoot.com\/gt\/producto\/gaveta-de-dinero-metal-cd30-custom-america\/","og_site_name":"Mivoot","article_publisher":"https:\/\/www.facebook.com\/mivootgt","article_modified_time":"2025-03-27T18:23:43+00:00","og_image":[{"width":1000,"height":1000,"url":"https:\/\/mivoot.com\/gt\/wp-content\/uploads\/2021\/12\/YzM0YmNkMD-1000x1000-1.jpg","type":"image\/jpeg"}],"twitter_card":"summary_large_image","twitter_misc":{"Est. reading time":"1 minuto"},"schema":{"@context":"https:\/\/schema.org","@graph":[{"@type":"WebPage","@id":"https:\/\/mivoot.com\/gt\/producto\/gaveta-de-dinero-metal-cd30-custom-america\/","url":"https:\/\/mivoot.com\/gt\/producto\/gaveta-de-dinero-metal-cd30-custom-america\/","name":"Gaveta Caja de Dinero Metal CD30 Custom America - Mivoot","isPartOf":{"@id":"https:\/\/mivoot.com\/gt\/#website"},"primaryImageOfPage":{"@id":"https:\/\/mivoot.com\/gt\/producto\/gaveta-de-dinero-metal-cd30-custom-america\/#primaryimage"},"image":{"@id":"https:\/\/mivoot.com\/gt\/producto\/gaveta-de-dinero-metal-cd30-custom-america\/#primaryimage"},"thumbnailUrl":"https:\/\/mivoot.com\/gt\/wp-content\/uploads\/2021\/12\/YzM0YmNkMD-1000x1000-1.jpg","datePublished":"2021-12-17T05:03:01+00:00","dateModified":"2025-03-27T18:23:43+00:00","breadcrumb":{"@id":"https:\/\/mivoot.com\/gt\/producto\/gaveta-de-dinero-metal-cd30-custom-america\/#breadcrumb"},"inLanguage":"es","potentialAction":[{"@type":"ReadAction","target":["https:\/\/mivoot.com\/gt\/producto\/gaveta-de-dinero-metal-cd30-custom-america\/"]}]},{"@type":"ImageObject","inLanguage":"es","@id":"https:\/\/mivoot.com\/gt\/producto\/gaveta-de-dinero-metal-cd30-custom-america\/#primaryimage","url":"https:\/\/mivoot.com\/gt\/wp-content\/uploads\/2021\/12\/YzM0YmNkMD-1000x1000-1.jpg","contentUrl":"https:\/\/mivoot.com\/gt\/wp-content\/uploads\/2021\/12\/YzM0YmNkMD-1000x1000-1.jpg","width":1000,"height":1000},{"@type":"BreadcrumbList","@id":"https:\/\/mivoot.com\/gt\/producto\/gaveta-de-dinero-metal-cd30-custom-america\/#breadcrumb","itemListElement":[{"@type":"ListItem","position":1,"name":"Inicio","item":"https:\/\/mivoot.com\/gt\/"},{"@type":"ListItem","position":2,"name":"Productos","item":"https:\/\/mivoot.com\/gt\/producto\/"},{"@type":"ListItem","position":3,"name":"Custom America","item":"https:\/\/mivoot.com\/gt\/marca\/custom-america\/"},{"@type":"ListItem","position":4,"name":"Gaveta Caja de Dinero Metal CD30 Custom America"}]},{"@type":"WebSite","@id":"https:\/\/mivoot.com\/gt\/#website","url":"https:\/\/mivoot.com\/gt\/","name":"Mivoot","description":"Mivoot Guatemala | Tienda Online","publisher":{"@id":"https:\/\/mivoot.com\/gt\/#organization"},"alternateName":"mivoot","potentialAction":[{"@type":"SearchAction","target":{"@type":"EntryPoint","urlTemplate":"https:\/\/mivoot.com\/gt\/?s={search_term_string}"},"query-input":{"@type":"PropertyValueSpecification","valueRequired":true,"valueName":"search_term_string"}}],"inLanguage":"es"},{"@type":"Organization","@id":"https:\/\/mivoot.com\/gt\/#organization","name":"Mivoot Guatemala","alternateName":"mivoot.com","url":"https:\/\/mivoot.com\/gt\/","logo":{"@type":"ImageObject","inLanguage":"es","@id":"https:\/\/mivoot.com\/gt\/#\/schema\/logo\/image\/","url":"https:\/\/mivoot.com\/gt\/wp-content\/uploads\/2023\/03\/cropped-icon.png","contentUrl":"https:\/\/mivoot.com\/gt\/wp-content\/uploads\/2023\/03\/cropped-icon.png","width":512,"height":512,"caption":"Mivoot Guatemala"},"image":{"@id":"https:\/\/mivoot.com\/gt\/#\/schema\/logo\/image\/"},"sameAs":["https:\/\/www.facebook.com\/mivootgt","https:\/\/instagram.com\/mivoot"]}]}},"jetpack_publicize_connections":[],"jetpack_sharing_enabled":true,"brands":[{"id":273,"name":"Custom America","slug":"custom-america"}],"_links":{"self":[{"href":"https:\/\/mivoot.com\/gt\/wp-json\/wp\/v2\/product\/7127","targetHints":{"allow":["GET"]}}],"collection":[{"href":"https:\/\/mivoot.com\/gt\/wp-json\/wp\/v2\/product"}],"about":[{"href":"https:\/\/mivoot.com\/gt\/wp-json\/wp\/v2\/types\/product"}],"replies":[{"embeddable":true,"href":"https:\/\/mivoot.com\/gt\/wp-json\/wp\/v2\/comments?post=7127"}],"version-history":[{"count":5,"href":"https:\/\/mivoot.com\/gt\/wp-json\/wp\/v2\/product\/7127\/revisions"}],"predecessor-version":[{"id":14158,"href":"https:\/\/mivoot.com\/gt\/wp-json\/wp\/v2\/product\/7127\/revisions\/14158"}],"wp:featuredmedia":[{"embeddable":true,"href":"https:\/\/mivoot.com\/gt\/wp-json\/wp\/v2\/media\/7131"}],"wp:attachment":[{"href":"https:\/\/mivoot.com\/gt\/wp-json\/wp\/v2\/media?parent=7127"}],"wp:term":[{"taxonomy":"pwb-brand","embeddable":true,"href":"https:\/\/mivoot.com\/gt\/wp-json\/wp\/v2\/pwb-brand?post=7127"},{"taxonomy":"product_brand","embeddable":true,"href":"https:\/\/mivoot.com\/gt\/wp-json\/wp\/v2\/product_brand?post=7127"},{"taxonomy":"product_cat","embeddable":true,"href":"https:\/\/mivoot.com\/gt\/wp-json\/wp\/v2\/product_cat?post=7127"},{"taxonomy":"product_tag","embeddable":true,"href":"https:\/\/mivoot.com\/gt\/wp-json\/wp\/v2\/product_tag?post=7127"}],"curies":[{"name":"wp","href":"https:\/\/api.w.org\/{rel}","templated":true}]}}