{"id":7211,"date":"2022-01-08T09:58:25","date_gmt":"2022-01-08T15:58:25","guid":{"rendered":"https:\/\/mivoot.com\/gt\/?post_type=product&#038;p=7211"},"modified":"2022-07-29T10:31:42","modified_gmt":"2022-07-29T16:31:42","slug":"lector-de-codigo-de-barras-magellan-1500i-datalogic","status":"publish","type":"product","link":"https:\/\/mivoot.com\/gt\/producto\/lector-de-codigo-de-barras-magellan-1500i-datalogic\/","title":{"rendered":"Lector de C\u00f3digo de Barras1D y 2D, USB, Serial Magellan 1500i Datalogic"},"content":{"rendered":"\t\t<div data-elementor-type=\"product-post\" data-elementor-id=\"7211\" class=\"elementor elementor-7211\">\n\t\t\t\t\t\t<section class=\"elementor-section elementor-top-section elementor-element elementor-element-46da423f elementor-section-boxed elementor-section-height-default elementor-section-height-default\" data-id=\"46da423f\" data-element_type=\"section\">\n\t\t\t\t\t\t<div class=\"elementor-container elementor-column-gap-default\">\n\t\t\t\t\t<div class=\"elementor-column elementor-col-100 elementor-top-column elementor-element elementor-element-6d4153c3\" data-id=\"6d4153c3\" data-element_type=\"column\">\n\t\t\t<div class=\"elementor-widget-wrap elementor-element-populated\">\n\t\t\t\t\t\t<div class=\"elementor-element elementor-element-46401838 elementor-widget elementor-widget-text-editor\" data-id=\"46401838\" data-element_type=\"widget\" data-widget_type=\"text-editor.default\">\n\t\t\t\t<div class=\"elementor-widget-container\">\n\t\t\t\t\t\t\t\t\t<h2 class=\"prod-sect\">Consiga m\u00e1s con el esc\u00e1ner de presentaci\u00f3n m\u00e1s peque\u00f1o<\/h2>\r\n<div>\r\n\r\nEl esc\u00e1ner de presentaci\u00f3n Magellan 1500i de Datalogic tiene un tama\u00f1o reducido pero un gran rendimiento. Es ideal para una amplia gama de aplicaciones, entre las que se incluyen el comercio minorista, el punto de venta, la farmacia, el servicio al cliente, la autocompra y los quioscos. Con un dise\u00f1o reducido, el esc\u00e1ner sigue teniendo una gran \u00e1rea de lectura. El escaneo de barrido r\u00e1pido de los c\u00f3digos de barras 1D, 2D y Digimarc es f\u00e1cil e intuitivo, incluso desde etiquetas mal impresas o pantallas de smartphones. El 1500i aporta un rendimiento de alta gama. El lector ajusta la iluminaci\u00f3n y la profundidad de campo para optimizar r\u00e1pidamente la legibilidad. A diferencia de otros esc\u00e1neres de presentaci\u00f3n del mercado, el rendimiento del 1500i no se ve afectado por las barreras de plexigl\u00e1s que ahora se exigen para garantizar la seguridad en las cajas. Se trata de un esc\u00e1ner de alto rendimiento que permitir\u00e1 a sus operarios trabajar c\u00f3modamente incluso durante los turnos m\u00e1s largos y duros.\r\n\r\n<\/div>\t\t\t\t\t\t\t\t<\/div>\n\t\t\t\t<\/div>\n\t\t\t\t\t<\/div>\n\t\t<\/div>\n\t\t\t\t\t<\/div>\n\t\t<\/section>\n\t\t\t\t<section class=\"elementor-section elementor-top-section elementor-element elementor-element-21ad29b elementor-section-boxed elementor-section-height-default elementor-section-height-default\" data-id=\"21ad29b\" data-element_type=\"section\">\n\t\t\t\t\t\t<div class=\"elementor-container elementor-column-gap-default\">\n\t\t\t\t\t<div class=\"elementor-column elementor-col-50 elementor-top-column elementor-element elementor-element-897145a\" data-id=\"897145a\" data-element_type=\"column\">\n\t\t\t<div class=\"elementor-widget-wrap elementor-element-populated\">\n\t\t\t\t\t\t<div class=\"elementor-element elementor-element-03f8dc1 elementor-widget elementor-widget-image\" data-id=\"03f8dc1\" data-element_type=\"widget\" data-widget_type=\"image.default\">\n\t\t\t\t<div class=\"elementor-widget-container\">\n\t\t\t\t\t\t\t\t\t\t\t\t\t\t\t<img fetchpriority=\"high\" decoding=\"async\" width=\"700\" height=\"394\" src=\"https:\/\/mivoot.com\/gt\/wp-content\/uploads\/2022\/01\/ergonomic.jpg\" class=\"attachment-large size-large wp-image-7225\" alt=\"\" srcset=\"https:\/\/mivoot.com\/gt\/wp-content\/uploads\/2022\/01\/ergonomic.jpg 700w, https:\/\/mivoot.com\/gt\/wp-content\/uploads\/2022\/01\/ergonomic-410x231.jpg 410w, https:\/\/mivoot.com\/gt\/wp-content\/uploads\/2022\/01\/ergonomic-64x36.jpg 64w, https:\/\/mivoot.com\/gt\/wp-content\/uploads\/2022\/01\/ergonomic-300x169.jpg 300w\" sizes=\"(max-width: 700px) 100vw, 700px\" \/>\t\t\t\t\t\t\t\t\t\t\t\t\t\t\t<\/div>\n\t\t\t\t<\/div>\n\t\t\t\t\t<\/div>\n\t\t<\/div>\n\t\t\t\t<div class=\"elementor-column elementor-col-50 elementor-top-column elementor-element elementor-element-80d6b25\" data-id=\"80d6b25\" data-element_type=\"column\">\n\t\t\t<div class=\"elementor-widget-wrap elementor-element-populated\">\n\t\t\t\t\t\t<div class=\"elementor-element elementor-element-a0a7318 elementor-widget elementor-widget-text-editor\" data-id=\"a0a7318\" data-element_type=\"widget\" data-widget_type=\"text-editor.default\">\n\t\t\t\t<div class=\"elementor-widget-container\">\n\t\t\t\t\t\t\t\t\t<h2 class=\"prod-sect\">Trabaje de forma m\u00e1s ergon\u00f3mica y sencilla<\/h2><div><p><span style=\"font-size: 90%;\">El Magellan 1500i est\u00e1 dise\u00f1ado pensando en la facilidad de uso. El cable se enruta de manera eficiente lejos de la unidad para garantizar que nunca se interponga en su camino. Las l\u00edneas limpias y la elecci\u00f3n de colores en blanco o negro promueven una apariencia ordenada en su espacio de trabajo. El esc\u00e1ner funciona en dos modos:\u00a0<strong>Modo de soporte\u00a0<\/strong>para cuando requiera uso de manos libres o escaneo en\u00a0<strong>Modo de presentaci\u00f3n\u00a0<\/strong>para uso port\u00e1til cuando un operador levanta el esc\u00e1ner. &amp; Nbsp; El modo de soporte permite una operaci\u00f3n de barrido de alta velocidad de hasta 1,5 m \/ s; &amp; nbsp; y el modo port\u00e1til se activa autom\u00e1ticamente a trav\u00e9s del aceler\u00f3metro incorporado proporcionando un escaneo dirigido con la tecnolog\u00eda Green Spot de Datalogic con confirmaci\u00f3n de buena lectura. Independientemente de la forma en que elija utilizarlo, puede contar con un escaneo sencillo de sus productos y una mayor productividad.\u00a0<\/span><\/p><\/div>\t\t\t\t\t\t\t\t<\/div>\n\t\t\t\t<\/div>\n\t\t\t\t\t<\/div>\n\t\t<\/div>\n\t\t\t\t\t<\/div>\n\t\t<\/section>\n\t\t\t\t<section class=\"elementor-section elementor-top-section elementor-element elementor-element-0e70549 elementor-section-boxed elementor-section-height-default elementor-section-height-default\" data-id=\"0e70549\" data-element_type=\"section\">\n\t\t\t\t\t\t<div class=\"elementor-container elementor-column-gap-default\">\n\t\t\t\t\t<div class=\"elementor-column elementor-col-50 elementor-top-column elementor-element elementor-element-18ab976\" data-id=\"18ab976\" data-element_type=\"column\">\n\t\t\t<div class=\"elementor-widget-wrap elementor-element-populated\">\n\t\t\t\t\t\t<div class=\"elementor-element elementor-element-b0fdf86 elementor-widget elementor-widget-text-editor\" data-id=\"b0fdf86\" data-element_type=\"widget\" data-widget_type=\"text-editor.default\">\n\t\t\t\t<div class=\"elementor-widget-container\">\n\t\t\t\t\t\t\t\t\t<h2 class=\"prod-sect\">Realice su trabajo con seguridad durante todo el d\u00eda<\/h2><div><p>Datalogic ha equipado el Magellan 1500i con iluminaci\u00f3n adaptativa. Esto elimina el parpadeo y reduce el brillo cuando no es necesario, reduciendo cualquier tensi\u00f3n ocular potencial para sus usuarios. La iluminaci\u00f3n se ajusta y optimiza autom\u00e1ticamente a los c\u00f3digos de barras en el campo de visi\u00f3n. No es necesario ning\u00fan ajuste cuando se pasa sin problemas del escaneo de c\u00f3digos de barras impreso al m\u00f3vil. La iluminaci\u00f3n 100% LED es mucho m\u00e1s segura y fiable que el escaneado basado en l\u00e1ser. La combinaci\u00f3n de iluminaci\u00f3n de infrarrojo cercano y rojo intenso garantiza tanto la comodidad como un rendimiento l\u00edder en su clase. El 1500i es el compa\u00f1ero perfecto cuando sus empleados necesitan trabajar los turnos m\u00e1s largos con facilidad y comodidad.<\/p><\/div>\t\t\t\t\t\t\t\t<\/div>\n\t\t\t\t<\/div>\n\t\t\t\t\t<\/div>\n\t\t<\/div>\n\t\t\t\t<div class=\"elementor-column elementor-col-50 elementor-top-column elementor-element elementor-element-9923311\" data-id=\"9923311\" data-element_type=\"column\">\n\t\t\t<div class=\"elementor-widget-wrap elementor-element-populated\">\n\t\t\t\t\t\t<div class=\"elementor-element elementor-element-058fea5 elementor-widget elementor-widget-image\" data-id=\"058fea5\" data-element_type=\"widget\" data-widget_type=\"image.default\">\n\t\t\t\t<div class=\"elementor-widget-container\">\n\t\t\t\t\t\t\t\t\t\t\t\t\t\t\t<img decoding=\"async\" width=\"700\" height=\"394\" src=\"https:\/\/mivoot.com\/gt\/wp-content\/uploads\/2022\/01\/perform.jpg\" class=\"attachment-large size-large wp-image-7226\" alt=\"\" srcset=\"https:\/\/mivoot.com\/gt\/wp-content\/uploads\/2022\/01\/perform.jpg 700w, https:\/\/mivoot.com\/gt\/wp-content\/uploads\/2022\/01\/perform-410x231.jpg 410w, https:\/\/mivoot.com\/gt\/wp-content\/uploads\/2022\/01\/perform-64x36.jpg 64w, https:\/\/mivoot.com\/gt\/wp-content\/uploads\/2022\/01\/perform-300x169.jpg 300w\" sizes=\"(max-width: 700px) 100vw, 700px\" \/>\t\t\t\t\t\t\t\t\t\t\t\t\t\t\t<\/div>\n\t\t\t\t<\/div>\n\t\t\t\t\t<\/div>\n\t\t<\/div>\n\t\t\t\t\t<\/div>\n\t\t<\/section>\n\t\t\t\t<section class=\"elementor-section elementor-top-section elementor-element elementor-element-4b1ee18 elementor-section-boxed elementor-section-height-default elementor-section-height-default\" data-id=\"4b1ee18\" data-element_type=\"section\">\n\t\t\t\t\t\t<div class=\"elementor-container elementor-column-gap-default\">\n\t\t\t\t\t<div class=\"elementor-column elementor-col-100 elementor-top-column elementor-element elementor-element-36679cb\" data-id=\"36679cb\" data-element_type=\"column\">\n\t\t\t<div class=\"elementor-widget-wrap elementor-element-populated\">\n\t\t\t\t\t\t<div class=\"elementor-element elementor-element-a293825 elementor-widget elementor-widget-video\" data-id=\"a293825\" data-element_type=\"widget\" data-settings=\"{&quot;youtube_url&quot;:&quot;https:\\\/\\\/www.youtube.com\\\/watch?v=PleFsixMfQ4&quot;,&quot;video_type&quot;:&quot;youtube&quot;,&quot;controls&quot;:&quot;yes&quot;}\" data-widget_type=\"video.default\">\n\t\t\t\t<div class=\"elementor-widget-container\">\n\t\t\t\t\t\t\t<div class=\"elementor-wrapper elementor-open-inline\">\n\t\t\t<div class=\"elementor-video\"><\/div>\t\t<\/div>\n\t\t\t\t\t\t<\/div>\n\t\t\t\t<\/div>\n\t\t\t\t\t<\/div>\n\t\t<\/div>\n\t\t\t\t\t<\/div>\n\t\t<\/section>\n\t\t\t\t<\/div>\n\t\t","protected":false},"excerpt":{"rendered":"<p>&#8211; Las im\u00e1genes digitales avanzadas brindan un rendimiento y confiabilidad l\u00edderes en su clase<br \/>\n&#8211; Lee perfectamente c\u00f3digos de barras 1D y 2D, ya sea impresos o mostrados en tel\u00e9fonos m\u00f3viles, computadoras port\u00e1tiles o tabletas<br \/>\n&#8211; Decodificaci\u00f3n opcional de c\u00f3digo de barras Digimarc<br \/>\n&#8211; Iluminaci\u00f3n sutil y adaptativa para la comodidad del usuario.<br \/>\n&#8211; El dise\u00f1o compacto y ergon\u00f3mico es ideal para operaciones con o sin manos.<\/p>\n","protected":false},"featured_media":7216,"comment_status":"open","ping_status":"closed","template":"","meta":{"jetpack_publicize_message":"","jetpack_publicize_feature_enabled":true,"jetpack_social_post_already_shared":false,"jetpack_social_options":{"image_generator_settings":{"template":"highway","default_image_id":0,"font":"","enabled":false},"version":2}},"pwb-brand":[276],"product_brand":[],"product_cat":[31,300],"product_tag":[277],"class_list":{"0":"post-7211","1":"product","2":"type-product","3":"status-publish","4":"has-post-thumbnail","6":"pwb-brand-datalogic","7":"product_cat-punto-de-venta","8":"product_cat-codigobarras","9":"product_tag-codigo-de-barras","11":"first","12":"instock","13":"taxable","14":"shipping-taxable","15":"purchasable","16":"product-type-simple"},"yoast_head":"<!-- This site is optimized with the Yoast SEO Premium plugin v25.7.1 (Yoast SEO v26.8) - https:\/\/yoast.com\/product\/yoast-seo-premium-wordpress\/ -->\n<title>Lector de C\u00f3digo de Barras1D y 2D, USB, Serial Magellan 1500i Datalogic - Mivoot<\/title>\n<meta name=\"robots\" content=\"index, follow, max-snippet:-1, max-image-preview:large, max-video-preview:-1\" \/>\n<link rel=\"canonical\" href=\"https:\/\/mivoot.com\/gt\/producto\/lector-de-codigo-de-barras-magellan-1500i-datalogic\/\" \/>\n<meta property=\"og:locale\" content=\"es_ES\" \/>\n<meta property=\"og:type\" content=\"article\" \/>\n<meta property=\"og:title\" content=\"Lector de C\u00f3digo de Barras1D y 2D, USB, Serial Magellan 1500i Datalogic\" \/>\n<meta property=\"og:description\" content=\"- Las im\u00e1genes digitales avanzadas brindan un rendimiento y confiabilidad l\u00edderes en su clase - Lee perfectamente c\u00f3digos de barras 1D y 2D, ya sea impresos o mostrados en tel\u00e9fonos m\u00f3viles, computadoras port\u00e1tiles o tabletas - Decodificaci\u00f3n opcional de c\u00f3digo de barras Digimarc - Iluminaci\u00f3n sutil y adaptativa para la comodidad del usuario. - El dise\u00f1o compacto y ergon\u00f3mico es ideal para operaciones con o sin manos.\" \/>\n<meta property=\"og:url\" content=\"https:\/\/mivoot.com\/gt\/producto\/lector-de-codigo-de-barras-magellan-1500i-datalogic\/\" \/>\n<meta property=\"og:site_name\" content=\"Mivoot\" \/>\n<meta property=\"article:publisher\" content=\"https:\/\/www.facebook.com\/mivootgt\" \/>\n<meta property=\"article:modified_time\" content=\"2022-07-29T16:31:42+00:00\" \/>\n<meta property=\"og:image\" content=\"https:\/\/mivoot.com\/gt\/wp-content\/uploads\/2022\/01\/img_gal_1769_320.jpg\" \/>\n\t<meta property=\"og:image:width\" content=\"320\" \/>\n\t<meta property=\"og:image:height\" content=\"320\" \/>\n\t<meta property=\"og:image:type\" content=\"image\/jpeg\" \/>\n<meta name=\"twitter:card\" content=\"summary_large_image\" \/>\n<script type=\"application\/ld+json\" class=\"yoast-schema-graph\">{\"@context\":\"https:\/\/schema.org\",\"@graph\":[{\"@type\":\"WebPage\",\"@id\":\"https:\/\/mivoot.com\/gt\/producto\/lector-de-codigo-de-barras-magellan-1500i-datalogic\/\",\"url\":\"https:\/\/mivoot.com\/gt\/producto\/lector-de-codigo-de-barras-magellan-1500i-datalogic\/\",\"name\":\"Lector de C\u00f3digo de Barras1D y 2D, USB, Serial Magellan 1500i Datalogic - Mivoot\",\"isPartOf\":{\"@id\":\"https:\/\/mivoot.com\/gt\/#website\"},\"primaryImageOfPage\":{\"@id\":\"https:\/\/mivoot.com\/gt\/producto\/lector-de-codigo-de-barras-magellan-1500i-datalogic\/#primaryimage\"},\"image\":{\"@id\":\"https:\/\/mivoot.com\/gt\/producto\/lector-de-codigo-de-barras-magellan-1500i-datalogic\/#primaryimage\"},\"thumbnailUrl\":\"https:\/\/mivoot.com\/gt\/wp-content\/uploads\/2022\/01\/img_gal_1769_320.jpg\",\"datePublished\":\"2022-01-08T15:58:25+00:00\",\"dateModified\":\"2022-07-29T16:31:42+00:00\",\"breadcrumb\":{\"@id\":\"https:\/\/mivoot.com\/gt\/producto\/lector-de-codigo-de-barras-magellan-1500i-datalogic\/#breadcrumb\"},\"inLanguage\":\"es\",\"potentialAction\":[{\"@type\":\"ReadAction\",\"target\":[\"https:\/\/mivoot.com\/gt\/producto\/lector-de-codigo-de-barras-magellan-1500i-datalogic\/\"]}]},{\"@type\":\"ImageObject\",\"inLanguage\":\"es\",\"@id\":\"https:\/\/mivoot.com\/gt\/producto\/lector-de-codigo-de-barras-magellan-1500i-datalogic\/#primaryimage\",\"url\":\"https:\/\/mivoot.com\/gt\/wp-content\/uploads\/2022\/01\/img_gal_1769_320.jpg\",\"contentUrl\":\"https:\/\/mivoot.com\/gt\/wp-content\/uploads\/2022\/01\/img_gal_1769_320.jpg\",\"width\":320,\"height\":320},{\"@type\":\"BreadcrumbList\",\"@id\":\"https:\/\/mivoot.com\/gt\/producto\/lector-de-codigo-de-barras-magellan-1500i-datalogic\/#breadcrumb\",\"itemListElement\":[{\"@type\":\"ListItem\",\"position\":1,\"name\":\"Inicio\",\"item\":\"https:\/\/mivoot.com\/gt\/\"},{\"@type\":\"ListItem\",\"position\":2,\"name\":\"Productos\",\"item\":\"https:\/\/mivoot.com\/gt\/producto\/\"},{\"@type\":\"ListItem\",\"position\":3,\"name\":\"Datalogic\",\"item\":\"https:\/\/mivoot.com\/gt\/marca\/datalogic\/\"},{\"@type\":\"ListItem\",\"position\":4,\"name\":\"Lector de C\u00f3digo de Barras1D y 2D, USB, Serial Magellan 1500i Datalogic\"}]},{\"@type\":\"WebSite\",\"@id\":\"https:\/\/mivoot.com\/gt\/#website\",\"url\":\"https:\/\/mivoot.com\/gt\/\",\"name\":\"Mivoot\",\"description\":\"Mivoot Guatemala | Tienda Online\",\"publisher\":{\"@id\":\"https:\/\/mivoot.com\/gt\/#organization\"},\"alternateName\":\"mivoot\",\"potentialAction\":[{\"@type\":\"SearchAction\",\"target\":{\"@type\":\"EntryPoint\",\"urlTemplate\":\"https:\/\/mivoot.com\/gt\/?s={search_term_string}\"},\"query-input\":{\"@type\":\"PropertyValueSpecification\",\"valueRequired\":true,\"valueName\":\"search_term_string\"}}],\"inLanguage\":\"es\"},{\"@type\":\"Organization\",\"@id\":\"https:\/\/mivoot.com\/gt\/#organization\",\"name\":\"Mivoot Guatemala\",\"alternateName\":\"mivoot.com\",\"url\":\"https:\/\/mivoot.com\/gt\/\",\"logo\":{\"@type\":\"ImageObject\",\"inLanguage\":\"es\",\"@id\":\"https:\/\/mivoot.com\/gt\/#\/schema\/logo\/image\/\",\"url\":\"https:\/\/mivoot.com\/gt\/wp-content\/uploads\/2023\/03\/cropped-icon.png\",\"contentUrl\":\"https:\/\/mivoot.com\/gt\/wp-content\/uploads\/2023\/03\/cropped-icon.png\",\"width\":512,\"height\":512,\"caption\":\"Mivoot Guatemala\"},\"image\":{\"@id\":\"https:\/\/mivoot.com\/gt\/#\/schema\/logo\/image\/\"},\"sameAs\":[\"https:\/\/www.facebook.com\/mivootgt\",\"https:\/\/instagram.com\/mivoot\"]}]}<\/script>\n<!-- \/ Yoast SEO Premium plugin. -->","yoast_head_json":{"title":"Lector de C\u00f3digo de Barras1D y 2D, USB, Serial Magellan 1500i Datalogic - Mivoot","robots":{"index":"index","follow":"follow","max-snippet":"max-snippet:-1","max-image-preview":"max-image-preview:large","max-video-preview":"max-video-preview:-1"},"canonical":"https:\/\/mivoot.com\/gt\/producto\/lector-de-codigo-de-barras-magellan-1500i-datalogic\/","og_locale":"es_ES","og_type":"article","og_title":"Lector de C\u00f3digo de Barras1D y 2D, USB, Serial Magellan 1500i Datalogic","og_description":"- Las im\u00e1genes digitales avanzadas brindan un rendimiento y confiabilidad l\u00edderes en su clase - Lee perfectamente c\u00f3digos de barras 1D y 2D, ya sea impresos o mostrados en tel\u00e9fonos m\u00f3viles, computadoras port\u00e1tiles o tabletas - Decodificaci\u00f3n opcional de c\u00f3digo de barras Digimarc - Iluminaci\u00f3n sutil y adaptativa para la comodidad del usuario. - El dise\u00f1o compacto y ergon\u00f3mico es ideal para operaciones con o sin manos.","og_url":"https:\/\/mivoot.com\/gt\/producto\/lector-de-codigo-de-barras-magellan-1500i-datalogic\/","og_site_name":"Mivoot","article_publisher":"https:\/\/www.facebook.com\/mivootgt","article_modified_time":"2022-07-29T16:31:42+00:00","og_image":[{"width":320,"height":320,"url":"https:\/\/mivoot.com\/gt\/wp-content\/uploads\/2022\/01\/img_gal_1769_320.jpg","type":"image\/jpeg"}],"twitter_card":"summary_large_image","schema":{"@context":"https:\/\/schema.org","@graph":[{"@type":"WebPage","@id":"https:\/\/mivoot.com\/gt\/producto\/lector-de-codigo-de-barras-magellan-1500i-datalogic\/","url":"https:\/\/mivoot.com\/gt\/producto\/lector-de-codigo-de-barras-magellan-1500i-datalogic\/","name":"Lector de C\u00f3digo de Barras1D y 2D, USB, Serial Magellan 1500i Datalogic - Mivoot","isPartOf":{"@id":"https:\/\/mivoot.com\/gt\/#website"},"primaryImageOfPage":{"@id":"https:\/\/mivoot.com\/gt\/producto\/lector-de-codigo-de-barras-magellan-1500i-datalogic\/#primaryimage"},"image":{"@id":"https:\/\/mivoot.com\/gt\/producto\/lector-de-codigo-de-barras-magellan-1500i-datalogic\/#primaryimage"},"thumbnailUrl":"https:\/\/mivoot.com\/gt\/wp-content\/uploads\/2022\/01\/img_gal_1769_320.jpg","datePublished":"2022-01-08T15:58:25+00:00","dateModified":"2022-07-29T16:31:42+00:00","breadcrumb":{"@id":"https:\/\/mivoot.com\/gt\/producto\/lector-de-codigo-de-barras-magellan-1500i-datalogic\/#breadcrumb"},"inLanguage":"es","potentialAction":[{"@type":"ReadAction","target":["https:\/\/mivoot.com\/gt\/producto\/lector-de-codigo-de-barras-magellan-1500i-datalogic\/"]}]},{"@type":"ImageObject","inLanguage":"es","@id":"https:\/\/mivoot.com\/gt\/producto\/lector-de-codigo-de-barras-magellan-1500i-datalogic\/#primaryimage","url":"https:\/\/mivoot.com\/gt\/wp-content\/uploads\/2022\/01\/img_gal_1769_320.jpg","contentUrl":"https:\/\/mivoot.com\/gt\/wp-content\/uploads\/2022\/01\/img_gal_1769_320.jpg","width":320,"height":320},{"@type":"BreadcrumbList","@id":"https:\/\/mivoot.com\/gt\/producto\/lector-de-codigo-de-barras-magellan-1500i-datalogic\/#breadcrumb","itemListElement":[{"@type":"ListItem","position":1,"name":"Inicio","item":"https:\/\/mivoot.com\/gt\/"},{"@type":"ListItem","position":2,"name":"Productos","item":"https:\/\/mivoot.com\/gt\/producto\/"},{"@type":"ListItem","position":3,"name":"Datalogic","item":"https:\/\/mivoot.com\/gt\/marca\/datalogic\/"},{"@type":"ListItem","position":4,"name":"Lector de C\u00f3digo de Barras1D y 2D, USB, Serial Magellan 1500i Datalogic"}]},{"@type":"WebSite","@id":"https:\/\/mivoot.com\/gt\/#website","url":"https:\/\/mivoot.com\/gt\/","name":"Mivoot","description":"Mivoot Guatemala | Tienda Online","publisher":{"@id":"https:\/\/mivoot.com\/gt\/#organization"},"alternateName":"mivoot","potentialAction":[{"@type":"SearchAction","target":{"@type":"EntryPoint","urlTemplate":"https:\/\/mivoot.com\/gt\/?s={search_term_string}"},"query-input":{"@type":"PropertyValueSpecification","valueRequired":true,"valueName":"search_term_string"}}],"inLanguage":"es"},{"@type":"Organization","@id":"https:\/\/mivoot.com\/gt\/#organization","name":"Mivoot Guatemala","alternateName":"mivoot.com","url":"https:\/\/mivoot.com\/gt\/","logo":{"@type":"ImageObject","inLanguage":"es","@id":"https:\/\/mivoot.com\/gt\/#\/schema\/logo\/image\/","url":"https:\/\/mivoot.com\/gt\/wp-content\/uploads\/2023\/03\/cropped-icon.png","contentUrl":"https:\/\/mivoot.com\/gt\/wp-content\/uploads\/2023\/03\/cropped-icon.png","width":512,"height":512,"caption":"Mivoot Guatemala"},"image":{"@id":"https:\/\/mivoot.com\/gt\/#\/schema\/logo\/image\/"},"sameAs":["https:\/\/www.facebook.com\/mivootgt","https:\/\/instagram.com\/mivoot"]}]}},"jetpack_publicize_connections":[],"jetpack_sharing_enabled":true,"brands":[{"id":276,"name":"Datalogic","slug":"datalogic"}],"_links":{"self":[{"href":"https:\/\/mivoot.com\/gt\/wp-json\/wp\/v2\/product\/7211","targetHints":{"allow":["GET"]}}],"collection":[{"href":"https:\/\/mivoot.com\/gt\/wp-json\/wp\/v2\/product"}],"about":[{"href":"https:\/\/mivoot.com\/gt\/wp-json\/wp\/v2\/types\/product"}],"replies":[{"embeddable":true,"href":"https:\/\/mivoot.com\/gt\/wp-json\/wp\/v2\/comments?post=7211"}],"version-history":[{"count":5,"href":"https:\/\/mivoot.com\/gt\/wp-json\/wp\/v2\/product\/7211\/revisions"}],"predecessor-version":[{"id":7229,"href":"https:\/\/mivoot.com\/gt\/wp-json\/wp\/v2\/product\/7211\/revisions\/7229"}],"wp:featuredmedia":[{"embeddable":true,"href":"https:\/\/mivoot.com\/gt\/wp-json\/wp\/v2\/media\/7216"}],"wp:attachment":[{"href":"https:\/\/mivoot.com\/gt\/wp-json\/wp\/v2\/media?parent=7211"}],"wp:term":[{"taxonomy":"pwb-brand","embeddable":true,"href":"https:\/\/mivoot.com\/gt\/wp-json\/wp\/v2\/pwb-brand?post=7211"},{"taxonomy":"product_brand","embeddable":true,"href":"https:\/\/mivoot.com\/gt\/wp-json\/wp\/v2\/product_brand?post=7211"},{"taxonomy":"product_cat","embeddable":true,"href":"https:\/\/mivoot.com\/gt\/wp-json\/wp\/v2\/product_cat?post=7211"},{"taxonomy":"product_tag","embeddable":true,"href":"https:\/\/mivoot.com\/gt\/wp-json\/wp\/v2\/product_tag?post=7211"}],"curies":[{"name":"wp","href":"https:\/\/api.w.org\/{rel}","templated":true}]}}