{"id":7322,"date":"2022-01-26T16:54:12","date_gmt":"2022-01-26T22:54:12","guid":{"rendered":"https:\/\/mivoot.com\/gt\/?post_type=product&#038;p=7322"},"modified":"2022-01-26T17:01:35","modified_gmt":"2022-01-26T23:01:35","slug":"monitor-hp-24-v24i-fhd","status":"publish","type":"product","link":"https:\/\/mivoot.com\/gt\/producto\/monitor-hp-24-v24i-fhd\/","title":{"rendered":"Monitor HP 24&#8243; V24i FHD"},"content":{"rendered":"<div tabindex=\"0\" aria-label=\"Especificaciones del producto\">\n<p>Disfrute de un alto nivel de detalle de imagen y claridad de p\u00e1ginas web, juegos, espect\u00e1culos y m\u00e1s con el monitor LED FHD HP V24i de 23,8&#8243;. Los ajustes de inclinaci\u00f3n junto con un \u00e1ngulo de visi\u00f3n de 178\u00b0 le permiten ver su pantalla desde pr\u00e1cticamente cualquier posici\u00f3n. Con 250 nits de brillo, una resoluci\u00f3n de 1920 x 1080 y una relaci\u00f3n de contraste de 1000: 1, puede experimentar pel\u00edculas y juegos en colores realistas.<\/p>\n<ul class=\"sku-bullets\">\n<li class=\"sku-bullet\">La pantalla Full HD de 23,8\u201d es ideal para una variedad de tareas inform\u00e1ticas.<\/li>\n<li class=\"sku-bullet\">La pantalla de microborde de 3 lados maximiza su \u00e1rea de visualizaci\u00f3n.<\/li>\n<li class=\"sku-bullet\">El modo Low Blue Light cambia autom\u00e1ticamente la paleta de colores a un espectro m\u00e1s c\u00e1lido mientras hace que los blancos parezcan m\u00e1s naturales para aliviar la tensi\u00f3n en los ojos.<\/li>\n<li class=\"sku-bullet\">El \u00e1ngulo de visi\u00f3n de 178\u00b0 ofrece colores uniformes y claridad de imagen en todo momento.<\/li>\n<li class=\"sku-bullet\">La relaci\u00f3n de contraste de 1000:1 garantiza una reproducci\u00f3n del color realista.<\/li>\n<li class=\"sku-bullet\">250 nits de brillo para una alta visibilidad.<\/li>\n<li class=\"sku-bullet\">La resoluci\u00f3n m\u00e1xima de 1920 x 1080 a 60 Hz crea un alto nivel de detalle de imagen para una visualizaci\u00f3n audaz.<\/li>\n<li class=\"sku-bullet\">El tiempo de respuesta de gris a gris de 5 ms permite que los p\u00edxeles cambien r\u00e1pidamente, evitando las rayas.<\/li>\n<li class=\"sku-bullet\">El puerto HDMI\u2122 le permite conectar su monitor a dispositivos habilitados y transmitir medios de alta calidad.<\/li>\n<li class=\"sku-bullet\">Se inclina de -5\u00b0 a 20\u00b0 para ayudarlo a encontrar su \u00e1ngulo de visi\u00f3n ideal.<\/li>\n<li class=\"sku-bullet\">Montaje VESA\u00ae de 100 mm x 100 mm (soporte incluido).<\/li>\n<li class=\"sku-bullet\">Respaldado por la garant\u00eda limitada de 1 a\u00f1o del fabricante.<\/li>\n<li class=\"sku-bullet\">Elecci\u00f3n ecol\u00f3gica: tiene uno o m\u00e1s atributos ecol\u00f3gicos significativos o etiquetas ecol\u00f3gicas.<\/li>\n<li class=\"sku-bullet\">Certificaci\u00f3n EPEAT Silver: impacto ambiental reducido de m\u00faltiples atributos ecol\u00f3gicos.\u00a0Clasificado en tres niveles: Bronce, Plata u Oro.<\/li>\n<li class=\"sku-bullet\">Certificaci\u00f3n ENERGY STAR: cumple con las pautas federales de eficiencia energ\u00e9tica.<\/li>\n<li class=\"sku-bullet\">Ahorro de energ\u00eda: dise\u00f1ado para usar menos energ\u00eda que los productos alternativos, lo que puede ayudarlo a ahorrar dinero y reducir su huella de carbono.<\/li>\n<\/ul>\n<\/div>\n<div tabindex=\"0\" aria-label=\"Especificaciones del producto\"><\/div>\n<div class=\"pdp-tab-header\" tabindex=\"0\" aria-label=\"Especificaciones del producto\">Especificaciones del producto<\/div>\n<div class=\"specs-table\">\n<div>\n<div class=\"specs-row clearfix\">\n<div class=\"specs-cell spec-name\">\n<h2 tabindex=\"0\" aria-label=\"Tipo de visualizaci\u00f3n\">Tipo de visualizaci\u00f3n<\/h2>\n<\/div>\n<div class=\"specs-cell spec-values\">\n<div class=\"spec-value\" tabindex=\"0\" aria-label=\"IPS\">IPS<\/div>\n<\/div>\n<\/div>\n<div class=\"specs-row clearfix\">\n<div class=\"specs-cell spec-name\">\n<h2 tabindex=\"0\" aria-label=\"Caracter\u00edsticas de la pantalla\">Caracter\u00edsticas de la pantalla<\/h2>\n<\/div>\n<div class=\"specs-cell spec-values\">\n<div class=\"spec-value\" tabindex=\"0\" aria-label=\"Controles en pantalla; modo de luz azul baja; Anti reflejante\">Controles en pantalla;\u00a0modo de luz azul baja;\u00a0Anti reflejante<\/div>\n<\/div>\n<\/div>\n<div class=\"specs-row clearfix\">\n<div class=\"specs-cell spec-name\">\n<h2 tabindex=\"0\" aria-label=\"Controles en pantalla\">Controles en pantalla<\/h2>\n<\/div>\n<div class=\"specs-cell spec-values\">\n<div class=\"spec-value\" tabindex=\"0\" aria-label=\"Salida; Informaci\u00f3n; Gesti\u00f3n; Control de poder; control de entrada; Men\u00fa de control; Brillo+; Imagen; Color\">Salida;\u00a0Informaci\u00f3n;\u00a0Gesti\u00f3n;\u00a0Control de poder;\u00a0control de entrada;\u00a0Men\u00fa de control;\u00a0Brillo+;\u00a0Imagen;\u00a0Color<\/div>\n<\/div>\n<\/div>\n<div class=\"specs-row clearfix\">\n<div class=\"specs-cell spec-name\">\n<h2 tabindex=\"0\" aria-label=\"Resolucion nativa\">Resolucion nativa<\/h2>\n<\/div>\n<div class=\"specs-cell spec-values\">\n<div class=\"spec-value\" tabindex=\"0\" aria-label=\"FHD (1920 x 1080)\">FHD (1920 x 1080)<\/div>\n<\/div>\n<\/div>\n<div class=\"specs-row clearfix\">\n<div class=\"specs-cell spec-name\">\n<h2 tabindex=\"0\" aria-label=\"Resoluciones compatibles\">Resoluciones compatibles<\/h2>\n<\/div>\n<div class=\"specs-cell spec-values\">\n<div class=\"spec-value\" tabindex=\"0\" aria-label=\"1024x768; 1280x1024; 1280x720; 1280x800; 1440x900; 1600x900; 1680x1050; 1920x1080; 640x480; 720x400; 800x600\">1024&#215;768;\u00a01280&#215;1024;\u00a01280&#215;720;\u00a01280&#215;800;\u00a01440&#215;900;\u00a01600&#215;900;\u00a01680&#215;1050;\u00a01920&#215;1080;\u00a0640&#215;480;\u00a0720&#215;400;\u00a0800&#215;600<\/div>\n<\/div>\n<\/div>\n<div class=\"specs-row clearfix\">\n<div class=\"specs-cell spec-name\">\n<h2 tabindex=\"0\" aria-label=\"relaci\u00f3n de contraste\">relaci\u00f3n de contraste<\/h2>\n<\/div>\n<div class=\"specs-cell spec-values\">\n<div class=\"spec-value\" tabindex=\"0\" aria-label=\"1000:1\">1000:1<\/div>\n<\/div>\n<\/div>\n<div class=\"specs-row clearfix\">\n<div class=\"specs-cell spec-name\">\n<h2 tabindex=\"0\" aria-label=\"Brillo\">Brillo<\/h2>\n<\/div>\n<div class=\"specs-cell spec-values\">\n<div class=\"spec-value\" tabindex=\"0\" aria-label=\"250 noches\">250 noches<\/div>\n<\/div>\n<\/div>\n<div class=\"specs-row clearfix\">\n<div class=\"specs-cell spec-name\">\n<h2 tabindex=\"0\" aria-label=\"Tama\u00f1o de p\u00edxel\">Tama\u00f1o de p\u00edxel<\/h2>\n<\/div>\n<div class=\"specs-cell spec-values\">\n<div class=\"spec-value\" tabindex=\"0\" aria-label=\"0,274mm\">0,274mm<\/div>\n<\/div>\n<\/div>\n<div class=\"specs-row clearfix\">\n<div class=\"specs-cell spec-name\">\n<h2 tabindex=\"0\" aria-label=\"Conectores de entrada de se\u00f1al\">Conectores de entrada de se\u00f1al<\/h2>\n<\/div>\n<div class=\"specs-cell spec-values\">\n<div class=\"spec-value\" tabindex=\"0\" aria-label=\"1 VGA; 1HDMI 1.4\">1 VGA;\u00a01HDMI 1.4<\/div>\n<\/div>\n<\/div>\n<div class=\"specs-row clearfix\">\n<div class=\"specs-cell spec-name\">\n<h2 tabindex=\"0\" aria-label=\"C\u00e1mara web\">C\u00e1mara web<\/h2>\n<\/div>\n<div class=\"specs-cell spec-values\">\n<div class=\"spec-value\" tabindex=\"0\" aria-label=\"Sin c\u00e1mara integrada\">Sin c\u00e1mara integrada<\/div>\n<\/div>\n<\/div>\n<div class=\"specs-row clearfix\">\n<div class=\"specs-cell spec-name\">\n<h2 tabindex=\"0\" aria-label=\"Montaje VESA\">Montaje VESA<\/h2>\n<\/div>\n<div class=\"specs-cell spec-values\">\n<div class=\"spec-value\" tabindex=\"0\" aria-label=\"100 mm x 100 mm (soporte incluido)\">100 mm x 100 mm (soporte incluido)<\/div>\n<\/div>\n<\/div>\n<div class=\"specs-row clearfix\">\n<div class=\"specs-cell spec-name\">\n<h2 tabindex=\"0\" aria-label=\"Fuente de alimentaci\u00f3n\">Fuente de alimentaci\u00f3n<\/h2>\n<\/div>\n<div class=\"specs-cell spec-values\">\n<div class=\"spec-value\" tabindex=\"0\" aria-label=\"Voltaje de entrada 100 a 240 VAC\">Voltaje de entrada 100 a 240 VAC<\/div>\n<\/div>\n<\/div>\n<div class=\"specs-row clearfix\">\n<div class=\"specs-cell spec-name\">\n<h2 tabindex=\"0\" aria-label=\"Dimensiones (An. X Pr. X Al.)\">Dimensiones (An. X Pr. X Al.)<\/h2>\n<\/div>\n<div class=\"specs-cell spec-values\">\n<div class=\"spec-value\" tabindex=\"0\" aria-label=\"21,24 x 1,87 x 12,8 pulgadas\">21,24 x 1,87 x 12,8 pulgadas<\/div>\n<div class=\"spec-value\" tabindex=\"0\" aria-label=\"Sin soporte.\">Sin soporte.<\/div>\n<\/div>\n<\/div>\n<div class=\"specs-row clearfix\">\n<div class=\"specs-cell spec-name\">\n<h2 tabindex=\"0\" aria-label=\"Peso\">Peso<\/h2>\n<\/div>\n<div class=\"specs-cell spec-values\">\n<div class=\"spec-value\" tabindex=\"0\" aria-label=\"7,62 libras\">7,62 libras<\/div>\n<\/div>\n<\/div>\n<div class=\"specs-row clearfix\">\n<div class=\"specs-cell spec-name\">\n<h2 tabindex=\"0\" aria-label=\"Garant\u00eda\">Garant\u00eda<\/h2>\n<\/div>\n<div class=\"specs-cell spec-values\">\n<div class=\"spec-value\" tabindex=\"0\" aria-label=\"Garant\u00eda limitada de 1 a\u00f1o. Se aplican ciertas restricciones y exclusiones.\">Garant\u00eda limitada de 1 a\u00f1o.\u00a0Se aplican ciertas restricciones y exclusiones.<\/div>\n<\/div>\n<\/div>\n<\/div>\n<\/div>\n","protected":false},"excerpt":{"rendered":"<ul class=\"ksps\">\n<li tabindex=\"0\" aria-label=\"FHD (1920 x 1080)\">FHD (1920 x 1080)<\/li>\n<li tabindex=\"0\" aria-label=\"1000:1\">1000:1<\/li>\n<li tabindex=\"0\" aria-label=\"5ms GtG\">5ms GtG<\/li>\n<\/ul>\n","protected":false},"featured_media":7343,"comment_status":"open","ping_status":"closed","template":"","meta":{"jetpack_publicize_message":"","jetpack_publicize_feature_enabled":true,"jetpack_social_post_already_shared":false,"jetpack_social_options":{"image_generator_settings":{"template":"highway","default_image_id":0,"font":"","enabled":false},"version":2}},"pwb-brand":[121],"product_brand":[],"product_cat":[39],"product_tag":[],"class_list":{"0":"post-7322","1":"product","2":"type-product","3":"status-publish","4":"has-post-thumbnail","6":"pwb-brand-hp","7":"product_cat-monitores","9":"first","10":"instock","11":"taxable","12":"shipping-taxable","13":"purchasable","14":"product-type-simple"},"yoast_head":"<!-- This site is optimized with the Yoast SEO Premium plugin v25.7.1 (Yoast SEO v26.8) - https:\/\/yoast.com\/product\/yoast-seo-premium-wordpress\/ -->\n<title>Monitor HP 24&quot; V24i FHD - Mivoot<\/title>\n<meta name=\"robots\" content=\"index, follow, max-snippet:-1, max-image-preview:large, max-video-preview:-1\" \/>\n<link rel=\"canonical\" href=\"https:\/\/mivoot.com\/gt\/producto\/monitor-hp-24-v24i-fhd\/\" \/>\n<meta property=\"og:locale\" content=\"es_ES\" \/>\n<meta property=\"og:type\" content=\"article\" \/>\n<meta property=\"og:title\" content=\"Monitor HP 24&quot; V24i FHD\" \/>\n<meta property=\"og:description\" content=\"FHD (1920 x 1080)  1000:1  5ms GtG\" \/>\n<meta property=\"og:url\" content=\"https:\/\/mivoot.com\/gt\/producto\/monitor-hp-24-v24i-fhd\/\" \/>\n<meta property=\"og:site_name\" content=\"Mivoot\" \/>\n<meta property=\"article:publisher\" content=\"https:\/\/www.facebook.com\/mivootgt\" \/>\n<meta property=\"article:modified_time\" content=\"2022-01-26T23:01:35+00:00\" \/>\n<meta property=\"og:image\" content=\"https:\/\/mivoot.com\/gt\/wp-content\/uploads\/2022\/01\/right_facing.png\" \/>\n\t<meta property=\"og:image:width\" content=\"573\" \/>\n\t<meta property=\"og:image:height\" content=\"430\" \/>\n\t<meta property=\"og:image:type\" content=\"image\/png\" \/>\n<meta name=\"twitter:card\" content=\"summary_large_image\" \/>\n<meta name=\"twitter:label1\" content=\"Est. reading time\" \/>\n\t<meta name=\"twitter:data1\" content=\"3 minutos\" \/>\n<script type=\"application\/ld+json\" class=\"yoast-schema-graph\">{\"@context\":\"https:\/\/schema.org\",\"@graph\":[{\"@type\":\"WebPage\",\"@id\":\"https:\/\/mivoot.com\/gt\/producto\/monitor-hp-24-v24i-fhd\/\",\"url\":\"https:\/\/mivoot.com\/gt\/producto\/monitor-hp-24-v24i-fhd\/\",\"name\":\"Monitor HP 24\\\" V24i FHD - Mivoot\",\"isPartOf\":{\"@id\":\"https:\/\/mivoot.com\/gt\/#website\"},\"primaryImageOfPage\":{\"@id\":\"https:\/\/mivoot.com\/gt\/producto\/monitor-hp-24-v24i-fhd\/#primaryimage\"},\"image\":{\"@id\":\"https:\/\/mivoot.com\/gt\/producto\/monitor-hp-24-v24i-fhd\/#primaryimage\"},\"thumbnailUrl\":\"https:\/\/mivoot.com\/gt\/wp-content\/uploads\/2022\/01\/right_facing.png\",\"datePublished\":\"2022-01-26T22:54:12+00:00\",\"dateModified\":\"2022-01-26T23:01:35+00:00\",\"breadcrumb\":{\"@id\":\"https:\/\/mivoot.com\/gt\/producto\/monitor-hp-24-v24i-fhd\/#breadcrumb\"},\"inLanguage\":\"es\",\"potentialAction\":[{\"@type\":\"ReadAction\",\"target\":[\"https:\/\/mivoot.com\/gt\/producto\/monitor-hp-24-v24i-fhd\/\"]}]},{\"@type\":\"ImageObject\",\"inLanguage\":\"es\",\"@id\":\"https:\/\/mivoot.com\/gt\/producto\/monitor-hp-24-v24i-fhd\/#primaryimage\",\"url\":\"https:\/\/mivoot.com\/gt\/wp-content\/uploads\/2022\/01\/right_facing.png\",\"contentUrl\":\"https:\/\/mivoot.com\/gt\/wp-content\/uploads\/2022\/01\/right_facing.png\",\"width\":573,\"height\":430},{\"@type\":\"BreadcrumbList\",\"@id\":\"https:\/\/mivoot.com\/gt\/producto\/monitor-hp-24-v24i-fhd\/#breadcrumb\",\"itemListElement\":[{\"@type\":\"ListItem\",\"position\":1,\"name\":\"Inicio\",\"item\":\"https:\/\/mivoot.com\/gt\/\"},{\"@type\":\"ListItem\",\"position\":2,\"name\":\"Productos\",\"item\":\"https:\/\/mivoot.com\/gt\/producto\/\"},{\"@type\":\"ListItem\",\"position\":3,\"name\":\"HP\",\"item\":\"https:\/\/mivoot.com\/gt\/marca\/hp\/\"},{\"@type\":\"ListItem\",\"position\":4,\"name\":\"Monitor HP 24&#8243; V24i FHD\"}]},{\"@type\":\"WebSite\",\"@id\":\"https:\/\/mivoot.com\/gt\/#website\",\"url\":\"https:\/\/mivoot.com\/gt\/\",\"name\":\"Mivoot\",\"description\":\"Mivoot Guatemala | Tienda Online\",\"publisher\":{\"@id\":\"https:\/\/mivoot.com\/gt\/#organization\"},\"alternateName\":\"mivoot\",\"potentialAction\":[{\"@type\":\"SearchAction\",\"target\":{\"@type\":\"EntryPoint\",\"urlTemplate\":\"https:\/\/mivoot.com\/gt\/?s={search_term_string}\"},\"query-input\":{\"@type\":\"PropertyValueSpecification\",\"valueRequired\":true,\"valueName\":\"search_term_string\"}}],\"inLanguage\":\"es\"},{\"@type\":\"Organization\",\"@id\":\"https:\/\/mivoot.com\/gt\/#organization\",\"name\":\"Mivoot Guatemala\",\"alternateName\":\"mivoot.com\",\"url\":\"https:\/\/mivoot.com\/gt\/\",\"logo\":{\"@type\":\"ImageObject\",\"inLanguage\":\"es\",\"@id\":\"https:\/\/mivoot.com\/gt\/#\/schema\/logo\/image\/\",\"url\":\"https:\/\/mivoot.com\/gt\/wp-content\/uploads\/2023\/03\/cropped-icon.png\",\"contentUrl\":\"https:\/\/mivoot.com\/gt\/wp-content\/uploads\/2023\/03\/cropped-icon.png\",\"width\":512,\"height\":512,\"caption\":\"Mivoot Guatemala\"},\"image\":{\"@id\":\"https:\/\/mivoot.com\/gt\/#\/schema\/logo\/image\/\"},\"sameAs\":[\"https:\/\/www.facebook.com\/mivootgt\",\"https:\/\/instagram.com\/mivoot\"]}]}<\/script>\n<!-- \/ Yoast SEO Premium plugin. -->","yoast_head_json":{"title":"Monitor HP 24\" V24i FHD - Mivoot","robots":{"index":"index","follow":"follow","max-snippet":"max-snippet:-1","max-image-preview":"max-image-preview:large","max-video-preview":"max-video-preview:-1"},"canonical":"https:\/\/mivoot.com\/gt\/producto\/monitor-hp-24-v24i-fhd\/","og_locale":"es_ES","og_type":"article","og_title":"Monitor HP 24\" V24i FHD","og_description":"FHD (1920 x 1080)  1000:1  5ms GtG","og_url":"https:\/\/mivoot.com\/gt\/producto\/monitor-hp-24-v24i-fhd\/","og_site_name":"Mivoot","article_publisher":"https:\/\/www.facebook.com\/mivootgt","article_modified_time":"2022-01-26T23:01:35+00:00","og_image":[{"width":573,"height":430,"url":"https:\/\/mivoot.com\/gt\/wp-content\/uploads\/2022\/01\/right_facing.png","type":"image\/png"}],"twitter_card":"summary_large_image","twitter_misc":{"Est. reading time":"3 minutos"},"schema":{"@context":"https:\/\/schema.org","@graph":[{"@type":"WebPage","@id":"https:\/\/mivoot.com\/gt\/producto\/monitor-hp-24-v24i-fhd\/","url":"https:\/\/mivoot.com\/gt\/producto\/monitor-hp-24-v24i-fhd\/","name":"Monitor HP 24\" V24i FHD - Mivoot","isPartOf":{"@id":"https:\/\/mivoot.com\/gt\/#website"},"primaryImageOfPage":{"@id":"https:\/\/mivoot.com\/gt\/producto\/monitor-hp-24-v24i-fhd\/#primaryimage"},"image":{"@id":"https:\/\/mivoot.com\/gt\/producto\/monitor-hp-24-v24i-fhd\/#primaryimage"},"thumbnailUrl":"https:\/\/mivoot.com\/gt\/wp-content\/uploads\/2022\/01\/right_facing.png","datePublished":"2022-01-26T22:54:12+00:00","dateModified":"2022-01-26T23:01:35+00:00","breadcrumb":{"@id":"https:\/\/mivoot.com\/gt\/producto\/monitor-hp-24-v24i-fhd\/#breadcrumb"},"inLanguage":"es","potentialAction":[{"@type":"ReadAction","target":["https:\/\/mivoot.com\/gt\/producto\/monitor-hp-24-v24i-fhd\/"]}]},{"@type":"ImageObject","inLanguage":"es","@id":"https:\/\/mivoot.com\/gt\/producto\/monitor-hp-24-v24i-fhd\/#primaryimage","url":"https:\/\/mivoot.com\/gt\/wp-content\/uploads\/2022\/01\/right_facing.png","contentUrl":"https:\/\/mivoot.com\/gt\/wp-content\/uploads\/2022\/01\/right_facing.png","width":573,"height":430},{"@type":"BreadcrumbList","@id":"https:\/\/mivoot.com\/gt\/producto\/monitor-hp-24-v24i-fhd\/#breadcrumb","itemListElement":[{"@type":"ListItem","position":1,"name":"Inicio","item":"https:\/\/mivoot.com\/gt\/"},{"@type":"ListItem","position":2,"name":"Productos","item":"https:\/\/mivoot.com\/gt\/producto\/"},{"@type":"ListItem","position":3,"name":"HP","item":"https:\/\/mivoot.com\/gt\/marca\/hp\/"},{"@type":"ListItem","position":4,"name":"Monitor HP 24&#8243; V24i FHD"}]},{"@type":"WebSite","@id":"https:\/\/mivoot.com\/gt\/#website","url":"https:\/\/mivoot.com\/gt\/","name":"Mivoot","description":"Mivoot Guatemala | Tienda Online","publisher":{"@id":"https:\/\/mivoot.com\/gt\/#organization"},"alternateName":"mivoot","potentialAction":[{"@type":"SearchAction","target":{"@type":"EntryPoint","urlTemplate":"https:\/\/mivoot.com\/gt\/?s={search_term_string}"},"query-input":{"@type":"PropertyValueSpecification","valueRequired":true,"valueName":"search_term_string"}}],"inLanguage":"es"},{"@type":"Organization","@id":"https:\/\/mivoot.com\/gt\/#organization","name":"Mivoot Guatemala","alternateName":"mivoot.com","url":"https:\/\/mivoot.com\/gt\/","logo":{"@type":"ImageObject","inLanguage":"es","@id":"https:\/\/mivoot.com\/gt\/#\/schema\/logo\/image\/","url":"https:\/\/mivoot.com\/gt\/wp-content\/uploads\/2023\/03\/cropped-icon.png","contentUrl":"https:\/\/mivoot.com\/gt\/wp-content\/uploads\/2023\/03\/cropped-icon.png","width":512,"height":512,"caption":"Mivoot Guatemala"},"image":{"@id":"https:\/\/mivoot.com\/gt\/#\/schema\/logo\/image\/"},"sameAs":["https:\/\/www.facebook.com\/mivootgt","https:\/\/instagram.com\/mivoot"]}]}},"jetpack_publicize_connections":[],"jetpack_sharing_enabled":true,"brands":[{"id":121,"name":"HP","slug":"hp"}],"_links":{"self":[{"href":"https:\/\/mivoot.com\/gt\/wp-json\/wp\/v2\/product\/7322","targetHints":{"allow":["GET"]}}],"collection":[{"href":"https:\/\/mivoot.com\/gt\/wp-json\/wp\/v2\/product"}],"about":[{"href":"https:\/\/mivoot.com\/gt\/wp-json\/wp\/v2\/types\/product"}],"replies":[{"embeddable":true,"href":"https:\/\/mivoot.com\/gt\/wp-json\/wp\/v2\/comments?post=7322"}],"version-history":[{"count":3,"href":"https:\/\/mivoot.com\/gt\/wp-json\/wp\/v2\/product\/7322\/revisions"}],"predecessor-version":[{"id":7337,"href":"https:\/\/mivoot.com\/gt\/wp-json\/wp\/v2\/product\/7322\/revisions\/7337"}],"wp:featuredmedia":[{"embeddable":true,"href":"https:\/\/mivoot.com\/gt\/wp-json\/wp\/v2\/media\/7343"}],"wp:attachment":[{"href":"https:\/\/mivoot.com\/gt\/wp-json\/wp\/v2\/media?parent=7322"}],"wp:term":[{"taxonomy":"pwb-brand","embeddable":true,"href":"https:\/\/mivoot.com\/gt\/wp-json\/wp\/v2\/pwb-brand?post=7322"},{"taxonomy":"product_brand","embeddable":true,"href":"https:\/\/mivoot.com\/gt\/wp-json\/wp\/v2\/product_brand?post=7322"},{"taxonomy":"product_cat","embeddable":true,"href":"https:\/\/mivoot.com\/gt\/wp-json\/wp\/v2\/product_cat?post=7322"},{"taxonomy":"product_tag","embeddable":true,"href":"https:\/\/mivoot.com\/gt\/wp-json\/wp\/v2\/product_tag?post=7322"}],"curies":[{"name":"wp","href":"https:\/\/api.w.org\/{rel}","templated":true}]}}