{"id":7414,"date":"2022-01-27T21:25:31","date_gmt":"2022-01-28T03:25:31","guid":{"rendered":"https:\/\/mivoot.com\/gt\/?post_type=product&#038;p=7414"},"modified":"2022-07-04T17:00:29","modified_gmt":"2022-07-04T23:00:29","slug":"case-media-torre-negro-h510-nzxt","status":"publish","type":"product","link":"https:\/\/mivoot.com\/gt\/producto\/case-media-torre-negro-h510-nzxt\/","title":{"rendered":"Case Media Torre ATX Negro Mate H510 NZXT"},"content":{"rendered":"<p><img decoding=\"async\" src=\"https:\/\/m.media-amazon.com\/images\/S\/aplus-media\/vc\/8638a9c4-60b3-4ff7-87c5-83f221fe4a87.__CR0,18,1500,464_PT0_SX970_V1___.jpg\" alt=\"NZXT.\" \/><\/p>\n<div class=\"celwidget aplus-module module-8 aplus-standard\" data-cel-widget=\"aplus-module-8\" data-csa-c-id=\"7onnmo-q3lfsr-othrra-o3jaud\">\n<div class=\"a-expander-collapsed-height a-row a-expander-container a-expander-partial-collapse-container\" aria-live=\"polite\" data-a-expander-name=\"aplus-module-expander\" data-a-expander-collapsed-height=\"700\">\n<div class=\"a-expander-content a-expander-partial-collapse-content\" aria-expanded=\"false\">\n<div class=\"aplus-module-wrapper apm-fixed-width\">\n<div class=\"apm-spacing\">\n<div class=\"apm-lefttwothirdswrap apm-floatleft\">\n<div class=\"apm-centerthirdcol\">\n<h3 class=\"a-spacing-mini\">H510.<\/h3>\n<h2>Soporte de placa base Mini-ITX, MicroATX, ATX<\/h2>\n<h5 class=\"a-spacing-mini a-color-secondary\">FUNDA ATX COMPACTA DE MEDID-TOWER<\/h5>\n<p class=\"a-spacing-base\">Las carcasas compactas ATX de torre media H510 y H510i son impresionantes y tienen un excelente valor. Perfecto cuando desea una carcasa ATX de peque\u00f1o tama\u00f1o sin sacrificar las caracter\u00edsticas. Un soporte de montaje de radiador extra\u00edble, ventana de vidrio templado a ras ras y varios filtros de ventilador y USB 3.1 Gen 2 tipo C frontal son s\u00f3lo algunas de las comodidades.<\/p>\n<\/div>\n<\/div>\n<div class=\"apm-rightthirdcol\">\n<div class=\"apm-rightthirdcol-inner\">\n<div class=\"a-box a-spacing-small a-color-alternate-background apm-listbox\">\n<div class=\"a-box-inner\">\n<ul class=\"a-unordered-list a-vertical\">\n<li><span class=\"a-list-item\"><span class=\"a-size-base\">Incluye compatibilidad con USB 3.1 Gen 2 y conector USB-C.<\/span><\/span><\/li>\n<li><span class=\"a-list-item\"><span class=\"a-size-base\">Todo lo que los constructores amaban en la serie H original junto con actualizaciones incre\u00edbles.<\/span><\/span><\/li>\n<li><span class=\"a-list-item\"><span class=\"a-size-base\">El kit de enrutamiento de cables y los canales preinstalados facilitan el cableado.<\/span><\/span><\/li>\n<li><span class=\"a-list-item\"><span class=\"a-size-base\">El panel lateral de vidrio templado ahora se instala con un solo tornillo para el pulgar.<\/span><\/span><\/li>\n<li><span class=\"a-list-item\"><span class=\"a-size-base\">Dise\u00f1o limpio y moderno con cristal templado ininterrumpido.<\/span><\/span><\/li>\n<\/ul>\n<ul>\n<li>Barra de administraci\u00f3n de cables ic\u00f3nica y panel lateral de vidrio templado ininterrumpido<\/li>\n<li>Conector USB-C compatible con USB 3.2 Gen2 en el panel frontal<\/li>\n<li>Kit de enrutamiento de cables con canales y correas preinstalados<\/li>\n<li>Dos ventiladores Aer F120mm y filtro extra\u00edble en la entrada de la fuente de alimentaci\u00f3n<\/li>\n<li>Soporte extra\u00edble dise\u00f1ado para radiadores de hasta 280 mm<\/li>\n<\/ul>\n<p><em>*\u00a0Los ventiladores y las especificaciones de la versi\u00f3n Case var\u00edan de la versi\u00f3n comercial .<\/em><\/p>\n<ul>\n<li>&#8211; Tipo de recinto Semitorre compacta<\/li>\n<li>&#8211; Material de la Caja Acero SGCC, vidrio templado<\/li>\n<\/ul>\n<h3>Dimensiones<\/h3>\n<ul>\n<li>Altura 460 mm \/ 18,11 pulgadas<\/li>\n<li>Ancho 210 mm \/ 8,27 pulgadas<\/li>\n<li>Profundidad 428 mm \/ 16,85 pulgadas<\/li>\n<li>Peso 6,6 kg\/14,55 libras<\/li>\n<\/ul>\n<h3>Compatibilidad y Liquidaci\u00f3n<\/h3>\n<ul>\n<li>Espacio libre m\u00e1ximo del enfriador de CPU 165 mm<\/li>\n<li>Espacio m\u00e1ximo de GPU 381 mm<\/li>\n<li>Espacio libre para el ventilador delantero y el radiador 60 mm<\/li>\n<li>Mantenimiento de cable 19 &#8211; 23 mm<\/li>\n<\/ul>\n<h3>Frente I\/O Puertos<\/h3>\n<ul>\n<li>1 USB 3.2 Gen 1 Tipo-A t<\/li>\n<li>1 USB 3.2 Gen 2 Tipo-C<\/li>\n<li>1 Conector de audio para auriculares<\/li>\n<\/ul>\n<\/div>\n<\/div>\n<\/div>\n<\/div>\n<\/div>\n<\/div>\n<div><img fetchpriority=\"high\" decoding=\"async\" class=\"alignnone size-full wp-image-7409\" src=\"https:\/\/mivoot.com\/gt\/wp-content\/uploads\/2022\/01\/Captura-1.png\" alt=\"\" width=\"1323\" height=\"594\" srcset=\"https:\/\/mivoot.com\/gt\/wp-content\/uploads\/2022\/01\/Captura-1.png 1323w, https:\/\/mivoot.com\/gt\/wp-content\/uploads\/2022\/01\/Captura-1-410x184.png 410w, https:\/\/mivoot.com\/gt\/wp-content\/uploads\/2022\/01\/Captura-1-64x29.png 64w, https:\/\/mivoot.com\/gt\/wp-content\/uploads\/2022\/01\/Captura-1-300x135.png 300w, https:\/\/mivoot.com\/gt\/wp-content\/uploads\/2022\/01\/Captura-1-768x345.png 768w\" sizes=\"(max-width: 1323px) 100vw, 1323px\" \/><\/div>\n<div><\/div>\n<\/div>\n<\/div>\n<\/div>\n<div class=\"celwidget aplus-module module-9 aplus-standard\" data-cel-widget=\"aplus-module-9\" data-csa-c-id=\"xmcg7o-eq56id-al68tp-dqf931\">\n<div class=\"a-expander-collapsed-height a-row a-expander-container a-expander-partial-collapse-container\" aria-live=\"polite\" data-a-expander-name=\"aplus-module-expander\" data-a-expander-collapsed-height=\"700\">\n<div class=\"a-expander-content a-expander-partial-collapse-content\" aria-expanded=\"false\">\n<div class=\"aplus-module-wrapper apm-fixed-width\">\n<div class=\"apm-spacing apm-fixed-width\">\n<table class=\"apm-fixed-width apm-eventhirdcol-table\">\n<tbody>\n<tr>\n<th class=\"apm-center\">\n<div class=\"apm-eventhirdcol apm-floatleft\">\n<p><img decoding=\"async\" class=\"a-spacing-mini\" src=\"https:\/\/m.media-amazon.com\/images\/S\/aplus-media\/vc\/731942bc-e5df-4332-a7a2-537b78bbb1f4.__CR0,0,300,300_PT0_SX300_V1___.jpg\" alt=\"NZXT.\" data-src=\"https:\/\/m.media-amazon.com\/images\/S\/aplus-media\/vc\/731942bc-e5df-4332-a7a2-537b78bbb1f4.__CR0,0,300,300_PT0_SX300_V1___.jpg\" \/><\/p>\n<\/div>\n<\/th>\n<th class=\"apm-center\">\n<div class=\"apm-eventhirdcol apm-floatleft\">\n<p><img decoding=\"async\" class=\"a-spacing-mini\" src=\"https:\/\/m.media-amazon.com\/images\/S\/aplus-media\/vc\/1a0d1bb3-9fc0-48d1-bef2-d115e7f76ac7.__CR0,0,300,300_PT0_SX300_V1___.jpg\" alt=\"NZXT.\" data-src=\"https:\/\/m.media-amazon.com\/images\/S\/aplus-media\/vc\/1a0d1bb3-9fc0-48d1-bef2-d115e7f76ac7.__CR0,0,300,300_PT0_SX300_V1___.jpg\" \/><\/p>\n<\/div>\n<\/th>\n<th class=\"apm-center\">\n<div class=\"apm-eventhirdcol apm-floatleft\">\n<p><img decoding=\"async\" class=\"a-spacing-mini\" src=\"https:\/\/m.media-amazon.com\/images\/S\/aplus-media\/vc\/beb3e83a-d757-4b01-81d3-131e0b7fafa0.__CR0,0,300,300_PT0_SX300_V1___.jpg\" alt=\"NZXT.\" data-src=\"https:\/\/m.media-amazon.com\/images\/S\/aplus-media\/vc\/beb3e83a-d757-4b01-81d3-131e0b7fafa0.__CR0,0,300,300_PT0_SX300_V1___.jpg\" \/><\/p>\n<\/div>\n<\/th>\n<\/tr>\n<tr>\n<td class=\"apm-top\">\n<div class=\"apm-eventhirdcol apm-floatleft\">\n<h4 class=\"a-spacing-mini\">M\u00c1S MODERNO<\/h4>\n<p>Con un conector USB-C compatible con USB 3.1 Gen2 en el panel frontal, es m\u00e1s f\u00e1cil que nunca conectar tel\u00e9fonos inteligentes, almacenamiento externo de alta velocidad o los perif\u00e9ricos m\u00e1s recientes a su PC.<\/p>\n<\/div>\n<\/td>\n<td class=\"apm-top\">\n<div class=\"apm-eventhirdcol apm-floatleft\">\n<h4 class=\"a-spacing-mini\">A\u00fan hermoso.<\/h4>\n<p>El dise\u00f1o limpio y moderno, la ic\u00f3nica barra de gesti\u00f3n de cables y el panel lateral de cristal templado ininterrumpido muestran su impresionante construcci\u00f3n.<\/p>\n<\/div>\n<\/td>\n<td class=\"apm-top\">\n<div class=\"apm-eventhirdcol apm-floatleft\">\n<h4 class=\"a-spacing-mini\">CONSTRUCCIONES DISFRUTABLES PARA TODOS<\/h4>\n<p>La gesti\u00f3n de cables a menudo puede tomar m\u00e1s tiempo que el montaje. Hemos dise\u00f1ado un kit de enrutamiento de cables con canales y correas preinstalados, para un cableado intuitivo y f\u00e1cil.<\/p>\n<\/div>\n<\/td>\n<\/tr>\n<\/tbody>\n<\/table>\n<\/div>\n<\/div>\n<div><\/div>\n<\/div>\n<\/div>\n<\/div>\n<div class=\"celwidget aplus-module module-12 aplus-standard\" data-cel-widget=\"aplus-module-12\" data-csa-c-id=\"x1g1j4-xbwyv6-4lib7l-8vlic3\">\n<div class=\"a-expander-collapsed-height a-row a-expander-container a-expander-partial-collapse-container\" aria-live=\"polite\" data-a-expander-name=\"aplus-module-expander\" data-a-expander-collapsed-height=\"360\">\n<div class=\"a-expander-content a-expander-partial-collapse-content\" aria-expanded=\"false\">\n<div class=\"aplus-module-wrapper apm-spacing apm-floatnone apm-fixed-width\">\n<div class=\"apm-sidemodule aplus-module-content\">\n<div class=\"apm-hero-image\"><img decoding=\"async\" class=\"\" src=\"https:\/\/m.media-amazon.com\/images\/S\/aplus-media\/vc\/bf82c0af-c578-45e5-8126-96098994687e.__CR0,18,1500,464_PT0_SX970_V1___.jpg\" alt=\"NZXT.\" data-src=\"https:\/\/m.media-amazon.com\/images\/S\/aplus-media\/vc\/bf82c0af-c578-45e5-8126-96098994687e.__CR0,18,1500,464_PT0_SX970_V1___.jpg\" \/><\/div>\n<\/div>\n<\/div>\n<\/div>\n<\/div>\n<\/div>\n","protected":false},"excerpt":{"rendered":"<p>Marca NZXT<br \/>\nColor Negro<br \/>\nMaterial Vidrio templado<br \/>\nM\u00e9todo de refrigeraci\u00f3n Water, Air<br \/>\nTama\u00f1o del ventilador 120 Mil\u00edmetros<br \/>\nCompatibilidad de la placa base ATX<br \/>\nPeso del art\u00edculo 18 Libras<br \/>\nDimensiones del art\u00edculo LxWxH 16.85 x 8.27 x 18.11 pulgadas<br \/>\nTipo de estuche Mid Tower<br \/>\nN\u00famero de ranuras de expansi\u00f3n<\/p>\n","protected":false},"featured_media":8449,"comment_status":"open","ping_status":"closed","template":"","meta":{"jetpack_publicize_message":"","jetpack_publicize_feature_enabled":true,"jetpack_social_post_already_shared":false,"jetpack_social_options":{"image_generator_settings":{"template":"highway","default_image_id":0,"font":"","enabled":false},"version":2}},"pwb-brand":[282],"product_brand":[],"product_cat":[52],"product_tag":[],"class_list":{"0":"post-7414","1":"product","2":"type-product","3":"status-publish","4":"has-post-thumbnail","6":"pwb-brand-nzxt","7":"product_cat-cases-computadoras","9":"first","10":"instock","11":"sale","12":"taxable","13":"shipping-taxable","14":"purchasable","15":"product-type-simple"},"yoast_head":"<!-- This site is optimized with the Yoast SEO Premium plugin v25.7.1 (Yoast SEO v26.8) - https:\/\/yoast.com\/product\/yoast-seo-premium-wordpress\/ -->\n<title>Case Media Torre ATX Negro Mate H510 NZXT - Mivoot<\/title>\n<meta name=\"robots\" content=\"index, follow, max-snippet:-1, max-image-preview:large, max-video-preview:-1\" \/>\n<link rel=\"canonical\" href=\"https:\/\/mivoot.com\/gt\/producto\/case-media-torre-negro-h510-nzxt\/\" \/>\n<meta property=\"og:locale\" content=\"es_ES\" \/>\n<meta property=\"og:type\" content=\"article\" \/>\n<meta property=\"og:title\" content=\"Case Media Torre ATX Negro Mate H510 NZXT\" \/>\n<meta property=\"og:description\" content=\"Marca NZXT Color Negro Material Vidrio templado M\u00e9todo de refrigeraci\u00f3n Water, Air Tama\u00f1o del ventilador 120 Mil\u00edmetros Compatibilidad de la placa base ATX Peso del art\u00edculo 18 Libras Dimensiones del art\u00edculo LxWxH 16.85 x 8.27 x 18.11 pulgadas Tipo de estuche Mid Tower N\u00famero de ranuras de expansi\u00f3n\" \/>\n<meta property=\"og:url\" content=\"https:\/\/mivoot.com\/gt\/producto\/case-media-torre-negro-h510-nzxt\/\" \/>\n<meta property=\"og:site_name\" content=\"Mivoot\" \/>\n<meta property=\"article:publisher\" content=\"https:\/\/www.facebook.com\/mivootgt\" \/>\n<meta property=\"article:modified_time\" content=\"2022-07-04T23:00:29+00:00\" \/>\n<meta property=\"og:image\" content=\"https:\/\/mivoot.com\/gt\/wp-content\/uploads\/2022\/01\/CA-H510B-B1-NZXT-1200X1200-4.jpg\" \/>\n\t<meta property=\"og:image:width\" content=\"1200\" \/>\n\t<meta property=\"og:image:height\" content=\"1200\" \/>\n\t<meta property=\"og:image:type\" content=\"image\/jpeg\" \/>\n<meta name=\"twitter:card\" content=\"summary_large_image\" \/>\n<meta name=\"twitter:label1\" content=\"Est. reading time\" \/>\n\t<meta name=\"twitter:data1\" content=\"4 minutos\" \/>\n<script type=\"application\/ld+json\" class=\"yoast-schema-graph\">{\"@context\":\"https:\/\/schema.org\",\"@graph\":[{\"@type\":\"WebPage\",\"@id\":\"https:\/\/mivoot.com\/gt\/producto\/case-media-torre-negro-h510-nzxt\/\",\"url\":\"https:\/\/mivoot.com\/gt\/producto\/case-media-torre-negro-h510-nzxt\/\",\"name\":\"Case Media Torre ATX Negro Mate H510 NZXT - Mivoot\",\"isPartOf\":{\"@id\":\"https:\/\/mivoot.com\/gt\/#website\"},\"primaryImageOfPage\":{\"@id\":\"https:\/\/mivoot.com\/gt\/producto\/case-media-torre-negro-h510-nzxt\/#primaryimage\"},\"image\":{\"@id\":\"https:\/\/mivoot.com\/gt\/producto\/case-media-torre-negro-h510-nzxt\/#primaryimage\"},\"thumbnailUrl\":\"https:\/\/mivoot.com\/gt\/wp-content\/uploads\/2022\/01\/CA-H510B-B1-NZXT-1200X1200-4.jpg\",\"datePublished\":\"2022-01-28T03:25:31+00:00\",\"dateModified\":\"2022-07-04T23:00:29+00:00\",\"breadcrumb\":{\"@id\":\"https:\/\/mivoot.com\/gt\/producto\/case-media-torre-negro-h510-nzxt\/#breadcrumb\"},\"inLanguage\":\"es\",\"potentialAction\":[{\"@type\":\"ReadAction\",\"target\":[\"https:\/\/mivoot.com\/gt\/producto\/case-media-torre-negro-h510-nzxt\/\"]}]},{\"@type\":\"ImageObject\",\"inLanguage\":\"es\",\"@id\":\"https:\/\/mivoot.com\/gt\/producto\/case-media-torre-negro-h510-nzxt\/#primaryimage\",\"url\":\"https:\/\/mivoot.com\/gt\/wp-content\/uploads\/2022\/01\/CA-H510B-B1-NZXT-1200X1200-4.jpg\",\"contentUrl\":\"https:\/\/mivoot.com\/gt\/wp-content\/uploads\/2022\/01\/CA-H510B-B1-NZXT-1200X1200-4.jpg\",\"width\":1200,\"height\":1200},{\"@type\":\"BreadcrumbList\",\"@id\":\"https:\/\/mivoot.com\/gt\/producto\/case-media-torre-negro-h510-nzxt\/#breadcrumb\",\"itemListElement\":[{\"@type\":\"ListItem\",\"position\":1,\"name\":\"Inicio\",\"item\":\"https:\/\/mivoot.com\/gt\/\"},{\"@type\":\"ListItem\",\"position\":2,\"name\":\"Productos\",\"item\":\"https:\/\/mivoot.com\/gt\/producto\/\"},{\"@type\":\"ListItem\",\"position\":3,\"name\":\"NZXT\",\"item\":\"https:\/\/mivoot.com\/gt\/marca\/nzxt\/\"},{\"@type\":\"ListItem\",\"position\":4,\"name\":\"Case Media Torre ATX Negro Mate H510 NZXT\"}]},{\"@type\":\"WebSite\",\"@id\":\"https:\/\/mivoot.com\/gt\/#website\",\"url\":\"https:\/\/mivoot.com\/gt\/\",\"name\":\"Mivoot\",\"description\":\"Mivoot Guatemala | Tienda Online\",\"publisher\":{\"@id\":\"https:\/\/mivoot.com\/gt\/#organization\"},\"alternateName\":\"mivoot\",\"potentialAction\":[{\"@type\":\"SearchAction\",\"target\":{\"@type\":\"EntryPoint\",\"urlTemplate\":\"https:\/\/mivoot.com\/gt\/?s={search_term_string}\"},\"query-input\":{\"@type\":\"PropertyValueSpecification\",\"valueRequired\":true,\"valueName\":\"search_term_string\"}}],\"inLanguage\":\"es\"},{\"@type\":\"Organization\",\"@id\":\"https:\/\/mivoot.com\/gt\/#organization\",\"name\":\"Mivoot Guatemala\",\"alternateName\":\"mivoot.com\",\"url\":\"https:\/\/mivoot.com\/gt\/\",\"logo\":{\"@type\":\"ImageObject\",\"inLanguage\":\"es\",\"@id\":\"https:\/\/mivoot.com\/gt\/#\/schema\/logo\/image\/\",\"url\":\"https:\/\/mivoot.com\/gt\/wp-content\/uploads\/2023\/03\/cropped-icon.png\",\"contentUrl\":\"https:\/\/mivoot.com\/gt\/wp-content\/uploads\/2023\/03\/cropped-icon.png\",\"width\":512,\"height\":512,\"caption\":\"Mivoot Guatemala\"},\"image\":{\"@id\":\"https:\/\/mivoot.com\/gt\/#\/schema\/logo\/image\/\"},\"sameAs\":[\"https:\/\/www.facebook.com\/mivootgt\",\"https:\/\/instagram.com\/mivoot\"]}]}<\/script>\n<!-- \/ Yoast SEO Premium plugin. -->","yoast_head_json":{"title":"Case Media Torre ATX Negro Mate H510 NZXT - Mivoot","robots":{"index":"index","follow":"follow","max-snippet":"max-snippet:-1","max-image-preview":"max-image-preview:large","max-video-preview":"max-video-preview:-1"},"canonical":"https:\/\/mivoot.com\/gt\/producto\/case-media-torre-negro-h510-nzxt\/","og_locale":"es_ES","og_type":"article","og_title":"Case Media Torre ATX Negro Mate H510 NZXT","og_description":"Marca NZXT Color Negro Material Vidrio templado M\u00e9todo de refrigeraci\u00f3n Water, Air Tama\u00f1o del ventilador 120 Mil\u00edmetros Compatibilidad de la placa base ATX Peso del art\u00edculo 18 Libras Dimensiones del art\u00edculo LxWxH 16.85 x 8.27 x 18.11 pulgadas Tipo de estuche Mid Tower N\u00famero de ranuras de expansi\u00f3n","og_url":"https:\/\/mivoot.com\/gt\/producto\/case-media-torre-negro-h510-nzxt\/","og_site_name":"Mivoot","article_publisher":"https:\/\/www.facebook.com\/mivootgt","article_modified_time":"2022-07-04T23:00:29+00:00","og_image":[{"width":1200,"height":1200,"url":"https:\/\/mivoot.com\/gt\/wp-content\/uploads\/2022\/01\/CA-H510B-B1-NZXT-1200X1200-4.jpg","type":"image\/jpeg"}],"twitter_card":"summary_large_image","twitter_misc":{"Est. reading time":"4 minutos"},"schema":{"@context":"https:\/\/schema.org","@graph":[{"@type":"WebPage","@id":"https:\/\/mivoot.com\/gt\/producto\/case-media-torre-negro-h510-nzxt\/","url":"https:\/\/mivoot.com\/gt\/producto\/case-media-torre-negro-h510-nzxt\/","name":"Case Media Torre ATX Negro Mate H510 NZXT - Mivoot","isPartOf":{"@id":"https:\/\/mivoot.com\/gt\/#website"},"primaryImageOfPage":{"@id":"https:\/\/mivoot.com\/gt\/producto\/case-media-torre-negro-h510-nzxt\/#primaryimage"},"image":{"@id":"https:\/\/mivoot.com\/gt\/producto\/case-media-torre-negro-h510-nzxt\/#primaryimage"},"thumbnailUrl":"https:\/\/mivoot.com\/gt\/wp-content\/uploads\/2022\/01\/CA-H510B-B1-NZXT-1200X1200-4.jpg","datePublished":"2022-01-28T03:25:31+00:00","dateModified":"2022-07-04T23:00:29+00:00","breadcrumb":{"@id":"https:\/\/mivoot.com\/gt\/producto\/case-media-torre-negro-h510-nzxt\/#breadcrumb"},"inLanguage":"es","potentialAction":[{"@type":"ReadAction","target":["https:\/\/mivoot.com\/gt\/producto\/case-media-torre-negro-h510-nzxt\/"]}]},{"@type":"ImageObject","inLanguage":"es","@id":"https:\/\/mivoot.com\/gt\/producto\/case-media-torre-negro-h510-nzxt\/#primaryimage","url":"https:\/\/mivoot.com\/gt\/wp-content\/uploads\/2022\/01\/CA-H510B-B1-NZXT-1200X1200-4.jpg","contentUrl":"https:\/\/mivoot.com\/gt\/wp-content\/uploads\/2022\/01\/CA-H510B-B1-NZXT-1200X1200-4.jpg","width":1200,"height":1200},{"@type":"BreadcrumbList","@id":"https:\/\/mivoot.com\/gt\/producto\/case-media-torre-negro-h510-nzxt\/#breadcrumb","itemListElement":[{"@type":"ListItem","position":1,"name":"Inicio","item":"https:\/\/mivoot.com\/gt\/"},{"@type":"ListItem","position":2,"name":"Productos","item":"https:\/\/mivoot.com\/gt\/producto\/"},{"@type":"ListItem","position":3,"name":"NZXT","item":"https:\/\/mivoot.com\/gt\/marca\/nzxt\/"},{"@type":"ListItem","position":4,"name":"Case Media Torre ATX Negro Mate H510 NZXT"}]},{"@type":"WebSite","@id":"https:\/\/mivoot.com\/gt\/#website","url":"https:\/\/mivoot.com\/gt\/","name":"Mivoot","description":"Mivoot Guatemala | Tienda Online","publisher":{"@id":"https:\/\/mivoot.com\/gt\/#organization"},"alternateName":"mivoot","potentialAction":[{"@type":"SearchAction","target":{"@type":"EntryPoint","urlTemplate":"https:\/\/mivoot.com\/gt\/?s={search_term_string}"},"query-input":{"@type":"PropertyValueSpecification","valueRequired":true,"valueName":"search_term_string"}}],"inLanguage":"es"},{"@type":"Organization","@id":"https:\/\/mivoot.com\/gt\/#organization","name":"Mivoot Guatemala","alternateName":"mivoot.com","url":"https:\/\/mivoot.com\/gt\/","logo":{"@type":"ImageObject","inLanguage":"es","@id":"https:\/\/mivoot.com\/gt\/#\/schema\/logo\/image\/","url":"https:\/\/mivoot.com\/gt\/wp-content\/uploads\/2023\/03\/cropped-icon.png","contentUrl":"https:\/\/mivoot.com\/gt\/wp-content\/uploads\/2023\/03\/cropped-icon.png","width":512,"height":512,"caption":"Mivoot Guatemala"},"image":{"@id":"https:\/\/mivoot.com\/gt\/#\/schema\/logo\/image\/"},"sameAs":["https:\/\/www.facebook.com\/mivootgt","https:\/\/instagram.com\/mivoot"]}]}},"jetpack_publicize_connections":[],"jetpack_sharing_enabled":true,"brands":[{"id":282,"name":"NZXT","slug":"nzxt"}],"_links":{"self":[{"href":"https:\/\/mivoot.com\/gt\/wp-json\/wp\/v2\/product\/7414","targetHints":{"allow":["GET"]}}],"collection":[{"href":"https:\/\/mivoot.com\/gt\/wp-json\/wp\/v2\/product"}],"about":[{"href":"https:\/\/mivoot.com\/gt\/wp-json\/wp\/v2\/types\/product"}],"replies":[{"embeddable":true,"href":"https:\/\/mivoot.com\/gt\/wp-json\/wp\/v2\/comments?post=7414"}],"version-history":[{"count":3,"href":"https:\/\/mivoot.com\/gt\/wp-json\/wp\/v2\/product\/7414\/revisions"}],"predecessor-version":[{"id":7452,"href":"https:\/\/mivoot.com\/gt\/wp-json\/wp\/v2\/product\/7414\/revisions\/7452"}],"wp:featuredmedia":[{"embeddable":true,"href":"https:\/\/mivoot.com\/gt\/wp-json\/wp\/v2\/media\/8449"}],"wp:attachment":[{"href":"https:\/\/mivoot.com\/gt\/wp-json\/wp\/v2\/media?parent=7414"}],"wp:term":[{"taxonomy":"pwb-brand","embeddable":true,"href":"https:\/\/mivoot.com\/gt\/wp-json\/wp\/v2\/pwb-brand?post=7414"},{"taxonomy":"product_brand","embeddable":true,"href":"https:\/\/mivoot.com\/gt\/wp-json\/wp\/v2\/product_brand?post=7414"},{"taxonomy":"product_cat","embeddable":true,"href":"https:\/\/mivoot.com\/gt\/wp-json\/wp\/v2\/product_cat?post=7414"},{"taxonomy":"product_tag","embeddable":true,"href":"https:\/\/mivoot.com\/gt\/wp-json\/wp\/v2\/product_tag?post=7414"}],"curies":[{"name":"wp","href":"https:\/\/api.w.org\/{rel}","templated":true}]}}