{"id":7489,"date":"2022-02-01T17:30:11","date_gmt":"2022-02-01T23:30:11","guid":{"rendered":"https:\/\/mivoot.com\/gt\/?post_type=product&#038;p=7489"},"modified":"2022-04-05T22:01:40","modified_gmt":"2022-04-06T04:01:40","slug":"procesador-intel-core-i5-10400-2-90ghz-10th-gen","status":"publish","type":"product","link":"https:\/\/mivoot.com\/gt\/producto\/procesador-intel-core-i5-10400-2-90ghz-10th-gen\/","title":{"rendered":"Procesador Intel Core i5 10400 2.90GHz 10th Gen"},"content":{"rendered":"<ul>\n<li>Marca:<strong>\u00a0INTEL<\/strong><\/li>\n<li>Producto:<strong>\u00a0Procesador<\/strong><\/li>\n<li>Modelo:<strong>Core\u2122 i5-10400<\/strong><\/li>\n<li>Esenciales\n<ul>\n<li>Litograf\u00eda:\u00a0<strong>14 nm<\/strong><\/li>\n<\/ul>\n<\/li>\n<li>Especificaciones de rendimiento\n<ul>\n<li># de n\u00facleos:\u00a0<strong>6<\/strong><\/li>\n<li># de los hilos:\u00a0<strong>12<\/strong><\/li>\n<li>Frecuencia base del procesador:\u00a0<strong>2.90 GHz<\/strong><\/li>\n<li>Frecuencia turbo m\u00e1xima:\u00a0<strong>4,30 GHz<\/strong><\/li>\n<li>Cache:\u00a0<strong>12 MB Intel\u00ae Smart Cache<\/strong><\/li>\n<li>Velocidad del autob\u00fas:\u00a0<strong>8 GT \/ s<\/strong><\/li>\n<li>TDP:\u00a0<strong>65 W<\/strong><\/li>\n<\/ul>\n<\/li>\n<li>Especificaciones de memoria\n<ul>\n<li>Tama\u00f1o m\u00e1ximo de memoria (depende del tipo de memoria):\u00a0<strong>128 GB<\/strong><\/li>\n<li>Tipos de memoria:\u00a0<strong>DDR4-2666<\/strong><\/li>\n<li>N\u00famero m\u00e1ximo de canales de memoria:\u00a0<strong>2<\/strong><\/li>\n<li>Ancho de banda de memoria m\u00e1xima:\u00a0<strong>41.6 GB \/ s<\/strong><\/li>\n<\/ul>\n<\/li>\n<li>Gr\u00e1ficos del procesador\n<ul>\n<li>Gr\u00e1ficos del procesador:\u00a0<strong>Gr\u00e1ficos HD Intel\u00ae 630<\/strong><\/li>\n<li>Frecuencia base de gr\u00e1ficos:\u00a0<strong>350 MHz<\/strong><\/li>\n<li>Frecuencia din\u00e1mica m\u00e1xima de gr\u00e1ficos:\u00a0<strong>1.10 GHz<\/strong><\/li>\n<li>Gr\u00e1ficos Video M\u00e1x. Memoria:\u00a0<strong>64 GB<\/strong><\/li>\n<li>Soporte 4K:\u00a0<strong>S\u00ed, a 60Hz<\/strong><\/li>\n<li>Soporte DirectX:\u00a0<strong>12<\/strong><\/li>\n<li>Soporte OpenGL:\u00a0<strong>4.5<\/strong><\/li>\n<\/ul>\n<\/li>\n<\/ul>\n<p><img fetchpriority=\"high\" decoding=\"async\" class=\"alignnone size-full wp-image-7500\" src=\"https:\/\/mivoot.com\/gt\/wp-content\/uploads\/2022\/02\/609da4a04dadb697028755.jpg\" alt=\"\" width=\"800\" height=\"800\" srcset=\"https:\/\/mivoot.com\/gt\/wp-content\/uploads\/2022\/02\/609da4a04dadb697028755.jpg 800w, https:\/\/mivoot.com\/gt\/wp-content\/uploads\/2022\/02\/609da4a04dadb697028755-250x250.jpg 250w, https:\/\/mivoot.com\/gt\/wp-content\/uploads\/2022\/02\/609da4a04dadb697028755-100x100.jpg 100w, https:\/\/mivoot.com\/gt\/wp-content\/uploads\/2022\/02\/609da4a04dadb697028755-410x410.jpg 410w, https:\/\/mivoot.com\/gt\/wp-content\/uploads\/2022\/02\/609da4a04dadb697028755-64x64.jpg 64w, https:\/\/mivoot.com\/gt\/wp-content\/uploads\/2022\/02\/609da4a04dadb697028755-300x300.jpg 300w, https:\/\/mivoot.com\/gt\/wp-content\/uploads\/2022\/02\/609da4a04dadb697028755-150x150.jpg 150w, https:\/\/mivoot.com\/gt\/wp-content\/uploads\/2022\/02\/609da4a04dadb697028755-768x768.jpg 768w\" sizes=\"(max-width: 800px) 100vw, 800px\" \/><\/p>\n<h2 class=\"titulopri-productos\">Detalle del producto<\/h2>\n<ul class=\"desc-3cols li\">\n<li class=\"col-xs-12 col-sm-4 li-productos\"><center><img decoding=\"async\" src=\"https:\/\/www.infotec.com.pe\/37202-large_default\/procesador-intel-core-i5-10400-bx8070110400-29ghz-120mb-lga-1200.jpg\" alt=\"procesador-intel-pentium-gold-g5400-3_70\" width=\"300\" height=\"300\" \/><\/center><br \/>\n<h3 class=\"titulo-productos\">Gr\u00e1ficos HD Intel<\/h3>\n<p class=\"p-productos\">Crea fant\u00e1sticas experiencias visuales en la computadora cotidiana con la tecnolog\u00eda de Gr\u00e1ficos HD Intel y los procesadores Intel Core. Disfruta de tus videos 4K preferidos con alta nitidez.<\/p>\n<\/li>\n<li class=\"col-xs-12 col-sm-4 li-productos\"><center><img decoding=\"async\" src=\"https:\/\/www.infotec.com.pe\/37203-large_default\/procesador-intel-core-i5-10400-bx8070110400-29ghz-120mb-lga-1200.jpg\" alt=\"procesador-intel-pentium-gold-g5400-3_70\" width=\"300\" height=\"300\" \/><\/center><br \/>\n<h3 class=\"titulo-productos\">Protecci\u00f3n Y Tranquilidad<\/h3>\n<p class=\"p-productos\">Consiga un incremento del rendimiento que podr\u00e1 ver y sentir, adem\u00e1s de una mayor autonom\u00eda, seguridad integrada para una mayor protecci\u00f3n y la tranquilidad que aporta la seguridad mejorada<\/p>\n<\/li>\n<li class=\"col-xs-12 col-sm-4 li-productos\"><center><img loading=\"lazy\" decoding=\"async\" src=\"https:\/\/www.infotec.com.pe\/37204-large_default\/procesador-intel-core-i5-10400-bx8070110400-29ghz-120mb-lga-1200.jpg\" alt=\"procesador-intel-pentium-gold-g5400-3_70\" width=\"300\" height=\"300\" \/><\/center><br \/>\n<h3 class=\"titulo-productos\">Tecnolog\u00eda Intel de virtualizaci\u00f3n<\/h3>\n<p class=\"p-productos\">La tecnolog\u00eda Intel de virtualizaci\u00f3n representa una creciente cartera de tecnolog\u00edas y funciones que convierten la virtualizaci\u00f3n en una opci\u00f3n pr\u00e1ctica.<\/p>\n<\/li>\n<\/ul>\n<p><img decoding=\"async\" src=\"https:\/\/m.media-amazon.com\/images\/S\/aplus-media\/vc\/2620cf88-5d8f-4105-8ea9-14827ce219fc.__CR1,0,1998,618_PT0_SX970_V1___.jpg\" alt=\"Procesador Intel Core i4-10400 para equipos de sobremesa de 10\u00aa generaci\u00f3n\" \/><\/p>\n<p><img decoding=\"async\" src=\"https:\/\/m.media-amazon.com\/images\/S\/aplus-media\/vc\/90b69810-1681-4456-b232-08b2e93446ab.__CR1,0,1998,618_PT0_SX970_V1___.jpg\" alt=\"Procesador Intel Core i4-10400 para equipos de sobremesa de 10\u00aa generaci\u00f3n\" \/><\/p>\n<p>&nbsp;<\/p>\n<p><img decoding=\"async\" src=\"https:\/\/m.media-amazon.com\/images\/S\/aplus-media\/vc\/036bb899-f19c-4485-b730-d2a7d75cff9b.__CR1,0,1998,618_PT0_SX970_V1___.jpg\" alt=\"Procesador Intel Core i4-10400 para equipos de sobremesa de 10\u00aa generaci\u00f3n\" \/><img decoding=\"async\" src=\"https:\/\/m.media-amazon.com\/images\/S\/aplus-media\/vc\/1ff1b3e9-0930-467d-a2b4-16e545b07b07.__CR1,0,1998,618_PT0_SX970_V1___.jpg\" alt=\"Procesador Intel Core i4-10400 para equipos de sobremesa de 10\u00aa generaci\u00f3n\" \/><\/p>\n","protected":false},"excerpt":{"rendered":"<p>Modelo de CPU Core i5<br \/>\nVelocidad de la CPU 2.9 GHz<br \/>\nZ\u00f3calo de CPU BGA 437<br \/>\nSobre este art\u00edculo<br \/>\n6 n\u00facleos \/ 12 hilos<br \/>\nTipo de casquillo: LGA 1200<br \/>\nHasta 4. 3 GHz<br \/>\nCompatible con placas base basadas en chipset Intel 400<br \/>\nCompatible con memoria Intel Optane<br \/>\nEnfriador incluido<\/p>\n","protected":false},"featured_media":7497,"comment_status":"open","ping_status":"closed","template":"","meta":{"jetpack_publicize_message":"","jetpack_publicize_feature_enabled":true,"jetpack_social_post_already_shared":false,"jetpack_social_options":{"image_generator_settings":{"template":"highway","default_image_id":0,"font":"","enabled":false},"version":2}},"pwb-brand":[99],"product_brand":[],"product_cat":[44],"product_tag":[],"class_list":{"0":"post-7489","1":"product","2":"type-product","3":"status-publish","4":"has-post-thumbnail","6":"pwb-brand-intel","7":"product_cat-procesadores","9":"first","10":"instock","11":"sale","12":"taxable","13":"shipping-taxable","14":"purchasable","15":"product-type-simple"},"yoast_head":"<!-- This site is optimized with the Yoast SEO Premium plugin v25.7.1 (Yoast SEO v26.8) - https:\/\/yoast.com\/product\/yoast-seo-premium-wordpress\/ -->\n<title>Procesador Intel Core i5 10400 2.90GHz 10th Gen - Mivoot<\/title>\n<meta name=\"robots\" content=\"index, follow, max-snippet:-1, max-image-preview:large, max-video-preview:-1\" \/>\n<link rel=\"canonical\" href=\"https:\/\/mivoot.com\/gt\/producto\/procesador-intel-core-i5-10400-2-90ghz-10th-gen\/\" \/>\n<meta property=\"og:locale\" content=\"es_ES\" \/>\n<meta property=\"og:type\" content=\"article\" \/>\n<meta property=\"og:title\" content=\"Procesador Intel Core i5 10400 2.90GHz 10th Gen\" \/>\n<meta property=\"og:description\" content=\"Modelo de CPU Core i5 Velocidad de la CPU 2.9 GHz Z\u00f3calo de CPU BGA 437 Sobre este art\u00edculo 6 n\u00facleos \/ 12 hilos Tipo de casquillo: LGA 1200 Hasta 4. 3 GHz Compatible con placas base basadas en chipset Intel 400 Compatible con memoria Intel Optane Enfriador incluido\" \/>\n<meta property=\"og:url\" content=\"https:\/\/mivoot.com\/gt\/producto\/procesador-intel-core-i5-10400-2-90ghz-10th-gen\/\" \/>\n<meta property=\"og:site_name\" content=\"Mivoot\" \/>\n<meta property=\"article:publisher\" content=\"https:\/\/www.facebook.com\/mivootgt\" \/>\n<meta property=\"article:modified_time\" content=\"2022-04-06T04:01:40+00:00\" \/>\n<meta property=\"og:image\" content=\"https:\/\/mivoot.com\/gt\/wp-content\/uploads\/2022\/02\/61mX0OPQguL._AC_SL1500_.jpg\" \/>\n\t<meta property=\"og:image:width\" content=\"1500\" \/>\n\t<meta property=\"og:image:height\" content=\"1248\" \/>\n\t<meta property=\"og:image:type\" content=\"image\/jpeg\" \/>\n<meta name=\"twitter:card\" content=\"summary_large_image\" \/>\n<meta name=\"twitter:label1\" content=\"Est. reading time\" \/>\n\t<meta name=\"twitter:data1\" content=\"3 minutos\" \/>\n<script type=\"application\/ld+json\" class=\"yoast-schema-graph\">{\"@context\":\"https:\/\/schema.org\",\"@graph\":[{\"@type\":\"WebPage\",\"@id\":\"https:\/\/mivoot.com\/gt\/producto\/procesador-intel-core-i5-10400-2-90ghz-10th-gen\/\",\"url\":\"https:\/\/mivoot.com\/gt\/producto\/procesador-intel-core-i5-10400-2-90ghz-10th-gen\/\",\"name\":\"Procesador Intel Core i5 10400 2.90GHz 10th Gen - Mivoot\",\"isPartOf\":{\"@id\":\"https:\/\/mivoot.com\/gt\/#website\"},\"primaryImageOfPage\":{\"@id\":\"https:\/\/mivoot.com\/gt\/producto\/procesador-intel-core-i5-10400-2-90ghz-10th-gen\/#primaryimage\"},\"image\":{\"@id\":\"https:\/\/mivoot.com\/gt\/producto\/procesador-intel-core-i5-10400-2-90ghz-10th-gen\/#primaryimage\"},\"thumbnailUrl\":\"https:\/\/mivoot.com\/gt\/wp-content\/uploads\/2022\/02\/61mX0OPQguL._AC_SL1500_.jpg\",\"datePublished\":\"2022-02-01T23:30:11+00:00\",\"dateModified\":\"2022-04-06T04:01:40+00:00\",\"breadcrumb\":{\"@id\":\"https:\/\/mivoot.com\/gt\/producto\/procesador-intel-core-i5-10400-2-90ghz-10th-gen\/#breadcrumb\"},\"inLanguage\":\"es\",\"potentialAction\":[{\"@type\":\"ReadAction\",\"target\":[\"https:\/\/mivoot.com\/gt\/producto\/procesador-intel-core-i5-10400-2-90ghz-10th-gen\/\"]}]},{\"@type\":\"ImageObject\",\"inLanguage\":\"es\",\"@id\":\"https:\/\/mivoot.com\/gt\/producto\/procesador-intel-core-i5-10400-2-90ghz-10th-gen\/#primaryimage\",\"url\":\"https:\/\/mivoot.com\/gt\/wp-content\/uploads\/2022\/02\/61mX0OPQguL._AC_SL1500_.jpg\",\"contentUrl\":\"https:\/\/mivoot.com\/gt\/wp-content\/uploads\/2022\/02\/61mX0OPQguL._AC_SL1500_.jpg\",\"width\":1500,\"height\":1248},{\"@type\":\"BreadcrumbList\",\"@id\":\"https:\/\/mivoot.com\/gt\/producto\/procesador-intel-core-i5-10400-2-90ghz-10th-gen\/#breadcrumb\",\"itemListElement\":[{\"@type\":\"ListItem\",\"position\":1,\"name\":\"Inicio\",\"item\":\"https:\/\/mivoot.com\/gt\/\"},{\"@type\":\"ListItem\",\"position\":2,\"name\":\"Productos\",\"item\":\"https:\/\/mivoot.com\/gt\/producto\/\"},{\"@type\":\"ListItem\",\"position\":3,\"name\":\"Intel\",\"item\":\"https:\/\/mivoot.com\/gt\/marca\/intel\/\"},{\"@type\":\"ListItem\",\"position\":4,\"name\":\"Procesador Intel Core i5 10400 2.90GHz 10th Gen\"}]},{\"@type\":\"WebSite\",\"@id\":\"https:\/\/mivoot.com\/gt\/#website\",\"url\":\"https:\/\/mivoot.com\/gt\/\",\"name\":\"Mivoot\",\"description\":\"Mivoot Guatemala | Tienda Online\",\"publisher\":{\"@id\":\"https:\/\/mivoot.com\/gt\/#organization\"},\"alternateName\":\"mivoot\",\"potentialAction\":[{\"@type\":\"SearchAction\",\"target\":{\"@type\":\"EntryPoint\",\"urlTemplate\":\"https:\/\/mivoot.com\/gt\/?s={search_term_string}\"},\"query-input\":{\"@type\":\"PropertyValueSpecification\",\"valueRequired\":true,\"valueName\":\"search_term_string\"}}],\"inLanguage\":\"es\"},{\"@type\":\"Organization\",\"@id\":\"https:\/\/mivoot.com\/gt\/#organization\",\"name\":\"Mivoot Guatemala\",\"alternateName\":\"mivoot.com\",\"url\":\"https:\/\/mivoot.com\/gt\/\",\"logo\":{\"@type\":\"ImageObject\",\"inLanguage\":\"es\",\"@id\":\"https:\/\/mivoot.com\/gt\/#\/schema\/logo\/image\/\",\"url\":\"https:\/\/mivoot.com\/gt\/wp-content\/uploads\/2023\/03\/cropped-icon.png\",\"contentUrl\":\"https:\/\/mivoot.com\/gt\/wp-content\/uploads\/2023\/03\/cropped-icon.png\",\"width\":512,\"height\":512,\"caption\":\"Mivoot Guatemala\"},\"image\":{\"@id\":\"https:\/\/mivoot.com\/gt\/#\/schema\/logo\/image\/\"},\"sameAs\":[\"https:\/\/www.facebook.com\/mivootgt\",\"https:\/\/instagram.com\/mivoot\"]}]}<\/script>\n<!-- \/ Yoast SEO Premium plugin. -->","yoast_head_json":{"title":"Procesador Intel Core i5 10400 2.90GHz 10th Gen - Mivoot","robots":{"index":"index","follow":"follow","max-snippet":"max-snippet:-1","max-image-preview":"max-image-preview:large","max-video-preview":"max-video-preview:-1"},"canonical":"https:\/\/mivoot.com\/gt\/producto\/procesador-intel-core-i5-10400-2-90ghz-10th-gen\/","og_locale":"es_ES","og_type":"article","og_title":"Procesador Intel Core i5 10400 2.90GHz 10th Gen","og_description":"Modelo de CPU Core i5 Velocidad de la CPU 2.9 GHz Z\u00f3calo de CPU BGA 437 Sobre este art\u00edculo 6 n\u00facleos \/ 12 hilos Tipo de casquillo: LGA 1200 Hasta 4. 3 GHz Compatible con placas base basadas en chipset Intel 400 Compatible con memoria Intel Optane Enfriador incluido","og_url":"https:\/\/mivoot.com\/gt\/producto\/procesador-intel-core-i5-10400-2-90ghz-10th-gen\/","og_site_name":"Mivoot","article_publisher":"https:\/\/www.facebook.com\/mivootgt","article_modified_time":"2022-04-06T04:01:40+00:00","og_image":[{"width":1500,"height":1248,"url":"https:\/\/mivoot.com\/gt\/wp-content\/uploads\/2022\/02\/61mX0OPQguL._AC_SL1500_.jpg","type":"image\/jpeg"}],"twitter_card":"summary_large_image","twitter_misc":{"Est. reading time":"3 minutos"},"schema":{"@context":"https:\/\/schema.org","@graph":[{"@type":"WebPage","@id":"https:\/\/mivoot.com\/gt\/producto\/procesador-intel-core-i5-10400-2-90ghz-10th-gen\/","url":"https:\/\/mivoot.com\/gt\/producto\/procesador-intel-core-i5-10400-2-90ghz-10th-gen\/","name":"Procesador Intel Core i5 10400 2.90GHz 10th Gen - Mivoot","isPartOf":{"@id":"https:\/\/mivoot.com\/gt\/#website"},"primaryImageOfPage":{"@id":"https:\/\/mivoot.com\/gt\/producto\/procesador-intel-core-i5-10400-2-90ghz-10th-gen\/#primaryimage"},"image":{"@id":"https:\/\/mivoot.com\/gt\/producto\/procesador-intel-core-i5-10400-2-90ghz-10th-gen\/#primaryimage"},"thumbnailUrl":"https:\/\/mivoot.com\/gt\/wp-content\/uploads\/2022\/02\/61mX0OPQguL._AC_SL1500_.jpg","datePublished":"2022-02-01T23:30:11+00:00","dateModified":"2022-04-06T04:01:40+00:00","breadcrumb":{"@id":"https:\/\/mivoot.com\/gt\/producto\/procesador-intel-core-i5-10400-2-90ghz-10th-gen\/#breadcrumb"},"inLanguage":"es","potentialAction":[{"@type":"ReadAction","target":["https:\/\/mivoot.com\/gt\/producto\/procesador-intel-core-i5-10400-2-90ghz-10th-gen\/"]}]},{"@type":"ImageObject","inLanguage":"es","@id":"https:\/\/mivoot.com\/gt\/producto\/procesador-intel-core-i5-10400-2-90ghz-10th-gen\/#primaryimage","url":"https:\/\/mivoot.com\/gt\/wp-content\/uploads\/2022\/02\/61mX0OPQguL._AC_SL1500_.jpg","contentUrl":"https:\/\/mivoot.com\/gt\/wp-content\/uploads\/2022\/02\/61mX0OPQguL._AC_SL1500_.jpg","width":1500,"height":1248},{"@type":"BreadcrumbList","@id":"https:\/\/mivoot.com\/gt\/producto\/procesador-intel-core-i5-10400-2-90ghz-10th-gen\/#breadcrumb","itemListElement":[{"@type":"ListItem","position":1,"name":"Inicio","item":"https:\/\/mivoot.com\/gt\/"},{"@type":"ListItem","position":2,"name":"Productos","item":"https:\/\/mivoot.com\/gt\/producto\/"},{"@type":"ListItem","position":3,"name":"Intel","item":"https:\/\/mivoot.com\/gt\/marca\/intel\/"},{"@type":"ListItem","position":4,"name":"Procesador Intel Core i5 10400 2.90GHz 10th Gen"}]},{"@type":"WebSite","@id":"https:\/\/mivoot.com\/gt\/#website","url":"https:\/\/mivoot.com\/gt\/","name":"Mivoot","description":"Mivoot Guatemala | Tienda Online","publisher":{"@id":"https:\/\/mivoot.com\/gt\/#organization"},"alternateName":"mivoot","potentialAction":[{"@type":"SearchAction","target":{"@type":"EntryPoint","urlTemplate":"https:\/\/mivoot.com\/gt\/?s={search_term_string}"},"query-input":{"@type":"PropertyValueSpecification","valueRequired":true,"valueName":"search_term_string"}}],"inLanguage":"es"},{"@type":"Organization","@id":"https:\/\/mivoot.com\/gt\/#organization","name":"Mivoot Guatemala","alternateName":"mivoot.com","url":"https:\/\/mivoot.com\/gt\/","logo":{"@type":"ImageObject","inLanguage":"es","@id":"https:\/\/mivoot.com\/gt\/#\/schema\/logo\/image\/","url":"https:\/\/mivoot.com\/gt\/wp-content\/uploads\/2023\/03\/cropped-icon.png","contentUrl":"https:\/\/mivoot.com\/gt\/wp-content\/uploads\/2023\/03\/cropped-icon.png","width":512,"height":512,"caption":"Mivoot Guatemala"},"image":{"@id":"https:\/\/mivoot.com\/gt\/#\/schema\/logo\/image\/"},"sameAs":["https:\/\/www.facebook.com\/mivootgt","https:\/\/instagram.com\/mivoot"]}]}},"jetpack_publicize_connections":[],"jetpack_sharing_enabled":true,"brands":[{"id":99,"name":"Intel","slug":"intel"}],"_links":{"self":[{"href":"https:\/\/mivoot.com\/gt\/wp-json\/wp\/v2\/product\/7489","targetHints":{"allow":["GET"]}}],"collection":[{"href":"https:\/\/mivoot.com\/gt\/wp-json\/wp\/v2\/product"}],"about":[{"href":"https:\/\/mivoot.com\/gt\/wp-json\/wp\/v2\/types\/product"}],"replies":[{"embeddable":true,"href":"https:\/\/mivoot.com\/gt\/wp-json\/wp\/v2\/comments?post=7489"}],"version-history":[{"count":4,"href":"https:\/\/mivoot.com\/gt\/wp-json\/wp\/v2\/product\/7489\/revisions"}],"predecessor-version":[{"id":7501,"href":"https:\/\/mivoot.com\/gt\/wp-json\/wp\/v2\/product\/7489\/revisions\/7501"}],"wp:featuredmedia":[{"embeddable":true,"href":"https:\/\/mivoot.com\/gt\/wp-json\/wp\/v2\/media\/7497"}],"wp:attachment":[{"href":"https:\/\/mivoot.com\/gt\/wp-json\/wp\/v2\/media?parent=7489"}],"wp:term":[{"taxonomy":"pwb-brand","embeddable":true,"href":"https:\/\/mivoot.com\/gt\/wp-json\/wp\/v2\/pwb-brand?post=7489"},{"taxonomy":"product_brand","embeddable":true,"href":"https:\/\/mivoot.com\/gt\/wp-json\/wp\/v2\/product_brand?post=7489"},{"taxonomy":"product_cat","embeddable":true,"href":"https:\/\/mivoot.com\/gt\/wp-json\/wp\/v2\/product_cat?post=7489"},{"taxonomy":"product_tag","embeddable":true,"href":"https:\/\/mivoot.com\/gt\/wp-json\/wp\/v2\/product_tag?post=7489"}],"curies":[{"name":"wp","href":"https:\/\/api.w.org\/{rel}","templated":true}]}}