{"id":7545,"date":"2022-02-07T23:17:23","date_gmt":"2022-02-08T05:17:23","guid":{"rendered":"https:\/\/mivoot.com\/gt\/?post_type=product&#038;p=7545"},"modified":"2024-08-03T20:20:17","modified_gmt":"2024-08-04T02:20:17","slug":"camara-de-seguridad-interior-inalambrica","status":"publish","type":"product","link":"https:\/\/mivoot.com\/gt\/producto\/camara-de-seguridad-interior-inalambrica\/","title":{"rendered":"C\u00e1mara de Seguridad interior Inal\u00e1mbrica Full HD NexHT"},"content":{"rendered":"<ul class=\"bullets\">\n<li tabindex=\"0\">Control de tel\u00e9fono inteligente: acceda a su c\u00e1mara con la aplicaci\u00f3n NexHT en su dispositivo m\u00f3vil para controlar y ver en cualquier momento y en cualquier lugar<\/li>\n<li tabindex=\"0\">Capture escenas panor\u00e1micas completas en alta definici\u00f3n brillante de 1080p casi sin puntos ciegos, incluida la transmisi\u00f3n en vivo de alta definici\u00f3n de 1080p que va directamente a su tel\u00e9fono inteligente<\/li>\n<li tabindex=\"0\">Reciba alertas de actividad en tiempo real siempre que se detecte movimiento, as\u00ed como videos de seguimiento de movimiento de 30 segundos que centran el objeto en movimiento<\/li>\n<li tabindex=\"0\">La c\u00e1mara puede evitar el riesgo de perder im\u00e1genes importantes de una tarjeta SD al proporcionar la compresi\u00f3n m\u00e1s eficiente, lo que garantiza que todos sus videos est\u00e9n seguros y protegidos.<\/li>\n<li tabindex=\"0\">La c\u00e1mara utiliza un sensor mejorado y 9 LED infrarrojos que ampl\u00edan la distancia de visualizaci\u00f3n en la oscuridad total sin contaminaci\u00f3n lum\u00ednica, capturando escenas nocturnas con mayor detalle y protegiendo a su familia de la perturbaci\u00f3n del resplandor LED.<\/li>\n<li tabindex=\"0\">El modo manos libres de la c\u00e1mara permite una conversaci\u00f3n bidireccional flexible con sus seres queridos dondequiera que est\u00e9<\/li>\n<\/ul>\n<p>&nbsp;<\/p>\n","protected":false},"excerpt":{"rendered":"<div class=\"woocommerce-product-details__short-description\">\n<p>La Cam\u00e1ra de seguridad de NexHT 1080p Full HD cuenta con un sistema de vigilancia IP inal\u00e1mbrico con vista panor\u00e1mica de navegaci\u00f3n en 3D, visi\u00f3n nocturna, audio bidireccional, detecci\u00f3n de movimiento, y Servicio en la nube disponible para iOS o Android. \u00a1Todo lo que necesitas en un sistema de vigilancia!<\/p>\n<p>Plataforma: S.360eye.cc<br \/>\nSensor de imagen: 1-3 CMOS HD Sensor CMOS de 2 megap\u00edxeles<br \/>\nFormato de video manual: MP4<br \/>\nVelocidad de fotogramas de video: M\u00e1x. 25 fotogramas<br \/>\nLente incorporada: 3.6MM<br \/>\nNoche infrarroja Efecto de visi\u00f3n: la l\u00e1mpara LED de visi\u00f3n nocturna de 10 metros (cambio autom\u00e1tico IR-CUT)<br \/>\nAlmacenamiento: admite tarjeta de 128 GB insertada en MicroSD, admite 24 horas de video o alarma de video<br \/>\nWi-Fi: Wi-Fi 802.11bgn<\/p>\n<\/div>\n<form class=\"cart\" action=\"https:\/\/54.209.51.115\/producto\/nexht-camara-de-seguridad-inalambrica-full-hd-modelo-86306\/\" enctype=\"multipart\/form-data\" method=\"post\">\n<div class=\"quantity\"><\/div>\n<\/form>\n","protected":false},"featured_media":7551,"comment_status":"open","ping_status":"closed","template":"","meta":{"jetpack_publicize_message":"","jetpack_publicize_feature_enabled":true,"jetpack_social_post_already_shared":false,"jetpack_social_options":{"image_generator_settings":{"template":"highway","default_image_id":0,"font":"","enabled":false},"version":2}},"pwb-brand":[286],"product_brand":[],"product_cat":[16,401],"product_tag":[285],"class_list":{"0":"post-7545","1":"product","2":"type-product","3":"status-publish","4":"has-post-thumbnail","6":"pwb-brand-nexht","7":"product_cat-camaras-de-seguridad","8":"product_cat-camaras-wi-fi-inalambricas","9":"product_tag-camara-wi-fi","11":"first","12":"onbackorder","13":"taxable","14":"shipping-taxable","15":"purchasable","16":"product-type-simple"},"yoast_head":"<!-- This site is optimized with the Yoast SEO Premium plugin v25.7.1 (Yoast SEO v26.8) - https:\/\/yoast.com\/product\/yoast-seo-premium-wordpress\/ -->\n<title>C\u00e1mara de Seguridad interior Inal\u00e1mbrica Full HD NexHT - Mivoot<\/title>\n<meta name=\"robots\" content=\"index, follow, max-snippet:-1, max-image-preview:large, max-video-preview:-1\" \/>\n<link rel=\"canonical\" href=\"https:\/\/mivoot.com\/gt\/producto\/camara-de-seguridad-interior-inalambrica\/\" \/>\n<meta property=\"og:locale\" content=\"es_ES\" \/>\n<meta property=\"og:type\" content=\"article\" \/>\n<meta property=\"og:title\" content=\"C\u00e1mara de Seguridad interior Inal\u00e1mbrica Full HD NexHT\" \/>\n<meta property=\"og:description\" content=\"La Cam\u00e1ra de seguridad de NexHT 1080p Full HD cuenta con un sistema de vigilancia IP inal\u00e1mbrico con vista panor\u00e1mica de navegaci\u00f3n en 3D, visi\u00f3n nocturna, audio bidireccional, detecci\u00f3n de movimiento, y Servicio en la nube disponible para iOS o Android. \u00a1Todo lo que necesitas en un sistema de vigilancia!  Plataforma: S.360eye.cc Sensor de imagen: 1-3 CMOS HD Sensor CMOS de 2 megap\u00edxeles Formato de video manual: MP4 Velocidad de fotogramas de video: M\u00e1x. 25 fotogramas Lente incorporada: 3.6MM Noche infrarroja Efecto de visi\u00f3n: la l\u00e1mpara LED de visi\u00f3n nocturna de 10 metros (cambio autom\u00e1tico IR-CUT) Almacenamiento: admite tarjeta de 128 GB insertada en MicroSD, admite 24 horas de video o alarma de video Wi-Fi: Wi-Fi 802.11bgn\" \/>\n<meta property=\"og:url\" content=\"https:\/\/mivoot.com\/gt\/producto\/camara-de-seguridad-interior-inalambrica\/\" \/>\n<meta property=\"og:site_name\" content=\"Mivoot\" \/>\n<meta property=\"article:publisher\" content=\"https:\/\/www.facebook.com\/mivootgt\" \/>\n<meta property=\"article:modified_time\" content=\"2024-08-04T02:20:17+00:00\" \/>\n<meta property=\"og:image\" content=\"https:\/\/mivoot.com\/gt\/wp-content\/uploads\/2022\/02\/22055ef1f90044e4f23be330725f4668eeb1a49f_512090_04.jpg\" \/>\n\t<meta property=\"og:image:width\" content=\"500\" \/>\n\t<meta property=\"og:image:height\" content=\"500\" \/>\n\t<meta property=\"og:image:type\" content=\"image\/jpeg\" \/>\n<meta name=\"twitter:card\" content=\"summary_large_image\" \/>\n<meta name=\"twitter:label1\" content=\"Est. reading time\" \/>\n\t<meta name=\"twitter:data1\" content=\"1 minuto\" \/>\n<script type=\"application\/ld+json\" class=\"yoast-schema-graph\">{\"@context\":\"https:\/\/schema.org\",\"@graph\":[{\"@type\":\"WebPage\",\"@id\":\"https:\/\/mivoot.com\/gt\/producto\/camara-de-seguridad-interior-inalambrica\/\",\"url\":\"https:\/\/mivoot.com\/gt\/producto\/camara-de-seguridad-interior-inalambrica\/\",\"name\":\"C\u00e1mara de Seguridad interior Inal\u00e1mbrica Full HD NexHT - Mivoot\",\"isPartOf\":{\"@id\":\"https:\/\/mivoot.com\/gt\/#website\"},\"primaryImageOfPage\":{\"@id\":\"https:\/\/mivoot.com\/gt\/producto\/camara-de-seguridad-interior-inalambrica\/#primaryimage\"},\"image\":{\"@id\":\"https:\/\/mivoot.com\/gt\/producto\/camara-de-seguridad-interior-inalambrica\/#primaryimage\"},\"thumbnailUrl\":\"https:\/\/mivoot.com\/gt\/wp-content\/uploads\/2022\/02\/22055ef1f90044e4f23be330725f4668eeb1a49f_512090_04.jpg\",\"datePublished\":\"2022-02-08T05:17:23+00:00\",\"dateModified\":\"2024-08-04T02:20:17+00:00\",\"breadcrumb\":{\"@id\":\"https:\/\/mivoot.com\/gt\/producto\/camara-de-seguridad-interior-inalambrica\/#breadcrumb\"},\"inLanguage\":\"es\",\"potentialAction\":[{\"@type\":\"ReadAction\",\"target\":[\"https:\/\/mivoot.com\/gt\/producto\/camara-de-seguridad-interior-inalambrica\/\"]}]},{\"@type\":\"ImageObject\",\"inLanguage\":\"es\",\"@id\":\"https:\/\/mivoot.com\/gt\/producto\/camara-de-seguridad-interior-inalambrica\/#primaryimage\",\"url\":\"https:\/\/mivoot.com\/gt\/wp-content\/uploads\/2022\/02\/22055ef1f90044e4f23be330725f4668eeb1a49f_512090_04.jpg\",\"contentUrl\":\"https:\/\/mivoot.com\/gt\/wp-content\/uploads\/2022\/02\/22055ef1f90044e4f23be330725f4668eeb1a49f_512090_04.jpg\",\"width\":500,\"height\":500},{\"@type\":\"BreadcrumbList\",\"@id\":\"https:\/\/mivoot.com\/gt\/producto\/camara-de-seguridad-interior-inalambrica\/#breadcrumb\",\"itemListElement\":[{\"@type\":\"ListItem\",\"position\":1,\"name\":\"Inicio\",\"item\":\"https:\/\/mivoot.com\/gt\/\"},{\"@type\":\"ListItem\",\"position\":2,\"name\":\"Productos\",\"item\":\"https:\/\/mivoot.com\/gt\/producto\/\"},{\"@type\":\"ListItem\",\"position\":3,\"name\":\"NexHT\",\"item\":\"https:\/\/mivoot.com\/gt\/marca\/nexht\/\"},{\"@type\":\"ListItem\",\"position\":4,\"name\":\"C\u00e1mara de Seguridad interior Inal\u00e1mbrica Full HD NexHT\"}]},{\"@type\":\"WebSite\",\"@id\":\"https:\/\/mivoot.com\/gt\/#website\",\"url\":\"https:\/\/mivoot.com\/gt\/\",\"name\":\"Mivoot\",\"description\":\"Mivoot Guatemala | Tienda Online\",\"publisher\":{\"@id\":\"https:\/\/mivoot.com\/gt\/#organization\"},\"alternateName\":\"mivoot\",\"potentialAction\":[{\"@type\":\"SearchAction\",\"target\":{\"@type\":\"EntryPoint\",\"urlTemplate\":\"https:\/\/mivoot.com\/gt\/?s={search_term_string}\"},\"query-input\":{\"@type\":\"PropertyValueSpecification\",\"valueRequired\":true,\"valueName\":\"search_term_string\"}}],\"inLanguage\":\"es\"},{\"@type\":\"Organization\",\"@id\":\"https:\/\/mivoot.com\/gt\/#organization\",\"name\":\"Mivoot Guatemala\",\"alternateName\":\"mivoot.com\",\"url\":\"https:\/\/mivoot.com\/gt\/\",\"logo\":{\"@type\":\"ImageObject\",\"inLanguage\":\"es\",\"@id\":\"https:\/\/mivoot.com\/gt\/#\/schema\/logo\/image\/\",\"url\":\"https:\/\/mivoot.com\/gt\/wp-content\/uploads\/2023\/03\/cropped-icon.png\",\"contentUrl\":\"https:\/\/mivoot.com\/gt\/wp-content\/uploads\/2023\/03\/cropped-icon.png\",\"width\":512,\"height\":512,\"caption\":\"Mivoot Guatemala\"},\"image\":{\"@id\":\"https:\/\/mivoot.com\/gt\/#\/schema\/logo\/image\/\"},\"sameAs\":[\"https:\/\/www.facebook.com\/mivootgt\",\"https:\/\/instagram.com\/mivoot\"]}]}<\/script>\n<!-- \/ Yoast SEO Premium plugin. -->","yoast_head_json":{"title":"C\u00e1mara de Seguridad interior Inal\u00e1mbrica Full HD NexHT - Mivoot","robots":{"index":"index","follow":"follow","max-snippet":"max-snippet:-1","max-image-preview":"max-image-preview:large","max-video-preview":"max-video-preview:-1"},"canonical":"https:\/\/mivoot.com\/gt\/producto\/camara-de-seguridad-interior-inalambrica\/","og_locale":"es_ES","og_type":"article","og_title":"C\u00e1mara de Seguridad interior Inal\u00e1mbrica Full HD NexHT","og_description":"La Cam\u00e1ra de seguridad de NexHT 1080p Full HD cuenta con un sistema de vigilancia IP inal\u00e1mbrico con vista panor\u00e1mica de navegaci\u00f3n en 3D, visi\u00f3n nocturna, audio bidireccional, detecci\u00f3n de movimiento, y Servicio en la nube disponible para iOS o Android. \u00a1Todo lo que necesitas en un sistema de vigilancia!  Plataforma: S.360eye.cc Sensor de imagen: 1-3 CMOS HD Sensor CMOS de 2 megap\u00edxeles Formato de video manual: MP4 Velocidad de fotogramas de video: M\u00e1x. 25 fotogramas Lente incorporada: 3.6MM Noche infrarroja Efecto de visi\u00f3n: la l\u00e1mpara LED de visi\u00f3n nocturna de 10 metros (cambio autom\u00e1tico IR-CUT) Almacenamiento: admite tarjeta de 128 GB insertada en MicroSD, admite 24 horas de video o alarma de video Wi-Fi: Wi-Fi 802.11bgn","og_url":"https:\/\/mivoot.com\/gt\/producto\/camara-de-seguridad-interior-inalambrica\/","og_site_name":"Mivoot","article_publisher":"https:\/\/www.facebook.com\/mivootgt","article_modified_time":"2024-08-04T02:20:17+00:00","og_image":[{"width":500,"height":500,"url":"https:\/\/mivoot.com\/gt\/wp-content\/uploads\/2022\/02\/22055ef1f90044e4f23be330725f4668eeb1a49f_512090_04.jpg","type":"image\/jpeg"}],"twitter_card":"summary_large_image","twitter_misc":{"Est. reading time":"1 minuto"},"schema":{"@context":"https:\/\/schema.org","@graph":[{"@type":"WebPage","@id":"https:\/\/mivoot.com\/gt\/producto\/camara-de-seguridad-interior-inalambrica\/","url":"https:\/\/mivoot.com\/gt\/producto\/camara-de-seguridad-interior-inalambrica\/","name":"C\u00e1mara de Seguridad interior Inal\u00e1mbrica Full HD NexHT - Mivoot","isPartOf":{"@id":"https:\/\/mivoot.com\/gt\/#website"},"primaryImageOfPage":{"@id":"https:\/\/mivoot.com\/gt\/producto\/camara-de-seguridad-interior-inalambrica\/#primaryimage"},"image":{"@id":"https:\/\/mivoot.com\/gt\/producto\/camara-de-seguridad-interior-inalambrica\/#primaryimage"},"thumbnailUrl":"https:\/\/mivoot.com\/gt\/wp-content\/uploads\/2022\/02\/22055ef1f90044e4f23be330725f4668eeb1a49f_512090_04.jpg","datePublished":"2022-02-08T05:17:23+00:00","dateModified":"2024-08-04T02:20:17+00:00","breadcrumb":{"@id":"https:\/\/mivoot.com\/gt\/producto\/camara-de-seguridad-interior-inalambrica\/#breadcrumb"},"inLanguage":"es","potentialAction":[{"@type":"ReadAction","target":["https:\/\/mivoot.com\/gt\/producto\/camara-de-seguridad-interior-inalambrica\/"]}]},{"@type":"ImageObject","inLanguage":"es","@id":"https:\/\/mivoot.com\/gt\/producto\/camara-de-seguridad-interior-inalambrica\/#primaryimage","url":"https:\/\/mivoot.com\/gt\/wp-content\/uploads\/2022\/02\/22055ef1f90044e4f23be330725f4668eeb1a49f_512090_04.jpg","contentUrl":"https:\/\/mivoot.com\/gt\/wp-content\/uploads\/2022\/02\/22055ef1f90044e4f23be330725f4668eeb1a49f_512090_04.jpg","width":500,"height":500},{"@type":"BreadcrumbList","@id":"https:\/\/mivoot.com\/gt\/producto\/camara-de-seguridad-interior-inalambrica\/#breadcrumb","itemListElement":[{"@type":"ListItem","position":1,"name":"Inicio","item":"https:\/\/mivoot.com\/gt\/"},{"@type":"ListItem","position":2,"name":"Productos","item":"https:\/\/mivoot.com\/gt\/producto\/"},{"@type":"ListItem","position":3,"name":"NexHT","item":"https:\/\/mivoot.com\/gt\/marca\/nexht\/"},{"@type":"ListItem","position":4,"name":"C\u00e1mara de Seguridad interior Inal\u00e1mbrica Full HD NexHT"}]},{"@type":"WebSite","@id":"https:\/\/mivoot.com\/gt\/#website","url":"https:\/\/mivoot.com\/gt\/","name":"Mivoot","description":"Mivoot Guatemala | Tienda Online","publisher":{"@id":"https:\/\/mivoot.com\/gt\/#organization"},"alternateName":"mivoot","potentialAction":[{"@type":"SearchAction","target":{"@type":"EntryPoint","urlTemplate":"https:\/\/mivoot.com\/gt\/?s={search_term_string}"},"query-input":{"@type":"PropertyValueSpecification","valueRequired":true,"valueName":"search_term_string"}}],"inLanguage":"es"},{"@type":"Organization","@id":"https:\/\/mivoot.com\/gt\/#organization","name":"Mivoot Guatemala","alternateName":"mivoot.com","url":"https:\/\/mivoot.com\/gt\/","logo":{"@type":"ImageObject","inLanguage":"es","@id":"https:\/\/mivoot.com\/gt\/#\/schema\/logo\/image\/","url":"https:\/\/mivoot.com\/gt\/wp-content\/uploads\/2023\/03\/cropped-icon.png","contentUrl":"https:\/\/mivoot.com\/gt\/wp-content\/uploads\/2023\/03\/cropped-icon.png","width":512,"height":512,"caption":"Mivoot Guatemala"},"image":{"@id":"https:\/\/mivoot.com\/gt\/#\/schema\/logo\/image\/"},"sameAs":["https:\/\/www.facebook.com\/mivootgt","https:\/\/instagram.com\/mivoot"]}]}},"jetpack_publicize_connections":[],"jetpack_sharing_enabled":true,"brands":[{"id":286,"name":"NexHT","slug":"nexht"}],"_links":{"self":[{"href":"https:\/\/mivoot.com\/gt\/wp-json\/wp\/v2\/product\/7545","targetHints":{"allow":["GET"]}}],"collection":[{"href":"https:\/\/mivoot.com\/gt\/wp-json\/wp\/v2\/product"}],"about":[{"href":"https:\/\/mivoot.com\/gt\/wp-json\/wp\/v2\/types\/product"}],"replies":[{"embeddable":true,"href":"https:\/\/mivoot.com\/gt\/wp-json\/wp\/v2\/comments?post=7545"}],"version-history":[{"count":2,"href":"https:\/\/mivoot.com\/gt\/wp-json\/wp\/v2\/product\/7545\/revisions"}],"predecessor-version":[{"id":7553,"href":"https:\/\/mivoot.com\/gt\/wp-json\/wp\/v2\/product\/7545\/revisions\/7553"}],"wp:featuredmedia":[{"embeddable":true,"href":"https:\/\/mivoot.com\/gt\/wp-json\/wp\/v2\/media\/7551"}],"wp:attachment":[{"href":"https:\/\/mivoot.com\/gt\/wp-json\/wp\/v2\/media?parent=7545"}],"wp:term":[{"taxonomy":"pwb-brand","embeddable":true,"href":"https:\/\/mivoot.com\/gt\/wp-json\/wp\/v2\/pwb-brand?post=7545"},{"taxonomy":"product_brand","embeddable":true,"href":"https:\/\/mivoot.com\/gt\/wp-json\/wp\/v2\/product_brand?post=7545"},{"taxonomy":"product_cat","embeddable":true,"href":"https:\/\/mivoot.com\/gt\/wp-json\/wp\/v2\/product_cat?post=7545"},{"taxonomy":"product_tag","embeddable":true,"href":"https:\/\/mivoot.com\/gt\/wp-json\/wp\/v2\/product_tag?post=7545"}],"curies":[{"name":"wp","href":"https:\/\/api.w.org\/{rel}","templated":true}]}}