{"id":7584,"date":"2022-02-14T22:01:25","date_gmt":"2022-02-15T04:01:25","guid":{"rendered":"https:\/\/mivoot.com\/gt\/?post_type=product&#038;p=7584"},"modified":"2024-05-21T12:51:00","modified_gmt":"2024-05-21T18:51:00","slug":"ups-xtech-375w-700va-xtp-751","status":"publish","type":"product","link":"https:\/\/mivoot.com\/gt\/producto\/ups-xtech-375w-700va-xtp-751\/","title":{"rendered":"UPS Xtech 700VA 375W XTP-751"},"content":{"rendered":"<h3><b>Caracter\u00edsticas<\/b><\/h3>\n<ul>\n<li>Fuente de alimentaci\u00f3n de respaldo<\/li>\n<li>Cuatro (4) salidas con respaldo de bater\u00eda y cuatro (4) con supresi\u00f3n de sobretensi\u00f3n<\/li>\n<li>Fuente de alimentaci\u00f3n de respaldo<\/li>\n<\/ul>\n<h3><b>Especificaciones<\/b><\/h3>\n<ul>\n<li><b>Capacity:\u00a0700VA\/375W<\/b><\/li>\n<li><b>Topolog\u00eda:\u00a0Interactiva<\/b><\/li>\n<\/ul>\n<p><b>Entrada<\/b><\/p>\n<ul>\n<li><b>Tensi\u00f3n nominal:\u00a0115V<\/b><\/li>\n<li><b>Margen de tensi\u00f3n:\u00a075-144VCA<\/b><\/li>\n<li><b>Frecuencia:\u00a050\/60Hz (detecci\u00f3n autom\u00e1tica)<\/b><\/li>\n<\/ul>\n<p><b>Salida<\/b><\/p>\n<ul>\n<li><b>Tensi\u00f3n nominal:\u00a0115V<\/b><\/li>\n<li><b>Frecuencia:\u00a050\/60Hz<\/b><\/li>\n<li><b>Estabilidad de frecuencia:\u00a050\/60Hz \u00b1 1Hz<\/b><\/li>\n<li><b>N\u00famero total de salidas:\u00a08 (NEMA 5-15R)<\/b><\/li>\n<li><b>Respaldo de bater\u00eda :\u00a04 con supresi\u00f3n de sobretensi\u00f3n\/regulaci\u00f3n de voltaje<\/b><\/li>\n<li><b>Tomacorrientes exclusivos contra sobretensi\u00f3n :\u00a04 exclusivos contra sobretensi\u00f3n<\/b><\/li>\n<\/ul>\n<p><b>Bater\u00eda<\/b><\/p>\n<ul>\n<li><b>Tiempo de autonom\u00eda:\u00a010 minutos<\/b><\/li>\n<li><b>Tiempo de recarga:\u00a0Hasta el 90% de su capacidad en 5 horas en modo de l\u00ednea<\/b><\/li>\n<li><b>Regulaci\u00f3n de tensi\u00f3n:\u00a00<\/b><\/li>\n<li><b>Reducci\u00f3n:\u00a0120-128V<\/b><\/li>\n<li><b>Elevaci\u00f3n 1:\u00a098-106V<\/b><\/li>\n<li><b>Elevaci\u00f3n 2:\u00a084-92V<\/b><\/li>\n<li><b>Tensi\u00f3n de corte m\u00ednima:\u00a070-78V<\/b><\/li>\n<li><b>Tiempo t\u00edpico de transferencia:\u00a0&lt;6ms m\u00e1x<\/b><\/li>\n<\/ul>\n<p><b>Alarmas\/Indicadores<\/b><\/p>\n<ul>\n<li><b>Alarma audible:\u00a0Bajo voltaje de la bater\u00eda: se activa cuatro veces por segundo<\/b><\/li>\n<li><b>Sobrecarga y falla: sonido continuado<\/b><\/li>\n<\/ul>\n<p><b>Protecci\u00f3n<\/b><\/p>\n<ul>\n<li><b>Protecci\u00f3n total:\u00a0Modo de bater\u00eda: 100% \u00b1 10%, emite un tono audible, tras 1 minuto se desconecta y pasa al modo de falla<\/b><\/li>\n<\/ul>\n<p><b>Caracter\u00edsticas f\u00edsicas<\/b><\/p>\n<ul>\n<li><b>Longitud del cable:\u00a01m<\/b><\/li>\n<li><b>Dimensiones:\u00a021&#215;13,1&#215;9,8cm<\/b><\/li>\n<\/ul>\n","protected":false},"excerpt":{"rendered":"<p>Capacidad : 700VA\/375W<br \/>\nTensi\u00f3n nominal: 115V<br \/>\nN\u00famero total de salidas : 8 (NEMA 5-15R)<\/p>\n","protected":false},"featured_media":7593,"comment_status":"open","ping_status":"closed","template":"","meta":{"jetpack_publicize_message":"","jetpack_publicize_feature_enabled":true,"jetpack_social_post_already_shared":false,"jetpack_social_options":{"image_generator_settings":{"template":"highway","default_image_id":0,"font":"","enabled":false},"version":2}},"pwb-brand":[78],"product_brand":[],"product_cat":[178],"product_tag":[241,267],"class_list":{"0":"post-7584","1":"product","2":"type-product","3":"status-publish","4":"has-post-thumbnail","6":"pwb-brand-xtech","7":"product_cat-ups","8":"product_tag-375w","9":"product_tag-700va","11":"first","12":"instock","13":"taxable","14":"shipping-taxable","15":"purchasable","16":"product-type-simple"},"yoast_head":"<!-- This site is optimized with the Yoast SEO Premium plugin v25.7.1 (Yoast SEO v26.8) - https:\/\/yoast.com\/product\/yoast-seo-premium-wordpress\/ -->\n<title>UPS Xtech 700VA 375W XTP-751 - Mivoot<\/title>\n<meta name=\"robots\" content=\"index, follow, max-snippet:-1, max-image-preview:large, max-video-preview:-1\" \/>\n<link rel=\"canonical\" href=\"https:\/\/mivoot.com\/gt\/producto\/ups-xtech-375w-700va-xtp-751\/\" \/>\n<meta property=\"og:locale\" content=\"es_ES\" \/>\n<meta property=\"og:type\" content=\"article\" \/>\n<meta property=\"og:title\" content=\"UPS Xtech 700VA 375W XTP-751\" \/>\n<meta property=\"og:description\" content=\"Capacidad : 700VA\/375W Tensi\u00f3n nominal: 115V N\u00famero total de salidas : 8 (NEMA 5-15R)\" \/>\n<meta property=\"og:url\" content=\"https:\/\/mivoot.com\/gt\/producto\/ups-xtech-375w-700va-xtp-751\/\" \/>\n<meta property=\"og:site_name\" content=\"Mivoot\" \/>\n<meta property=\"article:publisher\" content=\"https:\/\/www.facebook.com\/mivootgt\" \/>\n<meta property=\"article:modified_time\" content=\"2024-05-21T18:51:00+00:00\" \/>\n<meta property=\"og:image\" content=\"https:\/\/mivoot.com\/gt\/wp-content\/uploads\/2022\/02\/UPS_Power_Protection_menu.png\" \/>\n\t<meta property=\"og:image:width\" content=\"500\" \/>\n\t<meta property=\"og:image:height\" content=\"500\" \/>\n\t<meta property=\"og:image:type\" content=\"image\/png\" \/>\n<meta name=\"twitter:card\" content=\"summary_large_image\" \/>\n<meta name=\"twitter:label1\" content=\"Est. reading time\" \/>\n\t<meta name=\"twitter:data1\" content=\"1 minuto\" \/>\n<script type=\"application\/ld+json\" class=\"yoast-schema-graph\">{\"@context\":\"https:\/\/schema.org\",\"@graph\":[{\"@type\":\"WebPage\",\"@id\":\"https:\/\/mivoot.com\/gt\/producto\/ups-xtech-375w-700va-xtp-751\/\",\"url\":\"https:\/\/mivoot.com\/gt\/producto\/ups-xtech-375w-700va-xtp-751\/\",\"name\":\"UPS Xtech 700VA 375W XTP-751 - Mivoot\",\"isPartOf\":{\"@id\":\"https:\/\/mivoot.com\/gt\/#website\"},\"primaryImageOfPage\":{\"@id\":\"https:\/\/mivoot.com\/gt\/producto\/ups-xtech-375w-700va-xtp-751\/#primaryimage\"},\"image\":{\"@id\":\"https:\/\/mivoot.com\/gt\/producto\/ups-xtech-375w-700va-xtp-751\/#primaryimage\"},\"thumbnailUrl\":\"https:\/\/mivoot.com\/gt\/wp-content\/uploads\/2022\/02\/UPS_Power_Protection_menu.png\",\"datePublished\":\"2022-02-15T04:01:25+00:00\",\"dateModified\":\"2024-05-21T18:51:00+00:00\",\"breadcrumb\":{\"@id\":\"https:\/\/mivoot.com\/gt\/producto\/ups-xtech-375w-700va-xtp-751\/#breadcrumb\"},\"inLanguage\":\"es\",\"potentialAction\":[{\"@type\":\"ReadAction\",\"target\":[\"https:\/\/mivoot.com\/gt\/producto\/ups-xtech-375w-700va-xtp-751\/\"]}]},{\"@type\":\"ImageObject\",\"inLanguage\":\"es\",\"@id\":\"https:\/\/mivoot.com\/gt\/producto\/ups-xtech-375w-700va-xtp-751\/#primaryimage\",\"url\":\"https:\/\/mivoot.com\/gt\/wp-content\/uploads\/2022\/02\/UPS_Power_Protection_menu.png\",\"contentUrl\":\"https:\/\/mivoot.com\/gt\/wp-content\/uploads\/2022\/02\/UPS_Power_Protection_menu.png\",\"width\":500,\"height\":500},{\"@type\":\"BreadcrumbList\",\"@id\":\"https:\/\/mivoot.com\/gt\/producto\/ups-xtech-375w-700va-xtp-751\/#breadcrumb\",\"itemListElement\":[{\"@type\":\"ListItem\",\"position\":1,\"name\":\"Inicio\",\"item\":\"https:\/\/mivoot.com\/gt\/\"},{\"@type\":\"ListItem\",\"position\":2,\"name\":\"Productos\",\"item\":\"https:\/\/mivoot.com\/gt\/producto\/\"},{\"@type\":\"ListItem\",\"position\":3,\"name\":\"Xtech\",\"item\":\"https:\/\/mivoot.com\/gt\/marca\/xtech\/\"},{\"@type\":\"ListItem\",\"position\":4,\"name\":\"UPS Xtech 700VA 375W XTP-751\"}]},{\"@type\":\"WebSite\",\"@id\":\"https:\/\/mivoot.com\/gt\/#website\",\"url\":\"https:\/\/mivoot.com\/gt\/\",\"name\":\"Mivoot\",\"description\":\"Mivoot Guatemala | Tienda Online\",\"publisher\":{\"@id\":\"https:\/\/mivoot.com\/gt\/#organization\"},\"alternateName\":\"mivoot\",\"potentialAction\":[{\"@type\":\"SearchAction\",\"target\":{\"@type\":\"EntryPoint\",\"urlTemplate\":\"https:\/\/mivoot.com\/gt\/?s={search_term_string}\"},\"query-input\":{\"@type\":\"PropertyValueSpecification\",\"valueRequired\":true,\"valueName\":\"search_term_string\"}}],\"inLanguage\":\"es\"},{\"@type\":\"Organization\",\"@id\":\"https:\/\/mivoot.com\/gt\/#organization\",\"name\":\"Mivoot Guatemala\",\"alternateName\":\"mivoot.com\",\"url\":\"https:\/\/mivoot.com\/gt\/\",\"logo\":{\"@type\":\"ImageObject\",\"inLanguage\":\"es\",\"@id\":\"https:\/\/mivoot.com\/gt\/#\/schema\/logo\/image\/\",\"url\":\"https:\/\/mivoot.com\/gt\/wp-content\/uploads\/2023\/03\/cropped-icon.png\",\"contentUrl\":\"https:\/\/mivoot.com\/gt\/wp-content\/uploads\/2023\/03\/cropped-icon.png\",\"width\":512,\"height\":512,\"caption\":\"Mivoot Guatemala\"},\"image\":{\"@id\":\"https:\/\/mivoot.com\/gt\/#\/schema\/logo\/image\/\"},\"sameAs\":[\"https:\/\/www.facebook.com\/mivootgt\",\"https:\/\/instagram.com\/mivoot\"]}]}<\/script>\n<!-- \/ Yoast SEO Premium plugin. -->","yoast_head_json":{"title":"UPS Xtech 700VA 375W XTP-751 - Mivoot","robots":{"index":"index","follow":"follow","max-snippet":"max-snippet:-1","max-image-preview":"max-image-preview:large","max-video-preview":"max-video-preview:-1"},"canonical":"https:\/\/mivoot.com\/gt\/producto\/ups-xtech-375w-700va-xtp-751\/","og_locale":"es_ES","og_type":"article","og_title":"UPS Xtech 700VA 375W XTP-751","og_description":"Capacidad : 700VA\/375W Tensi\u00f3n nominal: 115V N\u00famero total de salidas : 8 (NEMA 5-15R)","og_url":"https:\/\/mivoot.com\/gt\/producto\/ups-xtech-375w-700va-xtp-751\/","og_site_name":"Mivoot","article_publisher":"https:\/\/www.facebook.com\/mivootgt","article_modified_time":"2024-05-21T18:51:00+00:00","og_image":[{"width":500,"height":500,"url":"https:\/\/mivoot.com\/gt\/wp-content\/uploads\/2022\/02\/UPS_Power_Protection_menu.png","type":"image\/png"}],"twitter_card":"summary_large_image","twitter_misc":{"Est. reading time":"1 minuto"},"schema":{"@context":"https:\/\/schema.org","@graph":[{"@type":"WebPage","@id":"https:\/\/mivoot.com\/gt\/producto\/ups-xtech-375w-700va-xtp-751\/","url":"https:\/\/mivoot.com\/gt\/producto\/ups-xtech-375w-700va-xtp-751\/","name":"UPS Xtech 700VA 375W XTP-751 - Mivoot","isPartOf":{"@id":"https:\/\/mivoot.com\/gt\/#website"},"primaryImageOfPage":{"@id":"https:\/\/mivoot.com\/gt\/producto\/ups-xtech-375w-700va-xtp-751\/#primaryimage"},"image":{"@id":"https:\/\/mivoot.com\/gt\/producto\/ups-xtech-375w-700va-xtp-751\/#primaryimage"},"thumbnailUrl":"https:\/\/mivoot.com\/gt\/wp-content\/uploads\/2022\/02\/UPS_Power_Protection_menu.png","datePublished":"2022-02-15T04:01:25+00:00","dateModified":"2024-05-21T18:51:00+00:00","breadcrumb":{"@id":"https:\/\/mivoot.com\/gt\/producto\/ups-xtech-375w-700va-xtp-751\/#breadcrumb"},"inLanguage":"es","potentialAction":[{"@type":"ReadAction","target":["https:\/\/mivoot.com\/gt\/producto\/ups-xtech-375w-700va-xtp-751\/"]}]},{"@type":"ImageObject","inLanguage":"es","@id":"https:\/\/mivoot.com\/gt\/producto\/ups-xtech-375w-700va-xtp-751\/#primaryimage","url":"https:\/\/mivoot.com\/gt\/wp-content\/uploads\/2022\/02\/UPS_Power_Protection_menu.png","contentUrl":"https:\/\/mivoot.com\/gt\/wp-content\/uploads\/2022\/02\/UPS_Power_Protection_menu.png","width":500,"height":500},{"@type":"BreadcrumbList","@id":"https:\/\/mivoot.com\/gt\/producto\/ups-xtech-375w-700va-xtp-751\/#breadcrumb","itemListElement":[{"@type":"ListItem","position":1,"name":"Inicio","item":"https:\/\/mivoot.com\/gt\/"},{"@type":"ListItem","position":2,"name":"Productos","item":"https:\/\/mivoot.com\/gt\/producto\/"},{"@type":"ListItem","position":3,"name":"Xtech","item":"https:\/\/mivoot.com\/gt\/marca\/xtech\/"},{"@type":"ListItem","position":4,"name":"UPS Xtech 700VA 375W XTP-751"}]},{"@type":"WebSite","@id":"https:\/\/mivoot.com\/gt\/#website","url":"https:\/\/mivoot.com\/gt\/","name":"Mivoot","description":"Mivoot Guatemala | Tienda Online","publisher":{"@id":"https:\/\/mivoot.com\/gt\/#organization"},"alternateName":"mivoot","potentialAction":[{"@type":"SearchAction","target":{"@type":"EntryPoint","urlTemplate":"https:\/\/mivoot.com\/gt\/?s={search_term_string}"},"query-input":{"@type":"PropertyValueSpecification","valueRequired":true,"valueName":"search_term_string"}}],"inLanguage":"es"},{"@type":"Organization","@id":"https:\/\/mivoot.com\/gt\/#organization","name":"Mivoot Guatemala","alternateName":"mivoot.com","url":"https:\/\/mivoot.com\/gt\/","logo":{"@type":"ImageObject","inLanguage":"es","@id":"https:\/\/mivoot.com\/gt\/#\/schema\/logo\/image\/","url":"https:\/\/mivoot.com\/gt\/wp-content\/uploads\/2023\/03\/cropped-icon.png","contentUrl":"https:\/\/mivoot.com\/gt\/wp-content\/uploads\/2023\/03\/cropped-icon.png","width":512,"height":512,"caption":"Mivoot Guatemala"},"image":{"@id":"https:\/\/mivoot.com\/gt\/#\/schema\/logo\/image\/"},"sameAs":["https:\/\/www.facebook.com\/mivootgt","https:\/\/instagram.com\/mivoot"]}]}},"jetpack_publicize_connections":[],"jetpack_sharing_enabled":true,"brands":[{"id":78,"name":"Xtech","slug":"xtech"}],"_links":{"self":[{"href":"https:\/\/mivoot.com\/gt\/wp-json\/wp\/v2\/product\/7584","targetHints":{"allow":["GET"]}}],"collection":[{"href":"https:\/\/mivoot.com\/gt\/wp-json\/wp\/v2\/product"}],"about":[{"href":"https:\/\/mivoot.com\/gt\/wp-json\/wp\/v2\/types\/product"}],"replies":[{"embeddable":true,"href":"https:\/\/mivoot.com\/gt\/wp-json\/wp\/v2\/comments?post=7584"}],"version-history":[{"count":3,"href":"https:\/\/mivoot.com\/gt\/wp-json\/wp\/v2\/product\/7584\/revisions"}],"predecessor-version":[{"id":19382,"href":"https:\/\/mivoot.com\/gt\/wp-json\/wp\/v2\/product\/7584\/revisions\/19382"}],"wp:featuredmedia":[{"embeddable":true,"href":"https:\/\/mivoot.com\/gt\/wp-json\/wp\/v2\/media\/7593"}],"wp:attachment":[{"href":"https:\/\/mivoot.com\/gt\/wp-json\/wp\/v2\/media?parent=7584"}],"wp:term":[{"taxonomy":"pwb-brand","embeddable":true,"href":"https:\/\/mivoot.com\/gt\/wp-json\/wp\/v2\/pwb-brand?post=7584"},{"taxonomy":"product_brand","embeddable":true,"href":"https:\/\/mivoot.com\/gt\/wp-json\/wp\/v2\/product_brand?post=7584"},{"taxonomy":"product_cat","embeddable":true,"href":"https:\/\/mivoot.com\/gt\/wp-json\/wp\/v2\/product_cat?post=7584"},{"taxonomy":"product_tag","embeddable":true,"href":"https:\/\/mivoot.com\/gt\/wp-json\/wp\/v2\/product_tag?post=7584"}],"curies":[{"name":"wp","href":"https:\/\/api.w.org\/{rel}","templated":true}]}}