{"id":7873,"date":"2022-05-02T14:48:32","date_gmt":"2022-05-02T20:48:32","guid":{"rendered":"https:\/\/mivoot.com\/gt\/?post_type=product&#038;p=7873"},"modified":"2022-05-02T15:04:45","modified_gmt":"2022-05-02T21:04:45","slug":"ventilador-de-techo-52","status":"publish","type":"product","link":"https:\/\/mivoot.com\/gt\/producto\/ventilador-de-techo-52\/","title":{"rendered":"Ventilador de Techo 52&#8243;"},"content":{"rendered":"\t\t<div data-elementor-type=\"product-post\" data-elementor-id=\"7873\" class=\"elementor elementor-7873\">\n\t\t\t\t\t\t<section class=\"elementor-section elementor-top-section elementor-element elementor-element-584df8d elementor-section-boxed elementor-section-height-default elementor-section-height-default\" data-id=\"584df8d\" data-element_type=\"section\">\n\t\t\t\t\t\t<div class=\"elementor-container elementor-column-gap-default\">\n\t\t\t\t\t<div class=\"elementor-column elementor-col-66 elementor-top-column elementor-element elementor-element-b896a8c\" data-id=\"b896a8c\" data-element_type=\"column\">\n\t\t\t<div class=\"elementor-widget-wrap elementor-element-populated\">\n\t\t\t\t\t\t<div class=\"elementor-element elementor-element-6cc6b9d elementor-widget elementor-widget-image\" data-id=\"6cc6b9d\" data-element_type=\"widget\" data-widget_type=\"image.default\">\n\t\t\t\t<div class=\"elementor-widget-container\">\n\t\t\t\t\t\t\t\t\t\t\t\t\t\t\t<img fetchpriority=\"high\" decoding=\"async\" width=\"500\" height=\"500\" src=\"https:\/\/mivoot.com\/gt\/wp-content\/uploads\/2022\/05\/ventilador-52-pulgadas-1.jpg\" class=\"attachment-large size-large wp-image-7874\" alt=\"\" srcset=\"https:\/\/mivoot.com\/gt\/wp-content\/uploads\/2022\/05\/ventilador-52-pulgadas-1.jpg 500w, https:\/\/mivoot.com\/gt\/wp-content\/uploads\/2022\/05\/ventilador-52-pulgadas-1-250x250.jpg 250w, https:\/\/mivoot.com\/gt\/wp-content\/uploads\/2022\/05\/ventilador-52-pulgadas-1-100x100.jpg 100w, https:\/\/mivoot.com\/gt\/wp-content\/uploads\/2022\/05\/ventilador-52-pulgadas-1-410x410.jpg 410w, https:\/\/mivoot.com\/gt\/wp-content\/uploads\/2022\/05\/ventilador-52-pulgadas-1-64x64.jpg 64w, https:\/\/mivoot.com\/gt\/wp-content\/uploads\/2022\/05\/ventilador-52-pulgadas-1-300x300.jpg 300w, https:\/\/mivoot.com\/gt\/wp-content\/uploads\/2022\/05\/ventilador-52-pulgadas-1-150x150.jpg 150w\" sizes=\"(max-width: 500px) 100vw, 500px\" \/>\t\t\t\t\t\t\t\t\t\t\t\t\t\t\t<\/div>\n\t\t\t\t<\/div>\n\t\t\t\t\t<\/div>\n\t\t<\/div>\n\t\t\t\t<div class=\"elementor-column elementor-col-33 elementor-top-column elementor-element elementor-element-4bc1ff5\" data-id=\"4bc1ff5\" data-element_type=\"column\">\n\t\t\t<div class=\"elementor-widget-wrap elementor-element-populated\">\n\t\t\t\t\t\t<div class=\"elementor-element elementor-element-d949ca7 elementor-widget elementor-widget-text-editor\" data-id=\"d949ca7\" data-element_type=\"widget\" data-widget_type=\"text-editor.default\">\n\t\t\t\t<div class=\"elementor-widget-container\">\n\t\t\t\t\t\t\t\t\t<h4>Caracter\u00edsticas<\/h4><ul><li>52 pulgadas (132cm) de di\u00e1metro<\/li><li>Para espacios interiores<\/li><li>5 aspas reversibles<\/li><li>Motor WhisperWind\u00ae reversible<\/li><li>Dos focos de 9W inclu\u00eddos<\/li><li>Tubos de extensi\u00f3n de 2&#8243; y 3&#8243; pulgadas inclu\u00eddos<\/li><li>Garant\u00eda del motor de por vida.<\/li><li>Cadena para ajuste de velocidades.<\/li><li>Trece grados de inclinaci\u00f3n en las aspas.<\/li><li>CFM (en velocidad alta):\u00a04,402<\/li><li>Velocidad el Aire: 3.47 MPH \/ 5.58 KMPH<\/li><li>Lumens: 800<\/li><\/ul>\t\t\t\t\t\t\t\t<\/div>\n\t\t\t\t<\/div>\n\t\t\t\t\t<\/div>\n\t\t<\/div>\n\t\t\t\t\t<\/div>\n\t\t<\/section>\n\t\t\t\t<section class=\"elementor-section elementor-top-section elementor-element elementor-element-68a241f elementor-section-boxed elementor-section-height-default elementor-section-height-default\" data-id=\"68a241f\" data-element_type=\"section\">\n\t\t\t\t\t\t<div class=\"elementor-container elementor-column-gap-default\">\n\t\t\t\t\t<div class=\"elementor-column elementor-col-100 elementor-top-column elementor-element elementor-element-1cc2895\" data-id=\"1cc2895\" data-element_type=\"column\">\n\t\t\t<div class=\"elementor-widget-wrap elementor-element-populated\">\n\t\t\t\t\t\t<div class=\"elementor-element elementor-element-f42d4b3 elementor-widget elementor-widget-image\" data-id=\"f42d4b3\" data-element_type=\"widget\" data-widget_type=\"image.default\">\n\t\t\t\t<div class=\"elementor-widget-container\">\n\t\t\t\t\t\t\t\t\t\t\t\t\t\t\t<img decoding=\"async\" width=\"500\" height=\"500\" src=\"https:\/\/mivoot.com\/gt\/wp-content\/uploads\/2022\/05\/ventilador-52-pulgadas-5.jpg\" class=\"attachment-large size-large wp-image-7878\" alt=\"\" srcset=\"https:\/\/mivoot.com\/gt\/wp-content\/uploads\/2022\/05\/ventilador-52-pulgadas-5.jpg 500w, https:\/\/mivoot.com\/gt\/wp-content\/uploads\/2022\/05\/ventilador-52-pulgadas-5-250x250.jpg 250w, https:\/\/mivoot.com\/gt\/wp-content\/uploads\/2022\/05\/ventilador-52-pulgadas-5-100x100.jpg 100w, https:\/\/mivoot.com\/gt\/wp-content\/uploads\/2022\/05\/ventilador-52-pulgadas-5-410x410.jpg 410w, https:\/\/mivoot.com\/gt\/wp-content\/uploads\/2022\/05\/ventilador-52-pulgadas-5-64x64.jpg 64w, https:\/\/mivoot.com\/gt\/wp-content\/uploads\/2022\/05\/ventilador-52-pulgadas-5-300x300.jpg 300w, https:\/\/mivoot.com\/gt\/wp-content\/uploads\/2022\/05\/ventilador-52-pulgadas-5-150x150.jpg 150w\" sizes=\"(max-width: 500px) 100vw, 500px\" \/>\t\t\t\t\t\t\t\t\t\t\t\t\t\t\t<\/div>\n\t\t\t\t<\/div>\n\t\t\t\t\t<\/div>\n\t\t<\/div>\n\t\t\t\t\t<\/div>\n\t\t<\/section>\n\t\t\t\t<section class=\"elementor-section elementor-top-section elementor-element elementor-element-6a5ab3a elementor-section-boxed elementor-section-height-default elementor-section-height-default\" data-id=\"6a5ab3a\" data-element_type=\"section\">\n\t\t\t\t\t\t<div class=\"elementor-container elementor-column-gap-default\">\n\t\t\t\t\t<div class=\"elementor-column elementor-col-50 elementor-top-column elementor-element elementor-element-0d0d59a\" data-id=\"0d0d59a\" data-element_type=\"column\">\n\t\t\t<div class=\"elementor-widget-wrap elementor-element-populated\">\n\t\t\t\t\t\t<div class=\"elementor-element elementor-element-fa7ba01 elementor-widget elementor-widget-image\" data-id=\"fa7ba01\" data-element_type=\"widget\" data-widget_type=\"image.default\">\n\t\t\t\t<div class=\"elementor-widget-container\">\n\t\t\t\t\t\t\t\t\t\t\t\t\t\t\t<img decoding=\"async\" width=\"500\" height=\"500\" src=\"https:\/\/mivoot.com\/gt\/wp-content\/uploads\/2022\/05\/ventilador-52-pulgadas-3.jpg\" class=\"attachment-large size-large wp-image-7876\" alt=\"\" srcset=\"https:\/\/mivoot.com\/gt\/wp-content\/uploads\/2022\/05\/ventilador-52-pulgadas-3.jpg 500w, https:\/\/mivoot.com\/gt\/wp-content\/uploads\/2022\/05\/ventilador-52-pulgadas-3-250x250.jpg 250w, https:\/\/mivoot.com\/gt\/wp-content\/uploads\/2022\/05\/ventilador-52-pulgadas-3-100x100.jpg 100w, https:\/\/mivoot.com\/gt\/wp-content\/uploads\/2022\/05\/ventilador-52-pulgadas-3-410x410.jpg 410w, https:\/\/mivoot.com\/gt\/wp-content\/uploads\/2022\/05\/ventilador-52-pulgadas-3-64x64.jpg 64w, https:\/\/mivoot.com\/gt\/wp-content\/uploads\/2022\/05\/ventilador-52-pulgadas-3-300x300.jpg 300w, https:\/\/mivoot.com\/gt\/wp-content\/uploads\/2022\/05\/ventilador-52-pulgadas-3-150x150.jpg 150w\" sizes=\"(max-width: 500px) 100vw, 500px\" \/>\t\t\t\t\t\t\t\t\t\t\t\t\t\t\t<\/div>\n\t\t\t\t<\/div>\n\t\t\t\t\t<\/div>\n\t\t<\/div>\n\t\t\t\t<div class=\"elementor-column elementor-col-50 elementor-top-column elementor-element elementor-element-33d168a\" data-id=\"33d168a\" data-element_type=\"column\">\n\t\t\t<div class=\"elementor-widget-wrap elementor-element-populated\">\n\t\t\t\t\t\t<div class=\"elementor-element elementor-element-4d677e2 elementor-widget elementor-widget-image\" data-id=\"4d677e2\" data-element_type=\"widget\" data-widget_type=\"image.default\">\n\t\t\t\t<div class=\"elementor-widget-container\">\n\t\t\t\t\t\t\t\t\t\t\t\t\t\t\t<img loading=\"lazy\" decoding=\"async\" width=\"500\" height=\"500\" src=\"https:\/\/mivoot.com\/gt\/wp-content\/uploads\/2022\/05\/ventilador-52-pulgadas-2.jpg\" class=\"attachment-large size-large wp-image-7875\" alt=\"\" srcset=\"https:\/\/mivoot.com\/gt\/wp-content\/uploads\/2022\/05\/ventilador-52-pulgadas-2.jpg 500w, https:\/\/mivoot.com\/gt\/wp-content\/uploads\/2022\/05\/ventilador-52-pulgadas-2-250x250.jpg 250w, https:\/\/mivoot.com\/gt\/wp-content\/uploads\/2022\/05\/ventilador-52-pulgadas-2-100x100.jpg 100w, https:\/\/mivoot.com\/gt\/wp-content\/uploads\/2022\/05\/ventilador-52-pulgadas-2-410x410.jpg 410w, https:\/\/mivoot.com\/gt\/wp-content\/uploads\/2022\/05\/ventilador-52-pulgadas-2-64x64.jpg 64w, https:\/\/mivoot.com\/gt\/wp-content\/uploads\/2022\/05\/ventilador-52-pulgadas-2-300x300.jpg 300w, https:\/\/mivoot.com\/gt\/wp-content\/uploads\/2022\/05\/ventilador-52-pulgadas-2-150x150.jpg 150w\" sizes=\"(max-width: 500px) 100vw, 500px\" \/>\t\t\t\t\t\t\t\t\t\t\t\t\t\t\t<\/div>\n\t\t\t\t<\/div>\n\t\t\t\t\t<\/div>\n\t\t<\/div>\n\t\t\t\t\t<\/div>\n\t\t<\/section>\n\t\t\t\t<section class=\"elementor-section elementor-top-section elementor-element elementor-element-7c00923 elementor-section-boxed elementor-section-height-default elementor-section-height-default\" data-id=\"7c00923\" data-element_type=\"section\">\n\t\t\t\t\t\t<div class=\"elementor-container elementor-column-gap-default\">\n\t\t\t\t\t<div class=\"elementor-column elementor-col-66 elementor-top-column elementor-element elementor-element-15a8dd5\" data-id=\"15a8dd5\" data-element_type=\"column\">\n\t\t\t<div class=\"elementor-widget-wrap elementor-element-populated\">\n\t\t\t\t\t\t<div class=\"elementor-element elementor-element-30ffd23 elementor-widget elementor-widget-image\" data-id=\"30ffd23\" data-element_type=\"widget\" data-widget_type=\"image.default\">\n\t\t\t\t<div class=\"elementor-widget-container\">\n\t\t\t\t\t\t\t\t\t\t\t\t\t\t\t<img loading=\"lazy\" decoding=\"async\" width=\"354\" height=\"229\" src=\"https:\/\/mivoot.com\/gt\/wp-content\/uploads\/2022\/05\/ventilador-fan-7.webp\" class=\"attachment-large size-large wp-image-7865\" alt=\"\" srcset=\"https:\/\/mivoot.com\/gt\/wp-content\/uploads\/2022\/05\/ventilador-fan-7.webp 354w, https:\/\/mivoot.com\/gt\/wp-content\/uploads\/2022\/05\/ventilador-fan-7-64x41.webp 64w, https:\/\/mivoot.com\/gt\/wp-content\/uploads\/2022\/05\/ventilador-fan-7-300x194.webp 300w\" sizes=\"(max-width: 354px) 100vw, 354px\" \/>\t\t\t\t\t\t\t\t\t\t\t\t\t\t\t<\/div>\n\t\t\t\t<\/div>\n\t\t\t\t\t<\/div>\n\t\t<\/div>\n\t\t\t\t<div class=\"elementor-column elementor-col-33 elementor-top-column elementor-element elementor-element-318648b\" data-id=\"318648b\" data-element_type=\"column\">\n\t\t\t<div class=\"elementor-widget-wrap elementor-element-populated\">\n\t\t\t\t\t\t<div class=\"elementor-element elementor-element-11e71ab elementor-widget elementor-widget-text-editor\" data-id=\"11e71ab\" data-element_type=\"widget\" data-widget_type=\"text-editor.default\">\n\t\t\t\t<div class=\"elementor-widget-container\">\n\t\t\t\t\t\t\t\t\t<p>A 12.27 in (Low 11.27 in Angled 45.27 in)<br \/>B 10.92 in (Low 9.92 in Angled 43.92 in)<br \/>C 2.75 in<br \/>D 10.9 in<br \/>E 6.5 in<br \/>F 17.77 in (Low 16.77 in Angled 50.77 in)<br \/>G 4.34 in<\/p>\t\t\t\t\t\t\t\t<\/div>\n\t\t\t\t<\/div>\n\t\t\t\t\t<\/div>\n\t\t<\/div>\n\t\t\t\t\t<\/div>\n\t\t<\/section>\n\t\t\t\t<\/div>\n\t\t","protected":false},"excerpt":{"rendered":"<h4>Descripci\u00f3n<\/h4>\n<p>El Builder Deluxe es un pilar de la l\u00ednea de productos Hunter. El estilo informal y tradicional complementar\u00e1 su habitaci\u00f3n sin sobrecargarla. Con una aspa de 52 pulgadas, una variedad de opciones de acabado, y la capacidad de instalar con o sin el kit de luz, el Builder Deluxe es perfecto para habitaciones est\u00e1ndar o grandes, y es lo suficientemente flexible como para adaptarse a casi cualquier espacio que elija.<\/p>\n","protected":false},"featured_media":7877,"comment_status":"open","ping_status":"closed","template":"","meta":{"jetpack_publicize_message":"","jetpack_publicize_feature_enabled":true,"jetpack_social_post_already_shared":false,"jetpack_social_options":{"image_generator_settings":{"template":"highway","default_image_id":0,"font":"","enabled":false},"version":2}},"pwb-brand":[288],"product_brand":[],"product_cat":[289],"product_tag":[],"class_list":{"0":"post-7873","1":"product","2":"type-product","3":"status-publish","4":"has-post-thumbnail","6":"pwb-brand-hunter","7":"product_cat-ventiladores-2","9":"first","10":"instock","11":"taxable","12":"shipping-taxable","13":"purchasable","14":"product-type-simple"},"yoast_head":"<!-- This site is optimized with the Yoast SEO Premium plugin v25.7.1 (Yoast SEO v26.8) - https:\/\/yoast.com\/product\/yoast-seo-premium-wordpress\/ -->\n<title>Ventilador de Techo 52&quot; - Mivoot<\/title>\n<meta name=\"robots\" content=\"index, follow, max-snippet:-1, max-image-preview:large, max-video-preview:-1\" \/>\n<link rel=\"canonical\" href=\"https:\/\/mivoot.com\/gt\/producto\/ventilador-de-techo-52\/\" \/>\n<meta property=\"og:locale\" content=\"es_ES\" \/>\n<meta property=\"og:type\" content=\"article\" \/>\n<meta property=\"og:title\" content=\"Ventilador de Techo 52&quot;\" \/>\n<meta property=\"og:description\" content=\"Descripci\u00f3n El Builder Deluxe es un pilar de la l\u00ednea de productos Hunter. El estilo informal y tradicional complementar\u00e1 su habitaci\u00f3n sin sobrecargarla. Con una aspa de 52 pulgadas, una variedad de opciones de acabado, y la capacidad de instalar con o sin el kit de luz, el Builder Deluxe es perfecto para habitaciones est\u00e1ndar o grandes, y es lo suficientemente flexible como para adaptarse a casi cualquier espacio que elija.\" \/>\n<meta property=\"og:url\" content=\"https:\/\/mivoot.com\/gt\/producto\/ventilador-de-techo-52\/\" \/>\n<meta property=\"og:site_name\" content=\"Mivoot\" \/>\n<meta property=\"article:publisher\" content=\"https:\/\/www.facebook.com\/mivootgt\" \/>\n<meta property=\"article:modified_time\" content=\"2022-05-02T21:04:45+00:00\" \/>\n<meta property=\"og:image\" content=\"https:\/\/mivoot.com\/gt\/wp-content\/uploads\/2022\/05\/ventilador-52-pulgadas-4.jpg\" \/>\n\t<meta property=\"og:image:width\" content=\"500\" \/>\n\t<meta property=\"og:image:height\" content=\"317\" \/>\n\t<meta property=\"og:image:type\" content=\"image\/jpeg\" \/>\n<meta name=\"twitter:card\" content=\"summary_large_image\" \/>\n<script type=\"application\/ld+json\" class=\"yoast-schema-graph\">{\"@context\":\"https:\/\/schema.org\",\"@graph\":[{\"@type\":\"WebPage\",\"@id\":\"https:\/\/mivoot.com\/gt\/producto\/ventilador-de-techo-52\/\",\"url\":\"https:\/\/mivoot.com\/gt\/producto\/ventilador-de-techo-52\/\",\"name\":\"Ventilador de Techo 52\\\" - Mivoot\",\"isPartOf\":{\"@id\":\"https:\/\/mivoot.com\/gt\/#website\"},\"primaryImageOfPage\":{\"@id\":\"https:\/\/mivoot.com\/gt\/producto\/ventilador-de-techo-52\/#primaryimage\"},\"image\":{\"@id\":\"https:\/\/mivoot.com\/gt\/producto\/ventilador-de-techo-52\/#primaryimage\"},\"thumbnailUrl\":\"https:\/\/mivoot.com\/gt\/wp-content\/uploads\/2022\/05\/ventilador-52-pulgadas-4.jpg\",\"datePublished\":\"2022-05-02T20:48:32+00:00\",\"dateModified\":\"2022-05-02T21:04:45+00:00\",\"breadcrumb\":{\"@id\":\"https:\/\/mivoot.com\/gt\/producto\/ventilador-de-techo-52\/#breadcrumb\"},\"inLanguage\":\"es\",\"potentialAction\":[{\"@type\":\"ReadAction\",\"target\":[\"https:\/\/mivoot.com\/gt\/producto\/ventilador-de-techo-52\/\"]}]},{\"@type\":\"ImageObject\",\"inLanguage\":\"es\",\"@id\":\"https:\/\/mivoot.com\/gt\/producto\/ventilador-de-techo-52\/#primaryimage\",\"url\":\"https:\/\/mivoot.com\/gt\/wp-content\/uploads\/2022\/05\/ventilador-52-pulgadas-4.jpg\",\"contentUrl\":\"https:\/\/mivoot.com\/gt\/wp-content\/uploads\/2022\/05\/ventilador-52-pulgadas-4.jpg\",\"width\":500,\"height\":317},{\"@type\":\"BreadcrumbList\",\"@id\":\"https:\/\/mivoot.com\/gt\/producto\/ventilador-de-techo-52\/#breadcrumb\",\"itemListElement\":[{\"@type\":\"ListItem\",\"position\":1,\"name\":\"Inicio\",\"item\":\"https:\/\/mivoot.com\/gt\/\"},{\"@type\":\"ListItem\",\"position\":2,\"name\":\"Productos\",\"item\":\"https:\/\/mivoot.com\/gt\/producto\/\"},{\"@type\":\"ListItem\",\"position\":3,\"name\":\"Hunter\",\"item\":\"https:\/\/mivoot.com\/gt\/marca\/hunter\/\"},{\"@type\":\"ListItem\",\"position\":4,\"name\":\"Ventilador de Techo 52&#8243;\"}]},{\"@type\":\"WebSite\",\"@id\":\"https:\/\/mivoot.com\/gt\/#website\",\"url\":\"https:\/\/mivoot.com\/gt\/\",\"name\":\"Mivoot\",\"description\":\"Mivoot Guatemala | Tienda Online\",\"publisher\":{\"@id\":\"https:\/\/mivoot.com\/gt\/#organization\"},\"alternateName\":\"mivoot\",\"potentialAction\":[{\"@type\":\"SearchAction\",\"target\":{\"@type\":\"EntryPoint\",\"urlTemplate\":\"https:\/\/mivoot.com\/gt\/?s={search_term_string}\"},\"query-input\":{\"@type\":\"PropertyValueSpecification\",\"valueRequired\":true,\"valueName\":\"search_term_string\"}}],\"inLanguage\":\"es\"},{\"@type\":\"Organization\",\"@id\":\"https:\/\/mivoot.com\/gt\/#organization\",\"name\":\"Mivoot Guatemala\",\"alternateName\":\"mivoot.com\",\"url\":\"https:\/\/mivoot.com\/gt\/\",\"logo\":{\"@type\":\"ImageObject\",\"inLanguage\":\"es\",\"@id\":\"https:\/\/mivoot.com\/gt\/#\/schema\/logo\/image\/\",\"url\":\"https:\/\/mivoot.com\/gt\/wp-content\/uploads\/2023\/03\/cropped-icon.png\",\"contentUrl\":\"https:\/\/mivoot.com\/gt\/wp-content\/uploads\/2023\/03\/cropped-icon.png\",\"width\":512,\"height\":512,\"caption\":\"Mivoot Guatemala\"},\"image\":{\"@id\":\"https:\/\/mivoot.com\/gt\/#\/schema\/logo\/image\/\"},\"sameAs\":[\"https:\/\/www.facebook.com\/mivootgt\",\"https:\/\/instagram.com\/mivoot\"]}]}<\/script>\n<!-- \/ Yoast SEO Premium plugin. -->","yoast_head_json":{"title":"Ventilador de Techo 52\" - Mivoot","robots":{"index":"index","follow":"follow","max-snippet":"max-snippet:-1","max-image-preview":"max-image-preview:large","max-video-preview":"max-video-preview:-1"},"canonical":"https:\/\/mivoot.com\/gt\/producto\/ventilador-de-techo-52\/","og_locale":"es_ES","og_type":"article","og_title":"Ventilador de Techo 52\"","og_description":"Descripci\u00f3n El Builder Deluxe es un pilar de la l\u00ednea de productos Hunter. El estilo informal y tradicional complementar\u00e1 su habitaci\u00f3n sin sobrecargarla. Con una aspa de 52 pulgadas, una variedad de opciones de acabado, y la capacidad de instalar con o sin el kit de luz, el Builder Deluxe es perfecto para habitaciones est\u00e1ndar o grandes, y es lo suficientemente flexible como para adaptarse a casi cualquier espacio que elija.","og_url":"https:\/\/mivoot.com\/gt\/producto\/ventilador-de-techo-52\/","og_site_name":"Mivoot","article_publisher":"https:\/\/www.facebook.com\/mivootgt","article_modified_time":"2022-05-02T21:04:45+00:00","og_image":[{"width":500,"height":317,"url":"https:\/\/mivoot.com\/gt\/wp-content\/uploads\/2022\/05\/ventilador-52-pulgadas-4.jpg","type":"image\/jpeg"}],"twitter_card":"summary_large_image","schema":{"@context":"https:\/\/schema.org","@graph":[{"@type":"WebPage","@id":"https:\/\/mivoot.com\/gt\/producto\/ventilador-de-techo-52\/","url":"https:\/\/mivoot.com\/gt\/producto\/ventilador-de-techo-52\/","name":"Ventilador de Techo 52\" - Mivoot","isPartOf":{"@id":"https:\/\/mivoot.com\/gt\/#website"},"primaryImageOfPage":{"@id":"https:\/\/mivoot.com\/gt\/producto\/ventilador-de-techo-52\/#primaryimage"},"image":{"@id":"https:\/\/mivoot.com\/gt\/producto\/ventilador-de-techo-52\/#primaryimage"},"thumbnailUrl":"https:\/\/mivoot.com\/gt\/wp-content\/uploads\/2022\/05\/ventilador-52-pulgadas-4.jpg","datePublished":"2022-05-02T20:48:32+00:00","dateModified":"2022-05-02T21:04:45+00:00","breadcrumb":{"@id":"https:\/\/mivoot.com\/gt\/producto\/ventilador-de-techo-52\/#breadcrumb"},"inLanguage":"es","potentialAction":[{"@type":"ReadAction","target":["https:\/\/mivoot.com\/gt\/producto\/ventilador-de-techo-52\/"]}]},{"@type":"ImageObject","inLanguage":"es","@id":"https:\/\/mivoot.com\/gt\/producto\/ventilador-de-techo-52\/#primaryimage","url":"https:\/\/mivoot.com\/gt\/wp-content\/uploads\/2022\/05\/ventilador-52-pulgadas-4.jpg","contentUrl":"https:\/\/mivoot.com\/gt\/wp-content\/uploads\/2022\/05\/ventilador-52-pulgadas-4.jpg","width":500,"height":317},{"@type":"BreadcrumbList","@id":"https:\/\/mivoot.com\/gt\/producto\/ventilador-de-techo-52\/#breadcrumb","itemListElement":[{"@type":"ListItem","position":1,"name":"Inicio","item":"https:\/\/mivoot.com\/gt\/"},{"@type":"ListItem","position":2,"name":"Productos","item":"https:\/\/mivoot.com\/gt\/producto\/"},{"@type":"ListItem","position":3,"name":"Hunter","item":"https:\/\/mivoot.com\/gt\/marca\/hunter\/"},{"@type":"ListItem","position":4,"name":"Ventilador de Techo 52&#8243;"}]},{"@type":"WebSite","@id":"https:\/\/mivoot.com\/gt\/#website","url":"https:\/\/mivoot.com\/gt\/","name":"Mivoot","description":"Mivoot Guatemala | Tienda Online","publisher":{"@id":"https:\/\/mivoot.com\/gt\/#organization"},"alternateName":"mivoot","potentialAction":[{"@type":"SearchAction","target":{"@type":"EntryPoint","urlTemplate":"https:\/\/mivoot.com\/gt\/?s={search_term_string}"},"query-input":{"@type":"PropertyValueSpecification","valueRequired":true,"valueName":"search_term_string"}}],"inLanguage":"es"},{"@type":"Organization","@id":"https:\/\/mivoot.com\/gt\/#organization","name":"Mivoot Guatemala","alternateName":"mivoot.com","url":"https:\/\/mivoot.com\/gt\/","logo":{"@type":"ImageObject","inLanguage":"es","@id":"https:\/\/mivoot.com\/gt\/#\/schema\/logo\/image\/","url":"https:\/\/mivoot.com\/gt\/wp-content\/uploads\/2023\/03\/cropped-icon.png","contentUrl":"https:\/\/mivoot.com\/gt\/wp-content\/uploads\/2023\/03\/cropped-icon.png","width":512,"height":512,"caption":"Mivoot Guatemala"},"image":{"@id":"https:\/\/mivoot.com\/gt\/#\/schema\/logo\/image\/"},"sameAs":["https:\/\/www.facebook.com\/mivootgt","https:\/\/instagram.com\/mivoot"]}]}},"jetpack_publicize_connections":[],"jetpack_sharing_enabled":true,"brands":[{"id":288,"name":"Hunter","slug":"hunter"}],"_links":{"self":[{"href":"https:\/\/mivoot.com\/gt\/wp-json\/wp\/v2\/product\/7873","targetHints":{"allow":["GET"]}}],"collection":[{"href":"https:\/\/mivoot.com\/gt\/wp-json\/wp\/v2\/product"}],"about":[{"href":"https:\/\/mivoot.com\/gt\/wp-json\/wp\/v2\/types\/product"}],"replies":[{"embeddable":true,"href":"https:\/\/mivoot.com\/gt\/wp-json\/wp\/v2\/comments?post=7873"}],"version-history":[{"count":5,"href":"https:\/\/mivoot.com\/gt\/wp-json\/wp\/v2\/product\/7873\/revisions"}],"predecessor-version":[{"id":7883,"href":"https:\/\/mivoot.com\/gt\/wp-json\/wp\/v2\/product\/7873\/revisions\/7883"}],"wp:featuredmedia":[{"embeddable":true,"href":"https:\/\/mivoot.com\/gt\/wp-json\/wp\/v2\/media\/7877"}],"wp:attachment":[{"href":"https:\/\/mivoot.com\/gt\/wp-json\/wp\/v2\/media?parent=7873"}],"wp:term":[{"taxonomy":"pwb-brand","embeddable":true,"href":"https:\/\/mivoot.com\/gt\/wp-json\/wp\/v2\/pwb-brand?post=7873"},{"taxonomy":"product_brand","embeddable":true,"href":"https:\/\/mivoot.com\/gt\/wp-json\/wp\/v2\/product_brand?post=7873"},{"taxonomy":"product_cat","embeddable":true,"href":"https:\/\/mivoot.com\/gt\/wp-json\/wp\/v2\/product_cat?post=7873"},{"taxonomy":"product_tag","embeddable":true,"href":"https:\/\/mivoot.com\/gt\/wp-json\/wp\/v2\/product_tag?post=7873"}],"curies":[{"name":"wp","href":"https:\/\/api.w.org\/{rel}","templated":true}]}}