{"id":8138,"date":"2022-06-03T13:10:16","date_gmt":"2022-06-03T19:10:16","guid":{"rendered":"https:\/\/mivoot.com\/gt\/?post_type=product&#038;p=8138"},"modified":"2022-06-03T13:17:57","modified_gmt":"2022-06-03T19:17:57","slug":"microfono-blue-snoball-ice","status":"publish","type":"product","link":"https:\/\/mivoot.com\/gt\/producto\/microfono-blue-snoball-ice\/","title":{"rendered":"Micr\u00f3fono  Blue  Snoball  ICE"},"content":{"rendered":"\t\t<div data-elementor-type=\"product-post\" data-elementor-id=\"8138\" class=\"elementor elementor-8138\">\n\t\t\t\t\t\t<section class=\"elementor-section elementor-top-section elementor-element elementor-element-3a9faeb elementor-section-boxed elementor-section-height-default elementor-section-height-default\" data-id=\"3a9faeb\" data-element_type=\"section\">\n\t\t\t\t\t\t<div class=\"elementor-container elementor-column-gap-default\">\n\t\t\t\t\t<div class=\"elementor-column elementor-col-100 elementor-top-column elementor-element elementor-element-5006c87\" data-id=\"5006c87\" data-element_type=\"column\">\n\t\t\t<div class=\"elementor-widget-wrap elementor-element-populated\">\n\t\t\t\t\t\t<div class=\"elementor-element elementor-element-bffb069 elementor-widget elementor-widget-image\" data-id=\"bffb069\" data-element_type=\"widget\" data-widget_type=\"image.default\">\n\t\t\t\t<div class=\"elementor-widget-container\">\n\t\t\t\t\t\t\t\t\t\t\t\t\t\t\t<img fetchpriority=\"high\" decoding=\"async\" width=\"540\" height=\"221\" src=\"https:\/\/mivoot.com\/gt\/wp-content\/uploads\/2022\/06\/Microfono-blue-13.jpg\" class=\"attachment-large size-large wp-image-8152\" alt=\"\" srcset=\"https:\/\/mivoot.com\/gt\/wp-content\/uploads\/2022\/06\/Microfono-blue-13.jpg 540w, https:\/\/mivoot.com\/gt\/wp-content\/uploads\/2022\/06\/Microfono-blue-13-410x168.jpg 410w, https:\/\/mivoot.com\/gt\/wp-content\/uploads\/2022\/06\/Microfono-blue-13-64x26.jpg 64w, https:\/\/mivoot.com\/gt\/wp-content\/uploads\/2022\/06\/Microfono-blue-13-300x123.jpg 300w\" sizes=\"(max-width: 540px) 100vw, 540px\" \/>\t\t\t\t\t\t\t\t\t\t\t\t\t\t\t<\/div>\n\t\t\t\t<\/div>\n\t\t\t\t\t<\/div>\n\t\t<\/div>\n\t\t\t\t\t<\/div>\n\t\t<\/section>\n\t\t\t\t<section class=\"elementor-section elementor-top-section elementor-element elementor-element-09c9218 elementor-section-boxed elementor-section-height-default elementor-section-height-default\" data-id=\"09c9218\" data-element_type=\"section\">\n\t\t\t\t\t\t<div class=\"elementor-container elementor-column-gap-default\">\n\t\t\t\t\t<div class=\"elementor-column elementor-col-100 elementor-top-column elementor-element elementor-element-bfbf6f4\" data-id=\"bfbf6f4\" data-element_type=\"column\">\n\t\t\t<div class=\"elementor-widget-wrap elementor-element-populated\">\n\t\t\t\t\t\t<div class=\"elementor-element elementor-element-ee00a2f elementor-widget elementor-widget-image\" data-id=\"ee00a2f\" data-element_type=\"widget\" data-widget_type=\"image.default\">\n\t\t\t\t<div class=\"elementor-widget-container\">\n\t\t\t\t\t\t\t\t\t\t\t\t\t\t\t<img decoding=\"async\" width=\"318\" height=\"318\" src=\"https:\/\/mivoot.com\/gt\/wp-content\/uploads\/2022\/06\/Microfono-blue-19.jpg\" class=\"attachment-large size-large wp-image-8158\" alt=\"\" srcset=\"https:\/\/mivoot.com\/gt\/wp-content\/uploads\/2022\/06\/Microfono-blue-19.jpg 318w, https:\/\/mivoot.com\/gt\/wp-content\/uploads\/2022\/06\/Microfono-blue-19-250x250.jpg 250w, https:\/\/mivoot.com\/gt\/wp-content\/uploads\/2022\/06\/Microfono-blue-19-100x100.jpg 100w, https:\/\/mivoot.com\/gt\/wp-content\/uploads\/2022\/06\/Microfono-blue-19-64x64.jpg 64w, https:\/\/mivoot.com\/gt\/wp-content\/uploads\/2022\/06\/Microfono-blue-19-300x300.jpg 300w, https:\/\/mivoot.com\/gt\/wp-content\/uploads\/2022\/06\/Microfono-blue-19-150x150.jpg 150w\" sizes=\"(max-width: 318px) 100vw, 318px\" \/>\t\t\t\t\t\t\t\t\t\t\t\t\t\t\t<\/div>\n\t\t\t\t<\/div>\n\t\t\t\t\t<\/div>\n\t\t<\/div>\n\t\t\t\t\t<\/div>\n\t\t<\/section>\n\t\t\t\t<section class=\"elementor-section elementor-top-section elementor-element elementor-element-7d55fb1 elementor-section-boxed elementor-section-height-default elementor-section-height-default\" data-id=\"7d55fb1\" data-element_type=\"section\">\n\t\t\t\t\t\t<div class=\"elementor-container elementor-column-gap-default\">\n\t\t\t\t\t<div class=\"elementor-column elementor-col-100 elementor-top-column elementor-element elementor-element-73010f7\" data-id=\"73010f7\" data-element_type=\"column\">\n\t\t\t<div class=\"elementor-widget-wrap elementor-element-populated\">\n\t\t\t\t\t\t<div class=\"elementor-element elementor-element-691eb5a elementor-widget elementor-widget-image\" data-id=\"691eb5a\" data-element_type=\"widget\" data-widget_type=\"image.default\">\n\t\t\t\t<div class=\"elementor-widget-container\">\n\t\t\t\t\t\t\t\t\t\t\t\t<figure class=\"wp-caption\">\n\t\t\t\t\t\t\t\t\t\t<img decoding=\"async\" width=\"540\" height=\"221\" src=\"https:\/\/mivoot.com\/gt\/wp-content\/uploads\/2022\/06\/Microfono-blue-11.jpg\" class=\"attachment-large size-large wp-image-8150\" alt=\"\" srcset=\"https:\/\/mivoot.com\/gt\/wp-content\/uploads\/2022\/06\/Microfono-blue-11.jpg 540w, https:\/\/mivoot.com\/gt\/wp-content\/uploads\/2022\/06\/Microfono-blue-11-410x168.jpg 410w, https:\/\/mivoot.com\/gt\/wp-content\/uploads\/2022\/06\/Microfono-blue-11-64x26.jpg 64w, https:\/\/mivoot.com\/gt\/wp-content\/uploads\/2022\/06\/Microfono-blue-11-300x123.jpg 300w\" sizes=\"(max-width: 540px) 100vw, 540px\" \/>\t\t\t\t\t\t\t\t\t\t\t<figcaption class=\"widget-image-caption wp-caption-text\">Patr\u00f3n de captaci\u00f3n cardioide Captura tu voz con un sonido n\u00edtido y focalizado para hacer streaming, podcasts y llamadas de Skype.<\/figcaption>\n\t\t\t\t\t\t\t\t\t\t<\/figure>\n\t\t\t\t\t\t\t\t\t<\/div>\n\t\t\t\t<\/div>\n\t\t\t\t\t<\/div>\n\t\t<\/div>\n\t\t\t\t\t<\/div>\n\t\t<\/section>\n\t\t\t\t<section class=\"elementor-section elementor-top-section elementor-element elementor-element-dced7a8 elementor-section-boxed elementor-section-height-default elementor-section-height-default\" data-id=\"dced7a8\" data-element_type=\"section\">\n\t\t\t\t\t\t<div class=\"elementor-container elementor-column-gap-default\">\n\t\t\t\t\t<div class=\"elementor-column elementor-col-100 elementor-top-column elementor-element elementor-element-f5bca54\" data-id=\"f5bca54\" data-element_type=\"column\">\n\t\t\t<div class=\"elementor-widget-wrap elementor-element-populated\">\n\t\t\t\t\t\t<div class=\"elementor-element elementor-element-21d00d9 elementor-widget elementor-widget-text-editor\" data-id=\"21d00d9\" data-element_type=\"widget\" data-widget_type=\"text-editor.default\">\n\t\t\t\t<div class=\"elementor-widget-container\">\n\t\t\t\t\t\t\t\t\t<div class=\"flix-std-row flix-Premium-text-no-Image flix-key-feat-container flix-temp-premium flix-std-margintop\"><div class=\"flix-amazon-max-90\"><div class=\"flix-amazon-lg-12 flix-amazon-xs-12\"><div class=\"flix-std-content flix-keyfeat-block\"><div class=\"flix-keyfeat-tab flix-keyfeat-tab-active\" data-flix-media=\"flix-key-feats\"><div class=\"flix-std-title\">CARACTER\u00cdSTICAS CLAVE<\/div><\/div><div class=\"flix-std-desc flix-keyfeat-desc flix-keyfeat-tab-active\"><ul><li>Gracias a la c\u00e1psula de condensador personalizada de Blue, Snowball ICE ofrece una calidad de audio cristalina que est\u00e1 a a\u00f1os luz de la de tu micr\u00f3fono integrado en el ordenador<\/li><li>El micr\u00f3fono USB Snowball ICE cuenta con un patr\u00f3n de captaci\u00f3n cardioide que ofrece un sonido natural; \u00f3ptimo para capturar tu voz y audios para Skype, podcasting, gaming y mucho m\u00e1s<\/li><li>Inspirado en los cl\u00e1sicos equipos de grabaci\u00f3n de estudio, la est\u00e9tica elegante y retro de Snowball queda bien, tanto en tu escritorio como en la c\u00e1mara; lleva el streaming en casa a otro nivel<\/li><li>Snowball ICE incluye un soporte de sobremesa con tr\u00edpode ajustable, que permite colocar el micr\u00f3fono USB en relaci\u00f3n con la fuente de sonido para mejorar la calidad vocal y de audio<\/li><li>Snowball ICE cuenta con Skype y Discord para ofrecer un rendimiento de calidad, ya sea que est\u00e9s con entrevistas por Skype, transmitiendo partidas en vivo en Twitch o comunic\u00e1ndote con el mundo<\/li><\/ul><\/div><\/div><\/div><\/div><\/div><div class=\"inpage_selector_header\"><div class=\"flix-std-header\"><div class=\"flix-std-row\"><div class=\"flix-amazon-lg-12\"><div class=\"flix-std-logo\"><img decoding=\"async\" src=\"https:\/\/media.flixfacts.com\/inpage\/logitech\/Logitech-AmazonWebScrape\/images\/logitech-black.png\" alt=\"\" \/><\/div><\/div><\/div><\/div><\/div>\t\t\t\t\t\t\t\t<\/div>\n\t\t\t\t<\/div>\n\t\t\t\t\t<\/div>\n\t\t<\/div>\n\t\t\t\t\t<\/div>\n\t\t<\/section>\n\t\t\t\t<section class=\"elementor-section elementor-top-section elementor-element elementor-element-b109165 elementor-section-boxed elementor-section-height-default elementor-section-height-default\" data-id=\"b109165\" data-element_type=\"section\">\n\t\t\t\t\t\t<div class=\"elementor-container elementor-column-gap-default\">\n\t\t\t\t\t<div class=\"elementor-column elementor-col-100 elementor-top-column elementor-element elementor-element-6e22fbf\" data-id=\"6e22fbf\" data-element_type=\"column\">\n\t\t\t<div class=\"elementor-widget-wrap elementor-element-populated\">\n\t\t\t\t\t\t<div class=\"elementor-element elementor-element-0323a04 elementor-widget elementor-widget-image\" data-id=\"0323a04\" data-element_type=\"widget\" data-widget_type=\"image.default\">\n\t\t\t\t<div class=\"elementor-widget-container\">\n\t\t\t\t\t\t\t\t\t\t\t\t\t\t\t<img loading=\"lazy\" decoding=\"async\" width=\"540\" height=\"221\" src=\"https:\/\/mivoot.com\/gt\/wp-content\/uploads\/2022\/06\/Microfono-blue-10.jpg\" class=\"attachment-large size-large wp-image-8149\" alt=\"\" srcset=\"https:\/\/mivoot.com\/gt\/wp-content\/uploads\/2022\/06\/Microfono-blue-10.jpg 540w, https:\/\/mivoot.com\/gt\/wp-content\/uploads\/2022\/06\/Microfono-blue-10-410x168.jpg 410w, https:\/\/mivoot.com\/gt\/wp-content\/uploads\/2022\/06\/Microfono-blue-10-64x26.jpg 64w, https:\/\/mivoot.com\/gt\/wp-content\/uploads\/2022\/06\/Microfono-blue-10-300x123.jpg 300w\" sizes=\"(max-width: 540px) 100vw, 540px\" \/>\t\t\t\t\t\t\t\t\t\t\t\t\t\t\t<\/div>\n\t\t\t\t<\/div>\n\t\t\t\t\t<\/div>\n\t\t<\/div>\n\t\t\t\t\t<\/div>\n\t\t<\/section>\n\t\t\t\t<\/div>\n\t\t","protected":false},"excerpt":{"rendered":"<p>\u2022 Snowball iCE de Blue es lo m\u00e1s f\u00e1cil y r\u00e1pido para conseguir sonido de alta calidad para grabaciones y streaming<br \/>\n\u2022 Con certificaci\u00f3n de Skype, ofrece una calidad de audio n\u00edtida<br \/>\n\u2022 C\u00e1psula de condensador especial<br \/>\n\u2022 Patr\u00f3n de captaci\u00f3n cardioide<br \/>\n\u2022 Atractivo dise\u00f1o retro<br \/>\n\u2022 Incluye tr\u00edpode para soporte de sobremesa y cable USB<br \/>\n\u2022 Certificaci\u00f3n de Skype<br \/>\n\u2022 Plug and Play para Mac y PC.<\/p>\n","protected":false},"featured_media":8143,"comment_status":"open","ping_status":"closed","template":"","meta":{"jetpack_publicize_message":"","jetpack_publicize_feature_enabled":true,"jetpack_social_post_already_shared":true,"jetpack_social_options":{"image_generator_settings":{"template":"highway","default_image_id":0,"font":"","enabled":false},"version":2}},"pwb-brand":[193],"product_brand":[],"product_cat":[162],"product_tag":[],"class_list":{"0":"post-8138","1":"product","2":"type-product","3":"status-publish","4":"has-post-thumbnail","6":"pwb-brand-logitech","7":"product_cat-microfonos","9":"first","10":"instock","11":"taxable","12":"shipping-taxable","13":"purchasable","14":"product-type-simple"},"yoast_head":"<!-- This site is optimized with the Yoast SEO Premium plugin v25.7.1 (Yoast SEO v26.8) - https:\/\/yoast.com\/product\/yoast-seo-premium-wordpress\/ -->\n<title>Micr\u00f3fono Blue Snoball ICE - Mivoot<\/title>\n<meta name=\"robots\" content=\"index, follow, max-snippet:-1, max-image-preview:large, max-video-preview:-1\" \/>\n<link rel=\"canonical\" href=\"https:\/\/mivoot.com\/gt\/producto\/microfono-blue-snoball-ice\/\" \/>\n<meta property=\"og:locale\" content=\"es_ES\" \/>\n<meta property=\"og:type\" content=\"article\" \/>\n<meta property=\"og:title\" content=\"Micr\u00f3fono Blue Snoball ICE\" \/>\n<meta property=\"og:description\" content=\"\u2022 Snowball iCE de Blue es lo m\u00e1s f\u00e1cil y r\u00e1pido para conseguir sonido de alta calidad para grabaciones y streaming \u2022 Con certificaci\u00f3n de Skype, ofrece una calidad de audio n\u00edtida \u2022 C\u00e1psula de condensador especial \u2022 Patr\u00f3n de captaci\u00f3n cardioide \u2022 Atractivo dise\u00f1o retro \u2022 Incluye tr\u00edpode para soporte de sobremesa y cable USB \u2022 Certificaci\u00f3n de Skype \u2022 Plug and Play para Mac y PC.\" \/>\n<meta property=\"og:url\" content=\"https:\/\/mivoot.com\/gt\/producto\/microfono-blue-snoball-ice\/\" \/>\n<meta property=\"og:site_name\" content=\"Mivoot\" \/>\n<meta property=\"article:publisher\" content=\"https:\/\/www.facebook.com\/mivootgt\" \/>\n<meta property=\"article:modified_time\" content=\"2022-06-03T19:17:57+00:00\" \/>\n<meta property=\"og:image\" content=\"https:\/\/mivoot.com\/gt\/wp-content\/uploads\/2022\/06\/Microfono-blue-4.jpg\" \/>\n\t<meta property=\"og:image:width\" content=\"700\" \/>\n\t<meta property=\"og:image:height\" content=\"700\" \/>\n\t<meta property=\"og:image:type\" content=\"image\/jpeg\" \/>\n<meta name=\"twitter:card\" content=\"summary_large_image\" \/>\n<script type=\"application\/ld+json\" class=\"yoast-schema-graph\">{\"@context\":\"https:\/\/schema.org\",\"@graph\":[{\"@type\":\"WebPage\",\"@id\":\"https:\/\/mivoot.com\/gt\/producto\/microfono-blue-snoball-ice\/\",\"url\":\"https:\/\/mivoot.com\/gt\/producto\/microfono-blue-snoball-ice\/\",\"name\":\"Micr\u00f3fono Blue Snoball ICE - Mivoot\",\"isPartOf\":{\"@id\":\"https:\/\/mivoot.com\/gt\/#website\"},\"primaryImageOfPage\":{\"@id\":\"https:\/\/mivoot.com\/gt\/producto\/microfono-blue-snoball-ice\/#primaryimage\"},\"image\":{\"@id\":\"https:\/\/mivoot.com\/gt\/producto\/microfono-blue-snoball-ice\/#primaryimage\"},\"thumbnailUrl\":\"https:\/\/mivoot.com\/gt\/wp-content\/uploads\/2022\/06\/Microfono-blue-4.jpg\",\"datePublished\":\"2022-06-03T19:10:16+00:00\",\"dateModified\":\"2022-06-03T19:17:57+00:00\",\"breadcrumb\":{\"@id\":\"https:\/\/mivoot.com\/gt\/producto\/microfono-blue-snoball-ice\/#breadcrumb\"},\"inLanguage\":\"es\",\"potentialAction\":[{\"@type\":\"ReadAction\",\"target\":[\"https:\/\/mivoot.com\/gt\/producto\/microfono-blue-snoball-ice\/\"]}]},{\"@type\":\"ImageObject\",\"inLanguage\":\"es\",\"@id\":\"https:\/\/mivoot.com\/gt\/producto\/microfono-blue-snoball-ice\/#primaryimage\",\"url\":\"https:\/\/mivoot.com\/gt\/wp-content\/uploads\/2022\/06\/Microfono-blue-4.jpg\",\"contentUrl\":\"https:\/\/mivoot.com\/gt\/wp-content\/uploads\/2022\/06\/Microfono-blue-4.jpg\",\"width\":700,\"height\":700},{\"@type\":\"BreadcrumbList\",\"@id\":\"https:\/\/mivoot.com\/gt\/producto\/microfono-blue-snoball-ice\/#breadcrumb\",\"itemListElement\":[{\"@type\":\"ListItem\",\"position\":1,\"name\":\"Inicio\",\"item\":\"https:\/\/mivoot.com\/gt\/\"},{\"@type\":\"ListItem\",\"position\":2,\"name\":\"Productos\",\"item\":\"https:\/\/mivoot.com\/gt\/producto\/\"},{\"@type\":\"ListItem\",\"position\":3,\"name\":\"Logitech\",\"item\":\"https:\/\/mivoot.com\/gt\/marca\/logitech\/\"},{\"@type\":\"ListItem\",\"position\":4,\"name\":\"Micr\u00f3fono Blue Snoball ICE\"}]},{\"@type\":\"WebSite\",\"@id\":\"https:\/\/mivoot.com\/gt\/#website\",\"url\":\"https:\/\/mivoot.com\/gt\/\",\"name\":\"Mivoot\",\"description\":\"Mivoot Guatemala | Tienda Online\",\"publisher\":{\"@id\":\"https:\/\/mivoot.com\/gt\/#organization\"},\"alternateName\":\"mivoot\",\"potentialAction\":[{\"@type\":\"SearchAction\",\"target\":{\"@type\":\"EntryPoint\",\"urlTemplate\":\"https:\/\/mivoot.com\/gt\/?s={search_term_string}\"},\"query-input\":{\"@type\":\"PropertyValueSpecification\",\"valueRequired\":true,\"valueName\":\"search_term_string\"}}],\"inLanguage\":\"es\"},{\"@type\":\"Organization\",\"@id\":\"https:\/\/mivoot.com\/gt\/#organization\",\"name\":\"Mivoot Guatemala\",\"alternateName\":\"mivoot.com\",\"url\":\"https:\/\/mivoot.com\/gt\/\",\"logo\":{\"@type\":\"ImageObject\",\"inLanguage\":\"es\",\"@id\":\"https:\/\/mivoot.com\/gt\/#\/schema\/logo\/image\/\",\"url\":\"https:\/\/mivoot.com\/gt\/wp-content\/uploads\/2023\/03\/cropped-icon.png\",\"contentUrl\":\"https:\/\/mivoot.com\/gt\/wp-content\/uploads\/2023\/03\/cropped-icon.png\",\"width\":512,\"height\":512,\"caption\":\"Mivoot Guatemala\"},\"image\":{\"@id\":\"https:\/\/mivoot.com\/gt\/#\/schema\/logo\/image\/\"},\"sameAs\":[\"https:\/\/www.facebook.com\/mivootgt\",\"https:\/\/instagram.com\/mivoot\"]}]}<\/script>\n<!-- \/ Yoast SEO Premium plugin. -->","yoast_head_json":{"title":"Micr\u00f3fono Blue Snoball ICE - Mivoot","robots":{"index":"index","follow":"follow","max-snippet":"max-snippet:-1","max-image-preview":"max-image-preview:large","max-video-preview":"max-video-preview:-1"},"canonical":"https:\/\/mivoot.com\/gt\/producto\/microfono-blue-snoball-ice\/","og_locale":"es_ES","og_type":"article","og_title":"Micr\u00f3fono Blue Snoball ICE","og_description":"\u2022 Snowball iCE de Blue es lo m\u00e1s f\u00e1cil y r\u00e1pido para conseguir sonido de alta calidad para grabaciones y streaming \u2022 Con certificaci\u00f3n de Skype, ofrece una calidad de audio n\u00edtida \u2022 C\u00e1psula de condensador especial \u2022 Patr\u00f3n de captaci\u00f3n cardioide \u2022 Atractivo dise\u00f1o retro \u2022 Incluye tr\u00edpode para soporte de sobremesa y cable USB \u2022 Certificaci\u00f3n de Skype \u2022 Plug and Play para Mac y PC.","og_url":"https:\/\/mivoot.com\/gt\/producto\/microfono-blue-snoball-ice\/","og_site_name":"Mivoot","article_publisher":"https:\/\/www.facebook.com\/mivootgt","article_modified_time":"2022-06-03T19:17:57+00:00","og_image":[{"width":700,"height":700,"url":"https:\/\/mivoot.com\/gt\/wp-content\/uploads\/2022\/06\/Microfono-blue-4.jpg","type":"image\/jpeg"}],"twitter_card":"summary_large_image","schema":{"@context":"https:\/\/schema.org","@graph":[{"@type":"WebPage","@id":"https:\/\/mivoot.com\/gt\/producto\/microfono-blue-snoball-ice\/","url":"https:\/\/mivoot.com\/gt\/producto\/microfono-blue-snoball-ice\/","name":"Micr\u00f3fono Blue Snoball ICE - Mivoot","isPartOf":{"@id":"https:\/\/mivoot.com\/gt\/#website"},"primaryImageOfPage":{"@id":"https:\/\/mivoot.com\/gt\/producto\/microfono-blue-snoball-ice\/#primaryimage"},"image":{"@id":"https:\/\/mivoot.com\/gt\/producto\/microfono-blue-snoball-ice\/#primaryimage"},"thumbnailUrl":"https:\/\/mivoot.com\/gt\/wp-content\/uploads\/2022\/06\/Microfono-blue-4.jpg","datePublished":"2022-06-03T19:10:16+00:00","dateModified":"2022-06-03T19:17:57+00:00","breadcrumb":{"@id":"https:\/\/mivoot.com\/gt\/producto\/microfono-blue-snoball-ice\/#breadcrumb"},"inLanguage":"es","potentialAction":[{"@type":"ReadAction","target":["https:\/\/mivoot.com\/gt\/producto\/microfono-blue-snoball-ice\/"]}]},{"@type":"ImageObject","inLanguage":"es","@id":"https:\/\/mivoot.com\/gt\/producto\/microfono-blue-snoball-ice\/#primaryimage","url":"https:\/\/mivoot.com\/gt\/wp-content\/uploads\/2022\/06\/Microfono-blue-4.jpg","contentUrl":"https:\/\/mivoot.com\/gt\/wp-content\/uploads\/2022\/06\/Microfono-blue-4.jpg","width":700,"height":700},{"@type":"BreadcrumbList","@id":"https:\/\/mivoot.com\/gt\/producto\/microfono-blue-snoball-ice\/#breadcrumb","itemListElement":[{"@type":"ListItem","position":1,"name":"Inicio","item":"https:\/\/mivoot.com\/gt\/"},{"@type":"ListItem","position":2,"name":"Productos","item":"https:\/\/mivoot.com\/gt\/producto\/"},{"@type":"ListItem","position":3,"name":"Logitech","item":"https:\/\/mivoot.com\/gt\/marca\/logitech\/"},{"@type":"ListItem","position":4,"name":"Micr\u00f3fono Blue Snoball ICE"}]},{"@type":"WebSite","@id":"https:\/\/mivoot.com\/gt\/#website","url":"https:\/\/mivoot.com\/gt\/","name":"Mivoot","description":"Mivoot Guatemala | Tienda Online","publisher":{"@id":"https:\/\/mivoot.com\/gt\/#organization"},"alternateName":"mivoot","potentialAction":[{"@type":"SearchAction","target":{"@type":"EntryPoint","urlTemplate":"https:\/\/mivoot.com\/gt\/?s={search_term_string}"},"query-input":{"@type":"PropertyValueSpecification","valueRequired":true,"valueName":"search_term_string"}}],"inLanguage":"es"},{"@type":"Organization","@id":"https:\/\/mivoot.com\/gt\/#organization","name":"Mivoot Guatemala","alternateName":"mivoot.com","url":"https:\/\/mivoot.com\/gt\/","logo":{"@type":"ImageObject","inLanguage":"es","@id":"https:\/\/mivoot.com\/gt\/#\/schema\/logo\/image\/","url":"https:\/\/mivoot.com\/gt\/wp-content\/uploads\/2023\/03\/cropped-icon.png","contentUrl":"https:\/\/mivoot.com\/gt\/wp-content\/uploads\/2023\/03\/cropped-icon.png","width":512,"height":512,"caption":"Mivoot Guatemala"},"image":{"@id":"https:\/\/mivoot.com\/gt\/#\/schema\/logo\/image\/"},"sameAs":["https:\/\/www.facebook.com\/mivootgt","https:\/\/instagram.com\/mivoot"]}]}},"jetpack_publicize_connections":[],"jetpack_sharing_enabled":true,"brands":[{"id":193,"name":"Logitech","slug":"logitech"}],"_links":{"self":[{"href":"https:\/\/mivoot.com\/gt\/wp-json\/wp\/v2\/product\/8138","targetHints":{"allow":["GET"]}}],"collection":[{"href":"https:\/\/mivoot.com\/gt\/wp-json\/wp\/v2\/product"}],"about":[{"href":"https:\/\/mivoot.com\/gt\/wp-json\/wp\/v2\/types\/product"}],"replies":[{"embeddable":true,"href":"https:\/\/mivoot.com\/gt\/wp-json\/wp\/v2\/comments?post=8138"}],"version-history":[{"count":4,"href":"https:\/\/mivoot.com\/gt\/wp-json\/wp\/v2\/product\/8138\/revisions"}],"predecessor-version":[{"id":8165,"href":"https:\/\/mivoot.com\/gt\/wp-json\/wp\/v2\/product\/8138\/revisions\/8165"}],"wp:featuredmedia":[{"embeddable":true,"href":"https:\/\/mivoot.com\/gt\/wp-json\/wp\/v2\/media\/8143"}],"wp:attachment":[{"href":"https:\/\/mivoot.com\/gt\/wp-json\/wp\/v2\/media?parent=8138"}],"wp:term":[{"taxonomy":"pwb-brand","embeddable":true,"href":"https:\/\/mivoot.com\/gt\/wp-json\/wp\/v2\/pwb-brand?post=8138"},{"taxonomy":"product_brand","embeddable":true,"href":"https:\/\/mivoot.com\/gt\/wp-json\/wp\/v2\/product_brand?post=8138"},{"taxonomy":"product_cat","embeddable":true,"href":"https:\/\/mivoot.com\/gt\/wp-json\/wp\/v2\/product_cat?post=8138"},{"taxonomy":"product_tag","embeddable":true,"href":"https:\/\/mivoot.com\/gt\/wp-json\/wp\/v2\/product_tag?post=8138"}],"curies":[{"name":"wp","href":"https:\/\/api.w.org\/{rel}","templated":true}]}}