{"id":8369,"date":"2022-06-26T22:17:24","date_gmt":"2022-06-27T04:17:24","guid":{"rendered":"https:\/\/mivoot.com\/gt\/?post_type=product&#038;p=8369"},"modified":"2024-08-01T10:10:20","modified_gmt":"2024-08-01T16:10:20","slug":"pos-sunmi-p2-pro","status":"publish","type":"product","link":"https:\/\/mivoot.com\/gt\/producto\/pos-sunmi-p2-pro\/","title":{"rendered":"POS Sunmi P2 PRO Cobro con tarjeta Impresora 4G"},"content":{"rendered":"\t\t<div data-elementor-type=\"product-post\" data-elementor-id=\"8369\" class=\"elementor elementor-8369\">\n\t\t\t\t\t\t<section class=\"elementor-section elementor-top-section elementor-element elementor-element-557de96 elementor-section-boxed elementor-section-height-default elementor-section-height-default\" data-id=\"557de96\" data-element_type=\"section\">\n\t\t\t\t\t\t<div class=\"elementor-container elementor-column-gap-default\">\n\t\t\t\t\t<div class=\"elementor-column elementor-col-100 elementor-top-column elementor-element elementor-element-b2f3c49\" data-id=\"b2f3c49\" data-element_type=\"column\">\n\t\t\t<div class=\"elementor-widget-wrap elementor-element-populated\">\n\t\t\t\t\t\t<div class=\"elementor-element elementor-element-98972e1 elementor-widget elementor-widget-text-editor\" data-id=\"98972e1\" data-element_type=\"widget\" data-widget_type=\"text-editor.default\">\n\t\t\t\t<div class=\"elementor-widget-container\">\n\t\t\t\t\t\t\t\t\t<h2>Sunmi P2 impresora integrada y Cobro con tarjeta,<\/h2><p>P2 admite canales de pago omnidireccionales, incluida la tarjeta de banda magn\u00e9tica, la tarjeta IC, NFC y el c\u00f3digo QR.<\/p><h3>Descripci\u00f3n:<\/h3><ul><li>El procesador de cuatro n\u00facleos ofrece un rendimiento m\u00e1s fuerte<\/li><li>Impresora t\u00e9rmica de alta velocidad.<\/li><li>El pago omnipotente incluye MSR, tarjeta IC, NFC y c\u00f3digo QR.<\/li><li>El dise\u00f1o ultra fino hace que sea f\u00e1cil de levantar y mover el dispositivo cuando sea necesario<\/li><li>La bater\u00eda de pol\u00edmero de aluminio extra\u00edble garantiza la seguridad y facilidad de mantenimiento<\/li><li>Android 7.1 SO Sunmi.<\/li><li>1 GB de RAM + 8 GB de ROM.<\/li><li><div class=\"item-content small-body\">Pantalla de 5.5 &#8220;HD + 1440 \u00d7 720, IPS.<\/div><\/li><li><div class=\"item-content small-body\">WIFI 2.4G \/ 5G, compatible con IEEE 802.11 a \/ b \/ g \/ n<\/div><\/li><li><div class=\"small-body\">LTE \/ UMTS \/ GSM.<\/div><\/li><li><p class=\"item-content\">C\u00e1mara trasera: 5 megap\u00edxeles, C\u00e1mara de enfoque autom\u00e1tico.<\/p><\/li><\/ul>\t\t\t\t\t\t\t\t<\/div>\n\t\t\t\t<\/div>\n\t\t\t\t\t<\/div>\n\t\t<\/div>\n\t\t\t\t\t<\/div>\n\t\t<\/section>\n\t\t\t\t<section class=\"elementor-section elementor-top-section elementor-element elementor-element-834d1a5 elementor-section-boxed elementor-section-height-default elementor-section-height-default\" data-id=\"834d1a5\" data-element_type=\"section\" data-settings=\"{&quot;background_background&quot;:&quot;classic&quot;}\">\n\t\t\t\t\t\t<div class=\"elementor-container elementor-column-gap-default\">\n\t\t\t\t\t<div class=\"elementor-column elementor-col-25 elementor-top-column elementor-element elementor-element-5c456d7\" data-id=\"5c456d7\" data-element_type=\"column\">\n\t\t\t<div class=\"elementor-widget-wrap elementor-element-populated\">\n\t\t\t\t\t\t<div class=\"elementor-element elementor-element-ae44882 elementor-widget elementor-widget-image\" data-id=\"ae44882\" data-element_type=\"widget\" data-widget_type=\"image.default\">\n\t\t\t\t<div class=\"elementor-widget-container\">\n\t\t\t\t\t\t\t\t\t\t\t\t\t\t\t<img fetchpriority=\"high\" decoding=\"async\" width=\"900\" height=\"1320\" src=\"https:\/\/mivoot.com\/gt\/wp-content\/uploads\/2022\/06\/page5-1-1.jpg\" class=\"attachment-large size-large wp-image-8384\" alt=\"\" srcset=\"https:\/\/mivoot.com\/gt\/wp-content\/uploads\/2022\/06\/page5-1-1.jpg 900w, https:\/\/mivoot.com\/gt\/wp-content\/uploads\/2022\/06\/page5-1-1-410x601.jpg 410w, https:\/\/mivoot.com\/gt\/wp-content\/uploads\/2022\/06\/page5-1-1-64x94.jpg 64w, https:\/\/mivoot.com\/gt\/wp-content\/uploads\/2022\/06\/page5-1-1-205x300.jpg 205w, https:\/\/mivoot.com\/gt\/wp-content\/uploads\/2022\/06\/page5-1-1-768x1126.jpg 768w\" sizes=\"(max-width: 900px) 100vw, 900px\" \/>\t\t\t\t\t\t\t\t\t\t\t\t\t\t\t<\/div>\n\t\t\t\t<\/div>\n\t\t\t\t\t<\/div>\n\t\t<\/div>\n\t\t\t\t<div class=\"elementor-column elementor-col-25 elementor-top-column elementor-element elementor-element-1bc35b8\" data-id=\"1bc35b8\" data-element_type=\"column\">\n\t\t\t<div class=\"elementor-widget-wrap elementor-element-populated\">\n\t\t\t\t\t\t<div class=\"elementor-element elementor-element-a0330c6 elementor-widget elementor-widget-image\" data-id=\"a0330c6\" data-element_type=\"widget\" data-widget_type=\"image.default\">\n\t\t\t\t<div class=\"elementor-widget-container\">\n\t\t\t\t\t\t\t\t\t\t\t\t\t\t\t<img decoding=\"async\" width=\"900\" height=\"1320\" src=\"https:\/\/mivoot.com\/gt\/wp-content\/uploads\/2022\/06\/page5-2-1.jpg\" class=\"attachment-large size-large wp-image-8385\" alt=\"\" srcset=\"https:\/\/mivoot.com\/gt\/wp-content\/uploads\/2022\/06\/page5-2-1.jpg 900w, https:\/\/mivoot.com\/gt\/wp-content\/uploads\/2022\/06\/page5-2-1-410x601.jpg 410w, https:\/\/mivoot.com\/gt\/wp-content\/uploads\/2022\/06\/page5-2-1-64x94.jpg 64w, https:\/\/mivoot.com\/gt\/wp-content\/uploads\/2022\/06\/page5-2-1-205x300.jpg 205w, https:\/\/mivoot.com\/gt\/wp-content\/uploads\/2022\/06\/page5-2-1-768x1126.jpg 768w\" sizes=\"(max-width: 900px) 100vw, 900px\" \/>\t\t\t\t\t\t\t\t\t\t\t\t\t\t\t<\/div>\n\t\t\t\t<\/div>\n\t\t\t\t\t<\/div>\n\t\t<\/div>\n\t\t\t\t<div class=\"elementor-column elementor-col-25 elementor-top-column elementor-element elementor-element-1fa4e4b\" data-id=\"1fa4e4b\" data-element_type=\"column\">\n\t\t\t<div class=\"elementor-widget-wrap elementor-element-populated\">\n\t\t\t\t\t\t<div class=\"elementor-element elementor-element-00363a2 elementor-widget elementor-widget-image\" data-id=\"00363a2\" data-element_type=\"widget\" data-widget_type=\"image.default\">\n\t\t\t\t<div class=\"elementor-widget-container\">\n\t\t\t\t\t\t\t\t\t\t\t\t\t\t\t<img decoding=\"async\" width=\"900\" height=\"1320\" src=\"https:\/\/mivoot.com\/gt\/wp-content\/uploads\/2022\/06\/page5-3-1.jpg\" class=\"attachment-large size-large wp-image-8386\" alt=\"\" srcset=\"https:\/\/mivoot.com\/gt\/wp-content\/uploads\/2022\/06\/page5-3-1.jpg 900w, https:\/\/mivoot.com\/gt\/wp-content\/uploads\/2022\/06\/page5-3-1-410x601.jpg 410w, https:\/\/mivoot.com\/gt\/wp-content\/uploads\/2022\/06\/page5-3-1-64x94.jpg 64w, https:\/\/mivoot.com\/gt\/wp-content\/uploads\/2022\/06\/page5-3-1-205x300.jpg 205w, https:\/\/mivoot.com\/gt\/wp-content\/uploads\/2022\/06\/page5-3-1-768x1126.jpg 768w\" sizes=\"(max-width: 900px) 100vw, 900px\" \/>\t\t\t\t\t\t\t\t\t\t\t\t\t\t\t<\/div>\n\t\t\t\t<\/div>\n\t\t\t\t\t<\/div>\n\t\t<\/div>\n\t\t\t\t<div class=\"elementor-column elementor-col-25 elementor-top-column elementor-element elementor-element-2e77905\" data-id=\"2e77905\" data-element_type=\"column\">\n\t\t\t<div class=\"elementor-widget-wrap elementor-element-populated\">\n\t\t\t\t\t\t<div class=\"elementor-element elementor-element-4d0f061 elementor-widget elementor-widget-image\" data-id=\"4d0f061\" data-element_type=\"widget\" data-widget_type=\"image.default\">\n\t\t\t\t<div class=\"elementor-widget-container\">\n\t\t\t\t\t\t\t\t\t\t\t\t\t\t\t<img loading=\"lazy\" decoding=\"async\" width=\"900\" height=\"1320\" src=\"https:\/\/mivoot.com\/gt\/wp-content\/uploads\/2022\/06\/page5-4-1.jpg\" class=\"attachment-large size-large wp-image-8383\" alt=\"\" srcset=\"https:\/\/mivoot.com\/gt\/wp-content\/uploads\/2022\/06\/page5-4-1.jpg 900w, https:\/\/mivoot.com\/gt\/wp-content\/uploads\/2022\/06\/page5-4-1-410x601.jpg 410w, https:\/\/mivoot.com\/gt\/wp-content\/uploads\/2022\/06\/page5-4-1-64x94.jpg 64w, https:\/\/mivoot.com\/gt\/wp-content\/uploads\/2022\/06\/page5-4-1-205x300.jpg 205w, https:\/\/mivoot.com\/gt\/wp-content\/uploads\/2022\/06\/page5-4-1-768x1126.jpg 768w\" sizes=\"(max-width: 900px) 100vw, 900px\" \/>\t\t\t\t\t\t\t\t\t\t\t\t\t\t\t<\/div>\n\t\t\t\t<\/div>\n\t\t\t\t\t<\/div>\n\t\t<\/div>\n\t\t\t\t\t<\/div>\n\t\t<\/section>\n\t\t\t\t<section class=\"elementor-section elementor-top-section elementor-element elementor-element-43ef3f8 elementor-section-boxed elementor-section-height-default elementor-section-height-default\" data-id=\"43ef3f8\" data-element_type=\"section\">\n\t\t\t\t\t\t<div class=\"elementor-container elementor-column-gap-default\">\n\t\t\t\t\t<div class=\"elementor-column elementor-col-100 elementor-top-column elementor-element elementor-element-1ad0abd\" data-id=\"1ad0abd\" data-element_type=\"column\">\n\t\t\t<div class=\"elementor-widget-wrap elementor-element-populated\">\n\t\t\t\t\t\t<div class=\"elementor-element elementor-element-6afca32 elementor-widget elementor-widget-text-editor\" data-id=\"6afca32\" data-element_type=\"widget\" data-widget_type=\"text-editor.default\">\n\t\t\t\t<div class=\"elementor-widget-container\">\n\t\t\t\t\t\t\t\t\t<p>Esc\u00e1ner de c\u00f3digo de barras profesional 1D.<\/p><p>Esc\u00e1ner de c\u00f3digo de barras profesional 1D<\/p><p>\u00a0<\/p>\t\t\t\t\t\t\t\t<\/div>\n\t\t\t\t<\/div>\n\t\t\t\t\t<\/div>\n\t\t<\/div>\n\t\t\t\t\t<\/div>\n\t\t<\/section>\n\t\t\t\t<section class=\"elementor-section elementor-top-section elementor-element elementor-element-feb2f63 elementor-section-boxed elementor-section-height-default elementor-section-height-default\" data-id=\"feb2f63\" data-element_type=\"section\">\n\t\t\t\t\t\t<div class=\"elementor-container elementor-column-gap-default\">\n\t\t\t\t\t<div class=\"elementor-column elementor-col-100 elementor-top-column elementor-element elementor-element-5e62b39\" data-id=\"5e62b39\" data-element_type=\"column\">\n\t\t\t<div class=\"elementor-widget-wrap elementor-element-populated\">\n\t\t\t\t\t\t<div class=\"elementor-element elementor-element-ab0bcef elementor-widget elementor-widget-image\" data-id=\"ab0bcef\" data-element_type=\"widget\" data-widget_type=\"image.default\">\n\t\t\t\t<div class=\"elementor-widget-container\">\n\t\t\t\t\t\t\t\t\t\t\t\t\t\t\t<img loading=\"lazy\" decoding=\"async\" width=\"1020\" height=\"480\" src=\"https:\/\/mivoot.com\/gt\/wp-content\/uploads\/2022\/06\/Captura-1.png\" class=\"attachment-large size-large wp-image-8390\" alt=\"\" srcset=\"https:\/\/mivoot.com\/gt\/wp-content\/uploads\/2022\/06\/Captura-1.png 1323w, https:\/\/mivoot.com\/gt\/wp-content\/uploads\/2022\/06\/Captura-1-410x193.png 410w, https:\/\/mivoot.com\/gt\/wp-content\/uploads\/2022\/06\/Captura-1-64x30.png 64w, https:\/\/mivoot.com\/gt\/wp-content\/uploads\/2022\/06\/Captura-1-300x141.png 300w, https:\/\/mivoot.com\/gt\/wp-content\/uploads\/2022\/06\/Captura-1-768x362.png 768w\" sizes=\"(max-width: 1020px) 100vw, 1020px\" \/>\t\t\t\t\t\t\t\t\t\t\t\t\t\t\t<\/div>\n\t\t\t\t<\/div>\n\t\t\t\t\t<\/div>\n\t\t<\/div>\n\t\t\t\t\t<\/div>\n\t\t<\/section>\n\t\t\t\t<section class=\"elementor-section elementor-top-section elementor-element elementor-element-c4d944f elementor-section-boxed elementor-section-height-default elementor-section-height-default\" data-id=\"c4d944f\" data-element_type=\"section\">\n\t\t\t\t\t\t<div class=\"elementor-container elementor-column-gap-default\">\n\t\t\t\t\t<div class=\"elementor-column elementor-col-100 elementor-top-column elementor-element elementor-element-3f3139b\" data-id=\"3f3139b\" data-element_type=\"column\">\n\t\t\t<div class=\"elementor-widget-wrap elementor-element-populated\">\n\t\t\t\t\t\t<div class=\"elementor-element elementor-element-a8d06cd elementor-widget elementor-widget-image\" data-id=\"a8d06cd\" data-element_type=\"widget\" data-widget_type=\"image.default\">\n\t\t\t\t<div class=\"elementor-widget-container\">\n\t\t\t\t\t\t\t\t\t\t\t\t\t\t\t<img loading=\"lazy\" decoding=\"async\" width=\"1000\" height=\"1288\" src=\"https:\/\/mivoot.com\/gt\/wp-content\/uploads\/2022\/06\/S1a01df32a3f446ccbf0d26c03c2ea032I.webp\" class=\"attachment-large size-large wp-image-8414\" alt=\"\" srcset=\"https:\/\/mivoot.com\/gt\/wp-content\/uploads\/2022\/06\/S1a01df32a3f446ccbf0d26c03c2ea032I.webp 1000w, https:\/\/mivoot.com\/gt\/wp-content\/uploads\/2022\/06\/S1a01df32a3f446ccbf0d26c03c2ea032I-410x528.webp 410w, https:\/\/mivoot.com\/gt\/wp-content\/uploads\/2022\/06\/S1a01df32a3f446ccbf0d26c03c2ea032I-64x82.webp 64w, https:\/\/mivoot.com\/gt\/wp-content\/uploads\/2022\/06\/S1a01df32a3f446ccbf0d26c03c2ea032I-233x300.webp 233w, https:\/\/mivoot.com\/gt\/wp-content\/uploads\/2022\/06\/S1a01df32a3f446ccbf0d26c03c2ea032I-768x989.webp 768w\" sizes=\"(max-width: 1000px) 100vw, 1000px\" \/>\t\t\t\t\t\t\t\t\t\t\t\t\t\t\t<\/div>\n\t\t\t\t<\/div>\n\t\t\t\t\t<\/div>\n\t\t<\/div>\n\t\t\t\t\t<\/div>\n\t\t<\/section>\n\t\t\t\t<\/div>\n\t\t","protected":false},"excerpt":{"rendered":"<p>&#8211; Sistema operativo Android OS SUNMI OS<br \/>\n&#8211; Memoria 1GB RAM+8GB ROM<br \/>\n&#8211; Procesador Quad-core 1.4Hz CPU<br \/>\n&#8211; Display 5.99&#8243; HD+ 1440&#215;720 IPS<br \/>\n&#8211; Impresora de 58mm<br \/>\n&#8211; NFC Card Reader<br \/>\n&#8211; Lector de banda magnetica<br \/>\n&#8211; Tarjeta IC chip<br \/>\n&#8211; Scanner 1D barcode scan engine<br \/>\n&#8211; Network 2G &amp; 3G &amp; 4G<br \/>\n&#8211; Wi-Fi 2.4GHz\/5GHz<br \/>\n&#8211; Dimensions (L*W*H) 224.9*84.2*17.5(50.4)mm<br \/>\n&#8211; Lector NFC (Sin contacto), Tarjeta de banda magn\u00e9tica Y Tarjeta IC (Chip).<\/p>\n","protected":false},"featured_media":8376,"comment_status":"open","ping_status":"closed","template":"","meta":{"jetpack_publicize_message":"","jetpack_publicize_feature_enabled":true,"jetpack_social_post_already_shared":false,"jetpack_social_options":{"image_generator_settings":{"template":"highway","default_image_id":0,"font":"","enabled":false},"version":2}},"pwb-brand":[299],"product_brand":[],"product_cat":[306],"product_tag":[],"class_list":{"0":"post-8369","1":"product","2":"type-product","3":"status-publish","4":"has-post-thumbnail","6":"pwb-brand-sunmi","7":"product_cat-posmovil","9":"first","10":"instock","11":"taxable","12":"shipping-taxable","13":"purchasable","14":"product-type-simple"},"yoast_head":"<!-- This site is optimized with the Yoast SEO Premium plugin v25.7.1 (Yoast SEO v26.8) - https:\/\/yoast.com\/product\/yoast-seo-premium-wordpress\/ -->\n<title>POS Sunmi P2 PRO Cobro con tarjeta Impresora 4G - Mivoot<\/title>\n<meta name=\"robots\" content=\"index, follow, max-snippet:-1, max-image-preview:large, max-video-preview:-1\" \/>\n<link rel=\"canonical\" href=\"https:\/\/mivoot.com\/gt\/producto\/pos-sunmi-p2-pro\/\" \/>\n<meta property=\"og:locale\" content=\"es_ES\" \/>\n<meta property=\"og:type\" content=\"article\" \/>\n<meta property=\"og:title\" content=\"POS Sunmi P2 PRO Cobro con tarjeta Impresora 4G\" \/>\n<meta property=\"og:description\" content=\"- Sistema operativo Android OS SUNMI OS - Memoria 1GB RAM+8GB ROM - Procesador Quad-core 1.4Hz CPU - Display 5.99&quot; HD+ 1440x720 IPS - Impresora de 58mm - NFC Card Reader - Lector de banda magnetica - Tarjeta IC chip - Scanner 1D barcode scan engine - Network 2G &amp; 3G &amp; 4G - Wi-Fi 2.4GHz\/5GHz - Dimensions (L*W*H) 224.9*84.2*17.5(50.4)mm - Lector NFC (Sin contacto), Tarjeta de banda magn\u00e9tica Y Tarjeta IC (Chip).\" \/>\n<meta property=\"og:url\" content=\"https:\/\/mivoot.com\/gt\/producto\/pos-sunmi-p2-pro\/\" \/>\n<meta property=\"og:site_name\" content=\"Mivoot\" \/>\n<meta property=\"article:publisher\" content=\"https:\/\/www.facebook.com\/mivootgt\" \/>\n<meta property=\"article:modified_time\" content=\"2024-08-01T16:10:20+00:00\" \/>\n<meta property=\"og:image\" content=\"https:\/\/mivoot.com\/gt\/wp-content\/uploads\/2022\/06\/Sunmi-P2.webp\" \/>\n\t<meta property=\"og:image:width\" content=\"1500\" \/>\n\t<meta property=\"og:image:height\" content=\"1500\" \/>\n\t<meta property=\"og:image:type\" content=\"image\/webp\" \/>\n<meta name=\"twitter:card\" content=\"summary_large_image\" \/>\n<meta name=\"twitter:label1\" content=\"Est. reading time\" \/>\n\t<meta name=\"twitter:data1\" content=\"1 minuto\" \/>\n<script type=\"application\/ld+json\" class=\"yoast-schema-graph\">{\"@context\":\"https:\/\/schema.org\",\"@graph\":[{\"@type\":\"WebPage\",\"@id\":\"https:\/\/mivoot.com\/gt\/producto\/pos-sunmi-p2-pro\/\",\"url\":\"https:\/\/mivoot.com\/gt\/producto\/pos-sunmi-p2-pro\/\",\"name\":\"POS Sunmi P2 PRO Cobro con tarjeta Impresora 4G - Mivoot\",\"isPartOf\":{\"@id\":\"https:\/\/mivoot.com\/gt\/#website\"},\"primaryImageOfPage\":{\"@id\":\"https:\/\/mivoot.com\/gt\/producto\/pos-sunmi-p2-pro\/#primaryimage\"},\"image\":{\"@id\":\"https:\/\/mivoot.com\/gt\/producto\/pos-sunmi-p2-pro\/#primaryimage\"},\"thumbnailUrl\":\"https:\/\/mivoot.com\/gt\/wp-content\/uploads\/2022\/06\/Sunmi-P2.webp\",\"datePublished\":\"2022-06-27T04:17:24+00:00\",\"dateModified\":\"2024-08-01T16:10:20+00:00\",\"breadcrumb\":{\"@id\":\"https:\/\/mivoot.com\/gt\/producto\/pos-sunmi-p2-pro\/#breadcrumb\"},\"inLanguage\":\"es\",\"potentialAction\":[{\"@type\":\"ReadAction\",\"target\":[\"https:\/\/mivoot.com\/gt\/producto\/pos-sunmi-p2-pro\/\"]}]},{\"@type\":\"ImageObject\",\"inLanguage\":\"es\",\"@id\":\"https:\/\/mivoot.com\/gt\/producto\/pos-sunmi-p2-pro\/#primaryimage\",\"url\":\"https:\/\/mivoot.com\/gt\/wp-content\/uploads\/2022\/06\/Sunmi-P2.webp\",\"contentUrl\":\"https:\/\/mivoot.com\/gt\/wp-content\/uploads\/2022\/06\/Sunmi-P2.webp\",\"width\":1500,\"height\":1500},{\"@type\":\"BreadcrumbList\",\"@id\":\"https:\/\/mivoot.com\/gt\/producto\/pos-sunmi-p2-pro\/#breadcrumb\",\"itemListElement\":[{\"@type\":\"ListItem\",\"position\":1,\"name\":\"Inicio\",\"item\":\"https:\/\/mivoot.com\/gt\/\"},{\"@type\":\"ListItem\",\"position\":2,\"name\":\"Productos\",\"item\":\"https:\/\/mivoot.com\/gt\/producto\/\"},{\"@type\":\"ListItem\",\"position\":3,\"name\":\"Sunmi\",\"item\":\"https:\/\/mivoot.com\/gt\/marca\/sunmi\/\"},{\"@type\":\"ListItem\",\"position\":4,\"name\":\"POS Sunmi P2 PRO Cobro con tarjeta Impresora 4G\"}]},{\"@type\":\"WebSite\",\"@id\":\"https:\/\/mivoot.com\/gt\/#website\",\"url\":\"https:\/\/mivoot.com\/gt\/\",\"name\":\"Mivoot\",\"description\":\"Mivoot Guatemala | Tienda Online\",\"publisher\":{\"@id\":\"https:\/\/mivoot.com\/gt\/#organization\"},\"alternateName\":\"mivoot\",\"potentialAction\":[{\"@type\":\"SearchAction\",\"target\":{\"@type\":\"EntryPoint\",\"urlTemplate\":\"https:\/\/mivoot.com\/gt\/?s={search_term_string}\"},\"query-input\":{\"@type\":\"PropertyValueSpecification\",\"valueRequired\":true,\"valueName\":\"search_term_string\"}}],\"inLanguage\":\"es\"},{\"@type\":\"Organization\",\"@id\":\"https:\/\/mivoot.com\/gt\/#organization\",\"name\":\"Mivoot Guatemala\",\"alternateName\":\"mivoot.com\",\"url\":\"https:\/\/mivoot.com\/gt\/\",\"logo\":{\"@type\":\"ImageObject\",\"inLanguage\":\"es\",\"@id\":\"https:\/\/mivoot.com\/gt\/#\/schema\/logo\/image\/\",\"url\":\"https:\/\/mivoot.com\/gt\/wp-content\/uploads\/2023\/03\/cropped-icon.png\",\"contentUrl\":\"https:\/\/mivoot.com\/gt\/wp-content\/uploads\/2023\/03\/cropped-icon.png\",\"width\":512,\"height\":512,\"caption\":\"Mivoot Guatemala\"},\"image\":{\"@id\":\"https:\/\/mivoot.com\/gt\/#\/schema\/logo\/image\/\"},\"sameAs\":[\"https:\/\/www.facebook.com\/mivootgt\",\"https:\/\/instagram.com\/mivoot\"]}]}<\/script>\n<!-- \/ Yoast SEO Premium plugin. -->","yoast_head_json":{"title":"POS Sunmi P2 PRO Cobro con tarjeta Impresora 4G - Mivoot","robots":{"index":"index","follow":"follow","max-snippet":"max-snippet:-1","max-image-preview":"max-image-preview:large","max-video-preview":"max-video-preview:-1"},"canonical":"https:\/\/mivoot.com\/gt\/producto\/pos-sunmi-p2-pro\/","og_locale":"es_ES","og_type":"article","og_title":"POS Sunmi P2 PRO Cobro con tarjeta Impresora 4G","og_description":"- Sistema operativo Android OS SUNMI OS - Memoria 1GB RAM+8GB ROM - Procesador Quad-core 1.4Hz CPU - Display 5.99\" HD+ 1440x720 IPS - Impresora de 58mm - NFC Card Reader - Lector de banda magnetica - Tarjeta IC chip - Scanner 1D barcode scan engine - Network 2G &amp; 3G &amp; 4G - Wi-Fi 2.4GHz\/5GHz - Dimensions (L*W*H) 224.9*84.2*17.5(50.4)mm - Lector NFC (Sin contacto), Tarjeta de banda magn\u00e9tica Y Tarjeta IC (Chip).","og_url":"https:\/\/mivoot.com\/gt\/producto\/pos-sunmi-p2-pro\/","og_site_name":"Mivoot","article_publisher":"https:\/\/www.facebook.com\/mivootgt","article_modified_time":"2024-08-01T16:10:20+00:00","og_image":[{"width":1500,"height":1500,"url":"https:\/\/mivoot.com\/gt\/wp-content\/uploads\/2022\/06\/Sunmi-P2.webp","type":"image\/webp"}],"twitter_card":"summary_large_image","twitter_misc":{"Est. reading time":"1 minuto"},"schema":{"@context":"https:\/\/schema.org","@graph":[{"@type":"WebPage","@id":"https:\/\/mivoot.com\/gt\/producto\/pos-sunmi-p2-pro\/","url":"https:\/\/mivoot.com\/gt\/producto\/pos-sunmi-p2-pro\/","name":"POS Sunmi P2 PRO Cobro con tarjeta Impresora 4G - Mivoot","isPartOf":{"@id":"https:\/\/mivoot.com\/gt\/#website"},"primaryImageOfPage":{"@id":"https:\/\/mivoot.com\/gt\/producto\/pos-sunmi-p2-pro\/#primaryimage"},"image":{"@id":"https:\/\/mivoot.com\/gt\/producto\/pos-sunmi-p2-pro\/#primaryimage"},"thumbnailUrl":"https:\/\/mivoot.com\/gt\/wp-content\/uploads\/2022\/06\/Sunmi-P2.webp","datePublished":"2022-06-27T04:17:24+00:00","dateModified":"2024-08-01T16:10:20+00:00","breadcrumb":{"@id":"https:\/\/mivoot.com\/gt\/producto\/pos-sunmi-p2-pro\/#breadcrumb"},"inLanguage":"es","potentialAction":[{"@type":"ReadAction","target":["https:\/\/mivoot.com\/gt\/producto\/pos-sunmi-p2-pro\/"]}]},{"@type":"ImageObject","inLanguage":"es","@id":"https:\/\/mivoot.com\/gt\/producto\/pos-sunmi-p2-pro\/#primaryimage","url":"https:\/\/mivoot.com\/gt\/wp-content\/uploads\/2022\/06\/Sunmi-P2.webp","contentUrl":"https:\/\/mivoot.com\/gt\/wp-content\/uploads\/2022\/06\/Sunmi-P2.webp","width":1500,"height":1500},{"@type":"BreadcrumbList","@id":"https:\/\/mivoot.com\/gt\/producto\/pos-sunmi-p2-pro\/#breadcrumb","itemListElement":[{"@type":"ListItem","position":1,"name":"Inicio","item":"https:\/\/mivoot.com\/gt\/"},{"@type":"ListItem","position":2,"name":"Productos","item":"https:\/\/mivoot.com\/gt\/producto\/"},{"@type":"ListItem","position":3,"name":"Sunmi","item":"https:\/\/mivoot.com\/gt\/marca\/sunmi\/"},{"@type":"ListItem","position":4,"name":"POS Sunmi P2 PRO Cobro con tarjeta Impresora 4G"}]},{"@type":"WebSite","@id":"https:\/\/mivoot.com\/gt\/#website","url":"https:\/\/mivoot.com\/gt\/","name":"Mivoot","description":"Mivoot Guatemala | Tienda Online","publisher":{"@id":"https:\/\/mivoot.com\/gt\/#organization"},"alternateName":"mivoot","potentialAction":[{"@type":"SearchAction","target":{"@type":"EntryPoint","urlTemplate":"https:\/\/mivoot.com\/gt\/?s={search_term_string}"},"query-input":{"@type":"PropertyValueSpecification","valueRequired":true,"valueName":"search_term_string"}}],"inLanguage":"es"},{"@type":"Organization","@id":"https:\/\/mivoot.com\/gt\/#organization","name":"Mivoot Guatemala","alternateName":"mivoot.com","url":"https:\/\/mivoot.com\/gt\/","logo":{"@type":"ImageObject","inLanguage":"es","@id":"https:\/\/mivoot.com\/gt\/#\/schema\/logo\/image\/","url":"https:\/\/mivoot.com\/gt\/wp-content\/uploads\/2023\/03\/cropped-icon.png","contentUrl":"https:\/\/mivoot.com\/gt\/wp-content\/uploads\/2023\/03\/cropped-icon.png","width":512,"height":512,"caption":"Mivoot Guatemala"},"image":{"@id":"https:\/\/mivoot.com\/gt\/#\/schema\/logo\/image\/"},"sameAs":["https:\/\/www.facebook.com\/mivootgt","https:\/\/instagram.com\/mivoot"]}]}},"jetpack_publicize_connections":[],"jetpack_sharing_enabled":true,"brands":[{"id":299,"name":"Sunmi","slug":"sunmi"}],"_links":{"self":[{"href":"https:\/\/mivoot.com\/gt\/wp-json\/wp\/v2\/product\/8369","targetHints":{"allow":["GET"]}}],"collection":[{"href":"https:\/\/mivoot.com\/gt\/wp-json\/wp\/v2\/product"}],"about":[{"href":"https:\/\/mivoot.com\/gt\/wp-json\/wp\/v2\/types\/product"}],"replies":[{"embeddable":true,"href":"https:\/\/mivoot.com\/gt\/wp-json\/wp\/v2\/comments?post=8369"}],"version-history":[{"count":18,"href":"https:\/\/mivoot.com\/gt\/wp-json\/wp\/v2\/product\/8369\/revisions"}],"predecessor-version":[{"id":8418,"href":"https:\/\/mivoot.com\/gt\/wp-json\/wp\/v2\/product\/8369\/revisions\/8418"}],"wp:featuredmedia":[{"embeddable":true,"href":"https:\/\/mivoot.com\/gt\/wp-json\/wp\/v2\/media\/8376"}],"wp:attachment":[{"href":"https:\/\/mivoot.com\/gt\/wp-json\/wp\/v2\/media?parent=8369"}],"wp:term":[{"taxonomy":"pwb-brand","embeddable":true,"href":"https:\/\/mivoot.com\/gt\/wp-json\/wp\/v2\/pwb-brand?post=8369"},{"taxonomy":"product_brand","embeddable":true,"href":"https:\/\/mivoot.com\/gt\/wp-json\/wp\/v2\/product_brand?post=8369"},{"taxonomy":"product_cat","embeddable":true,"href":"https:\/\/mivoot.com\/gt\/wp-json\/wp\/v2\/product_cat?post=8369"},{"taxonomy":"product_tag","embeddable":true,"href":"https:\/\/mivoot.com\/gt\/wp-json\/wp\/v2\/product_tag?post=8369"}],"curies":[{"name":"wp","href":"https:\/\/api.w.org\/{rel}","templated":true}]}}