{"id":8494,"date":"2022-07-04T18:20:04","date_gmt":"2022-07-05T00:20:04","guid":{"rendered":"https:\/\/mivoot.com\/gt\/?post_type=product&#038;p=8494"},"modified":"2022-07-04T18:20:05","modified_gmt":"2022-07-05T00:20:05","slug":"case-gaming-vidrio-templado-full-torre-atx-darkblader-s-cougar","status":"publish","type":"product","link":"https:\/\/mivoot.com\/gt\/producto\/case-gaming-vidrio-templado-full-torre-atx-darkblader-s-cougar\/","title":{"rendered":"Case Gaming Vidrio Templado Full Torre ATX DarkBlader-S Cougar"},"content":{"rendered":"<p><img decoding=\"async\" src=\"https:\/\/images.pcel.com\/mkt\/fichas-tecnicas\/2021\/356682\/b_1_356682.jpg\" \/><\/p>\n<div class=\"bg-wrapper-black\">\n<div class=\"seccion\">\n<div class=\"izq w45 h200\">\n<div class=\"content-margins vert-center\">\n<h3 class=\"titulo\">Distintivo estilo con dise\u00f1o elegante<\/h3>\n<p class=\"paragraph\">El panel frontal del aluminio cepillado del DarkBlader-S y el dise\u00f1o asim\u00e9trico traen un estilo \u00fanico y moderno a tu equipo.<\/p>\n<\/div>\n<\/div>\n<div class=\"der w55\">\n<div><img decoding=\"async\" class=\"imagen\" src=\"https:\/\/images.pcel.com\/mkt\/fichas-tecnicas\/2021\/356682\/b_2_356682.jpg\" \/><\/div>\n<\/div>\n<\/div>\n<div class=\"seccion\">\n<div class=\"der w45 h200\">\n<div class=\"content-margins vert-center\">\n<h3 class=\"titulo\">Disfruta el asombroso show RGB<\/h3>\n<p class=\"paragraph\">El bot\u00f3n integrado de iluminaci\u00f3n con controlador LED integrado permite al DarkBlader-S mostrar asombrosos efectos de iluminaci\u00f3n. Tambi\u00e9n puede funcionar en tarjetas madre compatibles con conexi\u00f3n 5V para una sincronizaci\u00f3n de iluminaci\u00f3n a lo largo de todo el sistema. La poderosa luz viene de un elegante panel y del material reflectivo que lo rodea ayuda a reforzar los efectos RGB.<\/p>\n<\/div>\n<\/div>\n<div class=\"izq w55\">\n<div><img decoding=\"async\" class=\"imagen\" src=\"https:\/\/images.pcel.com\/mkt\/fichas-tecnicas\/2021\/356682\/b_3_356682.jpg\" \/><\/div>\n<\/div>\n<\/div>\n<div class=\"seccion\">\n<div class=\"izq w45 h200\">\n<div class=\"content-margins vert-center\">\n<h3 class=\"titulo\">Vista enorme<\/h3>\n<p class=\"paragraph\">Los paneles completos de cristal templado no solamente te ayudan a mostrar el interior de tus componentes de alta gama, sino tambi\u00e9n a mostrar la asombrosa iluminaci\u00f3n RGB.<\/p>\n<\/div>\n<\/div>\n<div class=\"der w55\">\n<div><img decoding=\"async\" class=\"imagen\" src=\"https:\/\/images.pcel.com\/mkt\/fichas-tecnicas\/2021\/356682\/b_4_356682.jpg\" \/><\/div>\n<\/div>\n<\/div>\n<div class=\"seccion\">\n<div class=\"der w45 h200\">\n<div class=\"content-margins vert-center\">\n<h3 class=\"titulo\">Hardware gaming de alta gama<\/h3>\n<p class=\"paragraph\">Para ofrecer un rendimiento de alta gama, el DarkBlader-S es capaz de albergar un equipo poderoso. Su excelente soporte para tarjetas gr\u00e1ficas de alta gama y tarjetas madre hasta E-ATX te traen niveles sin precedentes de libertad cuando dise\u00f1es tu sistema.<\/p>\n<\/div>\n<\/div>\n<div class=\"izq w55\">\n<div><img decoding=\"async\" class=\"imagen\" src=\"https:\/\/images.pcel.com\/mkt\/fichas-tecnicas\/2021\/356682\/b_5_356682.jpg\" \/><\/div>\n<\/div>\n<\/div>\n<div>\n<section class=\"elementor-section elementor-top-section elementor-element elementor-element-4b9ae31 elementor-section-boxed elementor-section-height-default elementor-section-height-default\" data-id=\"4b9ae31\" data-element_type=\"section\" data-settings=\"{&quot;background_background&quot;:&quot;classic&quot;}\">\n<div class=\"elementor-container elementor-column-gap-default\">\n<div class=\"elementor-row\">\n<div class=\"elementor-column elementor-col-100 elementor-top-column elementor-element elementor-element-6a6fea3\" data-id=\"6a6fea3\" data-element_type=\"column\">\n<div class=\"elementor-column-wrap elementor-element-populated\">\n<div class=\"elementor-widget-wrap\">\n<div class=\"elementor-element elementor-element-d2ae636 elementor-widget elementor-widget-heading\" data-id=\"d2ae636\" data-element_type=\"widget\" data-widget_type=\"heading.default\">\n<div class=\"elementor-widget-container\">\n<h3 class=\"elementor-heading-title elementor-size-default\">Superior Cooling<\/h3>\n<\/div>\n<\/div>\n<div class=\"elementor-element elementor-element-874291c elementor-widget elementor-widget-text-editor\" data-id=\"874291c\" data-element_type=\"widget\" data-widget_type=\"text-editor.default\">\n<div class=\"elementor-widget-container\">\n<div class=\"elementor-text-editor elementor-clearfix\">DarkBlader-S allows you to create impressive cooling solutions. With great support for up to 360mm water cooling radiator and seven fans, you will enjoy more than enough cooling horsepower to keep advanced components safe from overheating.<\/div>\n<\/div>\n<\/div>\n<\/div>\n<\/div>\n<\/div>\n<\/div>\n<\/div>\n<\/section>\n<section class=\"elementor-section elementor-top-section elementor-element elementor-element-e4b9c30 elementor-section-boxed elementor-section-height-default elementor-section-height-default\" data-id=\"e4b9c30\" data-element_type=\"section\">\n<div class=\"elementor-container elementor-column-gap-no\">\n<div class=\"elementor-row\">\n<div class=\"elementor-column elementor-col-50 elementor-top-column elementor-element elementor-element-9668c15\" data-id=\"9668c15\" data-element_type=\"column\">\n<div class=\"elementor-column-wrap elementor-element-populated\">\n<div class=\"elementor-widget-wrap\">\n<div class=\"elementor-element elementor-element-caeda38 elementor-widget elementor-widget-heading\" data-id=\"caeda38\" data-element_type=\"widget\" data-widget_type=\"heading.default\">\n<div class=\"elementor-widget-container\">\n<h2 class=\"elementor-heading-title elementor-size-default\">Water cooling radiator support<\/h2>\n<\/div>\n<\/div>\n<div class=\"elementor-element elementor-element-208cc35 elementor-widget elementor-widget-image\" data-id=\"208cc35\" data-element_type=\"widget\" data-widget_type=\"image.default\">\n<div class=\"elementor-widget-container\">\n<div class=\"elementor-image\"><img fetchpriority=\"high\" decoding=\"async\" class=\"attachment-large size-large\" src=\"https:\/\/cougargaming.com\/_cgrwdr_\/wwdpp\/wp-content\/uploads\/2019\/08\/product-section-06-01.png\" sizes=\"(max-width: 390px) 100vw, 390px\" srcset=\"https:\/\/cougargaming.com\/_cgrwdr_\/wwdpp\/wp-content\/uploads\/2019\/08\/product-section-06-01.png 390w, https:\/\/cougargaming.com\/_cgrwdr_\/wwdpp\/wp-content\/uploads\/2019\/08\/product-section-06-01-279x300.png 279w\" alt=\"\" width=\"390\" height=\"420\" \/><\/div>\n<\/div>\n<\/div>\n<div class=\"elementor-element elementor-element-a681783 elementor-widget elementor-widget-image\" data-id=\"a681783\" data-element_type=\"widget\" data-widget_type=\"image.default\">\n<div class=\"elementor-widget-container\">\n<div class=\"elementor-image\"><img decoding=\"async\" class=\"attachment-large size-large\" src=\"https:\/\/cougargaming.com\/_cgrwdr_\/wwdpp\/wp-content\/uploads\/2019\/08\/s_product-section-07-1b.jpg\" sizes=\"(max-width: 585px) 100vw, 585px\" srcset=\"https:\/\/cougargaming.com\/_cgrwdr_\/wwdpp\/wp-content\/uploads\/2019\/08\/s_product-section-07-1b.jpg 585w, https:\/\/cougargaming.com\/_cgrwdr_\/wwdpp\/wp-content\/uploads\/2019\/08\/s_product-section-07-1b-300x138.jpg 300w\" alt=\"\" width=\"585\" height=\"270\" \/><\/div>\n<\/div>\n<\/div>\n<div class=\"elementor-element elementor-element-e752380 elementor-widget elementor-widget-text-editor\" data-id=\"e752380\" data-element_type=\"widget\" data-widget_type=\"text-editor.default\">\n<div class=\"elementor-widget-container\">\n<div class=\"elementor-text-editor elementor-clearfix\">\n<p>* Choose either of front or top to install a 360mm radiator.<\/p>\n<\/div>\n<\/div>\n<\/div>\n<\/div>\n<\/div>\n<\/div>\n<div class=\"elementor-column elementor-col-50 elementor-top-column elementor-element elementor-element-8737cf3\" data-id=\"8737cf3\" data-element_type=\"column\">\n<div class=\"elementor-column-wrap elementor-element-populated\">\n<div class=\"elementor-widget-wrap\">\n<div class=\"elementor-element elementor-element-9ca21d2 elementor-widget elementor-widget-heading\" data-id=\"9ca21d2\" data-element_type=\"widget\" data-widget_type=\"heading.default\">\n<div class=\"elementor-widget-container\">\n<h2 class=\"elementor-heading-title elementor-size-default\">Air cooling support<\/h2>\n<\/div>\n<\/div>\n<div class=\"elementor-element elementor-element-abcb832 elementor-widget elementor-widget-image\" data-id=\"abcb832\" data-element_type=\"widget\" data-widget_type=\"image.default\">\n<div class=\"elementor-widget-container\">\n<div class=\"elementor-image\"><img decoding=\"async\" class=\"attachment-large size-large\" src=\"https:\/\/cougargaming.com\/_cgrwdr_\/wwdpp\/wp-content\/uploads\/2019\/08\/product-section-06-02.png\" sizes=\"(max-width: 390px) 100vw, 390px\" srcset=\"https:\/\/cougargaming.com\/_cgrwdr_\/wwdpp\/wp-content\/uploads\/2019\/08\/product-section-06-02.png 390w, https:\/\/cougargaming.com\/_cgrwdr_\/wwdpp\/wp-content\/uploads\/2019\/08\/product-section-06-02-279x300.png 279w\" alt=\"\" width=\"390\" height=\"420\" \/><\/div>\n<\/div>\n<\/div>\n<div class=\"elementor-element elementor-element-5d0b846 elementor-widget elementor-widget-image\" data-id=\"5d0b846\" data-element_type=\"widget\" data-widget_type=\"image.default\">\n<div class=\"elementor-widget-container\">\n<div class=\"elementor-image\"><img loading=\"lazy\" decoding=\"async\" class=\"attachment-large size-large\" src=\"https:\/\/cougargaming.com\/_cgrwdr_\/wwdpp\/wp-content\/uploads\/2019\/08\/product-section-07-2b.jpg\" sizes=\"(max-width: 585px) 100vw, 585px\" srcset=\"https:\/\/cougargaming.com\/_cgrwdr_\/wwdpp\/wp-content\/uploads\/2019\/08\/product-section-07-2b.jpg 585w, https:\/\/cougargaming.com\/_cgrwdr_\/wwdpp\/wp-content\/uploads\/2019\/08\/product-section-07-2b-300x138.jpg 300w\" alt=\"\" width=\"585\" height=\"270\" \/><\/div>\n<\/div>\n<\/div>\n<\/div>\n<\/div>\n<\/div>\n<\/div>\n<\/div>\n<\/section>\n<\/div>\n<div class=\"seccion\">\n<table class=\"table table-bordered width767\">\n<tbody class=\"vertical\">\n<tr>\n<th colspan=\"2\"><span>nombre del producto<\/span><\/th>\n<td><span>DarkBlader-S<\/span><\/td>\n<\/tr>\n<tr>\n<th colspan=\"2\"><span>Factor de forma de caja<\/span><\/th>\n<td><span>Torre completa<\/span><\/td>\n<\/tr>\n<tr>\n<th colspan=\"2\"><span>Dimensiones (An. x Al. x Pr.)<\/span><\/th>\n<td><span>232 x 523 x 518 (mm)<\/span><br \/>\n<span>9,13 x 20,59 x 20,39 (pulgadas)<\/span><\/td>\n<\/tr>\n<tr>\n<th colspan=\"2\"><span>Formatos de placa base<\/span><\/th>\n<td><span>Mini ITX \/ Micro ATX \/ ATX \/ CEB \/ **E-ATX<\/span><\/td>\n<\/tr>\n<tr>\n<th colspan=\"2\"><span>Panel de E\/S<\/span><\/th>\n<td><span>USB 3.0 x 2 \/ Micr\u00f3fono x1 \/ Audio x1 \/ Bot\u00f3n de control RGB x1<\/span><\/td>\n<\/tr>\n<tr>\n<th colspan=\"2\"><span>Bah\u00eda de unidad de 3,5&#8243;<\/span><\/th>\n<td><span>4 m\u00e1x.<\/span><\/td>\n<\/tr>\n<tr>\n<th colspan=\"2\"><span>Bah\u00eda de unidad de 2,5&#8243;<\/span><\/th>\n<td><span>4 m\u00e1x.<\/span><\/td>\n<\/tr>\n<tr>\n<th colspan=\"2\"><span>Ranuras de expansi\u00f3n<\/span><\/th>\n<td>8+2<\/td>\n<\/tr>\n<tr>\n<th rowspan=\"3\"><span>Soporte de ventilador de refrigeraci\u00f3n<\/span><\/th>\n<th><span>Frente<\/span><\/th>\n<td><span>140 mm x 3 \/ 120 mm x 3<\/span><\/td>\n<\/tr>\n<tr>\n<th><span>Parte superior<\/span><\/th>\n<td><span>140 mm x 2 \/ 120 mm x 3<\/span><\/td>\n<\/tr>\n<tr>\n<th><span>Trasero<\/span><\/th>\n<td><span>120 mm x 1 (preinstalado)<\/span><\/td>\n<\/tr>\n<tr>\n<th colspan=\"2\"><span>N\u00famero m\u00e1ximo de ventiladores<\/span><\/th>\n<td><span>7 m\u00e1x.<\/span><\/td>\n<\/tr>\n<tr>\n<th rowspan=\"3\"><span>Soporte de refrigeraci\u00f3n por agua<\/span><\/th>\n<th><span>Frente<\/span><\/th>\n<td><span>*360 mm \/ 280 mm \/ 240 mm \/ 140 mm \/ 120 mm<\/span><\/td>\n<\/tr>\n<tr>\n<th><span>Parte superior<\/span><\/th>\n<td><span>*360 mm \/ 280 mm \/ 240 mm \/ 140 mm \/ 120 mm<\/span><\/td>\n<\/tr>\n<tr>\n<th><span>Trasero<\/span><\/th>\n<td><span>120 mm<\/span><\/td>\n<\/tr>\n<tr>\n<th colspan=\"2\"><span>m\u00e1x.\u00a0Longitud de la tarjeta gr\u00e1fica<\/span><\/th>\n<td><span>380 (mm) \/ 15 (in)<\/span><br \/>\n<span>(las ranuras para tarjetas gr\u00e1ficas horizontales son compatibles con RTX 3090\/3080\/3070).<\/span><\/td>\n<\/tr>\n<tr>\n<th colspan=\"2\"><span>m\u00e1x.\u00a0Altura del enfriador de la CPU<\/span><\/th>\n<td><span>170 (mm) \/ 6,7 (pulgadas)<\/span><\/td>\n<\/tr>\n<tr>\n<th colspan=\"2\"><span>m\u00e1x.\u00a0Longitud de la fuente de alimentaci\u00f3n<\/span><\/th>\n<td><span>200 (mm) \/ 7,9 (pulgadas)<\/span><\/td>\n<\/tr>\n<tr>\n<th colspan=\"2\"><span>Sistema de iluminaci\u00f3n a bordo<\/span><\/th>\n<td><span>Iluminaci\u00f3n integrada con LED RGB direccionables<\/span><br \/>\n<span>y efectos de iluminaci\u00f3n din\u00e1micos en el panel frontal<\/span><\/td>\n<\/tr>\n<\/tbody>\n<\/table>\n<\/div>\n<p>&nbsp;<\/p>\n<\/div>\n<p>&nbsp;<\/p>\n","protected":false},"excerpt":{"rendered":"<table class=\"table\">\n<tbody>\n<tr>\n<td class=\"p-2\"><b>Tipo de case:<\/b><\/td>\n<td>Torre completa<\/td>\n<\/tr>\n<tr>\n<td class=\"p-2\"><b>Material:<\/b><\/td>\n<td><\/td>\n<\/tr>\n<tr>\n<td class=\"p-2\"><b>Motherboard:<\/b><\/td>\n<td>Mini ITX \/ Micro ATX \/ ATX \/ CEB \/ ** E-ATX<\/td>\n<\/tr>\n<tr>\n<td class=\"p-2\"><b>Puertos:<\/b><\/td>\n<td>Bah\u00eda de unidad de 3,5 &#8221; 4 m\u00e1x. Bah\u00eda de unidad de 2,5 &#8221; 4 m\u00e1x.<\/td>\n<\/tr>\n<tr>\n<td class=\"p-2\"><b>Fuente de poder:<\/b><\/td>\n<td>8 + 2<\/td>\n<\/tr>\n<tr>\n<td class=\"p-2\"><b>Ventiladores:<\/b><\/td>\n<td>USB 3.0 x 2 \/ Mic x1 \/ Audio x1 \/ Bot\u00f3n de control RGB x1<\/td>\n<\/tr>\n<\/tbody>\n<\/table>\n","protected":false},"featured_media":8497,"comment_status":"open","ping_status":"closed","template":"","meta":{"jetpack_publicize_message":"","jetpack_publicize_feature_enabled":true,"jetpack_social_post_already_shared":false,"jetpack_social_options":{"image_generator_settings":{"template":"highway","default_image_id":0,"font":"","enabled":false},"version":2}},"pwb-brand":[85],"product_brand":[],"product_cat":[52],"product_tag":[],"class_list":{"0":"post-8494","1":"product","2":"type-product","3":"status-publish","4":"has-post-thumbnail","6":"pwb-brand-cougar","7":"product_cat-cases-computadoras","9":"first","10":"instock","11":"taxable","12":"shipping-taxable","13":"purchasable","14":"product-type-simple"},"yoast_head":"<!-- This site is optimized with the Yoast SEO Premium plugin v25.7.1 (Yoast SEO v26.8) - https:\/\/yoast.com\/product\/yoast-seo-premium-wordpress\/ -->\n<title>Case Gaming Vidrio Templado Full Torre ATX DarkBlader-S Cougar - Mivoot<\/title>\n<meta name=\"robots\" content=\"index, follow, max-snippet:-1, max-image-preview:large, max-video-preview:-1\" \/>\n<link rel=\"canonical\" href=\"https:\/\/mivoot.com\/gt\/producto\/case-gaming-vidrio-templado-full-torre-atx-darkblader-s-cougar\/\" \/>\n<meta property=\"og:locale\" content=\"es_ES\" \/>\n<meta property=\"og:type\" content=\"article\" \/>\n<meta property=\"og:title\" content=\"Case Gaming Vidrio Templado Full Torre ATX DarkBlader-S Cougar\" \/>\n<meta property=\"og:description\" content=\"Tipo de case: Torre completa   Material:    Motherboard: Mini ITX \/ Micro ATX \/ ATX \/ CEB \/ ** E-ATX   Puertos: Bah\u00eda de unidad de 3,5 &quot; 4 m\u00e1x. Bah\u00eda de unidad de 2,5 &quot; 4 m\u00e1x.   Fuente de poder: 8 + 2   Ventiladores: USB 3.0 x 2 \/ Mic x1 \/ Audio x1 \/ Bot\u00f3n de control RGB x1\" \/>\n<meta property=\"og:url\" content=\"https:\/\/mivoot.com\/gt\/producto\/case-gaming-vidrio-templado-full-torre-atx-darkblader-s-cougar\/\" \/>\n<meta property=\"og:site_name\" content=\"Mivoot\" \/>\n<meta property=\"article:publisher\" content=\"https:\/\/www.facebook.com\/mivootgt\" \/>\n<meta property=\"article:modified_time\" content=\"2022-07-05T00:20:05+00:00\" \/>\n<meta property=\"og:image\" content=\"https:\/\/mivoot.com\/gt\/wp-content\/uploads\/2022\/07\/05-db-s.png\" \/>\n\t<meta property=\"og:image:width\" content=\"1000\" \/>\n\t<meta property=\"og:image:height\" content=\"800\" \/>\n\t<meta property=\"og:image:type\" content=\"image\/png\" \/>\n<meta name=\"twitter:card\" content=\"summary_large_image\" \/>\n<meta name=\"twitter:label1\" content=\"Est. reading time\" \/>\n\t<meta name=\"twitter:data1\" content=\"4 minutos\" \/>\n<script type=\"application\/ld+json\" class=\"yoast-schema-graph\">{\"@context\":\"https:\/\/schema.org\",\"@graph\":[{\"@type\":\"WebPage\",\"@id\":\"https:\/\/mivoot.com\/gt\/producto\/case-gaming-vidrio-templado-full-torre-atx-darkblader-s-cougar\/\",\"url\":\"https:\/\/mivoot.com\/gt\/producto\/case-gaming-vidrio-templado-full-torre-atx-darkblader-s-cougar\/\",\"name\":\"Case Gaming Vidrio Templado Full Torre ATX DarkBlader-S Cougar - Mivoot\",\"isPartOf\":{\"@id\":\"https:\/\/mivoot.com\/gt\/#website\"},\"primaryImageOfPage\":{\"@id\":\"https:\/\/mivoot.com\/gt\/producto\/case-gaming-vidrio-templado-full-torre-atx-darkblader-s-cougar\/#primaryimage\"},\"image\":{\"@id\":\"https:\/\/mivoot.com\/gt\/producto\/case-gaming-vidrio-templado-full-torre-atx-darkblader-s-cougar\/#primaryimage\"},\"thumbnailUrl\":\"https:\/\/mivoot.com\/gt\/wp-content\/uploads\/2022\/07\/05-db-s.png\",\"datePublished\":\"2022-07-05T00:20:04+00:00\",\"dateModified\":\"2022-07-05T00:20:05+00:00\",\"breadcrumb\":{\"@id\":\"https:\/\/mivoot.com\/gt\/producto\/case-gaming-vidrio-templado-full-torre-atx-darkblader-s-cougar\/#breadcrumb\"},\"inLanguage\":\"es\",\"potentialAction\":[{\"@type\":\"ReadAction\",\"target\":[\"https:\/\/mivoot.com\/gt\/producto\/case-gaming-vidrio-templado-full-torre-atx-darkblader-s-cougar\/\"]}]},{\"@type\":\"ImageObject\",\"inLanguage\":\"es\",\"@id\":\"https:\/\/mivoot.com\/gt\/producto\/case-gaming-vidrio-templado-full-torre-atx-darkblader-s-cougar\/#primaryimage\",\"url\":\"https:\/\/mivoot.com\/gt\/wp-content\/uploads\/2022\/07\/05-db-s.png\",\"contentUrl\":\"https:\/\/mivoot.com\/gt\/wp-content\/uploads\/2022\/07\/05-db-s.png\",\"width\":1000,\"height\":800},{\"@type\":\"BreadcrumbList\",\"@id\":\"https:\/\/mivoot.com\/gt\/producto\/case-gaming-vidrio-templado-full-torre-atx-darkblader-s-cougar\/#breadcrumb\",\"itemListElement\":[{\"@type\":\"ListItem\",\"position\":1,\"name\":\"Inicio\",\"item\":\"https:\/\/mivoot.com\/gt\/\"},{\"@type\":\"ListItem\",\"position\":2,\"name\":\"Productos\",\"item\":\"https:\/\/mivoot.com\/gt\/producto\/\"},{\"@type\":\"ListItem\",\"position\":3,\"name\":\"Cougar\",\"item\":\"https:\/\/mivoot.com\/gt\/marca\/cougar\/\"},{\"@type\":\"ListItem\",\"position\":4,\"name\":\"Case Gaming Vidrio Templado Full Torre ATX DarkBlader-S Cougar\"}]},{\"@type\":\"WebSite\",\"@id\":\"https:\/\/mivoot.com\/gt\/#website\",\"url\":\"https:\/\/mivoot.com\/gt\/\",\"name\":\"Mivoot\",\"description\":\"Mivoot Guatemala | Tienda Online\",\"publisher\":{\"@id\":\"https:\/\/mivoot.com\/gt\/#organization\"},\"alternateName\":\"mivoot\",\"potentialAction\":[{\"@type\":\"SearchAction\",\"target\":{\"@type\":\"EntryPoint\",\"urlTemplate\":\"https:\/\/mivoot.com\/gt\/?s={search_term_string}\"},\"query-input\":{\"@type\":\"PropertyValueSpecification\",\"valueRequired\":true,\"valueName\":\"search_term_string\"}}],\"inLanguage\":\"es\"},{\"@type\":\"Organization\",\"@id\":\"https:\/\/mivoot.com\/gt\/#organization\",\"name\":\"Mivoot Guatemala\",\"alternateName\":\"mivoot.com\",\"url\":\"https:\/\/mivoot.com\/gt\/\",\"logo\":{\"@type\":\"ImageObject\",\"inLanguage\":\"es\",\"@id\":\"https:\/\/mivoot.com\/gt\/#\/schema\/logo\/image\/\",\"url\":\"https:\/\/mivoot.com\/gt\/wp-content\/uploads\/2023\/03\/cropped-icon.png\",\"contentUrl\":\"https:\/\/mivoot.com\/gt\/wp-content\/uploads\/2023\/03\/cropped-icon.png\",\"width\":512,\"height\":512,\"caption\":\"Mivoot Guatemala\"},\"image\":{\"@id\":\"https:\/\/mivoot.com\/gt\/#\/schema\/logo\/image\/\"},\"sameAs\":[\"https:\/\/www.facebook.com\/mivootgt\",\"https:\/\/instagram.com\/mivoot\"]}]}<\/script>\n<!-- \/ Yoast SEO Premium plugin. -->","yoast_head_json":{"title":"Case Gaming Vidrio Templado Full Torre ATX DarkBlader-S Cougar - Mivoot","robots":{"index":"index","follow":"follow","max-snippet":"max-snippet:-1","max-image-preview":"max-image-preview:large","max-video-preview":"max-video-preview:-1"},"canonical":"https:\/\/mivoot.com\/gt\/producto\/case-gaming-vidrio-templado-full-torre-atx-darkblader-s-cougar\/","og_locale":"es_ES","og_type":"article","og_title":"Case Gaming Vidrio Templado Full Torre ATX DarkBlader-S Cougar","og_description":"Tipo de case: Torre completa   Material:    Motherboard: Mini ITX \/ Micro ATX \/ ATX \/ CEB \/ ** E-ATX   Puertos: Bah\u00eda de unidad de 3,5 \" 4 m\u00e1x. Bah\u00eda de unidad de 2,5 \" 4 m\u00e1x.   Fuente de poder: 8 + 2   Ventiladores: USB 3.0 x 2 \/ Mic x1 \/ Audio x1 \/ Bot\u00f3n de control RGB x1","og_url":"https:\/\/mivoot.com\/gt\/producto\/case-gaming-vidrio-templado-full-torre-atx-darkblader-s-cougar\/","og_site_name":"Mivoot","article_publisher":"https:\/\/www.facebook.com\/mivootgt","article_modified_time":"2022-07-05T00:20:05+00:00","og_image":[{"width":1000,"height":800,"url":"https:\/\/mivoot.com\/gt\/wp-content\/uploads\/2022\/07\/05-db-s.png","type":"image\/png"}],"twitter_card":"summary_large_image","twitter_misc":{"Est. reading time":"4 minutos"},"schema":{"@context":"https:\/\/schema.org","@graph":[{"@type":"WebPage","@id":"https:\/\/mivoot.com\/gt\/producto\/case-gaming-vidrio-templado-full-torre-atx-darkblader-s-cougar\/","url":"https:\/\/mivoot.com\/gt\/producto\/case-gaming-vidrio-templado-full-torre-atx-darkblader-s-cougar\/","name":"Case Gaming Vidrio Templado Full Torre ATX DarkBlader-S Cougar - Mivoot","isPartOf":{"@id":"https:\/\/mivoot.com\/gt\/#website"},"primaryImageOfPage":{"@id":"https:\/\/mivoot.com\/gt\/producto\/case-gaming-vidrio-templado-full-torre-atx-darkblader-s-cougar\/#primaryimage"},"image":{"@id":"https:\/\/mivoot.com\/gt\/producto\/case-gaming-vidrio-templado-full-torre-atx-darkblader-s-cougar\/#primaryimage"},"thumbnailUrl":"https:\/\/mivoot.com\/gt\/wp-content\/uploads\/2022\/07\/05-db-s.png","datePublished":"2022-07-05T00:20:04+00:00","dateModified":"2022-07-05T00:20:05+00:00","breadcrumb":{"@id":"https:\/\/mivoot.com\/gt\/producto\/case-gaming-vidrio-templado-full-torre-atx-darkblader-s-cougar\/#breadcrumb"},"inLanguage":"es","potentialAction":[{"@type":"ReadAction","target":["https:\/\/mivoot.com\/gt\/producto\/case-gaming-vidrio-templado-full-torre-atx-darkblader-s-cougar\/"]}]},{"@type":"ImageObject","inLanguage":"es","@id":"https:\/\/mivoot.com\/gt\/producto\/case-gaming-vidrio-templado-full-torre-atx-darkblader-s-cougar\/#primaryimage","url":"https:\/\/mivoot.com\/gt\/wp-content\/uploads\/2022\/07\/05-db-s.png","contentUrl":"https:\/\/mivoot.com\/gt\/wp-content\/uploads\/2022\/07\/05-db-s.png","width":1000,"height":800},{"@type":"BreadcrumbList","@id":"https:\/\/mivoot.com\/gt\/producto\/case-gaming-vidrio-templado-full-torre-atx-darkblader-s-cougar\/#breadcrumb","itemListElement":[{"@type":"ListItem","position":1,"name":"Inicio","item":"https:\/\/mivoot.com\/gt\/"},{"@type":"ListItem","position":2,"name":"Productos","item":"https:\/\/mivoot.com\/gt\/producto\/"},{"@type":"ListItem","position":3,"name":"Cougar","item":"https:\/\/mivoot.com\/gt\/marca\/cougar\/"},{"@type":"ListItem","position":4,"name":"Case Gaming Vidrio Templado Full Torre ATX DarkBlader-S Cougar"}]},{"@type":"WebSite","@id":"https:\/\/mivoot.com\/gt\/#website","url":"https:\/\/mivoot.com\/gt\/","name":"Mivoot","description":"Mivoot Guatemala | Tienda Online","publisher":{"@id":"https:\/\/mivoot.com\/gt\/#organization"},"alternateName":"mivoot","potentialAction":[{"@type":"SearchAction","target":{"@type":"EntryPoint","urlTemplate":"https:\/\/mivoot.com\/gt\/?s={search_term_string}"},"query-input":{"@type":"PropertyValueSpecification","valueRequired":true,"valueName":"search_term_string"}}],"inLanguage":"es"},{"@type":"Organization","@id":"https:\/\/mivoot.com\/gt\/#organization","name":"Mivoot Guatemala","alternateName":"mivoot.com","url":"https:\/\/mivoot.com\/gt\/","logo":{"@type":"ImageObject","inLanguage":"es","@id":"https:\/\/mivoot.com\/gt\/#\/schema\/logo\/image\/","url":"https:\/\/mivoot.com\/gt\/wp-content\/uploads\/2023\/03\/cropped-icon.png","contentUrl":"https:\/\/mivoot.com\/gt\/wp-content\/uploads\/2023\/03\/cropped-icon.png","width":512,"height":512,"caption":"Mivoot Guatemala"},"image":{"@id":"https:\/\/mivoot.com\/gt\/#\/schema\/logo\/image\/"},"sameAs":["https:\/\/www.facebook.com\/mivootgt","https:\/\/instagram.com\/mivoot"]}]}},"jetpack_publicize_connections":[],"jetpack_sharing_enabled":true,"brands":[{"id":85,"name":"Cougar","slug":"cougar"}],"_links":{"self":[{"href":"https:\/\/mivoot.com\/gt\/wp-json\/wp\/v2\/product\/8494","targetHints":{"allow":["GET"]}}],"collection":[{"href":"https:\/\/mivoot.com\/gt\/wp-json\/wp\/v2\/product"}],"about":[{"href":"https:\/\/mivoot.com\/gt\/wp-json\/wp\/v2\/types\/product"}],"replies":[{"embeddable":true,"href":"https:\/\/mivoot.com\/gt\/wp-json\/wp\/v2\/comments?post=8494"}],"version-history":[{"count":2,"href":"https:\/\/mivoot.com\/gt\/wp-json\/wp\/v2\/product\/8494\/revisions"}],"predecessor-version":[{"id":8503,"href":"https:\/\/mivoot.com\/gt\/wp-json\/wp\/v2\/product\/8494\/revisions\/8503"}],"wp:featuredmedia":[{"embeddable":true,"href":"https:\/\/mivoot.com\/gt\/wp-json\/wp\/v2\/media\/8497"}],"wp:attachment":[{"href":"https:\/\/mivoot.com\/gt\/wp-json\/wp\/v2\/media?parent=8494"}],"wp:term":[{"taxonomy":"pwb-brand","embeddable":true,"href":"https:\/\/mivoot.com\/gt\/wp-json\/wp\/v2\/pwb-brand?post=8494"},{"taxonomy":"product_brand","embeddable":true,"href":"https:\/\/mivoot.com\/gt\/wp-json\/wp\/v2\/product_brand?post=8494"},{"taxonomy":"product_cat","embeddable":true,"href":"https:\/\/mivoot.com\/gt\/wp-json\/wp\/v2\/product_cat?post=8494"},{"taxonomy":"product_tag","embeddable":true,"href":"https:\/\/mivoot.com\/gt\/wp-json\/wp\/v2\/product_tag?post=8494"}],"curies":[{"name":"wp","href":"https:\/\/api.w.org\/{rel}","templated":true}]}}