{"id":8552,"date":"2022-07-12T12:29:28","date_gmt":"2022-07-12T18:29:28","guid":{"rendered":"https:\/\/mivoot.com\/gt\/?post_type=product&#038;p=8552"},"modified":"2022-07-23T22:13:08","modified_gmt":"2022-07-24T04:13:08","slug":"maleta-de-mano-mojave-carry-on-rbhills","status":"publish","type":"product","link":"https:\/\/mivoot.com\/gt\/producto\/maleta-de-mano-mojave-carry-on-rbhills\/","title":{"rendered":"Maleta de Mano 50 cm Mojave Carry On RBHills Azul"},"content":{"rendered":"<p>Ligera y duradera, con un exterior memorable, la colecci\u00f3n r\u00edgida Mojave ofrece protecci\u00f3n de aleaci\u00f3n de policarbonato resistente a los rayones y un espacioso empaque de dos compartimentos. Viaje tranquilo con un manejo c\u00f3modo y suave, muchas maneras de mantener sus art\u00edculos empacados organizados y capacidad de carga tecnol\u00f3gica integrada en el tama\u00f1o del equipaje de mano.<\/p>\n<p>&nbsp;<\/p>\n<h4>\u2022 ALEACI\u00d3N DE POLICARBONATO DURADERO CON ACABADO RESISTENTE A LOS RAYONES<\/h4>\n<p>\u2022 Ruedas dobles de rodadura suave en cualquier direcci\u00f3n;\u00a0empotrado para la estabilidad<\/p>\n<p>\u2022 Mango telesc\u00f3pico ergon\u00f3mico con empu\u00f1adura c\u00f3moda;\u00a0dise\u00f1ado para mayor resistencia e integridad<\/p>\n<p>\u2022 Puerto de carga USB protegido con cable enrutado internamente y estuche para bater\u00eda (solo equipaje de mano; bater\u00eda no incluida)<\/p>\n<p>\u2022 Asas de transporte superiores y laterales suaves al tacto;\u00a0empu\u00f1adura de transporte inferior<\/p>\n<p>\u2022 Compartimento de embalaje principal espacioso<\/p>\n<p>\u2022 Bolsa de art\u00edculos de tocador 3-1-1 compatible con TSA (solo equipaje de mano)<\/p>\n<p>\u2022 Correas de compresi\u00f3n ajustables<\/p>\n<p>\u2022 Bolsillo lateral con cremallera<\/p>\n<p>\u2022 Compartimento de embalaje secundario con divisor cerrado con cremallera<\/p>\n<p>\u2022 Bolsillo grande con cierre en el divisor<\/p>\n<p>\u2022 Capacidad de embalaje ampliable<\/p>\n<p>\u2022 Cubo de empaque extra grande, incluido para mayor organizaci\u00f3n<\/p>\n<p>&nbsp;<\/p>\n<p>Dimensiones totales:<\/p>\n<ul>\n<li>22 pulgadas de alto x 14,5 pulgadas de ancho x 9,5 pulgadas de profundidad<\/li>\n<li>56 cm alto x 37 cm ancho x 24 cm profundidad<\/li>\n<\/ul>\n<p>Dimensiones del cuerpo:<\/p>\n<ul>\n<li>20 pulgadas de alto x 14,5 pulgadas de ancho x 9,25 pulgadas de profundidad<\/li>\n<li>51 cm alto x 37 cm ancho x 24 cm profundidad<\/li>\n<li>Peso: 7,3 libras\/3,3 kg<\/li>\n<li>Expansi\u00f3n: 2 pulg. \/ 5 cm<\/li>\n<li>Estilo #: 112-20-xxx-4WB<\/li>\n<\/ul>\n<p>Los pesos reales del producto pueden variar +\/- 5%.<br \/>\nConsulte con las aerol\u00edneas las dimensiones del equipaje de mano y el peso permitido.<br \/>\n<strong>Limpiar<\/strong><\/p>\n<p>Limpiar con un pa\u00f1o suave y h\u00famedo.\u00a0Para las manchas, sugerimos un limpiador de equipaje o una mezcla de partes iguales de agua y alcohol isoprop\u00edlico.\u00a0Evite el uso de productos de limpieza que contengan lej\u00eda.\u00a0Los rodillos adhesivos para pelusa funcionan muy bien para eliminar la pelusa y el polvo.<\/p>\n<p><strong>Almacenar<\/strong><\/p>\n<p>Guarde su equipaje en posici\u00f3n vertical en un lugar seco.\u00a0Evite almacenar equipaje en temperaturas extremas.\u00a0Para ahorrar espacio c\u00f3modamente, todos los tama\u00f1os de esta colecci\u00f3n encajan (encajan perfectamente) unos dentro de otros.\u00a0Simplemente abra la maleta m\u00e1s grande y coloque los tama\u00f1os m\u00e1s peque\u00f1os, con las ruedas mirando en la misma direcci\u00f3n, adentro.\u00a0Cierre las tapas y cierre la bolsa m\u00e1s externa.\u00a0Cuando no est\u00e9 explorando el mundo, le recomendamos que mantenga su equipaje cubierto mientras lo almacena.<\/p>\n","protected":false},"excerpt":{"rendered":"<h4>ALEACI\u00d3N DE POLICARBONATO DURADERO CON ACABADO RESISTENTE A LOS RAYONES<\/h4>\n<p>\u2022 Ruedas dobles de rodadura suave en cualquier direcci\u00f3n;\u00a0empotrado para la estabilidad<\/p>\n<p>\u2022 Mango telesc\u00f3pico ergon\u00f3mico con empu\u00f1adura c\u00f3moda;\u00a0dise\u00f1ado para mayor resistencia e integridad<\/p>\n<ul>\n<li>22 pulgadas de alto x 14,5 pulgadas de ancho x 9,5 pulgadas de profundidad<\/li>\n<li>56 cm alto x 37 cm ancho x 24 cm profundidad<\/li>\n<li>Peso: 7,3 libras\/3,3 kg<\/li>\n<li>Expansi\u00f3n: 2 pulg. \/ 5 cm<\/li>\n<\/ul>\n","protected":false},"featured_media":8556,"comment_status":"open","ping_status":"closed","template":"","meta":{"jetpack_publicize_message":"","jetpack_publicize_feature_enabled":true,"jetpack_social_post_already_shared":false,"jetpack_social_options":{"image_generator_settings":{"template":"highway","default_image_id":0,"font":"","enabled":false},"version":2}},"pwb-brand":[],"product_brand":[],"product_cat":[223],"product_tag":[],"class_list":{"0":"post-8552","1":"product","2":"type-product","3":"status-publish","4":"has-post-thumbnail","6":"product_cat-maletas-de-viaje","8":"first","9":"instock","10":"sale","11":"taxable","12":"shipping-taxable","13":"purchasable","14":"product-type-simple"},"yoast_head":"<!-- This site is optimized with the Yoast SEO Premium plugin v25.7.1 (Yoast SEO v26.8) - https:\/\/yoast.com\/product\/yoast-seo-premium-wordpress\/ -->\n<title>Maleta de Mano 50 cm Mojave Carry On RBHills Azul - Mivoot<\/title>\n<meta name=\"robots\" content=\"index, follow, max-snippet:-1, max-image-preview:large, max-video-preview:-1\" \/>\n<link rel=\"canonical\" href=\"https:\/\/mivoot.com\/gt\/producto\/maleta-de-mano-mojave-carry-on-rbhills\/\" \/>\n<meta property=\"og:locale\" content=\"es_ES\" \/>\n<meta property=\"og:type\" content=\"article\" \/>\n<meta property=\"og:title\" content=\"Maleta de Mano 50 cm Mojave Carry On RBHills Azul\" \/>\n<meta property=\"og:description\" content=\"ALEACI\u00d3N DE POLICARBONATO DURADERO CON ACABADO RESISTENTE A LOS RAYONES \u2022 Ruedas dobles de rodadura suave en cualquier direcci\u00f3n;\u00a0empotrado para la estabilidad  \u2022 Mango telesc\u00f3pico ergon\u00f3mico con empu\u00f1adura c\u00f3moda;\u00a0dise\u00f1ado para mayor resistencia e integridad   22 pulgadas de alto x 14,5 pulgadas de ancho x 9,5 pulgadas de profundidad  56 cm alto x 37 cm ancho x 24 cm profundidad  Peso: 7,3 libras\/3,3 kg  Expansi\u00f3n: 2 pulg. \/ 5 cm\" \/>\n<meta property=\"og:url\" content=\"https:\/\/mivoot.com\/gt\/producto\/maleta-de-mano-mojave-carry-on-rbhills\/\" \/>\n<meta property=\"og:site_name\" content=\"Mivoot\" \/>\n<meta property=\"article:publisher\" content=\"https:\/\/www.facebook.com\/mivootgt\" \/>\n<meta property=\"article:modified_time\" content=\"2022-07-24T04:13:08+00:00\" \/>\n<meta property=\"og:image\" content=\"https:\/\/mivoot.com\/gt\/wp-content\/uploads\/2022\/07\/112-20-421-4WB-QF_1800x1800.webp\" \/>\n\t<meta property=\"og:image:width\" content=\"1800\" \/>\n\t<meta property=\"og:image:height\" content=\"1800\" \/>\n\t<meta property=\"og:image:type\" content=\"image\/webp\" \/>\n<meta name=\"twitter:card\" content=\"summary_large_image\" \/>\n<meta name=\"twitter:label1\" content=\"Est. reading time\" \/>\n\t<meta name=\"twitter:data1\" content=\"2 minutos\" \/>\n<script type=\"application\/ld+json\" class=\"yoast-schema-graph\">{\"@context\":\"https:\/\/schema.org\",\"@graph\":[{\"@type\":\"WebPage\",\"@id\":\"https:\/\/mivoot.com\/gt\/producto\/maleta-de-mano-mojave-carry-on-rbhills\/\",\"url\":\"https:\/\/mivoot.com\/gt\/producto\/maleta-de-mano-mojave-carry-on-rbhills\/\",\"name\":\"Maleta de Mano 50 cm Mojave Carry On RBHills Azul - Mivoot\",\"isPartOf\":{\"@id\":\"https:\/\/mivoot.com\/gt\/#website\"},\"primaryImageOfPage\":{\"@id\":\"https:\/\/mivoot.com\/gt\/producto\/maleta-de-mano-mojave-carry-on-rbhills\/#primaryimage\"},\"image\":{\"@id\":\"https:\/\/mivoot.com\/gt\/producto\/maleta-de-mano-mojave-carry-on-rbhills\/#primaryimage\"},\"thumbnailUrl\":\"https:\/\/mivoot.com\/gt\/wp-content\/uploads\/2022\/07\/112-20-421-4WB-QF_1800x1800.webp\",\"datePublished\":\"2022-07-12T18:29:28+00:00\",\"dateModified\":\"2022-07-24T04:13:08+00:00\",\"breadcrumb\":{\"@id\":\"https:\/\/mivoot.com\/gt\/producto\/maleta-de-mano-mojave-carry-on-rbhills\/#breadcrumb\"},\"inLanguage\":\"es\",\"potentialAction\":[{\"@type\":\"ReadAction\",\"target\":[\"https:\/\/mivoot.com\/gt\/producto\/maleta-de-mano-mojave-carry-on-rbhills\/\"]}]},{\"@type\":\"ImageObject\",\"inLanguage\":\"es\",\"@id\":\"https:\/\/mivoot.com\/gt\/producto\/maleta-de-mano-mojave-carry-on-rbhills\/#primaryimage\",\"url\":\"https:\/\/mivoot.com\/gt\/wp-content\/uploads\/2022\/07\/112-20-421-4WB-QF_1800x1800.webp\",\"contentUrl\":\"https:\/\/mivoot.com\/gt\/wp-content\/uploads\/2022\/07\/112-20-421-4WB-QF_1800x1800.webp\",\"width\":1800,\"height\":1800},{\"@type\":\"BreadcrumbList\",\"@id\":\"https:\/\/mivoot.com\/gt\/producto\/maleta-de-mano-mojave-carry-on-rbhills\/#breadcrumb\",\"itemListElement\":[{\"@type\":\"ListItem\",\"position\":1,\"name\":\"Inicio\",\"item\":\"https:\/\/mivoot.com\/gt\/\"},{\"@type\":\"ListItem\",\"position\":2,\"name\":\"Productos\",\"item\":\"https:\/\/mivoot.com\/gt\/producto\/\"},{\"@type\":\"ListItem\",\"position\":3,\"name\":\"Maleta de Mano 50 cm Mojave Carry On RBHills Azul\"}]},{\"@type\":\"WebSite\",\"@id\":\"https:\/\/mivoot.com\/gt\/#website\",\"url\":\"https:\/\/mivoot.com\/gt\/\",\"name\":\"Mivoot\",\"description\":\"Mivoot Guatemala | Tienda Online\",\"publisher\":{\"@id\":\"https:\/\/mivoot.com\/gt\/#organization\"},\"alternateName\":\"mivoot\",\"potentialAction\":[{\"@type\":\"SearchAction\",\"target\":{\"@type\":\"EntryPoint\",\"urlTemplate\":\"https:\/\/mivoot.com\/gt\/?s={search_term_string}\"},\"query-input\":{\"@type\":\"PropertyValueSpecification\",\"valueRequired\":true,\"valueName\":\"search_term_string\"}}],\"inLanguage\":\"es\"},{\"@type\":\"Organization\",\"@id\":\"https:\/\/mivoot.com\/gt\/#organization\",\"name\":\"Mivoot Guatemala\",\"alternateName\":\"mivoot.com\",\"url\":\"https:\/\/mivoot.com\/gt\/\",\"logo\":{\"@type\":\"ImageObject\",\"inLanguage\":\"es\",\"@id\":\"https:\/\/mivoot.com\/gt\/#\/schema\/logo\/image\/\",\"url\":\"https:\/\/mivoot.com\/gt\/wp-content\/uploads\/2023\/03\/cropped-icon.png\",\"contentUrl\":\"https:\/\/mivoot.com\/gt\/wp-content\/uploads\/2023\/03\/cropped-icon.png\",\"width\":512,\"height\":512,\"caption\":\"Mivoot Guatemala\"},\"image\":{\"@id\":\"https:\/\/mivoot.com\/gt\/#\/schema\/logo\/image\/\"},\"sameAs\":[\"https:\/\/www.facebook.com\/mivootgt\",\"https:\/\/instagram.com\/mivoot\"]}]}<\/script>\n<!-- \/ Yoast SEO Premium plugin. -->","yoast_head_json":{"title":"Maleta de Mano 50 cm Mojave Carry On RBHills Azul - Mivoot","robots":{"index":"index","follow":"follow","max-snippet":"max-snippet:-1","max-image-preview":"max-image-preview:large","max-video-preview":"max-video-preview:-1"},"canonical":"https:\/\/mivoot.com\/gt\/producto\/maleta-de-mano-mojave-carry-on-rbhills\/","og_locale":"es_ES","og_type":"article","og_title":"Maleta de Mano 50 cm Mojave Carry On RBHills Azul","og_description":"ALEACI\u00d3N DE POLICARBONATO DURADERO CON ACABADO RESISTENTE A LOS RAYONES \u2022 Ruedas dobles de rodadura suave en cualquier direcci\u00f3n;\u00a0empotrado para la estabilidad  \u2022 Mango telesc\u00f3pico ergon\u00f3mico con empu\u00f1adura c\u00f3moda;\u00a0dise\u00f1ado para mayor resistencia e integridad   22 pulgadas de alto x 14,5 pulgadas de ancho x 9,5 pulgadas de profundidad  56 cm alto x 37 cm ancho x 24 cm profundidad  Peso: 7,3 libras\/3,3 kg  Expansi\u00f3n: 2 pulg. \/ 5 cm","og_url":"https:\/\/mivoot.com\/gt\/producto\/maleta-de-mano-mojave-carry-on-rbhills\/","og_site_name":"Mivoot","article_publisher":"https:\/\/www.facebook.com\/mivootgt","article_modified_time":"2022-07-24T04:13:08+00:00","og_image":[{"width":1800,"height":1800,"url":"https:\/\/mivoot.com\/gt\/wp-content\/uploads\/2022\/07\/112-20-421-4WB-QF_1800x1800.webp","type":"image\/webp"}],"twitter_card":"summary_large_image","twitter_misc":{"Est. reading time":"2 minutos"},"schema":{"@context":"https:\/\/schema.org","@graph":[{"@type":"WebPage","@id":"https:\/\/mivoot.com\/gt\/producto\/maleta-de-mano-mojave-carry-on-rbhills\/","url":"https:\/\/mivoot.com\/gt\/producto\/maleta-de-mano-mojave-carry-on-rbhills\/","name":"Maleta de Mano 50 cm Mojave Carry On RBHills Azul - Mivoot","isPartOf":{"@id":"https:\/\/mivoot.com\/gt\/#website"},"primaryImageOfPage":{"@id":"https:\/\/mivoot.com\/gt\/producto\/maleta-de-mano-mojave-carry-on-rbhills\/#primaryimage"},"image":{"@id":"https:\/\/mivoot.com\/gt\/producto\/maleta-de-mano-mojave-carry-on-rbhills\/#primaryimage"},"thumbnailUrl":"https:\/\/mivoot.com\/gt\/wp-content\/uploads\/2022\/07\/112-20-421-4WB-QF_1800x1800.webp","datePublished":"2022-07-12T18:29:28+00:00","dateModified":"2022-07-24T04:13:08+00:00","breadcrumb":{"@id":"https:\/\/mivoot.com\/gt\/producto\/maleta-de-mano-mojave-carry-on-rbhills\/#breadcrumb"},"inLanguage":"es","potentialAction":[{"@type":"ReadAction","target":["https:\/\/mivoot.com\/gt\/producto\/maleta-de-mano-mojave-carry-on-rbhills\/"]}]},{"@type":"ImageObject","inLanguage":"es","@id":"https:\/\/mivoot.com\/gt\/producto\/maleta-de-mano-mojave-carry-on-rbhills\/#primaryimage","url":"https:\/\/mivoot.com\/gt\/wp-content\/uploads\/2022\/07\/112-20-421-4WB-QF_1800x1800.webp","contentUrl":"https:\/\/mivoot.com\/gt\/wp-content\/uploads\/2022\/07\/112-20-421-4WB-QF_1800x1800.webp","width":1800,"height":1800},{"@type":"BreadcrumbList","@id":"https:\/\/mivoot.com\/gt\/producto\/maleta-de-mano-mojave-carry-on-rbhills\/#breadcrumb","itemListElement":[{"@type":"ListItem","position":1,"name":"Inicio","item":"https:\/\/mivoot.com\/gt\/"},{"@type":"ListItem","position":2,"name":"Productos","item":"https:\/\/mivoot.com\/gt\/producto\/"},{"@type":"ListItem","position":3,"name":"Maleta de Mano 50 cm Mojave Carry On RBHills Azul"}]},{"@type":"WebSite","@id":"https:\/\/mivoot.com\/gt\/#website","url":"https:\/\/mivoot.com\/gt\/","name":"Mivoot","description":"Mivoot Guatemala | Tienda Online","publisher":{"@id":"https:\/\/mivoot.com\/gt\/#organization"},"alternateName":"mivoot","potentialAction":[{"@type":"SearchAction","target":{"@type":"EntryPoint","urlTemplate":"https:\/\/mivoot.com\/gt\/?s={search_term_string}"},"query-input":{"@type":"PropertyValueSpecification","valueRequired":true,"valueName":"search_term_string"}}],"inLanguage":"es"},{"@type":"Organization","@id":"https:\/\/mivoot.com\/gt\/#organization","name":"Mivoot Guatemala","alternateName":"mivoot.com","url":"https:\/\/mivoot.com\/gt\/","logo":{"@type":"ImageObject","inLanguage":"es","@id":"https:\/\/mivoot.com\/gt\/#\/schema\/logo\/image\/","url":"https:\/\/mivoot.com\/gt\/wp-content\/uploads\/2023\/03\/cropped-icon.png","contentUrl":"https:\/\/mivoot.com\/gt\/wp-content\/uploads\/2023\/03\/cropped-icon.png","width":512,"height":512,"caption":"Mivoot Guatemala"},"image":{"@id":"https:\/\/mivoot.com\/gt\/#\/schema\/logo\/image\/"},"sameAs":["https:\/\/www.facebook.com\/mivootgt","https:\/\/instagram.com\/mivoot"]}]}},"jetpack_publicize_connections":[],"jetpack_sharing_enabled":true,"brands":[],"_links":{"self":[{"href":"https:\/\/mivoot.com\/gt\/wp-json\/wp\/v2\/product\/8552","targetHints":{"allow":["GET"]}}],"collection":[{"href":"https:\/\/mivoot.com\/gt\/wp-json\/wp\/v2\/product"}],"about":[{"href":"https:\/\/mivoot.com\/gt\/wp-json\/wp\/v2\/types\/product"}],"replies":[{"embeddable":true,"href":"https:\/\/mivoot.com\/gt\/wp-json\/wp\/v2\/comments?post=8552"}],"version-history":[{"count":5,"href":"https:\/\/mivoot.com\/gt\/wp-json\/wp\/v2\/product\/8552\/revisions"}],"predecessor-version":[{"id":8906,"href":"https:\/\/mivoot.com\/gt\/wp-json\/wp\/v2\/product\/8552\/revisions\/8906"}],"wp:featuredmedia":[{"embeddable":true,"href":"https:\/\/mivoot.com\/gt\/wp-json\/wp\/v2\/media\/8556"}],"wp:attachment":[{"href":"https:\/\/mivoot.com\/gt\/wp-json\/wp\/v2\/media?parent=8552"}],"wp:term":[{"taxonomy":"pwb-brand","embeddable":true,"href":"https:\/\/mivoot.com\/gt\/wp-json\/wp\/v2\/pwb-brand?post=8552"},{"taxonomy":"product_brand","embeddable":true,"href":"https:\/\/mivoot.com\/gt\/wp-json\/wp\/v2\/product_brand?post=8552"},{"taxonomy":"product_cat","embeddable":true,"href":"https:\/\/mivoot.com\/gt\/wp-json\/wp\/v2\/product_cat?post=8552"},{"taxonomy":"product_tag","embeddable":true,"href":"https:\/\/mivoot.com\/gt\/wp-json\/wp\/v2\/product_tag?post=8552"}],"curies":[{"name":"wp","href":"https:\/\/api.w.org\/{rel}","templated":true}]}}