{"id":8915,"date":"2022-07-23T22:32:44","date_gmt":"2022-07-24T04:32:44","guid":{"rendered":"https:\/\/mivoot.com\/gt\/?post_type=product&#038;p=8915"},"modified":"2022-07-23T22:34:03","modified_gmt":"2022-07-24T04:34:03","slug":"equipaje-de-2-piezas-maleta-de-71cm-y-50cm-rbhills-azul","status":"publish","type":"product","link":"https:\/\/mivoot.com\/gt\/producto\/equipaje-de-2-piezas-maleta-de-71cm-y-50cm-rbhills-azul\/","title":{"rendered":"Equipaje de 2 piezas Maleta de 71cm y 50cm RBHills Azul"},"content":{"rendered":"<p>El juego de maletas de 2 piezas incluye una maleta de 28 pulgadas y una maleta de mano de 20 pulgadas. Maletas de 2 piezas Ricardo\u00ae reforzadas con SteriTouch\u00a9. Manija de transporte superior, lateral e inferior; Puerto de carga USB en la maleta de mano; Cerradura TSA incorporada en la maleta grande a cuadros; Ruedas dobles 360 suaves y compartimentos grandes para embalaje. Cremalleras YKK, expandible, embalaje de 2 compartimentos.<\/p>\n<p><strong>Caracter\u00edsticas:<\/strong><\/p>\n<ul>\n<li>100% Policarbonato<\/li>\n<li>Acabado texturizado resistente a los ara\u00f1azos<\/li>\n<li>Mango telesc\u00f3pico premium patentado;\u00a0agarre suave al tacto<\/li>\n<li>Tratamiento antimicrobiano Steritouch<\/li>\n<li>Asas de transporte superiores y laterales;\u00a0empu\u00f1adura de transporte inferior<\/li>\n<li>Cremalleras YKK EYL<\/li>\n<li>Puerto USB cubierto para carga de tecnolog\u00eda<\/li>\n<li>Ruedas giratorias dobles suaves de 360\u00ba empotradas para mayor estabilidad.<\/li>\n<li>Capacidad de embalaje ampliable<\/li>\n<li>Forro estampado jaspeado<\/li>\n<li>Amplio compartimento de embalaje principal<\/li>\n<li>Bolsa de bater\u00eda para bater\u00eda extra\u00edble<\/li>\n<li>Cable enrutado internamente al puerto USB<\/li>\n<li>Neceser desmontable impermeable 3-1-1<\/li>\n<li>Paneles de compresi\u00f3n sin arrugas ajustables<\/li>\n<li>Bolsillo lateral con cremallera para accesorios<\/li>\n<li>Compartimento secundario<\/li>\n<li>Dos bolsillos grandes con cremallera en el divisor<\/li>\n<\/ul>\n<p><img decoding=\"async\" src=\"https:\/\/d1cft8rz0k7w99.cloudfront.net\/n\/0\/8\/a\/3\/08a35f21a0e65d85826ccca098308bda92236736_Luggage_SetsBrown_430499_14.jpg\" \/><\/p>\n","protected":false},"excerpt":{"rendered":"<p>incluye una maleta de 28 pulgadas y una maleta de mano de 20 pulgadas<\/p>\n<p>100 % policarbonato<br \/>\nAcabado texturizado resistente a los ara\u00f1azos<br \/>\nPuerto USB cubierto para carga tecnol\u00f3gica<br \/>\nCapacidad de embalaje ampliable<br \/>\nRuedas dobles suaves de 360\u00ba: empotradas para mayor estabilidad<br \/>\nPaneles de compresi\u00f3n ajustables sin arrugas<br \/>\nCable enrutado internamente al puerto USB<\/p>\n","protected":false},"featured_media":8921,"comment_status":"open","ping_status":"closed","template":"","meta":{"jetpack_publicize_message":"","jetpack_publicize_feature_enabled":true,"jetpack_social_post_already_shared":false,"jetpack_social_options":{"image_generator_settings":{"template":"highway","default_image_id":0,"font":"","enabled":false},"version":2}},"pwb-brand":[],"product_brand":[],"product_cat":[223],"product_tag":[],"class_list":{"0":"post-8915","1":"product","2":"type-product","3":"status-publish","4":"has-post-thumbnail","6":"product_cat-maletas-de-viaje","8":"first","9":"instock","10":"taxable","11":"shipping-taxable","12":"purchasable","13":"product-type-simple"},"yoast_head":"<!-- This site is optimized with the Yoast SEO Premium plugin v25.7.1 (Yoast SEO v26.8) - https:\/\/yoast.com\/product\/yoast-seo-premium-wordpress\/ -->\n<title>Equipaje de 2 piezas Maleta de 71cm y 50cm RBHills Azul - Mivoot<\/title>\n<meta name=\"robots\" content=\"index, follow, max-snippet:-1, max-image-preview:large, max-video-preview:-1\" \/>\n<link rel=\"canonical\" href=\"https:\/\/mivoot.com\/gt\/producto\/equipaje-de-2-piezas-maleta-de-71cm-y-50cm-rbhills-azul\/\" \/>\n<meta property=\"og:locale\" content=\"es_ES\" \/>\n<meta property=\"og:type\" content=\"article\" \/>\n<meta property=\"og:title\" content=\"Equipaje de 2 piezas Maleta de 71cm y 50cm RBHills Azul\" \/>\n<meta property=\"og:description\" content=\"incluye una maleta de 28 pulgadas y una maleta de mano de 20 pulgadas  100 % policarbonato Acabado texturizado resistente a los ara\u00f1azos Puerto USB cubierto para carga tecnol\u00f3gica Capacidad de embalaje ampliable Ruedas dobles suaves de 360\u00ba: empotradas para mayor estabilidad Paneles de compresi\u00f3n ajustables sin arrugas Cable enrutado internamente al puerto USB\" \/>\n<meta property=\"og:url\" content=\"https:\/\/mivoot.com\/gt\/producto\/equipaje-de-2-piezas-maleta-de-71cm-y-50cm-rbhills-azul\/\" \/>\n<meta property=\"og:site_name\" content=\"Mivoot\" \/>\n<meta property=\"article:publisher\" content=\"https:\/\/www.facebook.com\/mivootgt\" \/>\n<meta property=\"article:modified_time\" content=\"2022-07-24T04:34:03+00:00\" \/>\n<meta property=\"og:image\" content=\"https:\/\/mivoot.com\/gt\/wp-content\/uploads\/2022\/07\/2-malestas.png\" \/>\n\t<meta property=\"og:image:width\" content=\"500\" \/>\n\t<meta property=\"og:image:height\" content=\"600\" \/>\n\t<meta property=\"og:image:type\" content=\"image\/png\" \/>\n<meta name=\"twitter:card\" content=\"summary_large_image\" \/>\n<meta name=\"twitter:label1\" content=\"Est. reading time\" \/>\n\t<meta name=\"twitter:data1\" content=\"1 minuto\" \/>\n<script type=\"application\/ld+json\" class=\"yoast-schema-graph\">{\"@context\":\"https:\/\/schema.org\",\"@graph\":[{\"@type\":\"WebPage\",\"@id\":\"https:\/\/mivoot.com\/gt\/producto\/equipaje-de-2-piezas-maleta-de-71cm-y-50cm-rbhills-azul\/\",\"url\":\"https:\/\/mivoot.com\/gt\/producto\/equipaje-de-2-piezas-maleta-de-71cm-y-50cm-rbhills-azul\/\",\"name\":\"Equipaje de 2 piezas Maleta de 71cm y 50cm RBHills Azul - Mivoot\",\"isPartOf\":{\"@id\":\"https:\/\/mivoot.com\/gt\/#website\"},\"primaryImageOfPage\":{\"@id\":\"https:\/\/mivoot.com\/gt\/producto\/equipaje-de-2-piezas-maleta-de-71cm-y-50cm-rbhills-azul\/#primaryimage\"},\"image\":{\"@id\":\"https:\/\/mivoot.com\/gt\/producto\/equipaje-de-2-piezas-maleta-de-71cm-y-50cm-rbhills-azul\/#primaryimage\"},\"thumbnailUrl\":\"https:\/\/mivoot.com\/gt\/wp-content\/uploads\/2022\/07\/2-malestas.png\",\"datePublished\":\"2022-07-24T04:32:44+00:00\",\"dateModified\":\"2022-07-24T04:34:03+00:00\",\"breadcrumb\":{\"@id\":\"https:\/\/mivoot.com\/gt\/producto\/equipaje-de-2-piezas-maleta-de-71cm-y-50cm-rbhills-azul\/#breadcrumb\"},\"inLanguage\":\"es\",\"potentialAction\":[{\"@type\":\"ReadAction\",\"target\":[\"https:\/\/mivoot.com\/gt\/producto\/equipaje-de-2-piezas-maleta-de-71cm-y-50cm-rbhills-azul\/\"]}]},{\"@type\":\"ImageObject\",\"inLanguage\":\"es\",\"@id\":\"https:\/\/mivoot.com\/gt\/producto\/equipaje-de-2-piezas-maleta-de-71cm-y-50cm-rbhills-azul\/#primaryimage\",\"url\":\"https:\/\/mivoot.com\/gt\/wp-content\/uploads\/2022\/07\/2-malestas.png\",\"contentUrl\":\"https:\/\/mivoot.com\/gt\/wp-content\/uploads\/2022\/07\/2-malestas.png\",\"width\":500,\"height\":600},{\"@type\":\"BreadcrumbList\",\"@id\":\"https:\/\/mivoot.com\/gt\/producto\/equipaje-de-2-piezas-maleta-de-71cm-y-50cm-rbhills-azul\/#breadcrumb\",\"itemListElement\":[{\"@type\":\"ListItem\",\"position\":1,\"name\":\"Inicio\",\"item\":\"https:\/\/mivoot.com\/gt\/\"},{\"@type\":\"ListItem\",\"position\":2,\"name\":\"Productos\",\"item\":\"https:\/\/mivoot.com\/gt\/producto\/\"},{\"@type\":\"ListItem\",\"position\":3,\"name\":\"Equipaje de 2 piezas Maleta de 71cm y 50cm RBHills Azul\"}]},{\"@type\":\"WebSite\",\"@id\":\"https:\/\/mivoot.com\/gt\/#website\",\"url\":\"https:\/\/mivoot.com\/gt\/\",\"name\":\"Mivoot\",\"description\":\"Mivoot Guatemala | Tienda Online\",\"publisher\":{\"@id\":\"https:\/\/mivoot.com\/gt\/#organization\"},\"alternateName\":\"mivoot\",\"potentialAction\":[{\"@type\":\"SearchAction\",\"target\":{\"@type\":\"EntryPoint\",\"urlTemplate\":\"https:\/\/mivoot.com\/gt\/?s={search_term_string}\"},\"query-input\":{\"@type\":\"PropertyValueSpecification\",\"valueRequired\":true,\"valueName\":\"search_term_string\"}}],\"inLanguage\":\"es\"},{\"@type\":\"Organization\",\"@id\":\"https:\/\/mivoot.com\/gt\/#organization\",\"name\":\"Mivoot Guatemala\",\"alternateName\":\"mivoot.com\",\"url\":\"https:\/\/mivoot.com\/gt\/\",\"logo\":{\"@type\":\"ImageObject\",\"inLanguage\":\"es\",\"@id\":\"https:\/\/mivoot.com\/gt\/#\/schema\/logo\/image\/\",\"url\":\"https:\/\/mivoot.com\/gt\/wp-content\/uploads\/2023\/03\/cropped-icon.png\",\"contentUrl\":\"https:\/\/mivoot.com\/gt\/wp-content\/uploads\/2023\/03\/cropped-icon.png\",\"width\":512,\"height\":512,\"caption\":\"Mivoot Guatemala\"},\"image\":{\"@id\":\"https:\/\/mivoot.com\/gt\/#\/schema\/logo\/image\/\"},\"sameAs\":[\"https:\/\/www.facebook.com\/mivootgt\",\"https:\/\/instagram.com\/mivoot\"]}]}<\/script>\n<!-- \/ Yoast SEO Premium plugin. -->","yoast_head_json":{"title":"Equipaje de 2 piezas Maleta de 71cm y 50cm RBHills Azul - Mivoot","robots":{"index":"index","follow":"follow","max-snippet":"max-snippet:-1","max-image-preview":"max-image-preview:large","max-video-preview":"max-video-preview:-1"},"canonical":"https:\/\/mivoot.com\/gt\/producto\/equipaje-de-2-piezas-maleta-de-71cm-y-50cm-rbhills-azul\/","og_locale":"es_ES","og_type":"article","og_title":"Equipaje de 2 piezas Maleta de 71cm y 50cm RBHills Azul","og_description":"incluye una maleta de 28 pulgadas y una maleta de mano de 20 pulgadas  100 % policarbonato Acabado texturizado resistente a los ara\u00f1azos Puerto USB cubierto para carga tecnol\u00f3gica Capacidad de embalaje ampliable Ruedas dobles suaves de 360\u00ba: empotradas para mayor estabilidad Paneles de compresi\u00f3n ajustables sin arrugas Cable enrutado internamente al puerto USB","og_url":"https:\/\/mivoot.com\/gt\/producto\/equipaje-de-2-piezas-maleta-de-71cm-y-50cm-rbhills-azul\/","og_site_name":"Mivoot","article_publisher":"https:\/\/www.facebook.com\/mivootgt","article_modified_time":"2022-07-24T04:34:03+00:00","og_image":[{"width":500,"height":600,"url":"https:\/\/mivoot.com\/gt\/wp-content\/uploads\/2022\/07\/2-malestas.png","type":"image\/png"}],"twitter_card":"summary_large_image","twitter_misc":{"Est. reading time":"1 minuto"},"schema":{"@context":"https:\/\/schema.org","@graph":[{"@type":"WebPage","@id":"https:\/\/mivoot.com\/gt\/producto\/equipaje-de-2-piezas-maleta-de-71cm-y-50cm-rbhills-azul\/","url":"https:\/\/mivoot.com\/gt\/producto\/equipaje-de-2-piezas-maleta-de-71cm-y-50cm-rbhills-azul\/","name":"Equipaje de 2 piezas Maleta de 71cm y 50cm RBHills Azul - Mivoot","isPartOf":{"@id":"https:\/\/mivoot.com\/gt\/#website"},"primaryImageOfPage":{"@id":"https:\/\/mivoot.com\/gt\/producto\/equipaje-de-2-piezas-maleta-de-71cm-y-50cm-rbhills-azul\/#primaryimage"},"image":{"@id":"https:\/\/mivoot.com\/gt\/producto\/equipaje-de-2-piezas-maleta-de-71cm-y-50cm-rbhills-azul\/#primaryimage"},"thumbnailUrl":"https:\/\/mivoot.com\/gt\/wp-content\/uploads\/2022\/07\/2-malestas.png","datePublished":"2022-07-24T04:32:44+00:00","dateModified":"2022-07-24T04:34:03+00:00","breadcrumb":{"@id":"https:\/\/mivoot.com\/gt\/producto\/equipaje-de-2-piezas-maleta-de-71cm-y-50cm-rbhills-azul\/#breadcrumb"},"inLanguage":"es","potentialAction":[{"@type":"ReadAction","target":["https:\/\/mivoot.com\/gt\/producto\/equipaje-de-2-piezas-maleta-de-71cm-y-50cm-rbhills-azul\/"]}]},{"@type":"ImageObject","inLanguage":"es","@id":"https:\/\/mivoot.com\/gt\/producto\/equipaje-de-2-piezas-maleta-de-71cm-y-50cm-rbhills-azul\/#primaryimage","url":"https:\/\/mivoot.com\/gt\/wp-content\/uploads\/2022\/07\/2-malestas.png","contentUrl":"https:\/\/mivoot.com\/gt\/wp-content\/uploads\/2022\/07\/2-malestas.png","width":500,"height":600},{"@type":"BreadcrumbList","@id":"https:\/\/mivoot.com\/gt\/producto\/equipaje-de-2-piezas-maleta-de-71cm-y-50cm-rbhills-azul\/#breadcrumb","itemListElement":[{"@type":"ListItem","position":1,"name":"Inicio","item":"https:\/\/mivoot.com\/gt\/"},{"@type":"ListItem","position":2,"name":"Productos","item":"https:\/\/mivoot.com\/gt\/producto\/"},{"@type":"ListItem","position":3,"name":"Equipaje de 2 piezas Maleta de 71cm y 50cm RBHills Azul"}]},{"@type":"WebSite","@id":"https:\/\/mivoot.com\/gt\/#website","url":"https:\/\/mivoot.com\/gt\/","name":"Mivoot","description":"Mivoot Guatemala | Tienda Online","publisher":{"@id":"https:\/\/mivoot.com\/gt\/#organization"},"alternateName":"mivoot","potentialAction":[{"@type":"SearchAction","target":{"@type":"EntryPoint","urlTemplate":"https:\/\/mivoot.com\/gt\/?s={search_term_string}"},"query-input":{"@type":"PropertyValueSpecification","valueRequired":true,"valueName":"search_term_string"}}],"inLanguage":"es"},{"@type":"Organization","@id":"https:\/\/mivoot.com\/gt\/#organization","name":"Mivoot Guatemala","alternateName":"mivoot.com","url":"https:\/\/mivoot.com\/gt\/","logo":{"@type":"ImageObject","inLanguage":"es","@id":"https:\/\/mivoot.com\/gt\/#\/schema\/logo\/image\/","url":"https:\/\/mivoot.com\/gt\/wp-content\/uploads\/2023\/03\/cropped-icon.png","contentUrl":"https:\/\/mivoot.com\/gt\/wp-content\/uploads\/2023\/03\/cropped-icon.png","width":512,"height":512,"caption":"Mivoot Guatemala"},"image":{"@id":"https:\/\/mivoot.com\/gt\/#\/schema\/logo\/image\/"},"sameAs":["https:\/\/www.facebook.com\/mivootgt","https:\/\/instagram.com\/mivoot"]}]}},"jetpack_publicize_connections":[],"jetpack_sharing_enabled":true,"brands":[],"_links":{"self":[{"href":"https:\/\/mivoot.com\/gt\/wp-json\/wp\/v2\/product\/8915","targetHints":{"allow":["GET"]}}],"collection":[{"href":"https:\/\/mivoot.com\/gt\/wp-json\/wp\/v2\/product"}],"about":[{"href":"https:\/\/mivoot.com\/gt\/wp-json\/wp\/v2\/types\/product"}],"replies":[{"embeddable":true,"href":"https:\/\/mivoot.com\/gt\/wp-json\/wp\/v2\/comments?post=8915"}],"version-history":[{"count":2,"href":"https:\/\/mivoot.com\/gt\/wp-json\/wp\/v2\/product\/8915\/revisions"}],"predecessor-version":[{"id":8923,"href":"https:\/\/mivoot.com\/gt\/wp-json\/wp\/v2\/product\/8915\/revisions\/8923"}],"wp:featuredmedia":[{"embeddable":true,"href":"https:\/\/mivoot.com\/gt\/wp-json\/wp\/v2\/media\/8921"}],"wp:attachment":[{"href":"https:\/\/mivoot.com\/gt\/wp-json\/wp\/v2\/media?parent=8915"}],"wp:term":[{"taxonomy":"pwb-brand","embeddable":true,"href":"https:\/\/mivoot.com\/gt\/wp-json\/wp\/v2\/pwb-brand?post=8915"},{"taxonomy":"product_brand","embeddable":true,"href":"https:\/\/mivoot.com\/gt\/wp-json\/wp\/v2\/product_brand?post=8915"},{"taxonomy":"product_cat","embeddable":true,"href":"https:\/\/mivoot.com\/gt\/wp-json\/wp\/v2\/product_cat?post=8915"},{"taxonomy":"product_tag","embeddable":true,"href":"https:\/\/mivoot.com\/gt\/wp-json\/wp\/v2\/product_tag?post=8915"}],"curies":[{"name":"wp","href":"https:\/\/api.w.org\/{rel}","templated":true}]}}