{"id":8934,"date":"2022-07-23T22:55:14","date_gmt":"2022-07-24T04:55:14","guid":{"rendered":"https:\/\/mivoot.com\/gt\/?post_type=product&#038;p=8934"},"modified":"2024-09-03T15:42:31","modified_gmt":"2024-09-03T21:42:31","slug":"inversor-de-corriente-ca-425w-wagan","status":"publish","type":"product","link":"https:\/\/mivoot.com\/gt\/producto\/inversor-de-corriente-ca-425w-wagan\/","title":{"rendered":"Inversor de Corriente CA 425W Wagan"},"content":{"rendered":"<p><strong>Inversor de corriente Smart AC 425W<\/strong><br \/>\nViniendo de un largo linaje de inversores potentes y confiables, Wagan Tech est\u00e1 reviviendo la l\u00ednea Smart AC con el nuevo Inversor de corriente Smart AC 425W.<\/p>\n<p><strong>Caracter\u00edsticas<\/strong><br \/>\nA medida que los grandes inversores de potencia se cierran en nuestro enfoque principal (inversores ProLine y Pure Line), perdimos de vista la peque\u00f1a y popular serie Smart AC;\u00a0bueno, ya no!<br \/>\nAl igual que sus predecesores, el nuevo Smart AC 425W Inverter es potente y asequible con la fiabilidad que nos caracteriza.<\/p>\n<p><strong>Detalles de los componentes frontales<\/strong><br \/>\nEn la parte frontal del inversor de corriente Smart AC de 425 W hay dos salidas de CA de 120 V, un puerto de alimentaci\u00f3n USB de 2,1 A, luces indicadoras LED y el interruptor de alimentaci\u00f3n.<\/p>\n<p><strong>Detalles de los componentes traseros<\/strong><br \/>\nEn la parte trasera se encuentran el terminal de entrada positiva codificada por color, el terminal de entrada negativa y el ventilador de refrigeraci\u00f3n controlado por carga\/temperatura.<\/p>\n<p><strong>Aplicaciones<\/strong><br \/>\n\u00a1En su veh\u00edculo, bote, RV, Camper, puerta trasera, campamento o en cualquier lugar donde necesite convertir la energ\u00eda de CC (bater\u00eda) en energ\u00eda de CA (dom\u00e9stica) es donde brillar\u00e1 el Smart AC 425W Power Inverter!\u00a0400 vatios continuos significa que puede hacer funcionar su electrodom\u00e9stico sin preocuparse de que el inversor de energ\u00eda Smart AC 425W lo decepcione como inversores menores.\u00a0\u00a1Se puede encender una licuadora peque\u00f1a, un televisor, un sistema de juegos, un refrigerador para el dormitorio y otros aparatos electr\u00f3nicos dom\u00e9sticos!**<\/p>\n<p><strong>TrueRated Power\u2122<\/strong><br \/>\nTrueRated Power es el t\u00e9rmino acu\u00f1ado por Wagan Tech para la verdad en la publicidad y el rendimiento.\u00a0En pocas palabras, nuestros inversores TrueRated se prueban a plena carga (el n\u00famero impreso en el inversor) y mantendr\u00e1n esa carga de forma continua durante 24 horas.<br \/>\nPor ejemplo, nuestro inversor Pure Line de 400 vatios funcionar\u00e1 durante\u00a0<strong>24 horas seguidas<\/strong>\u00a0con una carga de 400 vatios.\u00a0Nuestros candidatos afirman &#8220;vataje continuo&#8221; cuando, de hecho, la mayor\u00eda solo tiene una potencia nominal de 20 minutos de vataje continuo.\u00a0Despu\u00e9s de 20 minutos, la potencia de salida de los competidores se reducir\u00e1 hasta en un 25 % de su potencia declarada (en un inversor de 400 vatios, \u00a1eso puede significar una p\u00e9rdida de 100 vatios!).<\/p>\n<p><img decoding=\"async\" src=\"https:\/\/cdn.shopify.com\/s\/files\/1\/0062\/6052\/3111\/files\/True-Rated-graph_lrg.gif?v=1585531452\" \/><\/p>\n<p>&nbsp;<\/p>\n<p><strong>Lista rapida de funciones<\/strong><\/p>\n<ul>\n<li>Potencia nominal real de 425 W<\/li>\n<li>Pico de sobretension de 825W<\/li>\n<li>2 salidas de CA<\/li>\n<li>puerto de alimentacion usb 2.1a<\/li>\n<li>protecciones de circuito<\/li>\n<li>Ventilador de refrigeraci\u00f3n controlado por temperatura\/carga<\/li>\n<li>Cable de alimentaci\u00f3n de 12 V incluido<\/li>\n<\/ul>\n<p><strong>\u00bfEs este el inversor adecuado para usted?<\/strong><br \/>\nSi tiene problemas para decidir qu\u00e9 inversor es el adecuado para sus necesidades de energ\u00eda o tiene problemas para entender la redacci\u00f3n confusa del inversor, consulte el blog de inversores para obtener una mejor comprensi\u00f3n de lo que est\u00e1 buscando.<\/p>\n<p><img fetchpriority=\"high\" decoding=\"async\" class=\"alignnone size-full wp-image-8929\" src=\"https:\/\/mivoot.com\/gt\/wp-content\/uploads\/2022\/07\/81SB0B5CSrL._AC_SL1500_.jpg\" alt=\"\" width=\"1259\" height=\"1500\" srcset=\"https:\/\/mivoot.com\/gt\/wp-content\/uploads\/2022\/07\/81SB0B5CSrL._AC_SL1500_.jpg 1259w, https:\/\/mivoot.com\/gt\/wp-content\/uploads\/2022\/07\/81SB0B5CSrL._AC_SL1500_-410x488.jpg 410w, https:\/\/mivoot.com\/gt\/wp-content\/uploads\/2022\/07\/81SB0B5CSrL._AC_SL1500_-64x76.jpg 64w, https:\/\/mivoot.com\/gt\/wp-content\/uploads\/2022\/07\/81SB0B5CSrL._AC_SL1500_-252x300.jpg 252w, https:\/\/mivoot.com\/gt\/wp-content\/uploads\/2022\/07\/81SB0B5CSrL._AC_SL1500_-768x915.jpg 768w\" sizes=\"(max-width: 1259px) 100vw, 1259px\" \/><\/p>\n<ul class=\"a-unordered-list a-vertical a-spacing-mini\">\n<li><span class=\"a-list-item\">Seguridad y protecci\u00f3n: apagado autom\u00e1tico, ventilador de refrigeraci\u00f3n con apagado autom\u00e1tico, ventilador de refrigeraci\u00f3n controlado t\u00e9rmicamente y protecci\u00f3n de polaridad inversa<\/span><\/li>\n<li><span class=\"a-list-item\">En tu veh\u00edculo, barco, motocicleta, RV, cami\u00f3n, autocaravana, puerta trasera, camping, juegos de f\u00fatbol para ni\u00f1os o en cualquier lugar que necesites convertir la alimentaci\u00f3n CC en alimentaci\u00f3n de CA es donde el inversor brillar\u00e1<\/span><\/li>\n<\/ul>\n<h2>Especificaciones completas<\/h2>\n<ul>\n<li><span class=\"\">TrueRated Power\u2122: 425W<\/span><\/li>\n<li>Potencia de sobretension: 825W<\/li>\n<li>Salida CA: 120V<\/li>\n<li>Frecuencia: 60Hz\u00b10.5<\/li>\n<li>Tipo de enchufe (NEMA5-15): est\u00e1ndar de EE.\u00a0UU.\u00a0de 3 clavijas (2x)<\/li>\n<li>Puerto de alimentaci\u00f3n USB: 5 V, 2,1 A (1x)<\/li>\n<li>M\u00e1xima eficiencia: 90%<\/li>\n<li>Forma de onda de salida: onda sinusoidal modificada (MSW)<\/li>\n<li>Protecci\u00f3n contra sobrecarga: apagado autom\u00e1tico<\/li>\n<li>Reinicio autom\u00e1tico: S\u00ed<\/li>\n<li>Apagado por sobretensi\u00f3n: S\u00ed<\/li>\n<li>Protecci\u00f3n contra sobrecalentamiento: ventilador de refrigeraci\u00f3n con apagado autom\u00e1tico<\/li>\n<li>Ventilador de refrigeraci\u00f3n: carga\/temperatura controlada<\/li>\n<li>Rango de entrada de CC: 11V-15V<\/li>\n<li>Cable de CC Enchufe de 12 V: 2 pies, 18 AWG (incluido)<\/li>\n<li>Abrazaderas de bater\u00eda de cable de CC: 2 pies, 16 AWG (incluidas)<\/li>\n<li>Protecci\u00f3n contra cortocircuito y polaridad inversa: Fusibles internos (30A x2)<\/li>\n<li>Alarma de bater\u00eda baja: 10,5 V\u00a0\u00b1 0,5<\/li>\n<li>Apagado autom\u00e1tico por bater\u00eda baja: 9,5 V\u00a0\u00b1 0,5<\/li>\n<li>Consumo de corriente sin carga: 0.3A<\/li>\n<li>Distorsi\u00f3n arm\u00f3nica (THD): &#8211;<\/li>\n<li>Bono NTG: Flotante<\/li>\n<li>Terreno verdadero:\u00a0flotante<\/li>\n<li>Capacidad de control remoto: No<\/li>\n<li>PCB de revestimiento conformado: &#8211;<\/li>\n<li>Peso neto: 1,6 libras.<\/li>\n<li>Dimensiones largo x ancho x alto (pulgadas): 6,5 x 5,0 x 2,6<\/li>\n<\/ul>\n<p><iframe title=\"Power Inverter Cable Size - How To Select The Right Cable Size\" width=\"1020\" height=\"574\" src=\"https:\/\/www.youtube.com\/embed\/aKs3oZnBOPM?feature=oembed&#038;enablejsapi=1&#038;origin=https:\/\/mivoot.com\" frameborder=\"0\" allow=\"accelerometer; autoplay; clipboard-write; encrypted-media; gyroscope; picture-in-picture; web-share\" referrerpolicy=\"strict-origin-when-cross-origin\" allowfullscreen><\/iframe><\/p>\n","protected":false},"excerpt":{"rendered":"<p>&#8211; TrueRated Power\u2122: 425W<br \/>\n&#8211; Potencia de sobretension: 825W<br \/>\n&#8211; Salida CA: 120V<br \/>\n&#8211; Frecuencia: 60Hz\u00b10.5<br \/>\n&#8211; Tipo de enchufe (NEMA5-15): est\u00e1ndar de EE.\u00a0UU.\u00a0de 3 clavijas (2x)<br \/>\n&#8211; Puerto de alimentaci\u00f3n USB: 5 V, 2,1 A (1x)<\/p>\n<p>Potencia nominal Wagan: la marca l\u00edder de inversores de potencia de Estados Unidos. Proporciona 450 W con sobretensi\u00f3n de 825 W, con 2 salidas de CA y 1 puerto USB<br \/>\nGrandes caracter\u00edsticas: 2 salidas de CA est\u00e1ndar de 3 clavijas, un puerto de alimentaci\u00f3n USB de 2.1 A, luz LED roja de fallos, luz LED verde, rejillas de ventilaci\u00f3n, interruptor de alimentaci\u00f3n y la brida de montaje frontal<br \/>\nCarga r\u00e1pida: dos salidas de CA protegidas por fallos de tierra de 3 clavijas, puerto de alimentaci\u00f3n USB de 2,1 A, luces de alimentaci\u00f3n y fallos, patas de montaje s\u00f3lidas<\/p>\n","protected":false},"featured_media":8933,"comment_status":"open","ping_status":"closed","template":"","meta":{"jetpack_publicize_message":"","jetpack_publicize_feature_enabled":true,"jetpack_social_post_already_shared":false,"jetpack_social_options":{"image_generator_settings":{"template":"highway","default_image_id":0,"font":"","enabled":false},"version":2}},"pwb-brand":[170],"product_brand":[],"product_cat":[195,194,226],"product_tag":[],"class_list":{"0":"post-8934","1":"product","2":"type-product","3":"status-publish","4":"has-post-thumbnail","6":"pwb-brand-wagan","7":"product_cat-camping","8":"product_cat-herramientacarro","9":"product_cat-inversor","11":"first","12":"instock","13":"taxable","14":"shipping-taxable","15":"purchasable","16":"product-type-simple"},"yoast_head":"<!-- This site is optimized with the Yoast SEO Premium plugin v25.7.1 (Yoast SEO v26.8) - https:\/\/yoast.com\/product\/yoast-seo-premium-wordpress\/ -->\n<title>Inversor de Corriente CA 425W Wagan - Mivoot<\/title>\n<meta name=\"robots\" content=\"index, follow, max-snippet:-1, max-image-preview:large, max-video-preview:-1\" \/>\n<link rel=\"canonical\" href=\"https:\/\/mivoot.com\/gt\/producto\/inversor-de-corriente-ca-425w-wagan\/\" \/>\n<meta property=\"og:locale\" content=\"es_ES\" \/>\n<meta property=\"og:type\" content=\"article\" \/>\n<meta property=\"og:title\" content=\"Inversor de Corriente CA 425W Wagan\" \/>\n<meta property=\"og:description\" content=\"- TrueRated Power\u2122: 425W - Potencia de sobretension: 825W - Salida CA: 120V - Frecuencia: 60Hz\u00b10.5 - Tipo de enchufe (NEMA5-15): est\u00e1ndar de EE.\u00a0UU.\u00a0de 3 clavijas (2x) - Puerto de alimentaci\u00f3n USB: 5 V, 2,1 A (1x)  Potencia nominal Wagan: la marca l\u00edder de inversores de potencia de Estados Unidos. Proporciona 450 W con sobretensi\u00f3n de 825 W, con 2 salidas de CA y 1 puerto USB Grandes caracter\u00edsticas: 2 salidas de CA est\u00e1ndar de 3 clavijas, un puerto de alimentaci\u00f3n USB de 2.1 A, luz LED roja de fallos, luz LED verde, rejillas de ventilaci\u00f3n, interruptor de alimentaci\u00f3n y la brida de montaje frontal Carga r\u00e1pida: dos salidas de CA protegidas por fallos de tierra de 3 clavijas, puerto de alimentaci\u00f3n USB de 2,1 A, luces de alimentaci\u00f3n y fallos, patas de montaje s\u00f3lidas\" \/>\n<meta property=\"og:url\" content=\"https:\/\/mivoot.com\/gt\/producto\/inversor-de-corriente-ca-425w-wagan\/\" \/>\n<meta property=\"og:site_name\" content=\"Mivoot\" \/>\n<meta property=\"article:publisher\" content=\"https:\/\/www.facebook.com\/mivootgt\" \/>\n<meta property=\"article:modified_time\" content=\"2024-09-03T21:42:31+00:00\" \/>\n<meta property=\"og:image\" content=\"https:\/\/mivoot.com\/gt\/wp-content\/uploads\/2022\/07\/wagan.jpg\" \/>\n\t<meta property=\"og:image:width\" content=\"1500\" \/>\n\t<meta property=\"og:image:height\" content=\"1111\" \/>\n\t<meta property=\"og:image:type\" content=\"image\/jpeg\" \/>\n<meta name=\"twitter:card\" content=\"summary_large_image\" \/>\n<meta name=\"twitter:label1\" content=\"Est. reading time\" \/>\n\t<meta name=\"twitter:data1\" content=\"4 minutos\" \/>\n<script type=\"application\/ld+json\" class=\"yoast-schema-graph\">{\"@context\":\"https:\/\/schema.org\",\"@graph\":[{\"@type\":\"WebPage\",\"@id\":\"https:\/\/mivoot.com\/gt\/producto\/inversor-de-corriente-ca-425w-wagan\/\",\"url\":\"https:\/\/mivoot.com\/gt\/producto\/inversor-de-corriente-ca-425w-wagan\/\",\"name\":\"Inversor de Corriente CA 425W Wagan - Mivoot\",\"isPartOf\":{\"@id\":\"https:\/\/mivoot.com\/gt\/#website\"},\"primaryImageOfPage\":{\"@id\":\"https:\/\/mivoot.com\/gt\/producto\/inversor-de-corriente-ca-425w-wagan\/#primaryimage\"},\"image\":{\"@id\":\"https:\/\/mivoot.com\/gt\/producto\/inversor-de-corriente-ca-425w-wagan\/#primaryimage\"},\"thumbnailUrl\":\"https:\/\/mivoot.com\/gt\/wp-content\/uploads\/2022\/07\/wagan.jpg\",\"datePublished\":\"2022-07-24T04:55:14+00:00\",\"dateModified\":\"2024-09-03T21:42:31+00:00\",\"breadcrumb\":{\"@id\":\"https:\/\/mivoot.com\/gt\/producto\/inversor-de-corriente-ca-425w-wagan\/#breadcrumb\"},\"inLanguage\":\"es\",\"potentialAction\":[{\"@type\":\"ReadAction\",\"target\":[\"https:\/\/mivoot.com\/gt\/producto\/inversor-de-corriente-ca-425w-wagan\/\"]}]},{\"@type\":\"ImageObject\",\"inLanguage\":\"es\",\"@id\":\"https:\/\/mivoot.com\/gt\/producto\/inversor-de-corriente-ca-425w-wagan\/#primaryimage\",\"url\":\"https:\/\/mivoot.com\/gt\/wp-content\/uploads\/2022\/07\/wagan.jpg\",\"contentUrl\":\"https:\/\/mivoot.com\/gt\/wp-content\/uploads\/2022\/07\/wagan.jpg\",\"width\":1500,\"height\":1111},{\"@type\":\"BreadcrumbList\",\"@id\":\"https:\/\/mivoot.com\/gt\/producto\/inversor-de-corriente-ca-425w-wagan\/#breadcrumb\",\"itemListElement\":[{\"@type\":\"ListItem\",\"position\":1,\"name\":\"Inicio\",\"item\":\"https:\/\/mivoot.com\/gt\/\"},{\"@type\":\"ListItem\",\"position\":2,\"name\":\"Productos\",\"item\":\"https:\/\/mivoot.com\/gt\/producto\/\"},{\"@type\":\"ListItem\",\"position\":3,\"name\":\"Wagan\",\"item\":\"https:\/\/mivoot.com\/gt\/marca\/wagan\/\"},{\"@type\":\"ListItem\",\"position\":4,\"name\":\"Inversor de Corriente CA 425W Wagan\"}]},{\"@type\":\"WebSite\",\"@id\":\"https:\/\/mivoot.com\/gt\/#website\",\"url\":\"https:\/\/mivoot.com\/gt\/\",\"name\":\"Mivoot\",\"description\":\"Mivoot Guatemala | Tienda Online\",\"publisher\":{\"@id\":\"https:\/\/mivoot.com\/gt\/#organization\"},\"alternateName\":\"mivoot\",\"potentialAction\":[{\"@type\":\"SearchAction\",\"target\":{\"@type\":\"EntryPoint\",\"urlTemplate\":\"https:\/\/mivoot.com\/gt\/?s={search_term_string}\"},\"query-input\":{\"@type\":\"PropertyValueSpecification\",\"valueRequired\":true,\"valueName\":\"search_term_string\"}}],\"inLanguage\":\"es\"},{\"@type\":\"Organization\",\"@id\":\"https:\/\/mivoot.com\/gt\/#organization\",\"name\":\"Mivoot Guatemala\",\"alternateName\":\"mivoot.com\",\"url\":\"https:\/\/mivoot.com\/gt\/\",\"logo\":{\"@type\":\"ImageObject\",\"inLanguage\":\"es\",\"@id\":\"https:\/\/mivoot.com\/gt\/#\/schema\/logo\/image\/\",\"url\":\"https:\/\/mivoot.com\/gt\/wp-content\/uploads\/2023\/03\/cropped-icon.png\",\"contentUrl\":\"https:\/\/mivoot.com\/gt\/wp-content\/uploads\/2023\/03\/cropped-icon.png\",\"width\":512,\"height\":512,\"caption\":\"Mivoot Guatemala\"},\"image\":{\"@id\":\"https:\/\/mivoot.com\/gt\/#\/schema\/logo\/image\/\"},\"sameAs\":[\"https:\/\/www.facebook.com\/mivootgt\",\"https:\/\/instagram.com\/mivoot\"]}]}<\/script>\n<!-- \/ Yoast SEO Premium plugin. -->","yoast_head_json":{"title":"Inversor de Corriente CA 425W Wagan - Mivoot","robots":{"index":"index","follow":"follow","max-snippet":"max-snippet:-1","max-image-preview":"max-image-preview:large","max-video-preview":"max-video-preview:-1"},"canonical":"https:\/\/mivoot.com\/gt\/producto\/inversor-de-corriente-ca-425w-wagan\/","og_locale":"es_ES","og_type":"article","og_title":"Inversor de Corriente CA 425W Wagan","og_description":"- TrueRated Power\u2122: 425W - Potencia de sobretension: 825W - Salida CA: 120V - Frecuencia: 60Hz\u00b10.5 - Tipo de enchufe (NEMA5-15): est\u00e1ndar de EE.\u00a0UU.\u00a0de 3 clavijas (2x) - Puerto de alimentaci\u00f3n USB: 5 V, 2,1 A (1x)  Potencia nominal Wagan: la marca l\u00edder de inversores de potencia de Estados Unidos. Proporciona 450 W con sobretensi\u00f3n de 825 W, con 2 salidas de CA y 1 puerto USB Grandes caracter\u00edsticas: 2 salidas de CA est\u00e1ndar de 3 clavijas, un puerto de alimentaci\u00f3n USB de 2.1 A, luz LED roja de fallos, luz LED verde, rejillas de ventilaci\u00f3n, interruptor de alimentaci\u00f3n y la brida de montaje frontal Carga r\u00e1pida: dos salidas de CA protegidas por fallos de tierra de 3 clavijas, puerto de alimentaci\u00f3n USB de 2,1 A, luces de alimentaci\u00f3n y fallos, patas de montaje s\u00f3lidas","og_url":"https:\/\/mivoot.com\/gt\/producto\/inversor-de-corriente-ca-425w-wagan\/","og_site_name":"Mivoot","article_publisher":"https:\/\/www.facebook.com\/mivootgt","article_modified_time":"2024-09-03T21:42:31+00:00","og_image":[{"width":1500,"height":1111,"url":"https:\/\/mivoot.com\/gt\/wp-content\/uploads\/2022\/07\/wagan.jpg","type":"image\/jpeg"}],"twitter_card":"summary_large_image","twitter_misc":{"Est. reading time":"4 minutos"},"schema":{"@context":"https:\/\/schema.org","@graph":[{"@type":"WebPage","@id":"https:\/\/mivoot.com\/gt\/producto\/inversor-de-corriente-ca-425w-wagan\/","url":"https:\/\/mivoot.com\/gt\/producto\/inversor-de-corriente-ca-425w-wagan\/","name":"Inversor de Corriente CA 425W Wagan - Mivoot","isPartOf":{"@id":"https:\/\/mivoot.com\/gt\/#website"},"primaryImageOfPage":{"@id":"https:\/\/mivoot.com\/gt\/producto\/inversor-de-corriente-ca-425w-wagan\/#primaryimage"},"image":{"@id":"https:\/\/mivoot.com\/gt\/producto\/inversor-de-corriente-ca-425w-wagan\/#primaryimage"},"thumbnailUrl":"https:\/\/mivoot.com\/gt\/wp-content\/uploads\/2022\/07\/wagan.jpg","datePublished":"2022-07-24T04:55:14+00:00","dateModified":"2024-09-03T21:42:31+00:00","breadcrumb":{"@id":"https:\/\/mivoot.com\/gt\/producto\/inversor-de-corriente-ca-425w-wagan\/#breadcrumb"},"inLanguage":"es","potentialAction":[{"@type":"ReadAction","target":["https:\/\/mivoot.com\/gt\/producto\/inversor-de-corriente-ca-425w-wagan\/"]}]},{"@type":"ImageObject","inLanguage":"es","@id":"https:\/\/mivoot.com\/gt\/producto\/inversor-de-corriente-ca-425w-wagan\/#primaryimage","url":"https:\/\/mivoot.com\/gt\/wp-content\/uploads\/2022\/07\/wagan.jpg","contentUrl":"https:\/\/mivoot.com\/gt\/wp-content\/uploads\/2022\/07\/wagan.jpg","width":1500,"height":1111},{"@type":"BreadcrumbList","@id":"https:\/\/mivoot.com\/gt\/producto\/inversor-de-corriente-ca-425w-wagan\/#breadcrumb","itemListElement":[{"@type":"ListItem","position":1,"name":"Inicio","item":"https:\/\/mivoot.com\/gt\/"},{"@type":"ListItem","position":2,"name":"Productos","item":"https:\/\/mivoot.com\/gt\/producto\/"},{"@type":"ListItem","position":3,"name":"Wagan","item":"https:\/\/mivoot.com\/gt\/marca\/wagan\/"},{"@type":"ListItem","position":4,"name":"Inversor de Corriente CA 425W Wagan"}]},{"@type":"WebSite","@id":"https:\/\/mivoot.com\/gt\/#website","url":"https:\/\/mivoot.com\/gt\/","name":"Mivoot","description":"Mivoot Guatemala | Tienda Online","publisher":{"@id":"https:\/\/mivoot.com\/gt\/#organization"},"alternateName":"mivoot","potentialAction":[{"@type":"SearchAction","target":{"@type":"EntryPoint","urlTemplate":"https:\/\/mivoot.com\/gt\/?s={search_term_string}"},"query-input":{"@type":"PropertyValueSpecification","valueRequired":true,"valueName":"search_term_string"}}],"inLanguage":"es"},{"@type":"Organization","@id":"https:\/\/mivoot.com\/gt\/#organization","name":"Mivoot Guatemala","alternateName":"mivoot.com","url":"https:\/\/mivoot.com\/gt\/","logo":{"@type":"ImageObject","inLanguage":"es","@id":"https:\/\/mivoot.com\/gt\/#\/schema\/logo\/image\/","url":"https:\/\/mivoot.com\/gt\/wp-content\/uploads\/2023\/03\/cropped-icon.png","contentUrl":"https:\/\/mivoot.com\/gt\/wp-content\/uploads\/2023\/03\/cropped-icon.png","width":512,"height":512,"caption":"Mivoot Guatemala"},"image":{"@id":"https:\/\/mivoot.com\/gt\/#\/schema\/logo\/image\/"},"sameAs":["https:\/\/www.facebook.com\/mivootgt","https:\/\/instagram.com\/mivoot"]}]}},"jetpack_publicize_connections":[],"jetpack_sharing_enabled":true,"brands":[{"id":170,"name":"Wagan","slug":"wagan"}],"_links":{"self":[{"href":"https:\/\/mivoot.com\/gt\/wp-json\/wp\/v2\/product\/8934","targetHints":{"allow":["GET"]}}],"collection":[{"href":"https:\/\/mivoot.com\/gt\/wp-json\/wp\/v2\/product"}],"about":[{"href":"https:\/\/mivoot.com\/gt\/wp-json\/wp\/v2\/types\/product"}],"replies":[{"embeddable":true,"href":"https:\/\/mivoot.com\/gt\/wp-json\/wp\/v2\/comments?post=8934"}],"version-history":[{"count":3,"href":"https:\/\/mivoot.com\/gt\/wp-json\/wp\/v2\/product\/8934\/revisions"}],"predecessor-version":[{"id":8938,"href":"https:\/\/mivoot.com\/gt\/wp-json\/wp\/v2\/product\/8934\/revisions\/8938"}],"wp:featuredmedia":[{"embeddable":true,"href":"https:\/\/mivoot.com\/gt\/wp-json\/wp\/v2\/media\/8933"}],"wp:attachment":[{"href":"https:\/\/mivoot.com\/gt\/wp-json\/wp\/v2\/media?parent=8934"}],"wp:term":[{"taxonomy":"pwb-brand","embeddable":true,"href":"https:\/\/mivoot.com\/gt\/wp-json\/wp\/v2\/pwb-brand?post=8934"},{"taxonomy":"product_brand","embeddable":true,"href":"https:\/\/mivoot.com\/gt\/wp-json\/wp\/v2\/product_brand?post=8934"},{"taxonomy":"product_cat","embeddable":true,"href":"https:\/\/mivoot.com\/gt\/wp-json\/wp\/v2\/product_cat?post=8934"},{"taxonomy":"product_tag","embeddable":true,"href":"https:\/\/mivoot.com\/gt\/wp-json\/wp\/v2\/product_tag?post=8934"}],"curies":[{"name":"wp","href":"https:\/\/api.w.org\/{rel}","templated":true}]}}