{"id":9040,"date":"2022-07-29T09:59:47","date_gmt":"2022-07-29T15:59:47","guid":{"rendered":"https:\/\/mivoot.com\/gt\/?post_type=product&#038;p=9040"},"modified":"2024-08-01T10:36:28","modified_gmt":"2024-08-01T16:36:28","slug":"pos-para-facturacion-electronica-portatil-zkteco","status":"publish","type":"product","link":"https:\/\/mivoot.com\/gt\/producto\/pos-para-facturacion-electronica-portatil-zkteco\/","title":{"rendered":"POS para facturaci\u00f3n electr\u00f3nica port\u00e1til ZKTeco"},"content":{"rendered":"<h1><span style=\"color: #50b848;\">POS port\u00e1til inteligente todo en uno con Android<\/span><\/h1>\n<p>Con una impresora t\u00e9rmica y una c\u00e1mara integradas, la ZKH300 se puede utilizar en cualquier situaci\u00f3n que requiera un registro de pago port\u00e1til.<\/p>\n<div class=\"elementor-element elementor-element-84bc7f3 elementor-widget elementor-widget-text-editor\" data-id=\"84bc7f3\" data-element_type=\"widget\" data-widget_type=\"text-editor.default\">\n<div class=\"elementor-widget-container\">\n<div class=\"elementor-text-editor elementor-clearfix\">\n<h3>Caracter\u00edsticas<\/h3>\n<\/div>\n<\/div>\n<\/div>\n<section class=\"elementor-element elementor-element-3efd0c5 elementor-section-boxed elementor-section-height-default elementor-section-height-default elementor-section elementor-inner-section\" data-id=\"3efd0c5\" data-element_type=\"section\">\n<div class=\"elementor-container elementor-column-gap-default\">\n<div class=\"elementor-row\">\n<div class=\"elementor-element elementor-element-45bfc90 elementor-column elementor-col-50 elementor-inner-column\" data-id=\"45bfc90\" data-element_type=\"column\">\n<div class=\"elementor-column-wrap elementor-element-populated\">\n<div class=\"elementor-widget-wrap\">\n<div class=\"elementor-element elementor-element-f453538 elementor-icon-list--layout-traditional elementor-widget elementor-widget-icon-list\" data-id=\"f453538\" data-element_type=\"widget\" data-widget_type=\"icon-list.default\">\n<div class=\"elementor-widget-container\">\n<ul class=\"elementor-icon-list-items\">\n<li class=\"elementor-icon-list-item\"><i class=\"fas fa-check-circle\" aria-hidden=\"true\"><\/i><span class=\"elementor-icon-list-text\">POS Android port\u00e1til compacto con impresora t\u00e9rmica integrada<\/span><\/li>\n<li class=\"elementor-icon-list-item\"><i class=\"fas fa-check-circle\" aria-hidden=\"true\"><\/i><span class=\"elementor-icon-list-text\">Procesador ARM Cortex-A53 de cuatro n\u00facleos<\/span><\/li>\n<li class=\"elementor-icon-list-item\"><i class=\"fas fa-check-circle\" aria-hidden=\"true\"><\/i><span class=\"elementor-icon-list-text\">Pantalla IPS True-Flat sin bisel de 5.5 &#8221; con funci\u00f3n t\u00e1ctil capacitiva<\/span><\/li>\n<li class=\"elementor-icon-list-item\"><i class=\"fas fa-check-circle\" aria-hidden=\"true\"><\/i><span class=\"elementor-icon-list-text\">Tarjeta Mifare: Tecnolog\u00eda de cifrado avanzada<\/span><\/li>\n<li class=\"elementor-icon-list-item\"><i class=\"fas fa-check-circle\" aria-hidden=\"true\"><\/i><span class=\"elementor-icon-list-text\">Admite teclado de contrase\u00f1a virtual incorporado<\/span><\/li>\n<\/ul>\n<\/div>\n<\/div>\n<\/div>\n<\/div>\n<\/div>\n<div class=\"elementor-element elementor-element-32b73a9 elementor-column elementor-col-50 elementor-inner-column\" data-id=\"32b73a9\" data-element_type=\"column\">\n<div class=\"elementor-column-wrap elementor-element-populated\">\n<div class=\"elementor-widget-wrap\">\n<div class=\"elementor-element elementor-element-a3e0671 elementor-icon-list--layout-traditional elementor-widget elementor-widget-icon-list\" data-id=\"a3e0671\" data-element_type=\"widget\" data-widget_type=\"icon-list.default\">\n<div class=\"elementor-widget-container\">\n<ul class=\"elementor-icon-list-items\">\n<li class=\"elementor-icon-list-item\"><i class=\"fas fa-check-circle\" aria-hidden=\"true\"><\/i><span class=\"elementor-icon-list-text\">Sistema operativo Android 9.0<\/span><\/li>\n<li class=\"elementor-icon-list-item\"><i class=\"fas fa-check-circle\" aria-hidden=\"true\"><\/i><span class=\"elementor-icon-list-text\">Admite comunicaci\u00f3n WiFi, Bluetooth, 4G<\/span><\/li>\n<li class=\"elementor-icon-list-item\"><i class=\"fas fa-check-circle\" aria-hidden=\"true\"><\/i><span class=\"elementor-icon-list-text\">Desarrollo ulterior simple y eficiente<\/span><\/li>\n<li class=\"elementor-icon-list-item\"><i class=\"fas fa-check-circle\" aria-hidden=\"true\"><\/i><span class=\"elementor-icon-list-text\">Admite algoritmos DES, 3 DES, RSA, SHA &#8211; 256 y AES<\/span><\/li>\n<\/ul>\n<p><img fetchpriority=\"high\" decoding=\"async\" class=\"alignnone size-full wp-image-9043\" src=\"https:\/\/mivoot.com\/gt\/wp-content\/uploads\/2022\/07\/ESCENARIOS.png\" alt=\"\" width=\"1120\" height=\"269\" srcset=\"https:\/\/mivoot.com\/gt\/wp-content\/uploads\/2022\/07\/ESCENARIOS.png 1120w, https:\/\/mivoot.com\/gt\/wp-content\/uploads\/2022\/07\/ESCENARIOS-410x98.png 410w, https:\/\/mivoot.com\/gt\/wp-content\/uploads\/2022\/07\/ESCENARIOS-64x15.png 64w, https:\/\/mivoot.com\/gt\/wp-content\/uploads\/2022\/07\/ESCENARIOS-300x72.png 300w, https:\/\/mivoot.com\/gt\/wp-content\/uploads\/2022\/07\/ESCENARIOS-768x184.png 768w\" sizes=\"(max-width: 1120px) 100vw, 1120px\" \/><\/p>\n<\/div>\n<\/div>\n<\/div>\n<\/div>\n<\/div>\n<\/div>\n<\/div>\n<\/section>\n<h2>Especificaciones<\/h2>\n<table class=\"table table-striped\">\n<tbody>\n<tr class=\"secondbg\">\n<th><\/th>\n<th>UPC<\/th>\n<th colspan=\"2\">Procesador MTK de cuatro n\u00facleos<\/th>\n<\/tr>\n<tr class=\"firstbg\">\n<td><strong>Par\u00e1metros B\u00e1sicos<\/strong><\/td>\n<td>Memoria<\/td>\n<td>RAM 2GB<\/td>\n<\/tr>\n<tr class=\"secondbg\">\n<td><\/td>\n<td>SO<\/td>\n<td>Android 9.0<\/td>\n<\/tr>\n<tr class=\"firstbg\">\n<td><\/td>\n<td>Monitor<\/td>\n<td colspan=\"2\">IPS de 5,5 &#8221;, resoluci\u00f3n 1280 * 720<\/td>\n<\/tr>\n<tr class=\"secondbg\">\n<td><\/td>\n<td>Pantalla t\u00e1ctil<\/td>\n<td>Multit\u00e1ctil capacitivo proyectado True-Flat<\/td>\n<\/tr>\n<tr class=\"firstbg\">\n<td><\/td>\n<td>Impresora t\u00e9rmica<\/td>\n<td>Impresora t\u00e9rmica incorporada de 58 mm (rollo de papel con un di\u00e1metro m\u00e1ximo de 40 mm)<\/td>\n<\/tr>\n<tr class=\"secondbg\">\n<td><\/td>\n<td>Velocidad de impresi\u00f3n<\/td>\n<td>70 mm \/ s<\/td>\n<\/tr>\n<tr class=\"firstbg\">\n<td><\/td>\n<td>C\u00e1mara trasera<\/td>\n<td>5MP (admite escaneo de c\u00f3digos de barras y c\u00f3digos QR)<\/td>\n<\/tr>\n<tr class=\"secondbg\">\n<td><\/td>\n<td>Soporte de tarjeta SD<\/td>\n<td>1 * SD 3.0 (hasta 128 GB)<\/td>\n<\/tr>\n<tr class=\"firstbg\">\n<td><\/td>\n<td>GPS<\/td>\n<td>GPS incorporado<\/td>\n<\/tr>\n<tr class=\"secondbg\">\n<td><\/td>\n<td>Bater\u00eda<\/td>\n<td>Bater\u00eda de iones de litio de 5600 mAh incorporada<\/td>\n<\/tr>\n<tr class=\"firstbg\">\n<td><\/td>\n<td>Entrada de alimentaci\u00f3n<\/td>\n<td>DC 5V 2A<\/td>\n<\/tr>\n<tr class=\"secondbg\">\n<td><strong>Otras caracter\u00edsticas<\/strong><\/td>\n<td><\/td>\n<td>Admite teclado de contrase\u00f1a virtual incorporado<\/td>\n<td><\/td>\n<\/tr>\n<tr class=\"firstbg\">\n<td><\/td>\n<td><\/td>\n<td>Admite algoritmos DES, 3 DES, RSA, SHA &#8211; 256 y AES<\/td>\n<td><\/td>\n<\/tr>\n<tr class=\"secondbg\">\n<td><\/td>\n<td>Wifi<\/td>\n<td>802.11 b \/ g \/ n<\/td>\n<\/tr>\n<tr class=\"firstbg\">\n<td><strong>M\u00e9todos de comunicaci\u00f3n<\/strong><\/td>\n<td>Bluetooth<\/td>\n<td>Bluetooth 4.0<\/td>\n<\/tr>\n<tr class=\"secondbg\">\n<td><\/td>\n<td>SIM<\/td>\n<td>2 * Ranura para tarjeta SIM (comunicaci\u00f3n 2G \/ 3G \/ 4G)<\/td>\n<\/tr>\n<tr class=\"firstbg\">\n<td><strong>Puertos de E \/ S externos<\/strong><\/td>\n<td>USB<\/td>\n<td>1 * USB tipo C (OTG)<\/td>\n<\/tr>\n<tr class=\"secondbg\">\n<td><\/td>\n<td>USB<\/td>\n<td>1 * puerto serie Mini USB<\/td>\n<\/tr>\n<tr class=\"firstbg\">\n<td><\/td>\n<td>NFC<\/td>\n<td>Soporta ISO \/ IEC 14443 Tipo A&amp;B, Mifare, tarjeta felica, en l\u00ednea con EMV \/ PBOC PAYPASS<\/td>\n<\/tr>\n<tr class=\"secondbg\">\n<td><\/td>\n<td><\/td>\n<td><\/td>\n<\/tr>\n<tr class=\"firstbg\">\n<td><\/td>\n<td><\/td>\n<td><\/td>\n<\/tr>\n<\/tbody>\n<\/table>\n","protected":false},"excerpt":{"rendered":"<p>ZKH300 es una terminal de Punto de Venta con impresora<br \/>\n&#8211; sistema operativo Android 5.1<br \/>\n&#8211; Procesador ARM Cortex-A53 de cuatro n\u00facleos<br \/>\n&#8211; Pantalla IPS True-Flat sin bisel de 5.5&#8243; con funci\u00f3n t\u00e1ctil capacitiva<br \/>\n&#8211; bater\u00eda de larga duraci\u00f3n<br \/>\n&#8211; c\u00e1mara de 5MP (opci\u00f3nal)<br \/>\n&#8211; asi como comuicaci\u00f3n 2G \/ 3G \/ 4G \/ Wi-Fi y bluetooth.<\/p>\n","protected":false},"featured_media":9044,"comment_status":"open","ping_status":"closed","template":"","meta":{"jetpack_publicize_message":"","jetpack_publicize_feature_enabled":true,"jetpack_social_post_already_shared":false,"jetpack_social_options":{"image_generator_settings":{"template":"highway","default_image_id":0,"font":"","enabled":false},"version":2}},"pwb-brand":[101],"product_brand":[],"product_cat":[306],"product_tag":[],"class_list":{"0":"post-9040","1":"product","2":"type-product","3":"status-publish","4":"has-post-thumbnail","6":"pwb-brand-zkteco-guatemala","7":"product_cat-posmovil","9":"first","10":"instock","11":"sale","12":"taxable","13":"shipping-taxable","14":"purchasable","15":"product-type-simple"},"yoast_head":"<!-- This site is optimized with the Yoast SEO Premium plugin v25.7.1 (Yoast SEO v26.8) - https:\/\/yoast.com\/product\/yoast-seo-premium-wordpress\/ -->\n<title>POS para facturaci\u00f3n electr\u00f3nica port\u00e1til ZKTeco - Mivoot<\/title>\n<meta name=\"robots\" content=\"index, follow, max-snippet:-1, max-image-preview:large, max-video-preview:-1\" \/>\n<link rel=\"canonical\" href=\"https:\/\/mivoot.com\/gt\/producto\/pos-para-facturacion-electronica-portatil-zkteco\/\" \/>\n<meta property=\"og:locale\" content=\"es_ES\" \/>\n<meta property=\"og:type\" content=\"article\" \/>\n<meta property=\"og:title\" content=\"POS para facturaci\u00f3n electr\u00f3nica port\u00e1til ZKTeco\" \/>\n<meta property=\"og:description\" content=\"ZKH300 es una terminal de Punto de Venta con impresora - sistema operativo Android 5.1 - Procesador ARM Cortex-A53 de cuatro n\u00facleos - Pantalla IPS True-Flat sin bisel de 5.5&quot; con funci\u00f3n t\u00e1ctil capacitiva - bater\u00eda de larga duraci\u00f3n - c\u00e1mara de 5MP (opci\u00f3nal) - asi como comuicaci\u00f3n 2G \/ 3G \/ 4G \/ Wi-Fi y bluetooth.\" \/>\n<meta property=\"og:url\" content=\"https:\/\/mivoot.com\/gt\/producto\/pos-para-facturacion-electronica-portatil-zkteco\/\" \/>\n<meta property=\"og:site_name\" content=\"Mivoot\" \/>\n<meta property=\"article:publisher\" content=\"https:\/\/www.facebook.com\/mivootgt\" \/>\n<meta property=\"article:modified_time\" content=\"2024-08-01T16:36:28+00:00\" \/>\n<meta property=\"og:image\" content=\"https:\/\/mivoot.com\/gt\/wp-content\/uploads\/2022\/07\/BANNER.png\" \/>\n\t<meta property=\"og:image:width\" content=\"1000\" \/>\n\t<meta property=\"og:image:height\" content=\"1000\" \/>\n\t<meta property=\"og:image:type\" content=\"image\/png\" \/>\n<meta name=\"twitter:card\" content=\"summary_large_image\" \/>\n<meta name=\"twitter:label1\" content=\"Est. reading time\" \/>\n\t<meta name=\"twitter:data1\" content=\"2 minutos\" \/>\n<script type=\"application\/ld+json\" class=\"yoast-schema-graph\">{\"@context\":\"https:\/\/schema.org\",\"@graph\":[{\"@type\":\"WebPage\",\"@id\":\"https:\/\/mivoot.com\/gt\/producto\/pos-para-facturacion-electronica-portatil-zkteco\/\",\"url\":\"https:\/\/mivoot.com\/gt\/producto\/pos-para-facturacion-electronica-portatil-zkteco\/\",\"name\":\"POS para facturaci\u00f3n electr\u00f3nica port\u00e1til ZKTeco - Mivoot\",\"isPartOf\":{\"@id\":\"https:\/\/mivoot.com\/gt\/#website\"},\"primaryImageOfPage\":{\"@id\":\"https:\/\/mivoot.com\/gt\/producto\/pos-para-facturacion-electronica-portatil-zkteco\/#primaryimage\"},\"image\":{\"@id\":\"https:\/\/mivoot.com\/gt\/producto\/pos-para-facturacion-electronica-portatil-zkteco\/#primaryimage\"},\"thumbnailUrl\":\"https:\/\/mivoot.com\/gt\/wp-content\/uploads\/2022\/07\/BANNER.png\",\"datePublished\":\"2022-07-29T15:59:47+00:00\",\"dateModified\":\"2024-08-01T16:36:28+00:00\",\"breadcrumb\":{\"@id\":\"https:\/\/mivoot.com\/gt\/producto\/pos-para-facturacion-electronica-portatil-zkteco\/#breadcrumb\"},\"inLanguage\":\"es\",\"potentialAction\":[{\"@type\":\"ReadAction\",\"target\":[\"https:\/\/mivoot.com\/gt\/producto\/pos-para-facturacion-electronica-portatil-zkteco\/\"]}]},{\"@type\":\"ImageObject\",\"inLanguage\":\"es\",\"@id\":\"https:\/\/mivoot.com\/gt\/producto\/pos-para-facturacion-electronica-portatil-zkteco\/#primaryimage\",\"url\":\"https:\/\/mivoot.com\/gt\/wp-content\/uploads\/2022\/07\/BANNER.png\",\"contentUrl\":\"https:\/\/mivoot.com\/gt\/wp-content\/uploads\/2022\/07\/BANNER.png\",\"width\":1000,\"height\":1000},{\"@type\":\"BreadcrumbList\",\"@id\":\"https:\/\/mivoot.com\/gt\/producto\/pos-para-facturacion-electronica-portatil-zkteco\/#breadcrumb\",\"itemListElement\":[{\"@type\":\"ListItem\",\"position\":1,\"name\":\"Inicio\",\"item\":\"https:\/\/mivoot.com\/gt\/\"},{\"@type\":\"ListItem\",\"position\":2,\"name\":\"Productos\",\"item\":\"https:\/\/mivoot.com\/gt\/producto\/\"},{\"@type\":\"ListItem\",\"position\":3,\"name\":\"ZKTeco\",\"item\":\"https:\/\/mivoot.com\/gt\/marca\/zkteco-guatemala\/\"},{\"@type\":\"ListItem\",\"position\":4,\"name\":\"POS para facturaci\u00f3n electr\u00f3nica port\u00e1til ZKTeco\"}]},{\"@type\":\"WebSite\",\"@id\":\"https:\/\/mivoot.com\/gt\/#website\",\"url\":\"https:\/\/mivoot.com\/gt\/\",\"name\":\"Mivoot\",\"description\":\"Mivoot Guatemala | Tienda Online\",\"publisher\":{\"@id\":\"https:\/\/mivoot.com\/gt\/#organization\"},\"alternateName\":\"mivoot\",\"potentialAction\":[{\"@type\":\"SearchAction\",\"target\":{\"@type\":\"EntryPoint\",\"urlTemplate\":\"https:\/\/mivoot.com\/gt\/?s={search_term_string}\"},\"query-input\":{\"@type\":\"PropertyValueSpecification\",\"valueRequired\":true,\"valueName\":\"search_term_string\"}}],\"inLanguage\":\"es\"},{\"@type\":\"Organization\",\"@id\":\"https:\/\/mivoot.com\/gt\/#organization\",\"name\":\"Mivoot Guatemala\",\"alternateName\":\"mivoot.com\",\"url\":\"https:\/\/mivoot.com\/gt\/\",\"logo\":{\"@type\":\"ImageObject\",\"inLanguage\":\"es\",\"@id\":\"https:\/\/mivoot.com\/gt\/#\/schema\/logo\/image\/\",\"url\":\"https:\/\/mivoot.com\/gt\/wp-content\/uploads\/2023\/03\/cropped-icon.png\",\"contentUrl\":\"https:\/\/mivoot.com\/gt\/wp-content\/uploads\/2023\/03\/cropped-icon.png\",\"width\":512,\"height\":512,\"caption\":\"Mivoot Guatemala\"},\"image\":{\"@id\":\"https:\/\/mivoot.com\/gt\/#\/schema\/logo\/image\/\"},\"sameAs\":[\"https:\/\/www.facebook.com\/mivootgt\",\"https:\/\/instagram.com\/mivoot\"]}]}<\/script>\n<!-- \/ Yoast SEO Premium plugin. -->","yoast_head_json":{"title":"POS para facturaci\u00f3n electr\u00f3nica port\u00e1til ZKTeco - Mivoot","robots":{"index":"index","follow":"follow","max-snippet":"max-snippet:-1","max-image-preview":"max-image-preview:large","max-video-preview":"max-video-preview:-1"},"canonical":"https:\/\/mivoot.com\/gt\/producto\/pos-para-facturacion-electronica-portatil-zkteco\/","og_locale":"es_ES","og_type":"article","og_title":"POS para facturaci\u00f3n electr\u00f3nica port\u00e1til ZKTeco","og_description":"ZKH300 es una terminal de Punto de Venta con impresora - sistema operativo Android 5.1 - Procesador ARM Cortex-A53 de cuatro n\u00facleos - Pantalla IPS True-Flat sin bisel de 5.5\" con funci\u00f3n t\u00e1ctil capacitiva - bater\u00eda de larga duraci\u00f3n - c\u00e1mara de 5MP (opci\u00f3nal) - asi como comuicaci\u00f3n 2G \/ 3G \/ 4G \/ Wi-Fi y bluetooth.","og_url":"https:\/\/mivoot.com\/gt\/producto\/pos-para-facturacion-electronica-portatil-zkteco\/","og_site_name":"Mivoot","article_publisher":"https:\/\/www.facebook.com\/mivootgt","article_modified_time":"2024-08-01T16:36:28+00:00","og_image":[{"width":1000,"height":1000,"url":"https:\/\/mivoot.com\/gt\/wp-content\/uploads\/2022\/07\/BANNER.png","type":"image\/png"}],"twitter_card":"summary_large_image","twitter_misc":{"Est. reading time":"2 minutos"},"schema":{"@context":"https:\/\/schema.org","@graph":[{"@type":"WebPage","@id":"https:\/\/mivoot.com\/gt\/producto\/pos-para-facturacion-electronica-portatil-zkteco\/","url":"https:\/\/mivoot.com\/gt\/producto\/pos-para-facturacion-electronica-portatil-zkteco\/","name":"POS para facturaci\u00f3n electr\u00f3nica port\u00e1til ZKTeco - Mivoot","isPartOf":{"@id":"https:\/\/mivoot.com\/gt\/#website"},"primaryImageOfPage":{"@id":"https:\/\/mivoot.com\/gt\/producto\/pos-para-facturacion-electronica-portatil-zkteco\/#primaryimage"},"image":{"@id":"https:\/\/mivoot.com\/gt\/producto\/pos-para-facturacion-electronica-portatil-zkteco\/#primaryimage"},"thumbnailUrl":"https:\/\/mivoot.com\/gt\/wp-content\/uploads\/2022\/07\/BANNER.png","datePublished":"2022-07-29T15:59:47+00:00","dateModified":"2024-08-01T16:36:28+00:00","breadcrumb":{"@id":"https:\/\/mivoot.com\/gt\/producto\/pos-para-facturacion-electronica-portatil-zkteco\/#breadcrumb"},"inLanguage":"es","potentialAction":[{"@type":"ReadAction","target":["https:\/\/mivoot.com\/gt\/producto\/pos-para-facturacion-electronica-portatil-zkteco\/"]}]},{"@type":"ImageObject","inLanguage":"es","@id":"https:\/\/mivoot.com\/gt\/producto\/pos-para-facturacion-electronica-portatil-zkteco\/#primaryimage","url":"https:\/\/mivoot.com\/gt\/wp-content\/uploads\/2022\/07\/BANNER.png","contentUrl":"https:\/\/mivoot.com\/gt\/wp-content\/uploads\/2022\/07\/BANNER.png","width":1000,"height":1000},{"@type":"BreadcrumbList","@id":"https:\/\/mivoot.com\/gt\/producto\/pos-para-facturacion-electronica-portatil-zkteco\/#breadcrumb","itemListElement":[{"@type":"ListItem","position":1,"name":"Inicio","item":"https:\/\/mivoot.com\/gt\/"},{"@type":"ListItem","position":2,"name":"Productos","item":"https:\/\/mivoot.com\/gt\/producto\/"},{"@type":"ListItem","position":3,"name":"ZKTeco","item":"https:\/\/mivoot.com\/gt\/marca\/zkteco-guatemala\/"},{"@type":"ListItem","position":4,"name":"POS para facturaci\u00f3n electr\u00f3nica port\u00e1til ZKTeco"}]},{"@type":"WebSite","@id":"https:\/\/mivoot.com\/gt\/#website","url":"https:\/\/mivoot.com\/gt\/","name":"Mivoot","description":"Mivoot Guatemala | Tienda Online","publisher":{"@id":"https:\/\/mivoot.com\/gt\/#organization"},"alternateName":"mivoot","potentialAction":[{"@type":"SearchAction","target":{"@type":"EntryPoint","urlTemplate":"https:\/\/mivoot.com\/gt\/?s={search_term_string}"},"query-input":{"@type":"PropertyValueSpecification","valueRequired":true,"valueName":"search_term_string"}}],"inLanguage":"es"},{"@type":"Organization","@id":"https:\/\/mivoot.com\/gt\/#organization","name":"Mivoot Guatemala","alternateName":"mivoot.com","url":"https:\/\/mivoot.com\/gt\/","logo":{"@type":"ImageObject","inLanguage":"es","@id":"https:\/\/mivoot.com\/gt\/#\/schema\/logo\/image\/","url":"https:\/\/mivoot.com\/gt\/wp-content\/uploads\/2023\/03\/cropped-icon.png","contentUrl":"https:\/\/mivoot.com\/gt\/wp-content\/uploads\/2023\/03\/cropped-icon.png","width":512,"height":512,"caption":"Mivoot Guatemala"},"image":{"@id":"https:\/\/mivoot.com\/gt\/#\/schema\/logo\/image\/"},"sameAs":["https:\/\/www.facebook.com\/mivootgt","https:\/\/instagram.com\/mivoot"]}]}},"jetpack_publicize_connections":[],"jetpack_sharing_enabled":true,"brands":[{"id":101,"name":"ZKTeco","slug":"zkteco-guatemala"}],"_links":{"self":[{"href":"https:\/\/mivoot.com\/gt\/wp-json\/wp\/v2\/product\/9040","targetHints":{"allow":["GET"]}}],"collection":[{"href":"https:\/\/mivoot.com\/gt\/wp-json\/wp\/v2\/product"}],"about":[{"href":"https:\/\/mivoot.com\/gt\/wp-json\/wp\/v2\/types\/product"}],"replies":[{"embeddable":true,"href":"https:\/\/mivoot.com\/gt\/wp-json\/wp\/v2\/comments?post=9040"}],"version-history":[{"count":2,"href":"https:\/\/mivoot.com\/gt\/wp-json\/wp\/v2\/product\/9040\/revisions"}],"predecessor-version":[{"id":20848,"href":"https:\/\/mivoot.com\/gt\/wp-json\/wp\/v2\/product\/9040\/revisions\/20848"}],"wp:featuredmedia":[{"embeddable":true,"href":"https:\/\/mivoot.com\/gt\/wp-json\/wp\/v2\/media\/9044"}],"wp:attachment":[{"href":"https:\/\/mivoot.com\/gt\/wp-json\/wp\/v2\/media?parent=9040"}],"wp:term":[{"taxonomy":"pwb-brand","embeddable":true,"href":"https:\/\/mivoot.com\/gt\/wp-json\/wp\/v2\/pwb-brand?post=9040"},{"taxonomy":"product_brand","embeddable":true,"href":"https:\/\/mivoot.com\/gt\/wp-json\/wp\/v2\/product_brand?post=9040"},{"taxonomy":"product_cat","embeddable":true,"href":"https:\/\/mivoot.com\/gt\/wp-json\/wp\/v2\/product_cat?post=9040"},{"taxonomy":"product_tag","embeddable":true,"href":"https:\/\/mivoot.com\/gt\/wp-json\/wp\/v2\/product_tag?post=9040"}],"curies":[{"name":"wp","href":"https:\/\/api.w.org\/{rel}","templated":true}]}}