{"id":9046,"date":"2022-07-29T10:17:08","date_gmt":"2022-07-29T16:17:08","guid":{"rendered":"https:\/\/mivoot.com\/gt\/?post_type=product&#038;p=9046"},"modified":"2025-02-21T14:39:58","modified_gmt":"2025-02-21T20:39:58","slug":"lector-de-sobre-mesa-de-codigos-de-barras-2d","status":"publish","type":"product","link":"https:\/\/mivoot.com\/gt\/producto\/lector-de-sobre-mesa-de-codigos-de-barras-2d\/","title":{"rendered":"Lector de Sobre Mesa de C\u00f3digos de Barras 2D ZKB209 ZKTeco"},"content":{"rendered":"<section id=\"sp-main-body\">\n<div class=\"container\">\n<div class=\"row\">\n<div id=\"sp-component\" class=\"col-sm-12 col-md-12\">\n<div class=\"sp-column \">\n<article class=\"item item-page\">\n<div>\n<div class=\"jsn-bootstrap3\">\n<div id=\"2ol3xo\" class=\" row\">\n<div class=\"col-md-9 col-sm-9 col-xs-12\">\n<div class=\"jsn-bootstrap3 jsn-pagebuilder pb-element-container pb-element-tab\">\n<div id=\"tab_ZASUB8\" class=\"tabbable \">\n<div class=\"tab-content\">\n<div id=\"pane_ZASUB8_0\" class=\"tab-pane active\">\n<h1 style=\"text-align: center;\">Lector de Sobre Mesa de C\u00f3digos de Barras 2D ZKB209 ZKTeco<\/h1>\n<p>ZKB209 es una plataforma de escaneo multil\u00ednea de c\u00f3digos de barras 2D de alto rendimiento con tecnolog\u00eda avanzada de escaneo de im\u00e1genes y una apariencia duradera y sencilla. Es la mejor opci\u00f3n para mejorar la eficiencia de su trabajo.<\/p>\n<\/div>\n<section id=\"sp-main-body\">\n<div class=\"container\">\n<div class=\"row\">\n<div id=\"sp-component\" class=\"col-sm-12 col-md-12\">\n<div class=\"sp-column \">\n<article class=\"item item-page\">\n<div>\n<div class=\"jsn-bootstrap3\">\n<div id=\"2ol3xo\" class=\" row\">\n<div class=\"col-md-9 col-sm-9 col-xs-12\">\n<div class=\"jsn-bootstrap3 jsn-pagebuilder pb-element-container pb-element-tab\">\n<div id=\"tab_ZASUB8\" class=\"tabbable \">\n<div class=\"tab-content\">\n<div id=\"pane_ZASUB8_1\" class=\"tab-pane active\">\n<div class=\"spfn\">\n<table class=\"table table-striped\">\n<tbody>\n<tr class=\"secondbg\">\n<td>Peso<\/td>\n<td>294,4 g<\/td>\n<\/tr>\n<tr class=\"firstbg\">\n<td>Dimensiones (L x W x H)<\/td>\n<td>96 mm x 108 mm x 150 mm<\/td>\n<\/tr>\n<tr class=\"secondbg\">\n<td>Fuentes de luz<\/td>\n<td>LED rojo de 630 nm<\/td>\n<\/tr>\n<tr class=\"firstbg\">\n<td>Cable<\/td>\n<td>2m recto<\/td>\n<\/tr>\n<tr class=\"secondbg\">\n<td>Tipo de interfaz<\/td>\n<td>USB-HID, USB-COM, RS232<\/td>\n<\/tr>\n<tr class=\"firstbg\">\n<td>Material<\/td>\n<td>ABS + PC<\/td>\n<\/tr>\n<tr class=\"secondbg\">\n<td>Voltaje<\/td>\n<td>DC5V + 1%<\/td>\n<\/tr>\n<\/tbody>\n<\/table>\n<p>Fuentes de luz LED rojo de 630 nm<\/p>\n<h2>Simbolog\u00edas admitidas<\/h2>\n<p>1D: Code128, UCC \/ EAN-128, AIM-128, EAN-8, EAN-13, ISSN \/ ISBN, UPC-E, UPC-A, Interleaved 2 of<br \/>\n5, ITF-14, ITF-6 , Barra de c\u00f3digo, Matriz 2 de 5, Industrial 25, Est\u00e1ndar 25, MSI-Plessey, C\u00f3digo 39,<br \/>\nC\u00f3digo93, C\u00f3digo32, C\u00f3digo11, PLessey, 2D: PDF417, c\u00f3digo QR (QR1 \/ 2, Micro), matriz de datos<br \/>\n(ECC200, 050, ECC000, 080, 100, 140), Hanxin<\/p>\n<ul>\n<li>Modo de escaneo Escaneo autom\u00e1tico<\/li>\n<li>Precisi\u00f3n 0-160 mm (0,33 mm, PCS90%)<\/li>\n<li>\u00c1ngulo de escaneo Horizontal: 46.1\u00b0; Vertical: 30.4\u00b0<\/li>\n<li>Sistema \u00f3ptico 640H*480V pixels(Wide VGA)<\/li>\n<li>Indicador visual Altavoz , LED<\/li>\n<li>Interfaz USB-HID, USB-COM, RS232<\/li>\n<\/ul>\n<p><img fetchpriority=\"high\" decoding=\"async\" class=\"size-full wp-image-9049 aligncenter\" src=\"https:\/\/mivoot.com\/gt\/wp-content\/uploads\/2022\/07\/Captura-3.png\" alt=\"\" width=\"791\" height=\"282\" srcset=\"https:\/\/mivoot.com\/gt\/wp-content\/uploads\/2022\/07\/Captura-3.png 791w, https:\/\/mivoot.com\/gt\/wp-content\/uploads\/2022\/07\/Captura-3-410x146.png 410w, https:\/\/mivoot.com\/gt\/wp-content\/uploads\/2022\/07\/Captura-3-64x23.png 64w, https:\/\/mivoot.com\/gt\/wp-content\/uploads\/2022\/07\/Captura-3-300x107.png 300w, https:\/\/mivoot.com\/gt\/wp-content\/uploads\/2022\/07\/Captura-3-768x274.png 768w\" sizes=\"(max-width: 791px) 100vw, 791px\" \/><\/p>\n<\/div>\n<\/div>\n<\/div>\n<\/div>\n<\/div>\n<\/div>\n<\/div>\n<\/div>\n<\/div>\n<div class=\"article-footer-wrap\">\n<div class=\"article-footer-top\"><\/div>\n<\/div>\n<\/article>\n<\/div>\n<\/div>\n<\/div>\n<\/div>\n<\/section>\n<section id=\"sp-section-7\">\n<div class=\"container\">\n<div class=\"row\">\n<div id=\"sp-footer1\" class=\"col-sm-12 col-md-12\">\n<div class=\"sp-column \">\n<div class=\"sp-module \">\n<div class=\"sp-module-content\">\n<div class=\"ls-wp-fullwidth-container\">\n<div class=\"ls-wp-fullwidth-helper\">\n<div id=\"layerslider_5\" class=\"ls-wp-container ls-container ls-fullwidth\">\n<div class=\"ls-inner\"><\/div>\n<\/div>\n<\/div>\n<\/div>\n<\/div>\n<\/div>\n<\/div>\n<\/div>\n<\/div>\n<\/div>\n<\/section>\n<\/div>\n<\/div>\n<\/div>\n<\/div>\n<\/div>\n<\/div>\n<\/div>\n<div class=\"article-footer-wrap\">\n<div class=\"article-footer-top\"><\/div>\n<\/div>\n<\/article>\n<\/div>\n<\/div>\n<\/div>\n<\/div>\n<\/section>\n<section id=\"sp-section-7\">\n<div class=\"container\">\n<div class=\"row\">\n<div id=\"sp-footer1\" class=\"col-sm-12 col-md-12\">\n<div class=\"sp-column \">\n<div class=\"sp-module \">\n<div class=\"sp-module-content\">\n<div class=\"ls-wp-fullwidth-container\">\n<div class=\"ls-wp-fullwidth-helper\">\n<div id=\"layerslider_5\" class=\"ls-wp-container ls-container ls-fullwidth\">\n<div class=\"ls-inner\">\n<p><iframe title=\"ZKB209 Lector de C\u00f3digo de Barras 1D y 2D\" width=\"1020\" height=\"574\" src=\"https:\/\/www.youtube.com\/embed\/x44nu6H7ttM?feature=oembed&#038;enablejsapi=1&#038;origin=https:\/\/mivoot.com\" frameborder=\"0\" allow=\"accelerometer; autoplay; clipboard-write; encrypted-media; gyroscope; picture-in-picture; web-share\" referrerpolicy=\"strict-origin-when-cross-origin\" allowfullscreen><\/iframe><\/p>\n<\/div>\n<\/div>\n<\/div>\n<\/div>\n<\/div>\n<\/div>\n<\/div>\n<\/div>\n<\/div>\n<\/div>\n<\/section>\n","protected":false},"excerpt":{"rendered":"<p>&#8211; Esc\u00e1ner de c\u00f3digo de barras 2D<br \/>\n&#8211; Configuraci\u00f3n simple y uso r\u00e1pido<br \/>\n&#8211; Equipado con botones t\u00e1ctiles<br \/>\n&#8211; Precisi\u00f3n: 0-160 mm (0,33 mm, PCS90%)<br \/>\n&#8211; Interfaz: USB-HID, USB-COM, RS232<\/p>\n","protected":false},"featured_media":9048,"comment_status":"open","ping_status":"closed","template":"","meta":{"jetpack_publicize_message":"","jetpack_publicize_feature_enabled":true,"jetpack_social_post_already_shared":false,"jetpack_social_options":{"image_generator_settings":{"template":"highway","default_image_id":0,"font":"","enabled":false},"version":2}},"pwb-brand":[101],"product_brand":[],"product_cat":[31,300],"product_tag":[],"class_list":{"0":"post-9046","1":"product","2":"type-product","3":"status-publish","4":"has-post-thumbnail","6":"pwb-brand-zkteco-guatemala","7":"product_cat-punto-de-venta","8":"product_cat-codigobarras","10":"first","11":"instock","12":"sale","13":"taxable","14":"shipping-taxable","15":"purchasable","16":"product-type-simple"},"yoast_head":"<!-- This site is optimized with the Yoast SEO Premium plugin v25.7.1 (Yoast SEO v26.8) - https:\/\/yoast.com\/product\/yoast-seo-premium-wordpress\/ -->\n<title>Lector de Sobre Mesa de C\u00f3digos de Barras 2D ZKB209 ZKTeco - Mivoot<\/title>\n<meta name=\"robots\" content=\"index, follow, max-snippet:-1, max-image-preview:large, max-video-preview:-1\" \/>\n<link rel=\"canonical\" href=\"https:\/\/mivoot.com\/gt\/producto\/lector-de-sobre-mesa-de-codigos-de-barras-2d\/\" \/>\n<meta property=\"og:locale\" content=\"es_ES\" \/>\n<meta property=\"og:type\" content=\"article\" \/>\n<meta property=\"og:title\" content=\"Lector de Sobre Mesa de C\u00f3digos de Barras 2D ZKB209 ZKTeco\" \/>\n<meta property=\"og:description\" content=\"- Esc\u00e1ner de c\u00f3digo de barras 2D - Configuraci\u00f3n simple y uso r\u00e1pido - Equipado con botones t\u00e1ctiles - Precisi\u00f3n: 0-160 mm (0,33 mm, PCS90%) - Interfaz: USB-HID, USB-COM, RS232\" \/>\n<meta property=\"og:url\" content=\"https:\/\/mivoot.com\/gt\/producto\/lector-de-sobre-mesa-de-codigos-de-barras-2d\/\" \/>\n<meta property=\"og:site_name\" content=\"Mivoot\" \/>\n<meta property=\"article:publisher\" content=\"https:\/\/www.facebook.com\/mivootgt\" \/>\n<meta property=\"article:modified_time\" content=\"2025-02-21T20:39:58+00:00\" \/>\n<meta property=\"og:image\" content=\"https:\/\/mivoot.com\/gt\/wp-content\/uploads\/2022\/07\/1_7wiu-1r.png\" \/>\n\t<meta property=\"og:image:width\" content=\"679\" \/>\n\t<meta property=\"og:image:height\" content=\"500\" \/>\n\t<meta property=\"og:image:type\" content=\"image\/png\" \/>\n<meta name=\"twitter:card\" content=\"summary_large_image\" \/>\n<meta name=\"twitter:label1\" content=\"Est. reading time\" \/>\n\t<meta name=\"twitter:data1\" content=\"2 minutos\" \/>\n<script type=\"application\/ld+json\" class=\"yoast-schema-graph\">{\"@context\":\"https:\/\/schema.org\",\"@graph\":[{\"@type\":\"WebPage\",\"@id\":\"https:\/\/mivoot.com\/gt\/producto\/lector-de-sobre-mesa-de-codigos-de-barras-2d\/\",\"url\":\"https:\/\/mivoot.com\/gt\/producto\/lector-de-sobre-mesa-de-codigos-de-barras-2d\/\",\"name\":\"Lector de Sobre Mesa de C\u00f3digos de Barras 2D ZKB209 ZKTeco - Mivoot\",\"isPartOf\":{\"@id\":\"https:\/\/mivoot.com\/gt\/#website\"},\"primaryImageOfPage\":{\"@id\":\"https:\/\/mivoot.com\/gt\/producto\/lector-de-sobre-mesa-de-codigos-de-barras-2d\/#primaryimage\"},\"image\":{\"@id\":\"https:\/\/mivoot.com\/gt\/producto\/lector-de-sobre-mesa-de-codigos-de-barras-2d\/#primaryimage\"},\"thumbnailUrl\":\"https:\/\/mivoot.com\/gt\/wp-content\/uploads\/2022\/07\/1_7wiu-1r.png\",\"datePublished\":\"2022-07-29T16:17:08+00:00\",\"dateModified\":\"2025-02-21T20:39:58+00:00\",\"breadcrumb\":{\"@id\":\"https:\/\/mivoot.com\/gt\/producto\/lector-de-sobre-mesa-de-codigos-de-barras-2d\/#breadcrumb\"},\"inLanguage\":\"es\",\"potentialAction\":[{\"@type\":\"ReadAction\",\"target\":[\"https:\/\/mivoot.com\/gt\/producto\/lector-de-sobre-mesa-de-codigos-de-barras-2d\/\"]}]},{\"@type\":\"ImageObject\",\"inLanguage\":\"es\",\"@id\":\"https:\/\/mivoot.com\/gt\/producto\/lector-de-sobre-mesa-de-codigos-de-barras-2d\/#primaryimage\",\"url\":\"https:\/\/mivoot.com\/gt\/wp-content\/uploads\/2022\/07\/1_7wiu-1r.png\",\"contentUrl\":\"https:\/\/mivoot.com\/gt\/wp-content\/uploads\/2022\/07\/1_7wiu-1r.png\",\"width\":679,\"height\":500},{\"@type\":\"BreadcrumbList\",\"@id\":\"https:\/\/mivoot.com\/gt\/producto\/lector-de-sobre-mesa-de-codigos-de-barras-2d\/#breadcrumb\",\"itemListElement\":[{\"@type\":\"ListItem\",\"position\":1,\"name\":\"Inicio\",\"item\":\"https:\/\/mivoot.com\/gt\/\"},{\"@type\":\"ListItem\",\"position\":2,\"name\":\"Productos\",\"item\":\"https:\/\/mivoot.com\/gt\/producto\/\"},{\"@type\":\"ListItem\",\"position\":3,\"name\":\"ZKTeco\",\"item\":\"https:\/\/mivoot.com\/gt\/marca\/zkteco-guatemala\/\"},{\"@type\":\"ListItem\",\"position\":4,\"name\":\"Lector de Sobre Mesa de C\u00f3digos de Barras 2D ZKB209 ZKTeco\"}]},{\"@type\":\"WebSite\",\"@id\":\"https:\/\/mivoot.com\/gt\/#website\",\"url\":\"https:\/\/mivoot.com\/gt\/\",\"name\":\"Mivoot\",\"description\":\"Mivoot Guatemala | Tienda Online\",\"publisher\":{\"@id\":\"https:\/\/mivoot.com\/gt\/#organization\"},\"alternateName\":\"mivoot\",\"potentialAction\":[{\"@type\":\"SearchAction\",\"target\":{\"@type\":\"EntryPoint\",\"urlTemplate\":\"https:\/\/mivoot.com\/gt\/?s={search_term_string}\"},\"query-input\":{\"@type\":\"PropertyValueSpecification\",\"valueRequired\":true,\"valueName\":\"search_term_string\"}}],\"inLanguage\":\"es\"},{\"@type\":\"Organization\",\"@id\":\"https:\/\/mivoot.com\/gt\/#organization\",\"name\":\"Mivoot Guatemala\",\"alternateName\":\"mivoot.com\",\"url\":\"https:\/\/mivoot.com\/gt\/\",\"logo\":{\"@type\":\"ImageObject\",\"inLanguage\":\"es\",\"@id\":\"https:\/\/mivoot.com\/gt\/#\/schema\/logo\/image\/\",\"url\":\"https:\/\/mivoot.com\/gt\/wp-content\/uploads\/2023\/03\/cropped-icon.png\",\"contentUrl\":\"https:\/\/mivoot.com\/gt\/wp-content\/uploads\/2023\/03\/cropped-icon.png\",\"width\":512,\"height\":512,\"caption\":\"Mivoot Guatemala\"},\"image\":{\"@id\":\"https:\/\/mivoot.com\/gt\/#\/schema\/logo\/image\/\"},\"sameAs\":[\"https:\/\/www.facebook.com\/mivootgt\",\"https:\/\/instagram.com\/mivoot\"]}]}<\/script>\n<!-- \/ Yoast SEO Premium plugin. -->","yoast_head_json":{"title":"Lector de Sobre Mesa de C\u00f3digos de Barras 2D ZKB209 ZKTeco - Mivoot","robots":{"index":"index","follow":"follow","max-snippet":"max-snippet:-1","max-image-preview":"max-image-preview:large","max-video-preview":"max-video-preview:-1"},"canonical":"https:\/\/mivoot.com\/gt\/producto\/lector-de-sobre-mesa-de-codigos-de-barras-2d\/","og_locale":"es_ES","og_type":"article","og_title":"Lector de Sobre Mesa de C\u00f3digos de Barras 2D ZKB209 ZKTeco","og_description":"- Esc\u00e1ner de c\u00f3digo de barras 2D - Configuraci\u00f3n simple y uso r\u00e1pido - Equipado con botones t\u00e1ctiles - Precisi\u00f3n: 0-160 mm (0,33 mm, PCS90%) - Interfaz: USB-HID, USB-COM, RS232","og_url":"https:\/\/mivoot.com\/gt\/producto\/lector-de-sobre-mesa-de-codigos-de-barras-2d\/","og_site_name":"Mivoot","article_publisher":"https:\/\/www.facebook.com\/mivootgt","article_modified_time":"2025-02-21T20:39:58+00:00","og_image":[{"width":679,"height":500,"url":"https:\/\/mivoot.com\/gt\/wp-content\/uploads\/2022\/07\/1_7wiu-1r.png","type":"image\/png"}],"twitter_card":"summary_large_image","twitter_misc":{"Est. reading time":"2 minutos"},"schema":{"@context":"https:\/\/schema.org","@graph":[{"@type":"WebPage","@id":"https:\/\/mivoot.com\/gt\/producto\/lector-de-sobre-mesa-de-codigos-de-barras-2d\/","url":"https:\/\/mivoot.com\/gt\/producto\/lector-de-sobre-mesa-de-codigos-de-barras-2d\/","name":"Lector de Sobre Mesa de C\u00f3digos de Barras 2D ZKB209 ZKTeco - Mivoot","isPartOf":{"@id":"https:\/\/mivoot.com\/gt\/#website"},"primaryImageOfPage":{"@id":"https:\/\/mivoot.com\/gt\/producto\/lector-de-sobre-mesa-de-codigos-de-barras-2d\/#primaryimage"},"image":{"@id":"https:\/\/mivoot.com\/gt\/producto\/lector-de-sobre-mesa-de-codigos-de-barras-2d\/#primaryimage"},"thumbnailUrl":"https:\/\/mivoot.com\/gt\/wp-content\/uploads\/2022\/07\/1_7wiu-1r.png","datePublished":"2022-07-29T16:17:08+00:00","dateModified":"2025-02-21T20:39:58+00:00","breadcrumb":{"@id":"https:\/\/mivoot.com\/gt\/producto\/lector-de-sobre-mesa-de-codigos-de-barras-2d\/#breadcrumb"},"inLanguage":"es","potentialAction":[{"@type":"ReadAction","target":["https:\/\/mivoot.com\/gt\/producto\/lector-de-sobre-mesa-de-codigos-de-barras-2d\/"]}]},{"@type":"ImageObject","inLanguage":"es","@id":"https:\/\/mivoot.com\/gt\/producto\/lector-de-sobre-mesa-de-codigos-de-barras-2d\/#primaryimage","url":"https:\/\/mivoot.com\/gt\/wp-content\/uploads\/2022\/07\/1_7wiu-1r.png","contentUrl":"https:\/\/mivoot.com\/gt\/wp-content\/uploads\/2022\/07\/1_7wiu-1r.png","width":679,"height":500},{"@type":"BreadcrumbList","@id":"https:\/\/mivoot.com\/gt\/producto\/lector-de-sobre-mesa-de-codigos-de-barras-2d\/#breadcrumb","itemListElement":[{"@type":"ListItem","position":1,"name":"Inicio","item":"https:\/\/mivoot.com\/gt\/"},{"@type":"ListItem","position":2,"name":"Productos","item":"https:\/\/mivoot.com\/gt\/producto\/"},{"@type":"ListItem","position":3,"name":"ZKTeco","item":"https:\/\/mivoot.com\/gt\/marca\/zkteco-guatemala\/"},{"@type":"ListItem","position":4,"name":"Lector de Sobre Mesa de C\u00f3digos de Barras 2D ZKB209 ZKTeco"}]},{"@type":"WebSite","@id":"https:\/\/mivoot.com\/gt\/#website","url":"https:\/\/mivoot.com\/gt\/","name":"Mivoot","description":"Mivoot Guatemala | Tienda Online","publisher":{"@id":"https:\/\/mivoot.com\/gt\/#organization"},"alternateName":"mivoot","potentialAction":[{"@type":"SearchAction","target":{"@type":"EntryPoint","urlTemplate":"https:\/\/mivoot.com\/gt\/?s={search_term_string}"},"query-input":{"@type":"PropertyValueSpecification","valueRequired":true,"valueName":"search_term_string"}}],"inLanguage":"es"},{"@type":"Organization","@id":"https:\/\/mivoot.com\/gt\/#organization","name":"Mivoot Guatemala","alternateName":"mivoot.com","url":"https:\/\/mivoot.com\/gt\/","logo":{"@type":"ImageObject","inLanguage":"es","@id":"https:\/\/mivoot.com\/gt\/#\/schema\/logo\/image\/","url":"https:\/\/mivoot.com\/gt\/wp-content\/uploads\/2023\/03\/cropped-icon.png","contentUrl":"https:\/\/mivoot.com\/gt\/wp-content\/uploads\/2023\/03\/cropped-icon.png","width":512,"height":512,"caption":"Mivoot Guatemala"},"image":{"@id":"https:\/\/mivoot.com\/gt\/#\/schema\/logo\/image\/"},"sameAs":["https:\/\/www.facebook.com\/mivootgt","https:\/\/instagram.com\/mivoot"]}]}},"jetpack_publicize_connections":[],"jetpack_sharing_enabled":true,"brands":[{"id":101,"name":"ZKTeco","slug":"zkteco-guatemala"}],"_links":{"self":[{"href":"https:\/\/mivoot.com\/gt\/wp-json\/wp\/v2\/product\/9046","targetHints":{"allow":["GET"]}}],"collection":[{"href":"https:\/\/mivoot.com\/gt\/wp-json\/wp\/v2\/product"}],"about":[{"href":"https:\/\/mivoot.com\/gt\/wp-json\/wp\/v2\/types\/product"}],"replies":[{"embeddable":true,"href":"https:\/\/mivoot.com\/gt\/wp-json\/wp\/v2\/comments?post=9046"}],"version-history":[{"count":3,"href":"https:\/\/mivoot.com\/gt\/wp-json\/wp\/v2\/product\/9046\/revisions"}],"predecessor-version":[{"id":26610,"href":"https:\/\/mivoot.com\/gt\/wp-json\/wp\/v2\/product\/9046\/revisions\/26610"}],"wp:featuredmedia":[{"embeddable":true,"href":"https:\/\/mivoot.com\/gt\/wp-json\/wp\/v2\/media\/9048"}],"wp:attachment":[{"href":"https:\/\/mivoot.com\/gt\/wp-json\/wp\/v2\/media?parent=9046"}],"wp:term":[{"taxonomy":"pwb-brand","embeddable":true,"href":"https:\/\/mivoot.com\/gt\/wp-json\/wp\/v2\/pwb-brand?post=9046"},{"taxonomy":"product_brand","embeddable":true,"href":"https:\/\/mivoot.com\/gt\/wp-json\/wp\/v2\/product_brand?post=9046"},{"taxonomy":"product_cat","embeddable":true,"href":"https:\/\/mivoot.com\/gt\/wp-json\/wp\/v2\/product_cat?post=9046"},{"taxonomy":"product_tag","embeddable":true,"href":"https:\/\/mivoot.com\/gt\/wp-json\/wp\/v2\/product_tag?post=9046"}],"curies":[{"name":"wp","href":"https:\/\/api.w.org\/{rel}","templated":true}]}}