{"id":9149,"date":"2022-07-29T23:07:29","date_gmt":"2022-07-30T05:07:29","guid":{"rendered":"https:\/\/mivoot.com\/gt\/?post_type=product&#038;p=9149"},"modified":"2022-07-29T23:08:17","modified_gmt":"2022-07-30T05:08:17","slug":"monitor-led-27-hp-fhd","status":"publish","type":"product","link":"https:\/\/mivoot.com\/gt\/producto\/monitor-led-27-hp-fhd\/","title":{"rendered":"Monitor LED 27&#8243; HP FHD panel IPS HDMI y VGA"},"content":{"rendered":"<div>\n<div class=\"productDescription_UbV5SNP5Eo\" data-selenium=\"overviewLongDescription\">\n<div class=\"js-injected-html text_UbV5SNP5Eo\">\n<p>Mant\u00e9ngase productivo y entretenido con el\u00a0<b>monitor HP V27i 27&#8243; 16:9 FHD IPS<\/b>\u00a0. Dise\u00f1ado para brindar im\u00e1genes n\u00edtidas y claras, este monitor con resoluci\u00f3n Full HD de 1920 x 1080 est\u00e1 dise\u00f1ado para brindar experiencias de alta calidad al realizar tareas cotidianas como ver fotos, ver videos, trabajar en documentos, navegar por Internet o jugar juegos. Su filtro de luz azul baja incorporado ayuda a reducir la fatiga visual durante el uso, y puede ajustar la inclinaci\u00f3n de la pantalla para que se adapte a su comodidad.<\/p>\n<\/div>\n<ul class=\"a-unordered-list a-vertical a-spacing-mini\">\n<li><span class=\"a-list-item\">Monitor diario: el HP V27i ofrece una excelente calidad visual y todas las comodidades para una configuraci\u00f3n de trabajo desde casa consciente del espacio<\/span><\/li>\n<li><span class=\"a-list-item\">Color y detalles realistas: obt\u00e9n un color realista y detalles n\u00edtidos en una pantalla FHD diagonal de 27 pulgadas (1920 x 1080 p\u00edxeles)<\/span><\/li>\n<li><span class=\"a-list-item\">Microborde de 3 caras: ve m\u00e1s de tu pantalla real y menos bordes con el dise\u00f1o de microborde de 3 lados<\/span><\/li>\n<li><span class=\"a-list-item\">Panel IPS: da a todos una mejor visi\u00f3n de la pantalla con \u00e1ngulos de visi\u00f3n de 178\u00b0<\/span><\/li>\n<li><span class=\"a-list-item\">HP Luz azul baja: disfruta de una mayor comodidad ocular ya que la funci\u00f3n de luz azul baja reduce los blancos y hace que los colores sean m\u00e1s c\u00e1lidos<\/span><\/li>\n<li><span class=\"a-list-item\">Inclinaci\u00f3n personalizada: inclina la pantalla hasta 5\u00b0 hacia adelante o 20\u00b0 hacia atr\u00e1s para encontrar tu mejor posici\u00f3n de visualizaci\u00f3n<\/span><\/li>\n<li><span class=\"a-list-item\">Conectividad moderna: conecta dispositivos y otros monitores r\u00e1pidamente a trav\u00e9s de puertos HDMI y VGA<\/span><\/li>\n<li><span class=\"a-list-item\">Caracter\u00edsticas ambientales: las caracter\u00edsticas respetuosas con el medio ambiente incluyen el uso de pl\u00e1stico reciclado, certificado Energy Star y retroiluminaci\u00f3n de pantalla LED sin mercurio<\/span><\/li>\n<\/ul>\n<p><img decoding=\"async\" src=\"https:\/\/m.media-amazon.com\/images\/S\/aplus-media\/vc\/cb70b476-4f87-4185-ac51-5679d9635810.__CR0,0,4847,2998_PT0_SX970_V1___.jpg\" alt=\"Monitor HP V27 FHD\" \/><\/p>\n<\/div>\n<\/div>\n<div class=\"feature_UbV5SNP5Eo\">\n<div class=\"feature_UbV5SNP5Eo\">\n<div>\n<div class=\"feature_UbV5SNP5Eo\">\n<div class=\"featureHeader_UbV5SNP5Eo\">\n<h2 class=\"text_TAw0W35QK_ comfy_TAw0W35QK_ sizeTitle2_TAw0W35QK_ weightNormal_TAw0W35QK_ primary_i3MsQsqoe0\"><span>Una vista clara<\/span><\/h2>\n<\/div>\n<div>\n<div class=\"js-injected-html text_UbV5SNP5Eo\"><span>Este monitor admite una resoluci\u00f3n FHD de 1920 x 1080 con una relaci\u00f3n de contraste est\u00e1tico de 1000:1 y un brillo de 250 cd\/m\u00b2, adem\u00e1s de \u00e1ngulos de visi\u00f3n horizontales y verticales de 178\u00b0 para obtener im\u00e1genes claras y n\u00edtidas.<\/span><\/div>\n<\/div>\n<\/div>\n<\/div>\n<div>\n<div class=\"feature_UbV5SNP5Eo\">\n<div class=\"featureHeader_UbV5SNP5Eo\">\n<h2 class=\"text_TAw0W35QK_ comfy_TAw0W35QK_ sizeTitle2_TAw0W35QK_ weightNormal_TAw0W35QK_ primary_i3MsQsqoe0\"><span>Gr\u00e1ficos suaves<\/span><\/h2>\n<\/div>\n<div>\n<div class=\"js-injected-html text_UbV5SNP5Eo\"><span>La frecuencia de actualizaci\u00f3n de 60 Hz y un tiempo de respuesta de 5 ms ayudan a brindar experiencias fluidas al mirar videos y jugar juegos.<\/span><\/div>\n<div><\/div>\n<\/div>\n<div><img decoding=\"async\" src=\"https:\/\/m.media-amazon.com\/images\/S\/aplus-media\/vc\/ef897625-934e-4288-8564-568d9f87fec1.__CR0,0,4847,2998_PT0_SX970_V1___.jpg\" alt=\"HP V27 FHD Monitor HP Luz azul baja\" \/><\/div>\n<\/div>\n<\/div>\n<div>\n<div class=\"feature_UbV5SNP5Eo\">\n<div class=\"featureHeader_UbV5SNP5Eo\">\n<h2 class=\"text_TAw0W35QK_ comfy_TAw0W35QK_ sizeTitle2_TAw0W35QK_ weightNormal_TAw0W35QK_ primary_i3MsQsqoe0\"><span>Color de alta calidad<\/span><\/h2>\n<\/div>\n<div>\n<div class=\"js-injected-html text_UbV5SNP5Eo\"><span>El panel de conmutaci\u00f3n en el plano (IPS) de 27&#8243; admite 16,7 millones de colores para fotos, videos y documentos v\u00edvidos.<\/span><\/div>\n<\/div>\n<\/div>\n<\/div>\n<div>\n<div class=\"feature_UbV5SNP5Eo\">\n<div class=\"featureHeader_UbV5SNP5Eo\">\n<h2 class=\"text_TAw0W35QK_ comfy_TAw0W35QK_ sizeTitle2_TAw0W35QK_ weightNormal_TAw0W35QK_ primary_i3MsQsqoe0\"><span>Conectividad<\/span><\/h2>\n<\/div>\n<div>\n<div class=\"js-injected-html text_UbV5SNP5Eo\"><span>Conecte dispositivos al monitor HP V27i usando los puertos HDMI 1.4 y VGA<\/span><\/div>\n<div><\/div>\n<div class=\"js-injected-html text_UbV5SNP5Eo\"><span><img decoding=\"async\" src=\"https:\/\/m.media-amazon.com\/images\/S\/aplus-media\/vc\/8e3b457a-dd7d-4f8d-90fa-69e42965e1f5.__CR0,0,4847,2998_PT0_SX970_V1___.jpg\" alt=\"Conectividad de monitor HP V27 FHD\" \/>.<\/span><\/div>\n<\/div>\n<\/div>\n<\/div>\n<div>\n<div class=\"feature_UbV5SNP5Eo\">\n<div class=\"featureHeader_UbV5SNP5Eo\">\n<h2 class=\"text_TAw0W35QK_ comfy_TAw0W35QK_ sizeTitle2_TAw0W35QK_ weightNormal_TAw0W35QK_ primary_i3MsQsqoe0\"><span>Construido para la comodidad<\/span><\/h2>\n<\/div>\n<div>\n<div class=\"js-injected-html text_UbV5SNP5Eo\"><span>Ajuste la inclinaci\u00f3n del monitor para maximizar la comodidad.\u00a0Tambi\u00e9n puede utilizar los orificios de montaje VESA de 100 x 100 mm para fijar la pantalla a una pared, un brazo giratorio o un soporte para varios monitores.\u00a0Su pantalla antideslumbrante presenta tecnolog\u00edas de luz azul baja sin parpadeo y certificadas por T\u00dcV para ayudar a reducir la fatiga visual cuando se usa el monitor durante per\u00edodos prolongados.<\/span><\/div>\n<\/div>\n<\/div>\n<\/div>\n<\/div>\n<\/div>\n","protected":false},"excerpt":{"rendered":"<p>&#8211; Tipo de visualizaci\u00f3n IPS<br \/>\n&#8211; Resoluci\u00f3n nativa FHD (1920 x 1080)<br \/>\n&#8211; relaci\u00f3n de contraste 1000:1<br \/>\n&#8211; Brillo 300 nits<br \/>\n&#8211; Tama\u00f1o de p\u00edxel 0,311 mm<br \/>\n&#8211; Conectores de entrada de se\u00f1al 1 VGA; 1 HDMI 1.4<br \/>\n&#8211; Dimensiones (An. X Pr. X Al.)  60 x 50 x 35 cm Sin soporte.<\/p>\n","protected":false},"featured_media":9156,"comment_status":"open","ping_status":"closed","template":"","meta":{"jetpack_publicize_message":"","jetpack_publicize_feature_enabled":true,"jetpack_social_post_already_shared":false,"jetpack_social_options":{"image_generator_settings":{"template":"highway","default_image_id":0,"font":"","enabled":false},"version":2}},"pwb-brand":[121],"product_brand":[],"product_cat":[39],"product_tag":[],"class_list":{"0":"post-9149","1":"product","2":"type-product","3":"status-publish","4":"has-post-thumbnail","6":"pwb-brand-hp","7":"product_cat-monitores","9":"first","10":"instock","11":"sale","12":"taxable","13":"shipping-taxable","14":"purchasable","15":"product-type-simple"},"yoast_head":"<!-- This site is optimized with the Yoast SEO Premium plugin v25.7.1 (Yoast SEO v26.8) - https:\/\/yoast.com\/product\/yoast-seo-premium-wordpress\/ -->\n<title>Monitor LED 27&quot; HP FHD panel IPS HDMI y VGA - Mivoot<\/title>\n<meta name=\"robots\" content=\"index, follow, max-snippet:-1, max-image-preview:large, max-video-preview:-1\" \/>\n<link rel=\"canonical\" href=\"https:\/\/mivoot.com\/gt\/producto\/monitor-led-27-hp-fhd\/\" \/>\n<meta property=\"og:locale\" content=\"es_ES\" \/>\n<meta property=\"og:type\" content=\"article\" \/>\n<meta property=\"og:title\" content=\"Monitor LED 27&quot; HP FHD panel IPS HDMI y VGA\" \/>\n<meta property=\"og:description\" content=\"- Tipo de visualizaci\u00f3n IPS - Resoluci\u00f3n nativa FHD (1920 x 1080) - relaci\u00f3n de contraste 1000:1 - Brillo 300 nits - Tama\u00f1o de p\u00edxel 0,311 mm - Conectores de entrada de se\u00f1al 1 VGA; 1 HDMI 1.4 - Dimensiones (An. X Pr. X Al.) 60 x 50 x 35 cm Sin soporte.\" \/>\n<meta property=\"og:url\" content=\"https:\/\/mivoot.com\/gt\/producto\/monitor-led-27-hp-fhd\/\" \/>\n<meta property=\"og:site_name\" content=\"Mivoot\" \/>\n<meta property=\"article:publisher\" content=\"https:\/\/www.facebook.com\/mivootgt\" \/>\n<meta property=\"article:modified_time\" content=\"2022-07-30T05:08:17+00:00\" \/>\n<meta property=\"og:image\" content=\"https:\/\/mivoot.com\/gt\/wp-content\/uploads\/2022\/07\/portada2.png\" \/>\n\t<meta property=\"og:image:width\" content=\"573\" \/>\n\t<meta property=\"og:image:height\" content=\"430\" \/>\n\t<meta property=\"og:image:type\" content=\"image\/png\" \/>\n<meta name=\"twitter:card\" content=\"summary_large_image\" \/>\n<meta name=\"twitter:label1\" content=\"Est. reading time\" \/>\n\t<meta name=\"twitter:data1\" content=\"3 minutos\" \/>\n<script type=\"application\/ld+json\" class=\"yoast-schema-graph\">{\"@context\":\"https:\/\/schema.org\",\"@graph\":[{\"@type\":\"WebPage\",\"@id\":\"https:\/\/mivoot.com\/gt\/producto\/monitor-led-27-hp-fhd\/\",\"url\":\"https:\/\/mivoot.com\/gt\/producto\/monitor-led-27-hp-fhd\/\",\"name\":\"Monitor LED 27\\\" HP FHD panel IPS HDMI y VGA - Mivoot\",\"isPartOf\":{\"@id\":\"https:\/\/mivoot.com\/gt\/#website\"},\"primaryImageOfPage\":{\"@id\":\"https:\/\/mivoot.com\/gt\/producto\/monitor-led-27-hp-fhd\/#primaryimage\"},\"image\":{\"@id\":\"https:\/\/mivoot.com\/gt\/producto\/monitor-led-27-hp-fhd\/#primaryimage\"},\"thumbnailUrl\":\"https:\/\/mivoot.com\/gt\/wp-content\/uploads\/2022\/07\/portada2.png\",\"datePublished\":\"2022-07-30T05:07:29+00:00\",\"dateModified\":\"2022-07-30T05:08:17+00:00\",\"breadcrumb\":{\"@id\":\"https:\/\/mivoot.com\/gt\/producto\/monitor-led-27-hp-fhd\/#breadcrumb\"},\"inLanguage\":\"es\",\"potentialAction\":[{\"@type\":\"ReadAction\",\"target\":[\"https:\/\/mivoot.com\/gt\/producto\/monitor-led-27-hp-fhd\/\"]}]},{\"@type\":\"ImageObject\",\"inLanguage\":\"es\",\"@id\":\"https:\/\/mivoot.com\/gt\/producto\/monitor-led-27-hp-fhd\/#primaryimage\",\"url\":\"https:\/\/mivoot.com\/gt\/wp-content\/uploads\/2022\/07\/portada2.png\",\"contentUrl\":\"https:\/\/mivoot.com\/gt\/wp-content\/uploads\/2022\/07\/portada2.png\",\"width\":573,\"height\":430},{\"@type\":\"BreadcrumbList\",\"@id\":\"https:\/\/mivoot.com\/gt\/producto\/monitor-led-27-hp-fhd\/#breadcrumb\",\"itemListElement\":[{\"@type\":\"ListItem\",\"position\":1,\"name\":\"Inicio\",\"item\":\"https:\/\/mivoot.com\/gt\/\"},{\"@type\":\"ListItem\",\"position\":2,\"name\":\"Productos\",\"item\":\"https:\/\/mivoot.com\/gt\/producto\/\"},{\"@type\":\"ListItem\",\"position\":3,\"name\":\"HP\",\"item\":\"https:\/\/mivoot.com\/gt\/marca\/hp\/\"},{\"@type\":\"ListItem\",\"position\":4,\"name\":\"Monitor LED 27&#8243; HP FHD panel IPS HDMI y VGA\"}]},{\"@type\":\"WebSite\",\"@id\":\"https:\/\/mivoot.com\/gt\/#website\",\"url\":\"https:\/\/mivoot.com\/gt\/\",\"name\":\"Mivoot\",\"description\":\"Mivoot Guatemala | Tienda Online\",\"publisher\":{\"@id\":\"https:\/\/mivoot.com\/gt\/#organization\"},\"alternateName\":\"mivoot\",\"potentialAction\":[{\"@type\":\"SearchAction\",\"target\":{\"@type\":\"EntryPoint\",\"urlTemplate\":\"https:\/\/mivoot.com\/gt\/?s={search_term_string}\"},\"query-input\":{\"@type\":\"PropertyValueSpecification\",\"valueRequired\":true,\"valueName\":\"search_term_string\"}}],\"inLanguage\":\"es\"},{\"@type\":\"Organization\",\"@id\":\"https:\/\/mivoot.com\/gt\/#organization\",\"name\":\"Mivoot Guatemala\",\"alternateName\":\"mivoot.com\",\"url\":\"https:\/\/mivoot.com\/gt\/\",\"logo\":{\"@type\":\"ImageObject\",\"inLanguage\":\"es\",\"@id\":\"https:\/\/mivoot.com\/gt\/#\/schema\/logo\/image\/\",\"url\":\"https:\/\/mivoot.com\/gt\/wp-content\/uploads\/2023\/03\/cropped-icon.png\",\"contentUrl\":\"https:\/\/mivoot.com\/gt\/wp-content\/uploads\/2023\/03\/cropped-icon.png\",\"width\":512,\"height\":512,\"caption\":\"Mivoot Guatemala\"},\"image\":{\"@id\":\"https:\/\/mivoot.com\/gt\/#\/schema\/logo\/image\/\"},\"sameAs\":[\"https:\/\/www.facebook.com\/mivootgt\",\"https:\/\/instagram.com\/mivoot\"]}]}<\/script>\n<!-- \/ Yoast SEO Premium plugin. -->","yoast_head_json":{"title":"Monitor LED 27\" HP FHD panel IPS HDMI y VGA - Mivoot","robots":{"index":"index","follow":"follow","max-snippet":"max-snippet:-1","max-image-preview":"max-image-preview:large","max-video-preview":"max-video-preview:-1"},"canonical":"https:\/\/mivoot.com\/gt\/producto\/monitor-led-27-hp-fhd\/","og_locale":"es_ES","og_type":"article","og_title":"Monitor LED 27\" HP FHD panel IPS HDMI y VGA","og_description":"- Tipo de visualizaci\u00f3n IPS - Resoluci\u00f3n nativa FHD (1920 x 1080) - relaci\u00f3n de contraste 1000:1 - Brillo 300 nits - Tama\u00f1o de p\u00edxel 0,311 mm - Conectores de entrada de se\u00f1al 1 VGA; 1 HDMI 1.4 - Dimensiones (An. X Pr. X Al.) 60 x 50 x 35 cm Sin soporte.","og_url":"https:\/\/mivoot.com\/gt\/producto\/monitor-led-27-hp-fhd\/","og_site_name":"Mivoot","article_publisher":"https:\/\/www.facebook.com\/mivootgt","article_modified_time":"2022-07-30T05:08:17+00:00","og_image":[{"width":573,"height":430,"url":"https:\/\/mivoot.com\/gt\/wp-content\/uploads\/2022\/07\/portada2.png","type":"image\/png"}],"twitter_card":"summary_large_image","twitter_misc":{"Est. reading time":"3 minutos"},"schema":{"@context":"https:\/\/schema.org","@graph":[{"@type":"WebPage","@id":"https:\/\/mivoot.com\/gt\/producto\/monitor-led-27-hp-fhd\/","url":"https:\/\/mivoot.com\/gt\/producto\/monitor-led-27-hp-fhd\/","name":"Monitor LED 27\" HP FHD panel IPS HDMI y VGA - Mivoot","isPartOf":{"@id":"https:\/\/mivoot.com\/gt\/#website"},"primaryImageOfPage":{"@id":"https:\/\/mivoot.com\/gt\/producto\/monitor-led-27-hp-fhd\/#primaryimage"},"image":{"@id":"https:\/\/mivoot.com\/gt\/producto\/monitor-led-27-hp-fhd\/#primaryimage"},"thumbnailUrl":"https:\/\/mivoot.com\/gt\/wp-content\/uploads\/2022\/07\/portada2.png","datePublished":"2022-07-30T05:07:29+00:00","dateModified":"2022-07-30T05:08:17+00:00","breadcrumb":{"@id":"https:\/\/mivoot.com\/gt\/producto\/monitor-led-27-hp-fhd\/#breadcrumb"},"inLanguage":"es","potentialAction":[{"@type":"ReadAction","target":["https:\/\/mivoot.com\/gt\/producto\/monitor-led-27-hp-fhd\/"]}]},{"@type":"ImageObject","inLanguage":"es","@id":"https:\/\/mivoot.com\/gt\/producto\/monitor-led-27-hp-fhd\/#primaryimage","url":"https:\/\/mivoot.com\/gt\/wp-content\/uploads\/2022\/07\/portada2.png","contentUrl":"https:\/\/mivoot.com\/gt\/wp-content\/uploads\/2022\/07\/portada2.png","width":573,"height":430},{"@type":"BreadcrumbList","@id":"https:\/\/mivoot.com\/gt\/producto\/monitor-led-27-hp-fhd\/#breadcrumb","itemListElement":[{"@type":"ListItem","position":1,"name":"Inicio","item":"https:\/\/mivoot.com\/gt\/"},{"@type":"ListItem","position":2,"name":"Productos","item":"https:\/\/mivoot.com\/gt\/producto\/"},{"@type":"ListItem","position":3,"name":"HP","item":"https:\/\/mivoot.com\/gt\/marca\/hp\/"},{"@type":"ListItem","position":4,"name":"Monitor LED 27&#8243; HP FHD panel IPS HDMI y VGA"}]},{"@type":"WebSite","@id":"https:\/\/mivoot.com\/gt\/#website","url":"https:\/\/mivoot.com\/gt\/","name":"Mivoot","description":"Mivoot Guatemala | Tienda Online","publisher":{"@id":"https:\/\/mivoot.com\/gt\/#organization"},"alternateName":"mivoot","potentialAction":[{"@type":"SearchAction","target":{"@type":"EntryPoint","urlTemplate":"https:\/\/mivoot.com\/gt\/?s={search_term_string}"},"query-input":{"@type":"PropertyValueSpecification","valueRequired":true,"valueName":"search_term_string"}}],"inLanguage":"es"},{"@type":"Organization","@id":"https:\/\/mivoot.com\/gt\/#organization","name":"Mivoot Guatemala","alternateName":"mivoot.com","url":"https:\/\/mivoot.com\/gt\/","logo":{"@type":"ImageObject","inLanguage":"es","@id":"https:\/\/mivoot.com\/gt\/#\/schema\/logo\/image\/","url":"https:\/\/mivoot.com\/gt\/wp-content\/uploads\/2023\/03\/cropped-icon.png","contentUrl":"https:\/\/mivoot.com\/gt\/wp-content\/uploads\/2023\/03\/cropped-icon.png","width":512,"height":512,"caption":"Mivoot Guatemala"},"image":{"@id":"https:\/\/mivoot.com\/gt\/#\/schema\/logo\/image\/"},"sameAs":["https:\/\/www.facebook.com\/mivootgt","https:\/\/instagram.com\/mivoot"]}]}},"jetpack_publicize_connections":[],"jetpack_sharing_enabled":true,"brands":[{"id":121,"name":"HP","slug":"hp"}],"_links":{"self":[{"href":"https:\/\/mivoot.com\/gt\/wp-json\/wp\/v2\/product\/9149","targetHints":{"allow":["GET"]}}],"collection":[{"href":"https:\/\/mivoot.com\/gt\/wp-json\/wp\/v2\/product"}],"about":[{"href":"https:\/\/mivoot.com\/gt\/wp-json\/wp\/v2\/types\/product"}],"replies":[{"embeddable":true,"href":"https:\/\/mivoot.com\/gt\/wp-json\/wp\/v2\/comments?post=9149"}],"version-history":[{"count":2,"href":"https:\/\/mivoot.com\/gt\/wp-json\/wp\/v2\/product\/9149\/revisions"}],"predecessor-version":[{"id":9158,"href":"https:\/\/mivoot.com\/gt\/wp-json\/wp\/v2\/product\/9149\/revisions\/9158"}],"wp:featuredmedia":[{"embeddable":true,"href":"https:\/\/mivoot.com\/gt\/wp-json\/wp\/v2\/media\/9156"}],"wp:attachment":[{"href":"https:\/\/mivoot.com\/gt\/wp-json\/wp\/v2\/media?parent=9149"}],"wp:term":[{"taxonomy":"pwb-brand","embeddable":true,"href":"https:\/\/mivoot.com\/gt\/wp-json\/wp\/v2\/pwb-brand?post=9149"},{"taxonomy":"product_brand","embeddable":true,"href":"https:\/\/mivoot.com\/gt\/wp-json\/wp\/v2\/product_brand?post=9149"},{"taxonomy":"product_cat","embeddable":true,"href":"https:\/\/mivoot.com\/gt\/wp-json\/wp\/v2\/product_cat?post=9149"},{"taxonomy":"product_tag","embeddable":true,"href":"https:\/\/mivoot.com\/gt\/wp-json\/wp\/v2\/product_tag?post=9149"}],"curies":[{"name":"wp","href":"https:\/\/api.w.org\/{rel}","templated":true}]}}