{"id":9335,"date":"2022-08-10T11:18:26","date_gmt":"2022-08-10T17:18:26","guid":{"rendered":"https:\/\/mivoot.com\/gt\/?post_type=product&#038;p=9335"},"modified":"2022-08-10T11:35:33","modified_gmt":"2022-08-10T17:35:33","slug":"audifonos-motorola-moto-xt220-over-ear-inalambricos-con-microfono","status":"publish","type":"product","link":"https:\/\/mivoot.com\/gt\/producto\/audifonos-motorola-moto-xt220-over-ear-inalambricos-con-microfono\/","title":{"rendered":"Aud\u00edfonos Motorola Moto XT220 Over-Ear Inal\u00e1mbricos con Micr\u00f3fono"},"content":{"rendered":"<div id=\"tab-label-additional\" class=\"data item title active\" tabindex=\"0\" role=\"tab\" data-role=\"collapsible\" data-collapsible=\"true\" aria-controls=\"additional\" aria-selected=\"false\" aria-expanded=\"true\"><a id=\"tab-label-additional-title\" class=\"data switch\" tabindex=\"-1\" href=\"https:\/\/www.max.com.gt\/audifonos-motorola-moto-xt220-over-ear-inalambricos-con-microfono-blanco-motorola-motoxt220wh#additional\" data-toggle=\"trigger\">Especificaciones<\/a><\/div>\n<div id=\"additional\" class=\"data item content\" role=\"tabpanel\" aria-labelledby=\"tab-label-additional\" data-role=\"content\" aria-hidden=\"false\">\n<div class=\"additional-attributes-wrapper table-wrapper\">\n<table id=\"product-attribute-specs-table\" class=\"data table additional-attributes\">\n<caption class=\"table-caption\">Especificaciones<\/caption>\n<tbody>\n<tr>\n<th class=\"col label\" scope=\"row\">Marca<\/th>\n<td class=\"col data\" data-th=\"Marca\">Motorola<\/td>\n<\/tr>\n<tr>\n<th class=\"col label\" scope=\"row\">Preventa<\/th>\n<td class=\"col data\" data-th=\"Preventa\">No<\/td>\n<\/tr>\n<tr>\n<th class=\"col label\" scope=\"row\">Tipo de aud\u00edfono<\/th>\n<td class=\"col data\" data-th=\"Tipo de aud\u00edfono\">Over Ear<\/td>\n<\/tr>\n<tr>\n<th class=\"col label\" scope=\"row\">Noise Cancelling<\/th>\n<td class=\"col data\" data-th=\"Noise Cancelling\">No<\/td>\n<\/tr>\n<tr>\n<th class=\"col label\" scope=\"row\">Micr\u00f3fono Integrado<\/th>\n<td class=\"col data\" data-th=\"Micr\u00f3fono Integrado\">Si<\/td>\n<\/tr>\n<tr>\n<th class=\"col label\" scope=\"row\">Opci\u00f3n cable auxiliar<\/th>\n<td class=\"col data\" data-th=\"Opci\u00f3n cable auxiliar\">No<\/td>\n<\/tr>\n<tr>\n<th class=\"col label\" scope=\"row\">Duraci\u00f3n de bater\u00eda<\/th>\n<td class=\"col data\" data-th=\"Duraci\u00f3n de bater\u00eda\">24 horas<\/td>\n<\/tr>\n<tr>\n<th class=\"col label\" scope=\"row\">Resistente al agua<\/th>\n<td class=\"col data\" data-th=\"Resistente al agua\">No<\/td>\n<\/tr>\n<tr>\n<th class=\"col label\" scope=\"row\">Clasificaci\u00f3n IP<\/th>\n<td class=\"col data\" data-th=\"Clasificaci\u00f3n IP\">IPX0<\/td>\n<\/tr>\n<tr>\n<th class=\"col label\" scope=\"row\">Peso<\/th>\n<td class=\"col data\" data-th=\"Peso\">8.5g<\/td>\n<\/tr>\n<tr>\n<th class=\"col label\" scope=\"row\">Tiempo de garant\u00eda<\/th>\n<td class=\"col data\" data-th=\"Tiempo de garant\u00eda\">1 a\u00f1o<\/td>\n<\/tr>\n<\/tbody>\n<\/table>\n<\/div>\n<\/div>\n","protected":false},"excerpt":{"rendered":"<p><span class=\"desc-title\">Descripci\u00f3n<\/span><\/p>\n<div class=\"product attribute overview\">\n<div class=\"value\">\n<p>Aud\u00edfonos Motorola Moto XT220 Over-Ear Inal\u00e1mbricos.<\/p>\n<ul>\n<li>Hasta 24 horas de reproducci\u00f3n de m\u00fasica.<\/li>\n<li>Cable de audio desmontable de 3,5 mm para uso sin alimentaci\u00f3n.<\/li>\n<li>Dise\u00f1o plegable y almohadillas acolchadas.<\/li>\n<li>Drivers de 40 mm que brindan un sonido est\u00e9reo din\u00e1mico para bajos mejorados.<\/li>\n<li>Aislamiento de ruido pasivo.<\/li>\n<li>Control de 3 botones.<\/li>\n<li>Micr\u00f3fono incorporado.<\/li>\n<\/ul>\n<\/div>\n<\/div>\n","protected":false},"featured_media":9337,"comment_status":"open","ping_status":"closed","template":"","meta":{"jetpack_publicize_message":"","jetpack_publicize_feature_enabled":true,"jetpack_social_post_already_shared":false,"jetpack_social_options":{"image_generator_settings":{"template":"highway","default_image_id":0,"font":"","enabled":false},"version":2}},"pwb-brand":[314],"product_brand":[],"product_cat":[25,23],"product_tag":[],"class_list":{"0":"post-9335","1":"product","2":"type-product","3":"status-publish","4":"has-post-thumbnail","6":"pwb-brand-motorola","7":"product_cat-audifonos-alambricos","8":"product_cat-audifonos-bluetooth","10":"first","11":"instock","12":"taxable","13":"shipping-taxable","14":"purchasable","15":"product-type-simple"},"yoast_head":"<!-- This site is optimized with the Yoast SEO Premium plugin v25.7.1 (Yoast SEO v26.8) - https:\/\/yoast.com\/product\/yoast-seo-premium-wordpress\/ -->\n<title>Aud\u00edfonos Motorola Moto XT220 Over-Ear Inal\u00e1mbricos con Micr\u00f3fono - Mivoot<\/title>\n<meta name=\"robots\" content=\"index, follow, max-snippet:-1, max-image-preview:large, max-video-preview:-1\" \/>\n<link rel=\"canonical\" href=\"https:\/\/mivoot.com\/gt\/producto\/audifonos-motorola-moto-xt220-over-ear-inalambricos-con-microfono\/\" \/>\n<meta property=\"og:locale\" content=\"es_ES\" \/>\n<meta property=\"og:type\" content=\"article\" \/>\n<meta property=\"og:title\" content=\"Aud\u00edfonos Motorola Moto XT220 Over-Ear Inal\u00e1mbricos con Micr\u00f3fono\" \/>\n<meta property=\"og:description\" content=\"Descripci\u00f3n    Aud\u00edfonos Motorola Moto XT220 Over-Ear Inal\u00e1mbricos.   Hasta 24 horas de reproducci\u00f3n de m\u00fasica.  Cable de audio desmontable de 3,5 mm para uso sin alimentaci\u00f3n.  Dise\u00f1o plegable y almohadillas acolchadas.  Drivers de 40 mm que brindan un sonido est\u00e9reo din\u00e1mico para bajos mejorados.  Aislamiento de ruido pasivo.  Control de 3 botones.  Micr\u00f3fono incorporado.\" \/>\n<meta property=\"og:url\" content=\"https:\/\/mivoot.com\/gt\/producto\/audifonos-motorola-moto-xt220-over-ear-inalambricos-con-microfono\/\" \/>\n<meta property=\"og:site_name\" content=\"Mivoot\" \/>\n<meta property=\"article:publisher\" content=\"https:\/\/www.facebook.com\/mivootgt\" \/>\n<meta property=\"article:modified_time\" content=\"2022-08-10T17:35:33+00:00\" \/>\n<meta property=\"og:image\" content=\"https:\/\/mivoot.com\/gt\/wp-content\/uploads\/2022\/08\/MOTO-XT220-WH-2.jpg\" \/>\n\t<meta property=\"og:image:width\" content=\"1200\" \/>\n\t<meta property=\"og:image:height\" content=\"1200\" \/>\n\t<meta property=\"og:image:type\" content=\"image\/jpeg\" \/>\n<meta name=\"twitter:card\" content=\"summary_large_image\" \/>\n<meta name=\"twitter:label1\" content=\"Est. reading time\" \/>\n\t<meta name=\"twitter:data1\" content=\"1 minuto\" \/>\n<script type=\"application\/ld+json\" class=\"yoast-schema-graph\">{\"@context\":\"https:\/\/schema.org\",\"@graph\":[{\"@type\":\"WebPage\",\"@id\":\"https:\/\/mivoot.com\/gt\/producto\/audifonos-motorola-moto-xt220-over-ear-inalambricos-con-microfono\/\",\"url\":\"https:\/\/mivoot.com\/gt\/producto\/audifonos-motorola-moto-xt220-over-ear-inalambricos-con-microfono\/\",\"name\":\"Aud\u00edfonos Motorola Moto XT220 Over-Ear Inal\u00e1mbricos con Micr\u00f3fono - Mivoot\",\"isPartOf\":{\"@id\":\"https:\/\/mivoot.com\/gt\/#website\"},\"primaryImageOfPage\":{\"@id\":\"https:\/\/mivoot.com\/gt\/producto\/audifonos-motorola-moto-xt220-over-ear-inalambricos-con-microfono\/#primaryimage\"},\"image\":{\"@id\":\"https:\/\/mivoot.com\/gt\/producto\/audifonos-motorola-moto-xt220-over-ear-inalambricos-con-microfono\/#primaryimage\"},\"thumbnailUrl\":\"https:\/\/mivoot.com\/gt\/wp-content\/uploads\/2022\/08\/MOTO-XT220-WH-2.jpg\",\"datePublished\":\"2022-08-10T17:18:26+00:00\",\"dateModified\":\"2022-08-10T17:35:33+00:00\",\"breadcrumb\":{\"@id\":\"https:\/\/mivoot.com\/gt\/producto\/audifonos-motorola-moto-xt220-over-ear-inalambricos-con-microfono\/#breadcrumb\"},\"inLanguage\":\"es\",\"potentialAction\":[{\"@type\":\"ReadAction\",\"target\":[\"https:\/\/mivoot.com\/gt\/producto\/audifonos-motorola-moto-xt220-over-ear-inalambricos-con-microfono\/\"]}]},{\"@type\":\"ImageObject\",\"inLanguage\":\"es\",\"@id\":\"https:\/\/mivoot.com\/gt\/producto\/audifonos-motorola-moto-xt220-over-ear-inalambricos-con-microfono\/#primaryimage\",\"url\":\"https:\/\/mivoot.com\/gt\/wp-content\/uploads\/2022\/08\/MOTO-XT220-WH-2.jpg\",\"contentUrl\":\"https:\/\/mivoot.com\/gt\/wp-content\/uploads\/2022\/08\/MOTO-XT220-WH-2.jpg\",\"width\":1200,\"height\":1200},{\"@type\":\"BreadcrumbList\",\"@id\":\"https:\/\/mivoot.com\/gt\/producto\/audifonos-motorola-moto-xt220-over-ear-inalambricos-con-microfono\/#breadcrumb\",\"itemListElement\":[{\"@type\":\"ListItem\",\"position\":1,\"name\":\"Inicio\",\"item\":\"https:\/\/mivoot.com\/gt\/\"},{\"@type\":\"ListItem\",\"position\":2,\"name\":\"Productos\",\"item\":\"https:\/\/mivoot.com\/gt\/producto\/\"},{\"@type\":\"ListItem\",\"position\":3,\"name\":\"Motorola\",\"item\":\"https:\/\/mivoot.com\/gt\/marca\/motorola\/\"},{\"@type\":\"ListItem\",\"position\":4,\"name\":\"Aud\u00edfonos Motorola Moto XT220 Over-Ear Inal\u00e1mbricos con Micr\u00f3fono\"}]},{\"@type\":\"WebSite\",\"@id\":\"https:\/\/mivoot.com\/gt\/#website\",\"url\":\"https:\/\/mivoot.com\/gt\/\",\"name\":\"Mivoot\",\"description\":\"Mivoot Guatemala | Tienda Online\",\"publisher\":{\"@id\":\"https:\/\/mivoot.com\/gt\/#organization\"},\"alternateName\":\"mivoot\",\"potentialAction\":[{\"@type\":\"SearchAction\",\"target\":{\"@type\":\"EntryPoint\",\"urlTemplate\":\"https:\/\/mivoot.com\/gt\/?s={search_term_string}\"},\"query-input\":{\"@type\":\"PropertyValueSpecification\",\"valueRequired\":true,\"valueName\":\"search_term_string\"}}],\"inLanguage\":\"es\"},{\"@type\":\"Organization\",\"@id\":\"https:\/\/mivoot.com\/gt\/#organization\",\"name\":\"Mivoot Guatemala\",\"alternateName\":\"mivoot.com\",\"url\":\"https:\/\/mivoot.com\/gt\/\",\"logo\":{\"@type\":\"ImageObject\",\"inLanguage\":\"es\",\"@id\":\"https:\/\/mivoot.com\/gt\/#\/schema\/logo\/image\/\",\"url\":\"https:\/\/mivoot.com\/gt\/wp-content\/uploads\/2023\/03\/cropped-icon.png\",\"contentUrl\":\"https:\/\/mivoot.com\/gt\/wp-content\/uploads\/2023\/03\/cropped-icon.png\",\"width\":512,\"height\":512,\"caption\":\"Mivoot Guatemala\"},\"image\":{\"@id\":\"https:\/\/mivoot.com\/gt\/#\/schema\/logo\/image\/\"},\"sameAs\":[\"https:\/\/www.facebook.com\/mivootgt\",\"https:\/\/instagram.com\/mivoot\"]}]}<\/script>\n<!-- \/ Yoast SEO Premium plugin. -->","yoast_head_json":{"title":"Aud\u00edfonos Motorola Moto XT220 Over-Ear Inal\u00e1mbricos con Micr\u00f3fono - Mivoot","robots":{"index":"index","follow":"follow","max-snippet":"max-snippet:-1","max-image-preview":"max-image-preview:large","max-video-preview":"max-video-preview:-1"},"canonical":"https:\/\/mivoot.com\/gt\/producto\/audifonos-motorola-moto-xt220-over-ear-inalambricos-con-microfono\/","og_locale":"es_ES","og_type":"article","og_title":"Aud\u00edfonos Motorola Moto XT220 Over-Ear Inal\u00e1mbricos con Micr\u00f3fono","og_description":"Descripci\u00f3n    Aud\u00edfonos Motorola Moto XT220 Over-Ear Inal\u00e1mbricos.   Hasta 24 horas de reproducci\u00f3n de m\u00fasica.  Cable de audio desmontable de 3,5 mm para uso sin alimentaci\u00f3n.  Dise\u00f1o plegable y almohadillas acolchadas.  Drivers de 40 mm que brindan un sonido est\u00e9reo din\u00e1mico para bajos mejorados.  Aislamiento de ruido pasivo.  Control de 3 botones.  Micr\u00f3fono incorporado.","og_url":"https:\/\/mivoot.com\/gt\/producto\/audifonos-motorola-moto-xt220-over-ear-inalambricos-con-microfono\/","og_site_name":"Mivoot","article_publisher":"https:\/\/www.facebook.com\/mivootgt","article_modified_time":"2022-08-10T17:35:33+00:00","og_image":[{"width":1200,"height":1200,"url":"https:\/\/mivoot.com\/gt\/wp-content\/uploads\/2022\/08\/MOTO-XT220-WH-2.jpg","type":"image\/jpeg"}],"twitter_card":"summary_large_image","twitter_misc":{"Est. reading time":"1 minuto"},"schema":{"@context":"https:\/\/schema.org","@graph":[{"@type":"WebPage","@id":"https:\/\/mivoot.com\/gt\/producto\/audifonos-motorola-moto-xt220-over-ear-inalambricos-con-microfono\/","url":"https:\/\/mivoot.com\/gt\/producto\/audifonos-motorola-moto-xt220-over-ear-inalambricos-con-microfono\/","name":"Aud\u00edfonos Motorola Moto XT220 Over-Ear Inal\u00e1mbricos con Micr\u00f3fono - Mivoot","isPartOf":{"@id":"https:\/\/mivoot.com\/gt\/#website"},"primaryImageOfPage":{"@id":"https:\/\/mivoot.com\/gt\/producto\/audifonos-motorola-moto-xt220-over-ear-inalambricos-con-microfono\/#primaryimage"},"image":{"@id":"https:\/\/mivoot.com\/gt\/producto\/audifonos-motorola-moto-xt220-over-ear-inalambricos-con-microfono\/#primaryimage"},"thumbnailUrl":"https:\/\/mivoot.com\/gt\/wp-content\/uploads\/2022\/08\/MOTO-XT220-WH-2.jpg","datePublished":"2022-08-10T17:18:26+00:00","dateModified":"2022-08-10T17:35:33+00:00","breadcrumb":{"@id":"https:\/\/mivoot.com\/gt\/producto\/audifonos-motorola-moto-xt220-over-ear-inalambricos-con-microfono\/#breadcrumb"},"inLanguage":"es","potentialAction":[{"@type":"ReadAction","target":["https:\/\/mivoot.com\/gt\/producto\/audifonos-motorola-moto-xt220-over-ear-inalambricos-con-microfono\/"]}]},{"@type":"ImageObject","inLanguage":"es","@id":"https:\/\/mivoot.com\/gt\/producto\/audifonos-motorola-moto-xt220-over-ear-inalambricos-con-microfono\/#primaryimage","url":"https:\/\/mivoot.com\/gt\/wp-content\/uploads\/2022\/08\/MOTO-XT220-WH-2.jpg","contentUrl":"https:\/\/mivoot.com\/gt\/wp-content\/uploads\/2022\/08\/MOTO-XT220-WH-2.jpg","width":1200,"height":1200},{"@type":"BreadcrumbList","@id":"https:\/\/mivoot.com\/gt\/producto\/audifonos-motorola-moto-xt220-over-ear-inalambricos-con-microfono\/#breadcrumb","itemListElement":[{"@type":"ListItem","position":1,"name":"Inicio","item":"https:\/\/mivoot.com\/gt\/"},{"@type":"ListItem","position":2,"name":"Productos","item":"https:\/\/mivoot.com\/gt\/producto\/"},{"@type":"ListItem","position":3,"name":"Motorola","item":"https:\/\/mivoot.com\/gt\/marca\/motorola\/"},{"@type":"ListItem","position":4,"name":"Aud\u00edfonos Motorola Moto XT220 Over-Ear Inal\u00e1mbricos con Micr\u00f3fono"}]},{"@type":"WebSite","@id":"https:\/\/mivoot.com\/gt\/#website","url":"https:\/\/mivoot.com\/gt\/","name":"Mivoot","description":"Mivoot Guatemala | Tienda Online","publisher":{"@id":"https:\/\/mivoot.com\/gt\/#organization"},"alternateName":"mivoot","potentialAction":[{"@type":"SearchAction","target":{"@type":"EntryPoint","urlTemplate":"https:\/\/mivoot.com\/gt\/?s={search_term_string}"},"query-input":{"@type":"PropertyValueSpecification","valueRequired":true,"valueName":"search_term_string"}}],"inLanguage":"es"},{"@type":"Organization","@id":"https:\/\/mivoot.com\/gt\/#organization","name":"Mivoot Guatemala","alternateName":"mivoot.com","url":"https:\/\/mivoot.com\/gt\/","logo":{"@type":"ImageObject","inLanguage":"es","@id":"https:\/\/mivoot.com\/gt\/#\/schema\/logo\/image\/","url":"https:\/\/mivoot.com\/gt\/wp-content\/uploads\/2023\/03\/cropped-icon.png","contentUrl":"https:\/\/mivoot.com\/gt\/wp-content\/uploads\/2023\/03\/cropped-icon.png","width":512,"height":512,"caption":"Mivoot Guatemala"},"image":{"@id":"https:\/\/mivoot.com\/gt\/#\/schema\/logo\/image\/"},"sameAs":["https:\/\/www.facebook.com\/mivootgt","https:\/\/instagram.com\/mivoot"]}]}},"jetpack_publicize_connections":[],"jetpack_sharing_enabled":true,"brands":[{"id":314,"name":"Motorola","slug":"motorola"}],"_links":{"self":[{"href":"https:\/\/mivoot.com\/gt\/wp-json\/wp\/v2\/product\/9335","targetHints":{"allow":["GET"]}}],"collection":[{"href":"https:\/\/mivoot.com\/gt\/wp-json\/wp\/v2\/product"}],"about":[{"href":"https:\/\/mivoot.com\/gt\/wp-json\/wp\/v2\/types\/product"}],"replies":[{"embeddable":true,"href":"https:\/\/mivoot.com\/gt\/wp-json\/wp\/v2\/comments?post=9335"}],"version-history":[{"count":4,"href":"https:\/\/mivoot.com\/gt\/wp-json\/wp\/v2\/product\/9335\/revisions"}],"predecessor-version":[{"id":9341,"href":"https:\/\/mivoot.com\/gt\/wp-json\/wp\/v2\/product\/9335\/revisions\/9341"}],"wp:featuredmedia":[{"embeddable":true,"href":"https:\/\/mivoot.com\/gt\/wp-json\/wp\/v2\/media\/9337"}],"wp:attachment":[{"href":"https:\/\/mivoot.com\/gt\/wp-json\/wp\/v2\/media?parent=9335"}],"wp:term":[{"taxonomy":"pwb-brand","embeddable":true,"href":"https:\/\/mivoot.com\/gt\/wp-json\/wp\/v2\/pwb-brand?post=9335"},{"taxonomy":"product_brand","embeddable":true,"href":"https:\/\/mivoot.com\/gt\/wp-json\/wp\/v2\/product_brand?post=9335"},{"taxonomy":"product_cat","embeddable":true,"href":"https:\/\/mivoot.com\/gt\/wp-json\/wp\/v2\/product_cat?post=9335"},{"taxonomy":"product_tag","embeddable":true,"href":"https:\/\/mivoot.com\/gt\/wp-json\/wp\/v2\/product_tag?post=9335"}],"curies":[{"name":"wp","href":"https:\/\/api.w.org\/{rel}","templated":true}]}}