{"id":9489,"date":"2022-08-12T14:35:50","date_gmt":"2022-08-12T20:35:50","guid":{"rendered":"https:\/\/mivoot.com\/gt\/?post_type=product&#038;p=9489"},"modified":"2025-03-27T12:14:15","modified_gmt":"2025-03-27T18:14:15","slug":"cash-drawer-cajon-metalico-de-efectivo-zkc508-zkteco","status":"publish","type":"product","link":"https:\/\/mivoot.com\/gt\/producto\/cash-drawer-cajon-metalico-de-efectivo-zkc508-zkteco\/","title":{"rendered":"Caja de Efectivo Cash Drawer met\u00e1lico ZKC508 ZKTeco"},"content":{"rendered":"<h1 style=\"text-align: center;\">Caja de Efectivo Cash Drawer met\u00e1lico ZKC508 ZKTeco<\/h1>\n<p>&nbsp;<\/p>\n<h3>Especificaciones<\/h3>\n<ul>\n<li>Tipo 5 billetes, 8 monedas<\/li>\n<li>Comprobar Ranuras 1 Comprobar ranuras<\/li>\n<li>Cerradura Cerraduras de 3 posiciones<\/li>\n<li>Dimensiones 410 mm (W) x 420 mm (L) x 100 mm (H) (excluyendo pies de goma)<\/li>\n<li>Material La carcasa est\u00e1 hecha de chapa de acero prensado en fr\u00edo y el caj\u00f3n est\u00e1 hecho de pl\u00e1stico ABS<\/li>\n<li>Amplitud de Pulso 12VDS 24VDS<\/li>\n<li>Clip de Dinero Clip de alambre est\u00e1ndar<\/li>\n<li>Peso Bruto 6.5kg<\/li>\n<li>Peso Neto 6.0kg<\/li>\n<li>CC 12V 24V<\/li>\n<li>Interfaz RJ11 (conectado directamente con la impresora de recibos y la interfaz de caja 12 V o 24 V<\/li>\n<\/ul>\n<p><img decoding=\"async\" src=\"https:\/\/http2.mlstatic.com\/D_NQ_NP_856849-MLU75694004533_042024-O.webp\" alt=\"Gaveta De Dinero 5 Billetes 8 Monedas Zk Teco Zkc0508-24 | MercadoLibre\" \/><\/p>\n","protected":false},"excerpt":{"rendered":"<p>&#8211; 5 espacios para billetes, 8 para monedas, 1 para cheques.<br \/>\n&#8211; Cerradura de 3 posiciones.<br \/>\n&#8211; Sujeta-billetes met\u00e1lico.<br \/>\n&#8211; Interfaz: RJ11 (conectado directamente con la impresora de recibos y la interfaz de caja 12 V o 24 V)<br \/>\n&#8211; Cerradura Cerraduras de 3 posiciones<br \/>\n&#8211; Dimensiones 410 mm (W) x 420 mm (L) x 100 mm (H) (excluyendo pies de goma)<\/p>\n","protected":false},"featured_media":9491,"comment_status":"open","ping_status":"closed","template":"","meta":{"jetpack_publicize_message":"","jetpack_publicize_feature_enabled":true,"jetpack_social_post_already_shared":false,"jetpack_social_options":{"image_generator_settings":{"template":"highway","default_image_id":0,"font":"","enabled":false},"version":2}},"pwb-brand":[101],"product_brand":[],"product_cat":[31,307],"product_tag":[],"class_list":{"0":"post-9489","1":"product","2":"type-product","3":"status-publish","4":"has-post-thumbnail","6":"pwb-brand-zkteco-guatemala","7":"product_cat-punto-de-venta","8":"product_cat-cashdrawers","10":"first","11":"instock","12":"sale","13":"taxable","14":"shipping-taxable","15":"purchasable","16":"product-type-simple"},"yoast_head":"<!-- This site is optimized with the Yoast SEO Premium plugin v25.7.1 (Yoast SEO v26.8) - https:\/\/yoast.com\/product\/yoast-seo-premium-wordpress\/ -->\n<title>Caja de Efectivo Cash Drawer met\u00e1lico ZKC508 ZKTeco - Mivoot<\/title>\n<meta name=\"robots\" content=\"index, follow, max-snippet:-1, max-image-preview:large, max-video-preview:-1\" \/>\n<link rel=\"canonical\" href=\"https:\/\/mivoot.com\/gt\/producto\/cash-drawer-cajon-metalico-de-efectivo-zkc508-zkteco\/\" \/>\n<meta property=\"og:locale\" content=\"es_ES\" \/>\n<meta property=\"og:type\" content=\"article\" \/>\n<meta property=\"og:title\" content=\"Caja de Efectivo Cash Drawer met\u00e1lico ZKC508 ZKTeco\" \/>\n<meta property=\"og:description\" content=\"- 5 espacios para billetes, 8 para monedas, 1 para cheques. - Cerradura de 3 posiciones. - Sujeta-billetes met\u00e1lico. - Interfaz: RJ11 (conectado directamente con la impresora de recibos y la interfaz de caja 12 V o 24 V) - Cerradura Cerraduras de 3 posiciones - Dimensiones 410 mm (W) x 420 mm (L) x 100 mm (H) (excluyendo pies de goma)\" \/>\n<meta property=\"og:url\" content=\"https:\/\/mivoot.com\/gt\/producto\/cash-drawer-cajon-metalico-de-efectivo-zkc508-zkteco\/\" \/>\n<meta property=\"og:site_name\" content=\"Mivoot\" \/>\n<meta property=\"article:publisher\" content=\"https:\/\/www.facebook.com\/mivootgt\" \/>\n<meta property=\"article:modified_time\" content=\"2025-03-27T18:14:15+00:00\" \/>\n<meta property=\"og:image\" content=\"https:\/\/mivoot.com\/gt\/wp-content\/uploads\/2022\/08\/cajon-metalico-para-efectivo-zkteco-zkc0508-min.jpg\" \/>\n\t<meta property=\"og:image:width\" content=\"800\" \/>\n\t<meta property=\"og:image:height\" content=\"800\" \/>\n\t<meta property=\"og:image:type\" content=\"image\/jpeg\" \/>\n<meta name=\"twitter:card\" content=\"summary_large_image\" \/>\n<meta name=\"twitter:label1\" content=\"Est. reading time\" \/>\n\t<meta name=\"twitter:data1\" content=\"1 minuto\" \/>\n<script type=\"application\/ld+json\" class=\"yoast-schema-graph\">{\"@context\":\"https:\/\/schema.org\",\"@graph\":[{\"@type\":\"WebPage\",\"@id\":\"https:\/\/mivoot.com\/gt\/producto\/cash-drawer-cajon-metalico-de-efectivo-zkc508-zkteco\/\",\"url\":\"https:\/\/mivoot.com\/gt\/producto\/cash-drawer-cajon-metalico-de-efectivo-zkc508-zkteco\/\",\"name\":\"Caja de Efectivo Cash Drawer met\u00e1lico ZKC508 ZKTeco - Mivoot\",\"isPartOf\":{\"@id\":\"https:\/\/mivoot.com\/gt\/#website\"},\"primaryImageOfPage\":{\"@id\":\"https:\/\/mivoot.com\/gt\/producto\/cash-drawer-cajon-metalico-de-efectivo-zkc508-zkteco\/#primaryimage\"},\"image\":{\"@id\":\"https:\/\/mivoot.com\/gt\/producto\/cash-drawer-cajon-metalico-de-efectivo-zkc508-zkteco\/#primaryimage\"},\"thumbnailUrl\":\"https:\/\/mivoot.com\/gt\/wp-content\/uploads\/2022\/08\/cajon-metalico-para-efectivo-zkteco-zkc0508-min.jpg\",\"datePublished\":\"2022-08-12T20:35:50+00:00\",\"dateModified\":\"2025-03-27T18:14:15+00:00\",\"breadcrumb\":{\"@id\":\"https:\/\/mivoot.com\/gt\/producto\/cash-drawer-cajon-metalico-de-efectivo-zkc508-zkteco\/#breadcrumb\"},\"inLanguage\":\"es\",\"potentialAction\":[{\"@type\":\"ReadAction\",\"target\":[\"https:\/\/mivoot.com\/gt\/producto\/cash-drawer-cajon-metalico-de-efectivo-zkc508-zkteco\/\"]}]},{\"@type\":\"ImageObject\",\"inLanguage\":\"es\",\"@id\":\"https:\/\/mivoot.com\/gt\/producto\/cash-drawer-cajon-metalico-de-efectivo-zkc508-zkteco\/#primaryimage\",\"url\":\"https:\/\/mivoot.com\/gt\/wp-content\/uploads\/2022\/08\/cajon-metalico-para-efectivo-zkteco-zkc0508-min.jpg\",\"contentUrl\":\"https:\/\/mivoot.com\/gt\/wp-content\/uploads\/2022\/08\/cajon-metalico-para-efectivo-zkteco-zkc0508-min.jpg\",\"width\":800,\"height\":800},{\"@type\":\"BreadcrumbList\",\"@id\":\"https:\/\/mivoot.com\/gt\/producto\/cash-drawer-cajon-metalico-de-efectivo-zkc508-zkteco\/#breadcrumb\",\"itemListElement\":[{\"@type\":\"ListItem\",\"position\":1,\"name\":\"Inicio\",\"item\":\"https:\/\/mivoot.com\/gt\/\"},{\"@type\":\"ListItem\",\"position\":2,\"name\":\"Productos\",\"item\":\"https:\/\/mivoot.com\/gt\/producto\/\"},{\"@type\":\"ListItem\",\"position\":3,\"name\":\"ZKTeco\",\"item\":\"https:\/\/mivoot.com\/gt\/marca\/zkteco-guatemala\/\"},{\"@type\":\"ListItem\",\"position\":4,\"name\":\"Caja de Efectivo Cash Drawer met\u00e1lico ZKC508 ZKTeco\"}]},{\"@type\":\"WebSite\",\"@id\":\"https:\/\/mivoot.com\/gt\/#website\",\"url\":\"https:\/\/mivoot.com\/gt\/\",\"name\":\"Mivoot\",\"description\":\"Mivoot Guatemala | Tienda Online\",\"publisher\":{\"@id\":\"https:\/\/mivoot.com\/gt\/#organization\"},\"alternateName\":\"mivoot\",\"potentialAction\":[{\"@type\":\"SearchAction\",\"target\":{\"@type\":\"EntryPoint\",\"urlTemplate\":\"https:\/\/mivoot.com\/gt\/?s={search_term_string}\"},\"query-input\":{\"@type\":\"PropertyValueSpecification\",\"valueRequired\":true,\"valueName\":\"search_term_string\"}}],\"inLanguage\":\"es\"},{\"@type\":\"Organization\",\"@id\":\"https:\/\/mivoot.com\/gt\/#organization\",\"name\":\"Mivoot Guatemala\",\"alternateName\":\"mivoot.com\",\"url\":\"https:\/\/mivoot.com\/gt\/\",\"logo\":{\"@type\":\"ImageObject\",\"inLanguage\":\"es\",\"@id\":\"https:\/\/mivoot.com\/gt\/#\/schema\/logo\/image\/\",\"url\":\"https:\/\/mivoot.com\/gt\/wp-content\/uploads\/2023\/03\/cropped-icon.png\",\"contentUrl\":\"https:\/\/mivoot.com\/gt\/wp-content\/uploads\/2023\/03\/cropped-icon.png\",\"width\":512,\"height\":512,\"caption\":\"Mivoot Guatemala\"},\"image\":{\"@id\":\"https:\/\/mivoot.com\/gt\/#\/schema\/logo\/image\/\"},\"sameAs\":[\"https:\/\/www.facebook.com\/mivootgt\",\"https:\/\/instagram.com\/mivoot\"]}]}<\/script>\n<!-- \/ Yoast SEO Premium plugin. -->","yoast_head_json":{"title":"Caja de Efectivo Cash Drawer met\u00e1lico ZKC508 ZKTeco - Mivoot","robots":{"index":"index","follow":"follow","max-snippet":"max-snippet:-1","max-image-preview":"max-image-preview:large","max-video-preview":"max-video-preview:-1"},"canonical":"https:\/\/mivoot.com\/gt\/producto\/cash-drawer-cajon-metalico-de-efectivo-zkc508-zkteco\/","og_locale":"es_ES","og_type":"article","og_title":"Caja de Efectivo Cash Drawer met\u00e1lico ZKC508 ZKTeco","og_description":"- 5 espacios para billetes, 8 para monedas, 1 para cheques. - Cerradura de 3 posiciones. - Sujeta-billetes met\u00e1lico. - Interfaz: RJ11 (conectado directamente con la impresora de recibos y la interfaz de caja 12 V o 24 V) - Cerradura Cerraduras de 3 posiciones - Dimensiones 410 mm (W) x 420 mm (L) x 100 mm (H) (excluyendo pies de goma)","og_url":"https:\/\/mivoot.com\/gt\/producto\/cash-drawer-cajon-metalico-de-efectivo-zkc508-zkteco\/","og_site_name":"Mivoot","article_publisher":"https:\/\/www.facebook.com\/mivootgt","article_modified_time":"2025-03-27T18:14:15+00:00","og_image":[{"width":800,"height":800,"url":"https:\/\/mivoot.com\/gt\/wp-content\/uploads\/2022\/08\/cajon-metalico-para-efectivo-zkteco-zkc0508-min.jpg","type":"image\/jpeg"}],"twitter_card":"summary_large_image","twitter_misc":{"Est. reading time":"1 minuto"},"schema":{"@context":"https:\/\/schema.org","@graph":[{"@type":"WebPage","@id":"https:\/\/mivoot.com\/gt\/producto\/cash-drawer-cajon-metalico-de-efectivo-zkc508-zkteco\/","url":"https:\/\/mivoot.com\/gt\/producto\/cash-drawer-cajon-metalico-de-efectivo-zkc508-zkteco\/","name":"Caja de Efectivo Cash Drawer met\u00e1lico ZKC508 ZKTeco - Mivoot","isPartOf":{"@id":"https:\/\/mivoot.com\/gt\/#website"},"primaryImageOfPage":{"@id":"https:\/\/mivoot.com\/gt\/producto\/cash-drawer-cajon-metalico-de-efectivo-zkc508-zkteco\/#primaryimage"},"image":{"@id":"https:\/\/mivoot.com\/gt\/producto\/cash-drawer-cajon-metalico-de-efectivo-zkc508-zkteco\/#primaryimage"},"thumbnailUrl":"https:\/\/mivoot.com\/gt\/wp-content\/uploads\/2022\/08\/cajon-metalico-para-efectivo-zkteco-zkc0508-min.jpg","datePublished":"2022-08-12T20:35:50+00:00","dateModified":"2025-03-27T18:14:15+00:00","breadcrumb":{"@id":"https:\/\/mivoot.com\/gt\/producto\/cash-drawer-cajon-metalico-de-efectivo-zkc508-zkteco\/#breadcrumb"},"inLanguage":"es","potentialAction":[{"@type":"ReadAction","target":["https:\/\/mivoot.com\/gt\/producto\/cash-drawer-cajon-metalico-de-efectivo-zkc508-zkteco\/"]}]},{"@type":"ImageObject","inLanguage":"es","@id":"https:\/\/mivoot.com\/gt\/producto\/cash-drawer-cajon-metalico-de-efectivo-zkc508-zkteco\/#primaryimage","url":"https:\/\/mivoot.com\/gt\/wp-content\/uploads\/2022\/08\/cajon-metalico-para-efectivo-zkteco-zkc0508-min.jpg","contentUrl":"https:\/\/mivoot.com\/gt\/wp-content\/uploads\/2022\/08\/cajon-metalico-para-efectivo-zkteco-zkc0508-min.jpg","width":800,"height":800},{"@type":"BreadcrumbList","@id":"https:\/\/mivoot.com\/gt\/producto\/cash-drawer-cajon-metalico-de-efectivo-zkc508-zkteco\/#breadcrumb","itemListElement":[{"@type":"ListItem","position":1,"name":"Inicio","item":"https:\/\/mivoot.com\/gt\/"},{"@type":"ListItem","position":2,"name":"Productos","item":"https:\/\/mivoot.com\/gt\/producto\/"},{"@type":"ListItem","position":3,"name":"ZKTeco","item":"https:\/\/mivoot.com\/gt\/marca\/zkteco-guatemala\/"},{"@type":"ListItem","position":4,"name":"Caja de Efectivo Cash Drawer met\u00e1lico ZKC508 ZKTeco"}]},{"@type":"WebSite","@id":"https:\/\/mivoot.com\/gt\/#website","url":"https:\/\/mivoot.com\/gt\/","name":"Mivoot","description":"Mivoot Guatemala | Tienda Online","publisher":{"@id":"https:\/\/mivoot.com\/gt\/#organization"},"alternateName":"mivoot","potentialAction":[{"@type":"SearchAction","target":{"@type":"EntryPoint","urlTemplate":"https:\/\/mivoot.com\/gt\/?s={search_term_string}"},"query-input":{"@type":"PropertyValueSpecification","valueRequired":true,"valueName":"search_term_string"}}],"inLanguage":"es"},{"@type":"Organization","@id":"https:\/\/mivoot.com\/gt\/#organization","name":"Mivoot Guatemala","alternateName":"mivoot.com","url":"https:\/\/mivoot.com\/gt\/","logo":{"@type":"ImageObject","inLanguage":"es","@id":"https:\/\/mivoot.com\/gt\/#\/schema\/logo\/image\/","url":"https:\/\/mivoot.com\/gt\/wp-content\/uploads\/2023\/03\/cropped-icon.png","contentUrl":"https:\/\/mivoot.com\/gt\/wp-content\/uploads\/2023\/03\/cropped-icon.png","width":512,"height":512,"caption":"Mivoot Guatemala"},"image":{"@id":"https:\/\/mivoot.com\/gt\/#\/schema\/logo\/image\/"},"sameAs":["https:\/\/www.facebook.com\/mivootgt","https:\/\/instagram.com\/mivoot"]}]}},"jetpack_publicize_connections":[],"jetpack_sharing_enabled":true,"brands":[{"id":101,"name":"ZKTeco","slug":"zkteco-guatemala"}],"_links":{"self":[{"href":"https:\/\/mivoot.com\/gt\/wp-json\/wp\/v2\/product\/9489","targetHints":{"allow":["GET"]}}],"collection":[{"href":"https:\/\/mivoot.com\/gt\/wp-json\/wp\/v2\/product"}],"about":[{"href":"https:\/\/mivoot.com\/gt\/wp-json\/wp\/v2\/types\/product"}],"replies":[{"embeddable":true,"href":"https:\/\/mivoot.com\/gt\/wp-json\/wp\/v2\/comments?post=9489"}],"version-history":[{"count":4,"href":"https:\/\/mivoot.com\/gt\/wp-json\/wp\/v2\/product\/9489\/revisions"}],"predecessor-version":[{"id":27403,"href":"https:\/\/mivoot.com\/gt\/wp-json\/wp\/v2\/product\/9489\/revisions\/27403"}],"wp:featuredmedia":[{"embeddable":true,"href":"https:\/\/mivoot.com\/gt\/wp-json\/wp\/v2\/media\/9491"}],"wp:attachment":[{"href":"https:\/\/mivoot.com\/gt\/wp-json\/wp\/v2\/media?parent=9489"}],"wp:term":[{"taxonomy":"pwb-brand","embeddable":true,"href":"https:\/\/mivoot.com\/gt\/wp-json\/wp\/v2\/pwb-brand?post=9489"},{"taxonomy":"product_brand","embeddable":true,"href":"https:\/\/mivoot.com\/gt\/wp-json\/wp\/v2\/product_brand?post=9489"},{"taxonomy":"product_cat","embeddable":true,"href":"https:\/\/mivoot.com\/gt\/wp-json\/wp\/v2\/product_cat?post=9489"},{"taxonomy":"product_tag","embeddable":true,"href":"https:\/\/mivoot.com\/gt\/wp-json\/wp\/v2\/product_tag?post=9489"}],"curies":[{"name":"wp","href":"https:\/\/api.w.org\/{rel}","templated":true}]}}