{"id":9494,"date":"2023-02-12T14:42:34","date_gmt":"2023-02-12T20:42:34","guid":{"rendered":"https:\/\/mivoot.com\/gt\/?post_type=product&#038;p=9494"},"modified":"2024-04-23T14:52:21","modified_gmt":"2024-04-23T20:52:21","slug":"impresora-termica-de-recibos-80mm","status":"publish","type":"product","link":"https:\/\/mivoot.com\/gt\/producto\/impresora-termica-de-recibos-80mm\/","title":{"rendered":"Impresora T\u00e9rmica de Recibos 80mm USB LAN SERIAL RPT006 3nStar"},"content":{"rendered":"<h2 style=\"text-align: center;\">IMPRESORA TERMICA 3NSTAR RPT006S 80MM USB\/RED\/SERIAL<\/h2>\n<p>La Impresora t\u00e9rmica de recibos RPT006S ofrece econom\u00eda, confiabilidad y dise\u00f1o estilizado, construida con componentes de alta gama, mecanismo de alta calidad y f\u00e1cil de configurar.<\/p>\n<p>Se puede montar en pared y cuenta con interfaces USB, LAN y opci\u00f3n de interfaces Serial<\/p>\n<p>Incluye controladores de Windows, Linux y OPOS.<\/p>\n<h3 class=\"fusion-woocommerce-tab-title fusion-responsive-typography-calculated\" data-fontsize=\"20\" data-lineheight=\"37.6px\">Descripci\u00f3n<\/h3>\n<p>La impresora t\u00e9rmica directa de recibos RPT006 \u200b\u200bofrece asequibilidad, confiabilidad y un dise\u00f1o elegante, construido con componentes de alta gama, mecanismo de alta calidad y f\u00e1cil de configurar.<br \/>\nSe puede montar en la pared y cuenta con impresi\u00f3n r\u00e1pida, est\u00e1ndar de interfaz USB y Ethernet.\u00a0Interfaz serial, Bluetooth o Wi-Fi opcional.<\/p>\n<h3 class=\"fusion-responsive-typography-calculated\" data-fontsize=\"18\" data-lineheight=\"33.84px\">Caracter\u00edsticas:<\/h3>\n<ul>\n<li>Montable en la pared<\/li>\n<li>Sistema de control de corte inteligente<\/li>\n<li>Funci\u00f3n de alarma de audio para pedidos desatendidos<\/li>\n<li>\u00a0Caracteres definibles por el usuario<\/li>\n<li>Configuraci\u00f3n autom\u00e1tica de IP<\/li>\n<li>Firmware actualizable en campo<\/li>\n<li>Capaz de imprimir c\u00f3digo QR y PDF417<\/li>\n<li>Admite logotipo NV<\/li>\n<li>Funci\u00f3n de ahorro de papel<\/li>\n<li>Admite ajuste de ancho de impresi\u00f3n<\/li>\n<li>F\u00e1cil carga de papel<\/li>\n<li>Incluye controladores de Windows, Linux y OPOS.<\/li>\n<\/ul>\n<h2>Especificaciones<\/h2>\n<ul>\n<li>-Sensor: Sin papel, cubierta abierta, orden entrante<\/li>\n<li>Puerto para gaveta: 1 puerto DC 24V<\/li>\n<li>Memoria: NV Flash 256K, Buffer 64K<\/li>\n<li>Vida \u00fatil del cabezal: 100Km<\/li>\n<li>Tipo de Auto cortador: Guillotina<\/li>\n<li>Vida \u00fatil auto cortador: 1,500,000 cortes<\/li>\n<li>Interfaces: USB, LAN, Serial<\/li>\n<li>M\u00e9todo impresi\u00f3n: T\u00e9rmica Directo<\/li>\n<li>Velocidad: RPT006 S\/B\/W: 260 mm\/s<\/li>\n<li>Resoluci\u00f3n: 8 dots-mm, 576 dots-mm<\/li>\n<li>M\u00e1ximo Ancho de impresi\u00f3n: 72mm<\/li>\n<li>Tipo de papel: Papel T\u00e9rmico<\/li>\n<li>Ancho del Rollo 79.5\u00b1 0.5mm<\/li>\n<li>Grueso del papel: 0.06mm-0.08mm<\/li>\n<li>Di\u00e1metro M\u00e1ximo del Rollo de papel: 80mm (Max)<\/li>\n<li>Software: Emulaci\u00f3n ESC\/POS<\/li>\n<li>Drivers: Windows, Linux, OPOS<\/li>\n<li>Impresi\u00f3n c\u00f3digos 2D: QR C\u00f3digo, PDF417<\/li>\n<li>Impresi\u00f3n c\u00f3digos 1D: UPC-A, UPC-E,EAN-13,EAN-8,CODE39<\/li>\n<li>Entrada de corriente: DC 24V\/2.5A<\/li>\n<li>Salida de corriente: AC 110V\/220V, 50~60Hz (Adaptador)<\/li>\n<li>Dimensiones: 290mm (L) x 180mm (w) x 215mm (H)<\/li>\n<li>Peso Bruto: 1.77Kg<\/li>\n<\/ul>\n<p>&nbsp;<\/p>\n<p>&nbsp;<\/p>\n<p><img decoding=\"async\" class=\"aligncenter\" src=\"https:\/\/scontent.fgua2-1.fna.fbcdn.net\/v\/t1.6435-9\/180142906_1646863595503788_1635299430769173573_n.jpg?_nc_cat=107&amp;ccb=1-7&amp;_nc_sid=5f2048&amp;_nc_ohc=NsTC2jE_Nk8Ab4FXnul&amp;_nc_ht=scontent.fgua2-1.fna&amp;oh=00_AfB7MIW0niAncqN-eQl2aTFw8jzEuQPaAricrJiKVVglDA&amp;oe=664F953C\" alt=\"No hay ninguna descripci\u00f3n de la foto disponible.\" \/><\/p>\n","protected":false},"excerpt":{"rendered":"<p>&#8211; M\u00e9todo de impresi\u00f3n T\u00e9rmico Directo<br \/>\n&#8211; Ancho de Impresi\u00f3n 80mm (3&#8243;)<br \/>\n&#8211; Interfaz Serial, USB, LAN<br \/>\n&#8211; Montable en la pared<br \/>\n&#8211; Sistema de control de corte inteligente<br \/>\n&#8211; Funci\u00f3n de alarma de audio para pedidos desatendidos<br \/>\n&#8211; Caracteres definibles por el usuario<br \/>\n&#8211; Configuraci\u00f3n autom\u00e1tica de IP<br \/>\n&#8211; Firmware actualizable en campo<br \/>\n&#8211; Funci\u00f3n de ahorro de papel<br \/>\n&#8211; Admite ajuste de ancho de impresi\u00f3n<br \/>\n&#8211; F\u00e1cil carga de papel<br \/>\n&#8211; Incluye controladores de Windows, Linux y OPOS.<\/p>\n","protected":false},"featured_media":9495,"comment_status":"open","ping_status":"closed","template":"","meta":{"jetpack_publicize_message":"","jetpack_publicize_feature_enabled":true,"jetpack_social_post_already_shared":false,"jetpack_social_options":{"image_generator_settings":{"template":"highway","default_image_id":0,"font":"","enabled":false},"version":2}},"pwb-brand":[312],"product_brand":[],"product_cat":[174,31,305],"product_tag":[],"class_list":{"0":"post-9494","1":"product","2":"type-product","3":"status-publish","4":"has-post-thumbnail","6":"pwb-brand-3nstar","7":"product_cat-imptermica","8":"product_cat-punto-de-venta","9":"product_cat-impresoratermicarecibos","11":"first","12":"instock","13":"sale","14":"taxable","15":"shipping-taxable","16":"purchasable","17":"product-type-simple"},"yoast_head":"<!-- This site is optimized with the Yoast SEO Premium plugin v25.7.1 (Yoast SEO v26.8) - https:\/\/yoast.com\/product\/yoast-seo-premium-wordpress\/ -->\n<title>Impresora T\u00e9rmica de Recibos 80mm USB LAN SERIAL RPT006 3nStar - Mivoot<\/title>\n<meta name=\"robots\" content=\"index, follow, max-snippet:-1, max-image-preview:large, max-video-preview:-1\" \/>\n<link rel=\"canonical\" href=\"https:\/\/mivoot.com\/gt\/producto\/impresora-termica-de-recibos-80mm\/\" \/>\n<meta property=\"og:locale\" content=\"es_ES\" \/>\n<meta property=\"og:type\" content=\"article\" \/>\n<meta property=\"og:title\" content=\"Impresora T\u00e9rmica de Recibos 80mm USB LAN SERIAL RPT006 3nStar\" \/>\n<meta property=\"og:description\" content=\"- M\u00e9todo de impresi\u00f3n T\u00e9rmico Directo - Ancho de Impresi\u00f3n 80mm (3&quot;) - Interfaz Serial, USB, LAN - Montable en la pared - Sistema de control de corte inteligente - Funci\u00f3n de alarma de audio para pedidos desatendidos - Caracteres definibles por el usuario - Configuraci\u00f3n autom\u00e1tica de IP - Firmware actualizable en campo - Funci\u00f3n de ahorro de papel - Admite ajuste de ancho de impresi\u00f3n - F\u00e1cil carga de papel - Incluye controladores de Windows, Linux y OPOS.\" \/>\n<meta property=\"og:url\" content=\"https:\/\/mivoot.com\/gt\/producto\/impresora-termica-de-recibos-80mm\/\" \/>\n<meta property=\"og:site_name\" content=\"Mivoot\" \/>\n<meta property=\"article:publisher\" content=\"https:\/\/www.facebook.com\/mivootgt\" \/>\n<meta property=\"article:modified_time\" content=\"2024-04-23T20:52:21+00:00\" \/>\n<meta property=\"og:image\" content=\"https:\/\/mivoot.com\/gt\/wp-content\/uploads\/2022\/08\/RPT006-1-2-1.jpg\" \/>\n\t<meta property=\"og:image:width\" content=\"500\" \/>\n\t<meta property=\"og:image:height\" content=\"500\" \/>\n\t<meta property=\"og:image:type\" content=\"image\/jpeg\" \/>\n<meta name=\"twitter:card\" content=\"summary_large_image\" \/>\n<meta name=\"twitter:label1\" content=\"Est. reading time\" \/>\n\t<meta name=\"twitter:data1\" content=\"2 minutos\" \/>\n<script type=\"application\/ld+json\" class=\"yoast-schema-graph\">{\"@context\":\"https:\/\/schema.org\",\"@graph\":[{\"@type\":\"WebPage\",\"@id\":\"https:\/\/mivoot.com\/gt\/producto\/impresora-termica-de-recibos-80mm\/\",\"url\":\"https:\/\/mivoot.com\/gt\/producto\/impresora-termica-de-recibos-80mm\/\",\"name\":\"Impresora T\u00e9rmica de Recibos 80mm USB LAN SERIAL RPT006 3nStar - Mivoot\",\"isPartOf\":{\"@id\":\"https:\/\/mivoot.com\/gt\/#website\"},\"primaryImageOfPage\":{\"@id\":\"https:\/\/mivoot.com\/gt\/producto\/impresora-termica-de-recibos-80mm\/#primaryimage\"},\"image\":{\"@id\":\"https:\/\/mivoot.com\/gt\/producto\/impresora-termica-de-recibos-80mm\/#primaryimage\"},\"thumbnailUrl\":\"https:\/\/mivoot.com\/gt\/wp-content\/uploads\/2022\/08\/RPT006-1-2-1.jpg\",\"datePublished\":\"2023-02-12T20:42:34+00:00\",\"dateModified\":\"2024-04-23T20:52:21+00:00\",\"breadcrumb\":{\"@id\":\"https:\/\/mivoot.com\/gt\/producto\/impresora-termica-de-recibos-80mm\/#breadcrumb\"},\"inLanguage\":\"es\",\"potentialAction\":[{\"@type\":\"ReadAction\",\"target\":[\"https:\/\/mivoot.com\/gt\/producto\/impresora-termica-de-recibos-80mm\/\"]}]},{\"@type\":\"ImageObject\",\"inLanguage\":\"es\",\"@id\":\"https:\/\/mivoot.com\/gt\/producto\/impresora-termica-de-recibos-80mm\/#primaryimage\",\"url\":\"https:\/\/mivoot.com\/gt\/wp-content\/uploads\/2022\/08\/RPT006-1-2-1.jpg\",\"contentUrl\":\"https:\/\/mivoot.com\/gt\/wp-content\/uploads\/2022\/08\/RPT006-1-2-1.jpg\",\"width\":500,\"height\":500},{\"@type\":\"BreadcrumbList\",\"@id\":\"https:\/\/mivoot.com\/gt\/producto\/impresora-termica-de-recibos-80mm\/#breadcrumb\",\"itemListElement\":[{\"@type\":\"ListItem\",\"position\":1,\"name\":\"Inicio\",\"item\":\"https:\/\/mivoot.com\/gt\/\"},{\"@type\":\"ListItem\",\"position\":2,\"name\":\"Productos\",\"item\":\"https:\/\/mivoot.com\/gt\/producto\/\"},{\"@type\":\"ListItem\",\"position\":3,\"name\":\"3nStar\",\"item\":\"https:\/\/mivoot.com\/gt\/marca\/3nstar\/\"},{\"@type\":\"ListItem\",\"position\":4,\"name\":\"Impresora T\u00e9rmica de Recibos 80mm USB LAN SERIAL RPT006 3nStar\"}]},{\"@type\":\"WebSite\",\"@id\":\"https:\/\/mivoot.com\/gt\/#website\",\"url\":\"https:\/\/mivoot.com\/gt\/\",\"name\":\"Mivoot\",\"description\":\"Mivoot Guatemala | Tienda Online\",\"publisher\":{\"@id\":\"https:\/\/mivoot.com\/gt\/#organization\"},\"alternateName\":\"mivoot\",\"potentialAction\":[{\"@type\":\"SearchAction\",\"target\":{\"@type\":\"EntryPoint\",\"urlTemplate\":\"https:\/\/mivoot.com\/gt\/?s={search_term_string}\"},\"query-input\":{\"@type\":\"PropertyValueSpecification\",\"valueRequired\":true,\"valueName\":\"search_term_string\"}}],\"inLanguage\":\"es\"},{\"@type\":\"Organization\",\"@id\":\"https:\/\/mivoot.com\/gt\/#organization\",\"name\":\"Mivoot Guatemala\",\"alternateName\":\"mivoot.com\",\"url\":\"https:\/\/mivoot.com\/gt\/\",\"logo\":{\"@type\":\"ImageObject\",\"inLanguage\":\"es\",\"@id\":\"https:\/\/mivoot.com\/gt\/#\/schema\/logo\/image\/\",\"url\":\"https:\/\/mivoot.com\/gt\/wp-content\/uploads\/2023\/03\/cropped-icon.png\",\"contentUrl\":\"https:\/\/mivoot.com\/gt\/wp-content\/uploads\/2023\/03\/cropped-icon.png\",\"width\":512,\"height\":512,\"caption\":\"Mivoot Guatemala\"},\"image\":{\"@id\":\"https:\/\/mivoot.com\/gt\/#\/schema\/logo\/image\/\"},\"sameAs\":[\"https:\/\/www.facebook.com\/mivootgt\",\"https:\/\/instagram.com\/mivoot\"]}]}<\/script>\n<!-- \/ Yoast SEO Premium plugin. -->","yoast_head_json":{"title":"Impresora T\u00e9rmica de Recibos 80mm USB LAN SERIAL RPT006 3nStar - Mivoot","robots":{"index":"index","follow":"follow","max-snippet":"max-snippet:-1","max-image-preview":"max-image-preview:large","max-video-preview":"max-video-preview:-1"},"canonical":"https:\/\/mivoot.com\/gt\/producto\/impresora-termica-de-recibos-80mm\/","og_locale":"es_ES","og_type":"article","og_title":"Impresora T\u00e9rmica de Recibos 80mm USB LAN SERIAL RPT006 3nStar","og_description":"- M\u00e9todo de impresi\u00f3n T\u00e9rmico Directo - Ancho de Impresi\u00f3n 80mm (3\") - Interfaz Serial, USB, LAN - Montable en la pared - Sistema de control de corte inteligente - Funci\u00f3n de alarma de audio para pedidos desatendidos - Caracteres definibles por el usuario - Configuraci\u00f3n autom\u00e1tica de IP - Firmware actualizable en campo - Funci\u00f3n de ahorro de papel - Admite ajuste de ancho de impresi\u00f3n - F\u00e1cil carga de papel - Incluye controladores de Windows, Linux y OPOS.","og_url":"https:\/\/mivoot.com\/gt\/producto\/impresora-termica-de-recibos-80mm\/","og_site_name":"Mivoot","article_publisher":"https:\/\/www.facebook.com\/mivootgt","article_modified_time":"2024-04-23T20:52:21+00:00","og_image":[{"width":500,"height":500,"url":"https:\/\/mivoot.com\/gt\/wp-content\/uploads\/2022\/08\/RPT006-1-2-1.jpg","type":"image\/jpeg"}],"twitter_card":"summary_large_image","twitter_misc":{"Est. reading time":"2 minutos"},"schema":{"@context":"https:\/\/schema.org","@graph":[{"@type":"WebPage","@id":"https:\/\/mivoot.com\/gt\/producto\/impresora-termica-de-recibos-80mm\/","url":"https:\/\/mivoot.com\/gt\/producto\/impresora-termica-de-recibos-80mm\/","name":"Impresora T\u00e9rmica de Recibos 80mm USB LAN SERIAL RPT006 3nStar - Mivoot","isPartOf":{"@id":"https:\/\/mivoot.com\/gt\/#website"},"primaryImageOfPage":{"@id":"https:\/\/mivoot.com\/gt\/producto\/impresora-termica-de-recibos-80mm\/#primaryimage"},"image":{"@id":"https:\/\/mivoot.com\/gt\/producto\/impresora-termica-de-recibos-80mm\/#primaryimage"},"thumbnailUrl":"https:\/\/mivoot.com\/gt\/wp-content\/uploads\/2022\/08\/RPT006-1-2-1.jpg","datePublished":"2023-02-12T20:42:34+00:00","dateModified":"2024-04-23T20:52:21+00:00","breadcrumb":{"@id":"https:\/\/mivoot.com\/gt\/producto\/impresora-termica-de-recibos-80mm\/#breadcrumb"},"inLanguage":"es","potentialAction":[{"@type":"ReadAction","target":["https:\/\/mivoot.com\/gt\/producto\/impresora-termica-de-recibos-80mm\/"]}]},{"@type":"ImageObject","inLanguage":"es","@id":"https:\/\/mivoot.com\/gt\/producto\/impresora-termica-de-recibos-80mm\/#primaryimage","url":"https:\/\/mivoot.com\/gt\/wp-content\/uploads\/2022\/08\/RPT006-1-2-1.jpg","contentUrl":"https:\/\/mivoot.com\/gt\/wp-content\/uploads\/2022\/08\/RPT006-1-2-1.jpg","width":500,"height":500},{"@type":"BreadcrumbList","@id":"https:\/\/mivoot.com\/gt\/producto\/impresora-termica-de-recibos-80mm\/#breadcrumb","itemListElement":[{"@type":"ListItem","position":1,"name":"Inicio","item":"https:\/\/mivoot.com\/gt\/"},{"@type":"ListItem","position":2,"name":"Productos","item":"https:\/\/mivoot.com\/gt\/producto\/"},{"@type":"ListItem","position":3,"name":"3nStar","item":"https:\/\/mivoot.com\/gt\/marca\/3nstar\/"},{"@type":"ListItem","position":4,"name":"Impresora T\u00e9rmica de Recibos 80mm USB LAN SERIAL RPT006 3nStar"}]},{"@type":"WebSite","@id":"https:\/\/mivoot.com\/gt\/#website","url":"https:\/\/mivoot.com\/gt\/","name":"Mivoot","description":"Mivoot Guatemala | Tienda Online","publisher":{"@id":"https:\/\/mivoot.com\/gt\/#organization"},"alternateName":"mivoot","potentialAction":[{"@type":"SearchAction","target":{"@type":"EntryPoint","urlTemplate":"https:\/\/mivoot.com\/gt\/?s={search_term_string}"},"query-input":{"@type":"PropertyValueSpecification","valueRequired":true,"valueName":"search_term_string"}}],"inLanguage":"es"},{"@type":"Organization","@id":"https:\/\/mivoot.com\/gt\/#organization","name":"Mivoot Guatemala","alternateName":"mivoot.com","url":"https:\/\/mivoot.com\/gt\/","logo":{"@type":"ImageObject","inLanguage":"es","@id":"https:\/\/mivoot.com\/gt\/#\/schema\/logo\/image\/","url":"https:\/\/mivoot.com\/gt\/wp-content\/uploads\/2023\/03\/cropped-icon.png","contentUrl":"https:\/\/mivoot.com\/gt\/wp-content\/uploads\/2023\/03\/cropped-icon.png","width":512,"height":512,"caption":"Mivoot Guatemala"},"image":{"@id":"https:\/\/mivoot.com\/gt\/#\/schema\/logo\/image\/"},"sameAs":["https:\/\/www.facebook.com\/mivootgt","https:\/\/instagram.com\/mivoot"]}]}},"jetpack_publicize_connections":[],"jetpack_sharing_enabled":true,"brands":[{"id":312,"name":"3nStar","slug":"3nstar"}],"_links":{"self":[{"href":"https:\/\/mivoot.com\/gt\/wp-json\/wp\/v2\/product\/9494","targetHints":{"allow":["GET"]}}],"collection":[{"href":"https:\/\/mivoot.com\/gt\/wp-json\/wp\/v2\/product"}],"about":[{"href":"https:\/\/mivoot.com\/gt\/wp-json\/wp\/v2\/types\/product"}],"replies":[{"embeddable":true,"href":"https:\/\/mivoot.com\/gt\/wp-json\/wp\/v2\/comments?post=9494"}],"version-history":[{"count":6,"href":"https:\/\/mivoot.com\/gt\/wp-json\/wp\/v2\/product\/9494\/revisions"}],"predecessor-version":[{"id":10112,"href":"https:\/\/mivoot.com\/gt\/wp-json\/wp\/v2\/product\/9494\/revisions\/10112"}],"wp:featuredmedia":[{"embeddable":true,"href":"https:\/\/mivoot.com\/gt\/wp-json\/wp\/v2\/media\/9495"}],"wp:attachment":[{"href":"https:\/\/mivoot.com\/gt\/wp-json\/wp\/v2\/media?parent=9494"}],"wp:term":[{"taxonomy":"pwb-brand","embeddable":true,"href":"https:\/\/mivoot.com\/gt\/wp-json\/wp\/v2\/pwb-brand?post=9494"},{"taxonomy":"product_brand","embeddable":true,"href":"https:\/\/mivoot.com\/gt\/wp-json\/wp\/v2\/product_brand?post=9494"},{"taxonomy":"product_cat","embeddable":true,"href":"https:\/\/mivoot.com\/gt\/wp-json\/wp\/v2\/product_cat?post=9494"},{"taxonomy":"product_tag","embeddable":true,"href":"https:\/\/mivoot.com\/gt\/wp-json\/wp\/v2\/product_tag?post=9494"}],"curies":[{"name":"wp","href":"https:\/\/api.w.org\/{rel}","templated":true}]}}